{"id":6781,"date":"2016-09-27T09:49:16","date_gmt":"2016-09-27T07:49:16","guid":{"rendered":"https:\/\/www.mygermanexpert.com\/register\/"},"modified":"2020-04-22T15:32:32","modified_gmt":"2020-04-22T13:32:32","slug":"register","status":"publish","type":"page","link":"https:\/\/www.mygermanexpert.com\/it\/register\/","title":{"rendered":"Registrarsi"},"content":{"rendered":"<p>[et_pb_section fb_built=&#8221;1&#8243; admin_label=&#8221;section&#8221; _builder_version=&#8221;3.22&#8243; background_color=&#8221;#8dc153&#8243;][et_pb_row _builder_version=&#8221;3.25&#8243; background_color=&#8221;#ffffff&#8221; custom_padding=&#8221;|||&#8221; animation_style=&#8221;slide&#8221;][et_pb_column type=&#8221;4_4&#8243; _builder_version=&#8221;3.25&#8243; custom_padding=&#8221;1px|15px||15px&#8221; custom_padding__hover=&#8221;|||&#8221;][et_pb_blurb use_icon=&#8221;on&#8221; font_icon=&#8221;%%93%%&#8221; use_circle=&#8221;on&#8221; circle_color=&#8221;#f3f3f3&#8243; use_circle_border=&#8221;on&#8221; _builder_version=&#8221;3.14&#8243; custom_padding=&#8221;|||&#8221;]<\/p>\n<h1 style=\"text-align: center;\">REGISTRATI<\/h1>\n<p style=\"text-align: center;\">Nuovo utente?<\/p>\n<p style=\"text-align: center;\">Crea un account e completa GRATUITAMENTE la richiesta per l\u2019Anmeldung, necessaria per vivere e lavorare in Germania. Inserisci le informazioni in italiano e ricevi immediatamente il modulo tradotto in tedesco. A questo punto, consegnalo al B\u00fcrgeramt \/ B\u00fcrgerb\u00fcro pi\u00f9 vicino per ottenere la tua registrazione di residenza e, 2-3 settimane pi\u00f9 tardi, il tuo Codice Fiscale.<\/p>\n<p style=\"text-align: center;\">I campi con (*) sono obbligatori. Non ti chiediamo di fornirci informazioni non necessarie al completamento del modulo.<\/p>\n<p style=\"text-align: center;\">I dati inseriti nel modulo di Anmeldung vengono raccolti solamente nella sessione attiva esistente e dopo aver cliccato il pulsante &#8220;SALVA&#8221;. I tuoi dati personali non verranno raccolti \u2014 ad eccezione dell&#8217;indirizzo e-mail, della password (criptata) e della citt\u00e0 di registrazione, essendo necessari per utilizzare il servizio \u2014 e verranno cancellati dal tuo account non appena (1) riceverai il modulo via e-mail o (2) ti disconnetterai dal tuo account, o (3) chiuderai la scheda attiva del browser.<\/p>\n<p style=\"text-align: center;\">Dopo aver concluso il processo, la versione finale del modulo di Anmeldung \u2014 che \u00e8 stato automaticamente compilato in tedesco \u2014 ed il pacchetto di registrazione ti verranno immediatamente inviati al tuo indirizzo e-mail; e il modulo sul tuo account verr\u00e0 completamente resettato. In altre parole, il progresso del modulo sar\u00e0 sempre pari allo 0% ogni volta che accederai al tuo account MGE.<\/p>\n<p>[\/et_pb_blurb][\/et_pb_column][\/et_pb_row][et_pb_row _builder_version=&#8221;3.25&#8243; background_color=&#8221;#ffffff&#8221; custom_padding=&#8221;|||&#8221; animation_style=&#8221;slide&#8221;][et_pb_column type=&#8221;4_4&#8243; _builder_version=&#8221;3.25&#8243; custom_padding=&#8221;||15px|15px&#8221; custom_padding__hover=&#8221;|||&#8221;][et_pb_code _builder_version=&#8221;4.4.3&#8243; hover_enabled=&#8221;0&#8243;]\n<div class=\"um um-register um-7139\">\n\t<div class=\"um-form\" data-mode=\"register\">\n\t\t<form method=\"post\" action=\"\">\n\t\t\t<div class=\"um-row _um_row_1 \" style=\"margin: 0 0 30px 0;\"><div class=\"um-col-1\"><div  id=\"um_field_7139_user_email\" class=\"um-field um-field-text  um-field-user_email um-field-text um-field-type_text\" data-key=\"user_email\"><div class=\"um-field-label\"><label for=\"user_email-7139\">Indirizzo e-mail<span class=\"um-req\" title=\"Required\">*<\/span><\/label><div class=\"um-clear\"><\/div><\/div><div class=\"um-field-area\"><input  autocomplete=\"off\" class=\"um-form-field valid \" type=\"text\" name=\"user_email-7139\" id=\"user_email-7139\" value=\"\" placeholder=\"\" data-validate=\"unique_email\" data-key=\"user_email\"  aria-invalid=\"false\" \/>\n\n\t\t\t\t\t\t<\/div><\/div><div  id=\"um_field_7139_username\" class=\"um-field um-field-text  um-field-username um-field-text um-field-type_text\" data-key=\"username\"><div class=\"um-field-label\"><label for=\"username-7139\">Conferma il tuo indirizzo e-mail<span class=\"um-req\" title=\"Required\">*<\/span><\/label><div class=\"um-clear\"><\/div><\/div><div class=\"um-field-area\"><input  autocomplete=\"off\" class=\"um-form-field valid \" type=\"text\" name=\"username-7139\" id=\"username-7139\" value=\"\" placeholder=\"\" data-validate=\"unique_email\" data-key=\"username\"  aria-invalid=\"false\" \/>\n\n\t\t\t\t\t\t<\/div><\/div><div  id=\"um_field_7139_user_password\" class=\"um-field um-field-password  um-field-user_password um-field-password um-field-type_password\" data-key=\"user_password\"><div class=\"um-field-label\"><label for=\"user_password-7139\">Password<span class=\"um-req\" title=\"Required\">*<\/span><\/label><span class=\"um-tip um-tip-w\" title=\"Scegli una password sicura costituita da pi\u00f9 di 8 caratteri.\"><i class=\"um-icon-help-circled\"><\/i><\/span><div class=\"um-clear\"><\/div><\/div><div class=\"um-field-area\"><input class=\"um-form-field valid \" type=\"password\" name=\"user_password-7139\" id=\"user_password-7139\" value=\"\" placeholder=\"\" data-validate=\"\" data-key=\"user_password\"  aria-invalid=\"false\" \/>\n\n\t\t\t\t\t\t\t<\/div><\/div><div  id=\"um_field_7139_verification_code\" class=\"um-field um-field-text  um-field-verification_code um-field-text um-field-type_text\" data-key=\"verification_code\"><div class=\"um-field-area\"><input  autocomplete=\"off\" class=\"um-form-field valid \" type=\"text\" name=\"verification_code-7139\" id=\"verification_code-7139\" value=\"\" placeholder=\"\" data-validate=\"\" data-key=\"verification_code\"  aria-invalid=\"false\" \/>\n\n\t\t\t\t\t\t<\/div><\/div><div  class=\"um-field um-field-block  um-field-block um-field-type_block\" data-key=\"um_block_5129_7\"><div id=\"recaptcha2\"><\/div><\/div><\/div><\/div>\t<input type=\"hidden\" name=\"form_id\" id=\"form_id_7139\" value=\"7139\" \/>\n\t\t<p class=\"um_request_name\">\n\t\t<label for=\"um_request_7139\">Only fill in if you are not human<\/label>\n\t\t<input type=\"hidden\" name=\"um_request\" id=\"um_request_7139\" class=\"input\" value=\"\" size=\"25\" autocomplete=\"off\" \/>\n\t<\/p>\n\t<input type=\"hidden\" id=\"_wpnonce\" name=\"_wpnonce\" value=\"4323a854e5\" \/><input type=\"hidden\" name=\"_wp_http_referer\" value=\"\/it\/wp-json\/wp\/v2\/pages\/6781\" \/>\n\t<div class=\"um-col-alt\">\n\n\t\t\n\t\t\t<div class=\"um-left um-half\">\n\t\t\t\t<input type=\"submit\" value=\"Registrati\" class=\"um-button\" id=\"um-submit-btn\" \/>\n\t\t\t<\/div>\n\t\t\t<div class=\"um-right um-half\">\n\t\t\t\t<a href=\"https:\/\/www.mygermanexpert.com\/it\/login\/\" class=\"um-button um-alt\">\n\t\t\t\t\tLogin\t\t\t\t<\/a>\n\t\t\t<\/div>\n\n\t\t\n\t\t<div class=\"um-clear\"><\/div>\n\n\t<\/div>\n\n\t\t\t<\/form>\n\t<\/div>\n<\/div>\n<style>\n\t\t\t.um-7139.um {\n\t\t\tmax-width: 450px;\n\t\t}\n\t\t<\/style>\n[\/et_pb_code][\/et_pb_column][\/et_pb_row][\/et_pb_section]<\/p>\n","protected":false},"excerpt":{"rendered":"<p>REGISTRATI Nuovo utente? Crea un account e completa GRATUITAMENTE la richiesta per l\u2019Anmeldung, necessaria per vivere e lavorare in Germania. Inserisci le informazioni in italiano e ricevi immediatamente il modulo tradotto in tedesco. A questo punto, consegnalo al B\u00fcrgeramt \/ B\u00fcrgerb\u00fcro pi\u00f9 vicino per ottenere la tua registrazione di residenza e, 2-3 settimane pi\u00f9 tardi, [&hellip;]<\/p>\n","protected":false},"author":1,"featured_media":0,"parent":0,"menu_order":0,"comment_status":"closed","ping_status":"closed","template":"","meta":{"_et_pb_use_builder":"on","_et_pb_old_content":"","_et_gb_content_width":"","_bos_mb_destination":[""],"footnotes":""},"class_list":["post-6781","page","type-page","status-publish"],"yoast_head":"<!-- This site is optimized with the Yoast SEO plugin v26.8 - https:\/\/yoast.com\/product\/yoast-seo-wordpress\/ -->\n<title>Crea un account e compila il modulo di Anmeldung - myGermanExpert<\/title>\n<meta name=\"description\" content=\"Crea un account e inizia a compilare il modulo di Anmeldung in italiano per registrare il tuo indirizzo in Germania e ottenere un codice fiscale tedesco.\" \/>\n<meta name=\"robots\" content=\"index, follow, max-snippet:-1, max-image-preview:large, max-video-preview:-1\" \/>\n<link rel=\"canonical\" href=\"https:\/\/www.mygermanexpert.com\/it\/register\/\" \/>\n<meta property=\"og:locale\" content=\"it_IT\" \/>\n<meta property=\"og:type\" content=\"article\" \/>\n<meta property=\"og:title\" content=\"Crea un account e compila il modulo di Anmeldung - myGermanExpert\" \/>\n<meta property=\"og:description\" content=\"Crea un account e inizia a compilare il modulo di Anmeldung in italiano per registrare il tuo indirizzo in Germania e ottenere un codice fiscale tedesco.\" \/>\n<meta property=\"og:url\" content=\"https:\/\/www.mygermanexpert.com\/it\/register\/\" \/>\n<meta property=\"og:site_name\" content=\"myGermanExpert\" \/>\n<meta property=\"article:publisher\" content=\"https:\/\/www.facebook.com\/mygermanexpert\" \/>\n<meta property=\"article:modified_time\" content=\"2020-04-22T13:32:32+00:00\" \/>\n<meta property=\"og:image\" content=\"https:\/\/www.mygermanexpert.com\/wp-content\/uploads\/2017\/11\/MGE-Logo.png\" \/>\n\t<meta property=\"og:image:width\" content=\"200\" \/>\n\t<meta property=\"og:image:height\" content=\"200\" \/>\n\t<meta property=\"og:image:type\" content=\"image\/png\" \/>\n<meta name=\"twitter:card\" content=\"summary_large_image\" \/>\n<meta name=\"twitter:site\" content=\"@mygermanexpert\" \/>\n<meta name=\"twitter:label1\" content=\"Tempo di lettura stimato\" \/>\n\t<meta name=\"twitter:data1\" content=\"2 minuti\" \/>\n<script type=\"application\/ld+json\" class=\"yoast-schema-graph\">{\"@context\":\"https:\/\/schema.org\",\"@graph\":[{\"@type\":\"WebPage\",\"@id\":\"https:\/\/www.mygermanexpert.com\/it\/register\/\",\"url\":\"https:\/\/www.mygermanexpert.com\/it\/register\/\",\"name\":\"Crea un account e compila il modulo di Anmeldung - myGermanExpert\",\"isPartOf\":{\"@id\":\"https:\/\/www.mygermanexpert.com\/#website\"},\"datePublished\":\"2016-09-27T07:49:16+00:00\",\"dateModified\":\"2020-04-22T13:32:32+00:00\",\"description\":\"Crea un account e inizia a compilare il modulo di Anmeldung in italiano per registrare il tuo indirizzo in Germania e ottenere un codice fiscale tedesco.\",\"breadcrumb\":{\"@id\":\"https:\/\/www.mygermanexpert.com\/it\/register\/#breadcrumb\"},\"inLanguage\":\"it-IT\",\"potentialAction\":[{\"@type\":\"ReadAction\",\"target\":[\"https:\/\/www.mygermanexpert.com\/it\/register\/\"]}]},{\"@type\":\"BreadcrumbList\",\"@id\":\"https:\/\/www.mygermanexpert.com\/it\/register\/#breadcrumb\",\"itemListElement\":[{\"@type\":\"ListItem\",\"position\":1,\"name\":\"Home\",\"item\":\"https:\/\/www.mygermanexpert.com\/it\/\"},{\"@type\":\"ListItem\",\"position\":2,\"name\":\"Registrarsi\"}]},{\"@type\":\"WebSite\",\"@id\":\"https:\/\/www.mygermanexpert.com\/#website\",\"url\":\"https:\/\/www.mygermanexpert.com\/\",\"name\":\"myGermanExpert\",\"description\":\"\",\"publisher\":{\"@id\":\"https:\/\/www.mygermanexpert.com\/#organization\"},\"potentialAction\":[{\"@type\":\"SearchAction\",\"target\":{\"@type\":\"EntryPoint\",\"urlTemplate\":\"https:\/\/www.mygermanexpert.com\/?s={search_term_string}\"},\"query-input\":{\"@type\":\"PropertyValueSpecification\",\"valueRequired\":true,\"valueName\":\"search_term_string\"}}],\"inLanguage\":\"it-IT\"},{\"@type\":\"Organization\",\"@id\":\"https:\/\/www.mygermanexpert.com\/#organization\",\"name\":\"myGermanExpert\",\"url\":\"https:\/\/www.mygermanexpert.com\/\",\"logo\":{\"@type\":\"ImageObject\",\"inLanguage\":\"it-IT\",\"@id\":\"https:\/\/www.mygermanexpert.com\/#\/schema\/logo\/image\/\",\"url\":\"https:\/\/www.mygermanexpert.com\/wp-content\/uploads\/2017\/11\/MGE-Logo.png\",\"contentUrl\":\"https:\/\/www.mygermanexpert.com\/wp-content\/uploads\/2017\/11\/MGE-Logo.png\",\"width\":200,\"height\":200,\"caption\":\"myGermanExpert\"},\"image\":{\"@id\":\"https:\/\/www.mygermanexpert.com\/#\/schema\/logo\/image\/\"},\"sameAs\":[\"https:\/\/www.facebook.com\/mygermanexpert\",\"https:\/\/x.com\/mygermanexpert\",\"https:\/\/www.linkedin.com\/company\/mygermanexpert\",\"https:\/\/www.youtube.com\/c\/myGermanExpert\"]}]}<\/script>\n<!-- \/ Yoast SEO plugin. -->","yoast_head_json":{"title":"Crea un account e compila il modulo di Anmeldung - myGermanExpert","description":"Crea un account e inizia a compilare il modulo di Anmeldung in italiano per registrare il tuo indirizzo in Germania e ottenere un codice fiscale tedesco.","robots":{"index":"index","follow":"follow","max-snippet":"max-snippet:-1","max-image-preview":"max-image-preview:large","max-video-preview":"max-video-preview:-1"},"canonical":"https:\/\/www.mygermanexpert.com\/it\/register\/","og_locale":"it_IT","og_type":"article","og_title":"Crea un account e compila il modulo di Anmeldung - myGermanExpert","og_description":"Crea un account e inizia a compilare il modulo di Anmeldung in italiano per registrare il tuo indirizzo in Germania e ottenere un codice fiscale tedesco.","og_url":"https:\/\/www.mygermanexpert.com\/it\/register\/","og_site_name":"myGermanExpert","article_publisher":"https:\/\/www.facebook.com\/mygermanexpert","article_modified_time":"2020-04-22T13:32:32+00:00","og_image":[{"width":200,"height":200,"url":"https:\/\/www.mygermanexpert.com\/wp-content\/uploads\/2017\/11\/MGE-Logo.png","type":"image\/png"}],"twitter_card":"summary_large_image","twitter_site":"@mygermanexpert","twitter_misc":{"Tempo di lettura stimato":"2 minuti"},"schema":{"@context":"https:\/\/schema.org","@graph":[{"@type":"WebPage","@id":"https:\/\/www.mygermanexpert.com\/it\/register\/","url":"https:\/\/www.mygermanexpert.com\/it\/register\/","name":"Crea un account e compila il modulo di Anmeldung - myGermanExpert","isPartOf":{"@id":"https:\/\/www.mygermanexpert.com\/#website"},"datePublished":"2016-09-27T07:49:16+00:00","dateModified":"2020-04-22T13:32:32+00:00","description":"Crea un account e inizia a compilare il modulo di Anmeldung in italiano per registrare il tuo indirizzo in Germania e ottenere un codice fiscale tedesco.","breadcrumb":{"@id":"https:\/\/www.mygermanexpert.com\/it\/register\/#breadcrumb"},"inLanguage":"it-IT","potentialAction":[{"@type":"ReadAction","target":["https:\/\/www.mygermanexpert.com\/it\/register\/"]}]},{"@type":"BreadcrumbList","@id":"https:\/\/www.mygermanexpert.com\/it\/register\/#breadcrumb","itemListElement":[{"@type":"ListItem","position":1,"name":"Home","item":"https:\/\/www.mygermanexpert.com\/it\/"},{"@type":"ListItem","position":2,"name":"Registrarsi"}]},{"@type":"WebSite","@id":"https:\/\/www.mygermanexpert.com\/#website","url":"https:\/\/www.mygermanexpert.com\/","name":"myGermanExpert","description":"","publisher":{"@id":"https:\/\/www.mygermanexpert.com\/#organization"},"potentialAction":[{"@type":"SearchAction","target":{"@type":"EntryPoint","urlTemplate":"https:\/\/www.mygermanexpert.com\/?s={search_term_string}"},"query-input":{"@type":"PropertyValueSpecification","valueRequired":true,"valueName":"search_term_string"}}],"inLanguage":"it-IT"},{"@type":"Organization","@id":"https:\/\/www.mygermanexpert.com\/#organization","name":"myGermanExpert","url":"https:\/\/www.mygermanexpert.com\/","logo":{"@type":"ImageObject","inLanguage":"it-IT","@id":"https:\/\/www.mygermanexpert.com\/#\/schema\/logo\/image\/","url":"https:\/\/www.mygermanexpert.com\/wp-content\/uploads\/2017\/11\/MGE-Logo.png","contentUrl":"https:\/\/www.mygermanexpert.com\/wp-content\/uploads\/2017\/11\/MGE-Logo.png","width":200,"height":200,"caption":"myGermanExpert"},"image":{"@id":"https:\/\/www.mygermanexpert.com\/#\/schema\/logo\/image\/"},"sameAs":["https:\/\/www.facebook.com\/mygermanexpert","https:\/\/x.com\/mygermanexpert","https:\/\/www.linkedin.com\/company\/mygermanexpert","https:\/\/www.youtube.com\/c\/myGermanExpert"]}]}},"_links":{"self":[{"href":"https:\/\/www.mygermanexpert.com\/it\/wp-json\/wp\/v2\/pages\/6781","targetHints":{"allow":["GET"]}}],"collection":[{"href":"https:\/\/www.mygermanexpert.com\/it\/wp-json\/wp\/v2\/pages"}],"about":[{"href":"https:\/\/www.mygermanexpert.com\/it\/wp-json\/wp\/v2\/types\/page"}],"author":[{"embeddable":true,"href":"https:\/\/www.mygermanexpert.com\/it\/wp-json\/wp\/v2\/users\/1"}],"replies":[{"embeddable":true,"href":"https:\/\/www.mygermanexpert.com\/it\/wp-json\/wp\/v2\/comments?post=6781"}],"version-history":[{"count":5,"href":"https:\/\/www.mygermanexpert.com\/it\/wp-json\/wp\/v2\/pages\/6781\/revisions"}],"predecessor-version":[{"id":17473,"href":"https:\/\/www.mygermanexpert.com\/it\/wp-json\/wp\/v2\/pages\/6781\/revisions\/17473"}],"wp:attachment":[{"href":"https:\/\/www.mygermanexpert.com\/it\/wp-json\/wp\/v2\/media?parent=6781"}],"curies":[{"name":"wp","href":"https:\/\/api.w.org\/{rel}","templated":true}]}}