{"id":6770,"date":"2016-10-04T07:33:48","date_gmt":"2016-10-04T07:33:48","guid":{"rendered":"https:\/\/www.mygermanexpert.com\/terms-and-conditions\/"},"modified":"2021-10-29T14:24:07","modified_gmt":"2021-10-29T12:24:07","slug":"terms-and-conditions","status":"publish","type":"page","link":"https:\/\/www.mygermanexpert.com\/it\/terms-and-conditions\/","title":{"rendered":"Condizioni d&#8217;uso"},"content":{"rendered":"<p>[et_pb_section fb_built=&#8221;1&#8243; fullwidth=&#8221;on&#8221; admin_label=&#8221;section&#8221; _builder_version=&#8221;3.22&#8243; background_color=&#8221;#8dc153&#8243; global_colors_info=&#8221;{}&#8221;][et_pb_fullwidth_slider _builder_version=&#8221;3.16&#8243; header_text_color=&#8221;#ffffff&#8221; body_text_color=&#8221;#f3f3f3&#8243; background_color=&#8221;#8dc153&#8243; custom_padding=&#8221;|||&#8221; global_colors_info=&#8221;{}&#8221; button_text_size__hover_enabled=&#8221;off&#8221; button_one_text_size__hover_enabled=&#8221;off&#8221; button_two_text_size__hover_enabled=&#8221;off&#8221; button_text_color__hover_enabled=&#8221;off&#8221; button_one_text_color__hover_enabled=&#8221;off&#8221; button_two_text_color__hover_enabled=&#8221;off&#8221; button_border_width__hover_enabled=&#8221;off&#8221; button_one_border_width__hover_enabled=&#8221;off&#8221; button_two_border_width__hover_enabled=&#8221;off&#8221; button_border_color__hover_enabled=&#8221;off&#8221; button_one_border_color__hover_enabled=&#8221;off&#8221; button_two_border_color__hover_enabled=&#8221;off&#8221; button_border_radius__hover_enabled=&#8221;off&#8221; button_one_border_radius__hover_enabled=&#8221;off&#8221; button_two_border_radius__hover_enabled=&#8221;off&#8221; button_letter_spacing__hover_enabled=&#8221;off&#8221; button_one_letter_spacing__hover_enabled=&#8221;off&#8221; button_two_letter_spacing__hover_enabled=&#8221;off&#8221; button_bg_color__hover_enabled=&#8221;off&#8221; button_one_bg_color__hover_enabled=&#8221;off&#8221; button_two_bg_color__hover_enabled=&#8221;off&#8221;][et_pb_slide heading=&#8221;Condizioni d&#8217;uso&#8221; image=&#8221;https:\/\/www.mygermanexpert.com\/wp-content\/uploads\/2017\/08\/Header-Icons-28.png&#8221; use_bg_overlay=&#8221;off&#8221; use_text_overlay=&#8221;off&#8221; _builder_version=&#8221;3.16&#8243; button_on_hover=&#8221;on&#8221; global_colors_info=&#8221;{}&#8221; button_text_size__hover_enabled=&#8221;off&#8221; button_one_text_size__hover_enabled=&#8221;off&#8221; button_two_text_size__hover_enabled=&#8221;off&#8221; button_text_color__hover_enabled=&#8221;off&#8221; button_one_text_color__hover_enabled=&#8221;off&#8221; button_two_text_color__hover_enabled=&#8221;off&#8221; button_border_width__hover_enabled=&#8221;off&#8221; button_one_border_width__hover_enabled=&#8221;off&#8221; button_two_border_width__hover_enabled=&#8221;off&#8221; button_border_color__hover_enabled=&#8221;off&#8221; button_one_border_color__hover_enabled=&#8221;off&#8221; button_two_border_color__hover_enabled=&#8221;off&#8221; button_border_radius__hover_enabled=&#8221;off&#8221; button_one_border_radius__hover_enabled=&#8221;off&#8221; button_two_border_radius__hover_enabled=&#8221;off&#8221; button_letter_spacing__hover_enabled=&#8221;off&#8221; button_one_letter_spacing__hover_enabled=&#8221;off&#8221; button_two_letter_spacing__hover_enabled=&#8221;off&#8221; button_bg_color__hover_enabled=&#8221;off&#8221; button_one_bg_color__hover_enabled=&#8221;off&#8221; button_two_bg_color__hover_enabled=&#8221;off&#8221; sticky_transition=&#8221;on&#8221;]Ti preghiamo di leggere le nostre Condizioni d&#8217;uso qui sotto.<br \/>\n[\/et_pb_slide][\/et_pb_fullwidth_slider][\/et_pb_section][et_pb_section fb_built=&#8221;1&#8243; admin_label=&#8221;section&#8221; _builder_version=&#8221;3.22&#8243; background_color=&#8221;rgba(255,255,255,0)&#8221; transparent_background=&#8221;on&#8221; global_colors_info=&#8221;{}&#8221;][et_pb_row _builder_version=&#8221;3.25&#8243; global_colors_info=&#8221;{}&#8221;][et_pb_column type=&#8221;4_4&#8243; _builder_version=&#8221;3.25&#8243; custom_padding=&#8221;|||&#8221; global_colors_info=&#8221;{}&#8221; custom_padding__hover=&#8221;|||&#8221;][et_pb_text _builder_version=&#8221;4.12.0&#8243; hover_enabled=&#8221;0&#8243; inline_fonts=&#8221;Amatic SC&#8221; global_colors_info=&#8221;{}&#8221; sticky_enabled=&#8221;0&#8243;]<\/p>\n<h1 style=\"text-align: center;\">CONDIZIONI D&#8217;USO<\/h1>\n<p style=\"text-align: center;\">Accedendo al contenuto di questo sito accettate di essere vincolati dai termini e dalle condizioni stabilite nel presente documento ed accettate la nostra tutela sulla privacy disponibile su questo sito. Questa dichiarazione riguarda questo sito, i suoi sotto-siti e tutti gli altri siti di propriet\u00e0 e gestiti da My German Expert o myGermanExpert (Schlenther und Musina GbR). Se vi opponete a qualsiasi dei termini e delle condizioni stabilite nel presente accordo, vi preghiamo di non usare i prodotti o servizi su questo sito e di andarvene dal nostro sito immediatamente. Tutti gli utenti o iscritti al sito devono avere almeno 18 anni di et\u00e0. Accettate di non utilizzare questo sito per scopi illegali, e rispettare tutte le leggi ed i regolamenti applicabili. Accettate di non utilizzare questo sito in un modo che pu\u00f2 compromettere le prestazioni, danneggiare il contenuto o ridurre la funzionalit\u00e0 complessiva di questo sito. vi impegnate inoltre a non compromettere la sicurezza di questo sito web o tentare di ottenere l&#8217;accesso ad aree protette o con dati sensibili. Accettate di essere responsabili per qualsiasi rimborso spese, responsabilit\u00e0, perdite e costi comprese le spese legali sostenute da noi derivanti dalla violazione dei termini e delle condizioni stabilite nel presente accordo.<\/p>\n<h3 style=\"text-align: center;\">Dichiarazione di non responsabilit\u00e0<\/h3>\n<p style=\"text-align: center;\">myGermanExpert (MGE) non garantisce il successo e dichiara solo che questo servizio pu\u00f2 essere di aiuto a ricevere successo nell&#8217;ottenere, per esempio, visto \/ permesso di soggiorno \/ dichiarazione di residenza \/ codice fiscale \/ conto in banca \/ carta sanitaria, ecc. Le informazioni fornite su questo sito non sono destinate a dare o ad essere un sostituto a specifici consigli contabili, fiscali, legali, commerciali, o consigli sull&#8217;immigrazione. Quando una consulenza specifica \u00e8 necessaria o opportuna, myGermanExpert consiglia di consultare un esperto tasse, un consulente legale, un esperto in immigrazione, un commercialista, o un avvocato. Le informazioni fornite nel presente documento sono a solo scopo informativo e generale e non devono essere considerate una raccomandazione personalizzata, una consulenza personalizzata o un&#8217;approvazione da parte di My German Expert. Le informazioni presentati su questo sito sono ottenute da fonti considerate attendibili, tuttavia, l&#8217;accuratezza, la completezza o l&#8217;affidabilit\u00e0 non pu\u00f2 essere garantita e, pertanto, non dovrebbe essere invocata in quanto tale. myGermanExpert non si assume alcuna responsabilit\u00e0 per eventuali danni diretti o indiretti o danni derivanti dall&#8217;uso di queste informazioni.<\/p>\n<p style=\"text-align: center;\">myGermanExpert non funge da broker assicurativo. I servizi di assicurazione sanitaria sono offerti da partner esterni che detengono la piena responsabilit\u00e0. Contatta direttamente i nostri partner per qualsiasi domanda tu possa avere.<\/p>\n<p style=\"text-align: center;\"><strong>In caso di conflitto o discrepanza tra il testo in inglese di questo sito web, comprese le Condizioni d&#8217;uso e l&#8217;informativa sulla Privacy, e la su traduzione in italiano, il testo inglese prevarr\u00e0.<\/strong><\/p>\n<h3 style=\"text-align: center;\">Contenuti di terzi<\/h3>\n<p style=\"text-align: center;\">myGermanExpert non \u00e8 responsabile del contenuto su Internet o delle pagine web presenti in tutto il mondo o contenute al di fuori del sito My German Expert. MGE potrebbe fornire link a risorse che sfuggono al nostro controllo. MGE non fa alcuna dichiarazione per quanto riguarda la qualit\u00e0, l&#8217;idoneit\u00e0, la funzionalit\u00e0 o la legalit\u00e0 di altri siti a cui si possono fornire link, perci\u00f2 rinunciate a qualsiasi pretesa che potrete avere contro My German Expert in relazione a tali siti.<\/p>\n<p style=\"text-align: center;\">Partner terzi: I servizi proposti sul nostro sito\u00a0sono ottenuti da fonti affidabili, ma non possiamo garantire al 100% la loro accuratezza, completezza o tempestivit\u00e0. Poich\u00e9 non siamo coinvolti nella transazione tra te e tali parti, nel caso ci fosse una controversia con tali parti, rilasci myGermanExpert da qualsiasi pretese derivanti da o in qualsiasi modo connesse a tali controversie. MGE non \u00e8 responsabile dei termini e delle condizioni di qualsiasi transazione avvenuta tra te e tali parti. Ti preghiamo di leggere attentamente tutte le condizioni d&#8217;uso di tali terzi prima di comprare qualsiasi prodotto.<\/p>\n<h3 style=\"text-align: center;\">Copyright e marchi<\/h3>\n<p style=\"text-align: center;\">Questo sito ed il database associato contengono materiali creati, ideati, progettati o commissionati da My German Expert, e sono protetti dalle leggi europee ed internazionali sul diritto d&#8217;autore e sui marchi. Nessun materiale (incluso ma non limitato ai nomi, testi, loghi, immagini, audio e\/o video) e nessuna applicazione software e mobile (incluso ma non limitato ad ogni immagine o file incorporati o generati dal software) pu\u00f2 essere copiato, riprodotto, ripubblicato, scaricato, inviato, trasmesso o distribuito in alcun modo. In relazione a tale utilizzo, non si pu\u00f2 modificare o oscurare eventuali diritti d&#8217;autore\/copyright o altri avvisi di propriet\u00e0. Una modifica o un altro uso di questi materiali senza il previo consenso scritto di My German Expert \u00e8 considerata una violazione dei diritti di propriet\u00e0 di My German Expert.<\/p>\n<h3 style=\"text-align: center;\">Politica di cancellazione<\/h3>\n<p style=\"text-align: center;\">Abbiamo una politica di non cancellazione, a meno che non venga specificato diversamente per un determinato servizio, perch\u00e9 il nostro sito web ha attuato la Notifica immediata del pagamento (IPN) del sistema, che consente di scaricare i moduli PDF subito dopo il pagamento della tassa richiesta.<\/p>\n<h3 style=\"text-align: center;\">Leggi applicabili e giurisdizione<\/h3>\n<p style=\"text-align: center;\">Il presente Accordo \u00e8 regolato dalle leggi della Germania e qualsiasi utente o cliente di questo sito web accetta di essere vincolato esclusivamente alla giurisdizione dei tribunali tedeschi senza fare riferimento a norme che regolano la scelta delle leggi.<\/p>\n<p style=\"text-align: center;\">In queste Condizioni d&#8217;uso &#8220;noi&#8221;, &#8220;nostro&#8221;, nostra&#8221;, &#8220;questo servizio&#8221;, &#8220;questo sito&#8221;, &#8220;sito web&#8221; e &#8220;MGE&#8221; si riferiscono a My German Expert, e &#8220;voi&#8221;, vostro&#8221;, &#8220;vostri&#8221; e &#8220;vostre&#8221; si riferiscono all&#8217;utente o cliente di questo sito.<\/p>\n<p>[\/et_pb_text][\/et_pb_column][\/et_pb_row][\/et_pb_section]<\/p>\n","protected":false},"excerpt":{"rendered":"<p>Ti preghiamo di leggere le nostre Condizioni d&#8217;uso qui sotto. CONDIZIONI D&#8217;USO Accedendo al contenuto di questo sito accettate di essere vincolati dai termini e dalle condizioni stabilite nel presente documento ed accettate la nostra tutela sulla privacy disponibile su questo sito. Questa dichiarazione riguarda questo sito, i suoi sotto-siti e tutti gli altri siti [&hellip;]<\/p>\n","protected":false},"author":31,"featured_media":0,"parent":0,"menu_order":0,"comment_status":"closed","ping_status":"closed","template":"","meta":{"_et_pb_use_builder":"on","_et_pb_old_content":"","_et_gb_content_width":"","_bos_mb_destination":[""],"footnotes":""},"class_list":["post-6770","page","type-page","status-publish"],"yoast_head":"<!-- This site is optimized with the Yoast SEO plugin v26.8 - https:\/\/yoast.com\/product\/yoast-seo-wordpress\/ -->\n<title>Condizioni d&#039;uso - myGermanExpert<\/title>\n<meta name=\"description\" content=\"Accedendo al contenuto di questo sito accetti di essere vincolato dalle Condizioni d&#039;uso qui stabilite e accetti la nostra Informativa sulla privacy.\" \/>\n<meta name=\"robots\" content=\"index, follow, max-snippet:-1, max-image-preview:large, max-video-preview:-1\" \/>\n<link rel=\"canonical\" href=\"https:\/\/www.mygermanexpert.com\/it\/terms-and-conditions\/\" \/>\n<meta property=\"og:locale\" content=\"it_IT\" \/>\n<meta property=\"og:type\" content=\"article\" \/>\n<meta property=\"og:title\" content=\"Condizioni d&#039;uso - myGermanExpert\" \/>\n<meta property=\"og:description\" content=\"Accedendo al contenuto di questo sito accetti di essere vincolato dalle Condizioni d&#039;uso qui stabilite e accetti la nostra Informativa sulla privacy.\" \/>\n<meta property=\"og:url\" content=\"https:\/\/www.mygermanexpert.com\/it\/terms-and-conditions\/\" \/>\n<meta property=\"og:site_name\" content=\"myGermanExpert\" \/>\n<meta property=\"article:publisher\" content=\"https:\/\/www.facebook.com\/mygermanexpert\" \/>\n<meta property=\"article:modified_time\" content=\"2021-10-29T12:24:07+00:00\" \/>\n<meta property=\"og:image\" content=\"https:\/\/www.mygermanexpert.com\/wp-content\/uploads\/2017\/11\/MGE-Logo.png\" \/>\n\t<meta property=\"og:image:width\" content=\"200\" \/>\n\t<meta property=\"og:image:height\" content=\"200\" \/>\n\t<meta property=\"og:image:type\" content=\"image\/png\" \/>\n<meta name=\"twitter:card\" content=\"summary_large_image\" \/>\n<meta name=\"twitter:site\" content=\"@mygermanexpert\" \/>\n<meta name=\"twitter:label1\" content=\"Tempo di lettura stimato\" \/>\n\t<meta name=\"twitter:data1\" content=\"7 minuti\" \/>\n<script type=\"application\/ld+json\" class=\"yoast-schema-graph\">{\"@context\":\"https:\/\/schema.org\",\"@graph\":[{\"@type\":\"WebPage\",\"@id\":\"https:\/\/www.mygermanexpert.com\/it\/terms-and-conditions\/\",\"url\":\"https:\/\/www.mygermanexpert.com\/it\/terms-and-conditions\/\",\"name\":\"Condizioni d'uso - myGermanExpert\",\"isPartOf\":{\"@id\":\"https:\/\/www.mygermanexpert.com\/#website\"},\"datePublished\":\"2016-10-04T07:33:48+00:00\",\"dateModified\":\"2021-10-29T12:24:07+00:00\",\"description\":\"Accedendo al contenuto di questo sito accetti di essere vincolato dalle Condizioni d'uso qui stabilite e accetti la nostra Informativa sulla privacy.\",\"breadcrumb\":{\"@id\":\"https:\/\/www.mygermanexpert.com\/it\/terms-and-conditions\/#breadcrumb\"},\"inLanguage\":\"it-IT\",\"potentialAction\":[{\"@type\":\"ReadAction\",\"target\":[\"https:\/\/www.mygermanexpert.com\/it\/terms-and-conditions\/\"]}]},{\"@type\":\"BreadcrumbList\",\"@id\":\"https:\/\/www.mygermanexpert.com\/it\/terms-and-conditions\/#breadcrumb\",\"itemListElement\":[{\"@type\":\"ListItem\",\"position\":1,\"name\":\"Home\",\"item\":\"https:\/\/www.mygermanexpert.com\/it\/\"},{\"@type\":\"ListItem\",\"position\":2,\"name\":\"Condizioni d&#8217;uso\"}]},{\"@type\":\"WebSite\",\"@id\":\"https:\/\/www.mygermanexpert.com\/#website\",\"url\":\"https:\/\/www.mygermanexpert.com\/\",\"name\":\"myGermanExpert\",\"description\":\"\",\"publisher\":{\"@id\":\"https:\/\/www.mygermanexpert.com\/#organization\"},\"potentialAction\":[{\"@type\":\"SearchAction\",\"target\":{\"@type\":\"EntryPoint\",\"urlTemplate\":\"https:\/\/www.mygermanexpert.com\/?s={search_term_string}\"},\"query-input\":{\"@type\":\"PropertyValueSpecification\",\"valueRequired\":true,\"valueName\":\"search_term_string\"}}],\"inLanguage\":\"it-IT\"},{\"@type\":\"Organization\",\"@id\":\"https:\/\/www.mygermanexpert.com\/#organization\",\"name\":\"myGermanExpert\",\"url\":\"https:\/\/www.mygermanexpert.com\/\",\"logo\":{\"@type\":\"ImageObject\",\"inLanguage\":\"it-IT\",\"@id\":\"https:\/\/www.mygermanexpert.com\/#\/schema\/logo\/image\/\",\"url\":\"https:\/\/www.mygermanexpert.com\/wp-content\/uploads\/2017\/11\/MGE-Logo.png\",\"contentUrl\":\"https:\/\/www.mygermanexpert.com\/wp-content\/uploads\/2017\/11\/MGE-Logo.png\",\"width\":200,\"height\":200,\"caption\":\"myGermanExpert\"},\"image\":{\"@id\":\"https:\/\/www.mygermanexpert.com\/#\/schema\/logo\/image\/\"},\"sameAs\":[\"https:\/\/www.facebook.com\/mygermanexpert\",\"https:\/\/x.com\/mygermanexpert\",\"https:\/\/www.linkedin.com\/company\/mygermanexpert\",\"https:\/\/www.youtube.com\/c\/myGermanExpert\"]}]}<\/script>\n<!-- \/ Yoast SEO plugin. -->","yoast_head_json":{"title":"Condizioni d'uso - myGermanExpert","description":"Accedendo al contenuto di questo sito accetti di essere vincolato dalle Condizioni d'uso qui stabilite e accetti la nostra Informativa sulla privacy.","robots":{"index":"index","follow":"follow","max-snippet":"max-snippet:-1","max-image-preview":"max-image-preview:large","max-video-preview":"max-video-preview:-1"},"canonical":"https:\/\/www.mygermanexpert.com\/it\/terms-and-conditions\/","og_locale":"it_IT","og_type":"article","og_title":"Condizioni d'uso - myGermanExpert","og_description":"Accedendo al contenuto di questo sito accetti di essere vincolato dalle Condizioni d'uso qui stabilite e accetti la nostra Informativa sulla privacy.","og_url":"https:\/\/www.mygermanexpert.com\/it\/terms-and-conditions\/","og_site_name":"myGermanExpert","article_publisher":"https:\/\/www.facebook.com\/mygermanexpert","article_modified_time":"2021-10-29T12:24:07+00:00","og_image":[{"width":200,"height":200,"url":"https:\/\/www.mygermanexpert.com\/wp-content\/uploads\/2017\/11\/MGE-Logo.png","type":"image\/png"}],"twitter_card":"summary_large_image","twitter_site":"@mygermanexpert","twitter_misc":{"Tempo di lettura stimato":"7 minuti"},"schema":{"@context":"https:\/\/schema.org","@graph":[{"@type":"WebPage","@id":"https:\/\/www.mygermanexpert.com\/it\/terms-and-conditions\/","url":"https:\/\/www.mygermanexpert.com\/it\/terms-and-conditions\/","name":"Condizioni d'uso - myGermanExpert","isPartOf":{"@id":"https:\/\/www.mygermanexpert.com\/#website"},"datePublished":"2016-10-04T07:33:48+00:00","dateModified":"2021-10-29T12:24:07+00:00","description":"Accedendo al contenuto di questo sito accetti di essere vincolato dalle Condizioni d'uso qui stabilite e accetti la nostra Informativa sulla privacy.","breadcrumb":{"@id":"https:\/\/www.mygermanexpert.com\/it\/terms-and-conditions\/#breadcrumb"},"inLanguage":"it-IT","potentialAction":[{"@type":"ReadAction","target":["https:\/\/www.mygermanexpert.com\/it\/terms-and-conditions\/"]}]},{"@type":"BreadcrumbList","@id":"https:\/\/www.mygermanexpert.com\/it\/terms-and-conditions\/#breadcrumb","itemListElement":[{"@type":"ListItem","position":1,"name":"Home","item":"https:\/\/www.mygermanexpert.com\/it\/"},{"@type":"ListItem","position":2,"name":"Condizioni d&#8217;uso"}]},{"@type":"WebSite","@id":"https:\/\/www.mygermanexpert.com\/#website","url":"https:\/\/www.mygermanexpert.com\/","name":"myGermanExpert","description":"","publisher":{"@id":"https:\/\/www.mygermanexpert.com\/#organization"},"potentialAction":[{"@type":"SearchAction","target":{"@type":"EntryPoint","urlTemplate":"https:\/\/www.mygermanexpert.com\/?s={search_term_string}"},"query-input":{"@type":"PropertyValueSpecification","valueRequired":true,"valueName":"search_term_string"}}],"inLanguage":"it-IT"},{"@type":"Organization","@id":"https:\/\/www.mygermanexpert.com\/#organization","name":"myGermanExpert","url":"https:\/\/www.mygermanexpert.com\/","logo":{"@type":"ImageObject","inLanguage":"it-IT","@id":"https:\/\/www.mygermanexpert.com\/#\/schema\/logo\/image\/","url":"https:\/\/www.mygermanexpert.com\/wp-content\/uploads\/2017\/11\/MGE-Logo.png","contentUrl":"https:\/\/www.mygermanexpert.com\/wp-content\/uploads\/2017\/11\/MGE-Logo.png","width":200,"height":200,"caption":"myGermanExpert"},"image":{"@id":"https:\/\/www.mygermanexpert.com\/#\/schema\/logo\/image\/"},"sameAs":["https:\/\/www.facebook.com\/mygermanexpert","https:\/\/x.com\/mygermanexpert","https:\/\/www.linkedin.com\/company\/mygermanexpert","https:\/\/www.youtube.com\/c\/myGermanExpert"]}]}},"_links":{"self":[{"href":"https:\/\/www.mygermanexpert.com\/it\/wp-json\/wp\/v2\/pages\/6770","targetHints":{"allow":["GET"]}}],"collection":[{"href":"https:\/\/www.mygermanexpert.com\/it\/wp-json\/wp\/v2\/pages"}],"about":[{"href":"https:\/\/www.mygermanexpert.com\/it\/wp-json\/wp\/v2\/types\/page"}],"author":[{"embeddable":true,"href":"https:\/\/www.mygermanexpert.com\/it\/wp-json\/wp\/v2\/users\/31"}],"replies":[{"embeddable":true,"href":"https:\/\/www.mygermanexpert.com\/it\/wp-json\/wp\/v2\/comments?post=6770"}],"version-history":[{"count":5,"href":"https:\/\/www.mygermanexpert.com\/it\/wp-json\/wp\/v2\/pages\/6770\/revisions"}],"predecessor-version":[{"id":19606,"href":"https:\/\/www.mygermanexpert.com\/it\/wp-json\/wp\/v2\/pages\/6770\/revisions\/19606"}],"wp:attachment":[{"href":"https:\/\/www.mygermanexpert.com\/it\/wp-json\/wp\/v2\/media?parent=6770"}],"curies":[{"name":"wp","href":"https:\/\/api.w.org\/{rel}","templated":true}]}}