{"id":6742,"date":"2017-05-10T20:37:48","date_gmt":"2017-05-10T18:37:48","guid":{"rendered":"https:\/\/www.mygermanexpert.com\/services\/germany-hostels\/"},"modified":"2020-04-02T13:14:00","modified_gmt":"2020-04-02T11:14:00","slug":"germany-hostels","status":"publish","type":"page","link":"https:\/\/www.mygermanexpert.com\/it\/services\/germany-hostels\/","title":{"rendered":"Ricerca Ostelli"},"content":{"rendered":"\n[et_pb_section fb_built=&#8221;1&#8243; fullwidth=&#8221;on&#8221; admin_label=&#8221;section&#8221; _builder_version=&#8221;3.0.47&#8243;][et_pb_fullwidth_slider show_arrows=&#8221;off&#8221; show_pagination=&#8221;off&#8221; _builder_version=&#8221;3.0.105&#8243; header_text_color=&#8221;#ffffff&#8221; body_text_color=&#8221;#f3f3f3&#8243; custom_padding=&#8221;|||&#8221; custom_padding_tablet=&#8221;|||&#8221; custom_padding_phone=&#8221;|||&#8221; button_rel=&#8221;off|off|on|off|off&#8221; box_shadow_style=&#8221;preset6&#8243; box_shadow_blur=&#8221;10px&#8221; box_shadow_color=&#8221;rgba(0,0,0,0.1)&#8221;][et_pb_slide heading=&#8221;Sistemazione temporanea in Germania&#8221; button_text=&#8221;Trova una sistemazione&#8221; button_link=&#8221;https:\/\/www.mygermanexpert.com\/go\/booking&#8221; image=&#8221;https:\/\/www.mygermanexpert.com\/wp-content\/uploads\/2017\/08\/Header-Icons-30.png&#8221; use_bg_overlay=&#8221;off&#8221; use_text_overlay=&#8221;off&#8221; _builder_version=&#8221;3.0.105&#8243; background_color=&#8221;#8dc153&#8243; button_rel=&#8221;off|off|on|off|off&#8221;]Ostelli, Hotel, B&#038;B e appartamenti per i tuoi primi giorni in Germania.\r[\/et_pb_slide][\/et_pb_fullwidth_slider][\/et_pb_section][et_pb_section fb_built=&#8221;1&#8243; background_color=&#8221;#f3f3f3&#8243; _builder_version=&#8221;3.0.69&#8243; custom_padding=&#8221;|||&#8221;][et_pb_row _builder_version=&#8221;3.0.85&#8243;][et_pb_column type=&#8221;1_3&#8243; _builder_version=&#8221;3.0.47&#8243; parallax=&#8221;off&#8221; parallax_method=&#8221;on&#8221;][et_pb_sidebar orientation=&#8221;right&#8221; area=&#8221;et_pb_widget_area_1&#8243; show_border=&#8221;off&#8221; _builder_version=&#8221;3.0.100&#8243; background_color=&#8221;#8dc153&#8243; box_shadow_style=&#8221;preset2&#8243;][\/et_pb_sidebar][\/et_pb_column][et_pb_column type=&#8221;2_3&#8243; _builder_version=&#8221;3.0.47&#8243; parallax=&#8221;off&#8221; parallax_method=&#8221;on&#8221;][et_pb_divider _builder_version=&#8221;3.0.85&#8243;][\/et_pb_divider][et_pb_divider _builder_version=&#8221;3.0.85&#8243;][\/et_pb_divider][et_pb_text _builder_version=&#8221;3.0.69&#8243; text_font_size=&#8221;16px&#8221; text_orientation=&#8221;center&#8221; module_alignment=&#8221;center&#8221;]<h1 style=\"text-align: left;\">Trova una sistemazione per i tuoi primi giorni in Germania<\/h1>\r\n<p style=\"text-align: left;\">Se vuoi trasferirti in Germania ti conviene trovare una sistemazione temporanea a cui appoggiarti durante la ricerca di un alloggio fisso.<\/p>\r\n<p style=\"text-align: left;\">Una sistemazione temporanea \u00e8 l&#8217;opzione ideale se hai bisogno di un posto in cui stare mentre cerchi un alloggio fisso. Una sistemazione temporanea non \u00e8 utile solo durante la ricerca di un appartamento, ma anche per capire quale sia la zona pi\u00f9 adatta a te nella tua nuova citt\u00e0.<\/p>\r\n<p style=\"text-align: left;\">Un ostello, un albergo o un residence sono la scelta ideale se non conosci nessuno nella citt\u00e0 di trasferimento o se hai bisogno della tua privacy.<\/p>\r[\/et_pb_text][\/et_pb_column][\/et_pb_row][\/et_pb_section][et_pb_section fb_built=&#8221;1&#8243; _builder_version=&#8221;3.0.69&#8243;][et_pb_row make_equal=&#8221;on&#8221; _builder_version=&#8221;3.0.69&#8243;][et_pb_column type=&#8221;4_4&#8243; _builder_version=&#8221;3.0.47&#8243; parallax=&#8221;off&#8221; parallax_method=&#8221;on&#8221;][et_pb_divider disabled_on=&#8221;on|on|off&#8221; _builder_version=&#8221;3.0.69&#8243;][\/et_pb_divider][et_pb_text _builder_version=&#8221;3.0.85&#8243; header_font_size=&#8221;26px&#8221; background_color=&#8221;#f3f3f3&#8243; custom_padding=&#8221;40px|40px|40px|40px&#8221; box_shadow_style=&#8221;preset2&#8243;]<h1 style=\"text-align: center;\">CHI \u00c8 BOOKING.COM<\/h1>\r\n<p style=\"text-align: center;\">Fondata nel 1996 ad Amsterdam, Booking.com \u00e8 nata come una piccola start up olandese. Oggi \u00e8 una della aziende di e-commerce pi\u00f9 grandi del mondo attiva nel settore dei viaggi. Parte del gruppo Priceline.com (NASDAQ: PCLN), Booking.com conta oltre 15.000 dipendenti in 204 uffici in 70 paesi di tutto il mondo.<\/p>\r\n<p style=\"text-align: center;\">La missione di Booking.com \u00e8 dare a tutti la possibilit\u00e0 di esplorare il mondo e per questo l&#8217;azienda investe molto nella tecnologia necessaria a eliminare ogni possibile fonte di stress dall&#8217;esperienza di viaggio. Booking.com offre a ogni viaggiatore la pi\u00f9 ampia e fantastica scelta di alloggi, dagli appartamenti alle case vacanze, passando per i bed and breakfast a conduzione famigliare, ai resort a 5 stelle, per arrivare alle case sugli alberi e persino agli igloo. Il sito e le app di Booking.com sono disponibili in oltre 40 lingue, offrono 1.498.709 strutture in 122.057 destinazioni in 228 paesi e regioni in tutto il mondo.<\/p>\r\n<p style=\"text-align: center;\">Sulla piattaforma vengono prenotati ogni giorno pi\u00f9 di 1.500.000 pernottamenti: che si tratti di un viaggio di piacere o di lavoro, su Booking.com gli utenti possono sempre prenotare il proprio alloggio all&#8217;istante in modo facile e veloce, senza costi di prenotazione e contando sulla nostra &#8220;promessa prezzo giusto&#8221;. Tramite il nostro team di esperienza clienti, gli utenti possono contattare Booking.com 24 ore al giorno per richiedere assistenza o aiuto in oltre 40 lingue, in qualsiasi momento.<\/p>\r[\/et_pb_text][\/et_pb_column][\/et_pb_row][\/et_pb_section][et_pb_section fb_built=&#8221;1&#8243; background_color=&#8221;#f3f3f3&#8243; _builder_version=&#8221;3.0.69&#8243;][et_pb_row _builder_version=&#8221;3.0.85&#8243;][et_pb_column type=&#8221;2_3&#8243; _builder_version=&#8221;3.0.47&#8243; parallax=&#8221;off&#8221; parallax_method=&#8221;on&#8221;][et_pb_blurb title=&#8221;PERCH\u00c8 USARE BOOKING.COM&#8221; use_icon=&#8221;on&#8221; use_circle=&#8221;on&#8221; circle_color=&#8221;#ffffff&#8221; _builder_version=&#8221;3.0.85&#8243; header_font_size=&#8221;26px&#8221; background_color=&#8221;#ffffff&#8221; text_orientation=&#8221;center&#8221; custom_margin=&#8221;|||&#8221; custom_padding=&#8221;40px|30px|40px|30px&#8221; box_shadow_style=&#8221;preset2&#8243;]Siti di prenotazione per alloggi come booking.com sono un&#8217;opzione ideale se sei per la prima volta alla ricerca di un ostello o un appartamento, per esempio nel caso di trasferimento in Germania.\r\n\r\nIl motivo \u00e8 molto semplice: il suo sistema di valutazione che permette ai clienti di lasciare recensioni dopo il soggiorno in una struttura. Ci\u00f2 \u00e8 di grande aiuto quando si vuole prenotare un soggiorno in una determinata struttura.\r\n\r\nInoltre, \u00e8 importante ricordare che su booking.com \u00e8 spesso possibile trovare prezzi pi\u00f9 bassi, soprattutto se sei un membro &#8220;Genius&#8221;. Booking Genius \u00e8 un programma che offre numerosi vantaggi ai membri pi\u00f9 fedeli. In qualit\u00e0 di Genius member, ricevi il 10% di sconto sulle migliori offerte.\r[\/et_pb_blurb][\/et_pb_column][et_pb_column type=&#8221;1_3&#8243; _builder_version=&#8221;3.0.47&#8243; parallax=&#8221;off&#8221; parallax_method=&#8221;on&#8221;][et_pb_sidebar orientation=&#8221;right&#8221; area=&#8221;et_pb_widget_area_1&#8243; show_border=&#8221;off&#8221; _builder_version=&#8221;3.0.100&#8243; background_color=&#8221;#8dc153&#8243; box_shadow_style=&#8221;preset2&#8243;][\/et_pb_sidebar][\/et_pb_column][\/et_pb_row][\/et_pb_section]\n","protected":false},"excerpt":{"rendered":"<p>Ostelli, Hotel, B&#038;B e appartamenti per i tuoi primi giorni in Germania. Trova una sistemazione per i tuoi primi giorni in Germania Se vuoi trasferirti in Germania ti conviene trovare una sistemazione temporanea a cui appoggiarti durante la ricerca di un alloggio fisso. Una sistemazione temporanea \u00e8 l&#8217;opzione ideale se hai bisogno di un posto [&hellip;]<\/p>\n","protected":false},"author":1,"featured_media":0,"parent":6720,"menu_order":0,"comment_status":"closed","ping_status":"closed","template":"","meta":{"_et_pb_use_builder":"on","_et_pb_old_content":"","_et_gb_content_width":"","_bos_mb_destination":["Berlin"],"footnotes":""},"class_list":["post-6742","page","type-page","status-publish"],"yoast_head":"<!-- This site is optimized with the Yoast SEO plugin v26.8 - https:\/\/yoast.com\/product\/yoast-seo-wordpress\/ -->\n<title>Come trovare un alloggio temporaneo in Germania - myGermanExpert<\/title>\n<meta name=\"description\" content=\"Una sistemazione temporanea \u00e8 l\u2019opzione ideale se hai bisogno di un posto in cui stare mentre cerchi un alloggio fisso. Trova una sistemazione ora!\" \/>\n<meta name=\"robots\" content=\"index, follow, max-snippet:-1, max-image-preview:large, max-video-preview:-1\" \/>\n<link rel=\"canonical\" href=\"https:\/\/www.mygermanexpert.com\/it\/services\/germany-hostels\/\" \/>\n<meta property=\"og:locale\" content=\"it_IT\" \/>\n<meta property=\"og:type\" content=\"article\" \/>\n<meta property=\"og:title\" content=\"Come trovare un alloggio temporaneo in Germania - myGermanExpert\" \/>\n<meta property=\"og:description\" content=\"Una sistemazione temporanea \u00e8 l\u2019opzione ideale se hai bisogno di un posto in cui stare mentre cerchi un alloggio fisso. Trova una sistemazione ora!\" \/>\n<meta property=\"og:url\" content=\"https:\/\/www.mygermanexpert.com\/it\/services\/germany-hostels\/\" \/>\n<meta property=\"og:site_name\" content=\"myGermanExpert\" \/>\n<meta property=\"article:publisher\" content=\"https:\/\/www.facebook.com\/mygermanexpert\" \/>\n<meta property=\"article:modified_time\" content=\"2020-04-02T11:14:00+00:00\" \/>\n<meta property=\"og:image\" content=\"https:\/\/www.mygermanexpert.com\/wp-content\/uploads\/2017\/11\/MGE-Logo.png\" \/>\n\t<meta property=\"og:image:width\" content=\"200\" \/>\n\t<meta property=\"og:image:height\" content=\"200\" \/>\n\t<meta property=\"og:image:type\" content=\"image\/png\" \/>\n<meta name=\"twitter:card\" content=\"summary_large_image\" \/>\n<meta name=\"twitter:site\" content=\"@mygermanexpert\" \/>\n<meta name=\"twitter:label1\" content=\"Tempo di lettura stimato\" \/>\n\t<meta name=\"twitter:data1\" content=\"4 minuti\" \/>\n<script type=\"application\/ld+json\" class=\"yoast-schema-graph\">{\"@context\":\"https:\/\/schema.org\",\"@graph\":[{\"@type\":\"WebPage\",\"@id\":\"https:\/\/www.mygermanexpert.com\/it\/services\/germany-hostels\/\",\"url\":\"https:\/\/www.mygermanexpert.com\/it\/services\/germany-hostels\/\",\"name\":\"Come trovare un alloggio temporaneo in Germania - myGermanExpert\",\"isPartOf\":{\"@id\":\"https:\/\/www.mygermanexpert.com\/#website\"},\"datePublished\":\"2017-05-10T18:37:48+00:00\",\"dateModified\":\"2020-04-02T11:14:00+00:00\",\"description\":\"Una sistemazione temporanea \u00e8 l\u2019opzione ideale se hai bisogno di un posto in cui stare mentre cerchi un alloggio fisso. Trova una sistemazione ora!\",\"breadcrumb\":{\"@id\":\"https:\/\/www.mygermanexpert.com\/it\/services\/germany-hostels\/#breadcrumb\"},\"inLanguage\":\"it-IT\",\"potentialAction\":[{\"@type\":\"ReadAction\",\"target\":[\"https:\/\/www.mygermanexpert.com\/it\/services\/germany-hostels\/\"]}]},{\"@type\":\"BreadcrumbList\",\"@id\":\"https:\/\/www.mygermanexpert.com\/it\/services\/germany-hostels\/#breadcrumb\",\"itemListElement\":[{\"@type\":\"ListItem\",\"position\":1,\"name\":\"Home\",\"item\":\"https:\/\/www.mygermanexpert.com\/it\/\"},{\"@type\":\"ListItem\",\"position\":2,\"name\":\"Servizi\",\"item\":\"https:\/\/www.mygermanexpert.com\/it\/services\/\"},{\"@type\":\"ListItem\",\"position\":3,\"name\":\"Ricerca Ostelli\"}]},{\"@type\":\"WebSite\",\"@id\":\"https:\/\/www.mygermanexpert.com\/#website\",\"url\":\"https:\/\/www.mygermanexpert.com\/\",\"name\":\"myGermanExpert\",\"description\":\"\",\"publisher\":{\"@id\":\"https:\/\/www.mygermanexpert.com\/#organization\"},\"potentialAction\":[{\"@type\":\"SearchAction\",\"target\":{\"@type\":\"EntryPoint\",\"urlTemplate\":\"https:\/\/www.mygermanexpert.com\/?s={search_term_string}\"},\"query-input\":{\"@type\":\"PropertyValueSpecification\",\"valueRequired\":true,\"valueName\":\"search_term_string\"}}],\"inLanguage\":\"it-IT\"},{\"@type\":\"Organization\",\"@id\":\"https:\/\/www.mygermanexpert.com\/#organization\",\"name\":\"myGermanExpert\",\"url\":\"https:\/\/www.mygermanexpert.com\/\",\"logo\":{\"@type\":\"ImageObject\",\"inLanguage\":\"it-IT\",\"@id\":\"https:\/\/www.mygermanexpert.com\/#\/schema\/logo\/image\/\",\"url\":\"https:\/\/www.mygermanexpert.com\/wp-content\/uploads\/2017\/11\/MGE-Logo.png\",\"contentUrl\":\"https:\/\/www.mygermanexpert.com\/wp-content\/uploads\/2017\/11\/MGE-Logo.png\",\"width\":200,\"height\":200,\"caption\":\"myGermanExpert\"},\"image\":{\"@id\":\"https:\/\/www.mygermanexpert.com\/#\/schema\/logo\/image\/\"},\"sameAs\":[\"https:\/\/www.facebook.com\/mygermanexpert\",\"https:\/\/x.com\/mygermanexpert\",\"https:\/\/www.linkedin.com\/company\/mygermanexpert\",\"https:\/\/www.youtube.com\/c\/myGermanExpert\"]}]}<\/script>\n<!-- \/ Yoast SEO plugin. -->","yoast_head_json":{"title":"Come trovare un alloggio temporaneo in Germania - myGermanExpert","description":"Una sistemazione temporanea \u00e8 l\u2019opzione ideale se hai bisogno di un posto in cui stare mentre cerchi un alloggio fisso. Trova una sistemazione ora!","robots":{"index":"index","follow":"follow","max-snippet":"max-snippet:-1","max-image-preview":"max-image-preview:large","max-video-preview":"max-video-preview:-1"},"canonical":"https:\/\/www.mygermanexpert.com\/it\/services\/germany-hostels\/","og_locale":"it_IT","og_type":"article","og_title":"Come trovare un alloggio temporaneo in Germania - myGermanExpert","og_description":"Una sistemazione temporanea \u00e8 l\u2019opzione ideale se hai bisogno di un posto in cui stare mentre cerchi un alloggio fisso. Trova una sistemazione ora!","og_url":"https:\/\/www.mygermanexpert.com\/it\/services\/germany-hostels\/","og_site_name":"myGermanExpert","article_publisher":"https:\/\/www.facebook.com\/mygermanexpert","article_modified_time":"2020-04-02T11:14:00+00:00","og_image":[{"width":200,"height":200,"url":"https:\/\/www.mygermanexpert.com\/wp-content\/uploads\/2017\/11\/MGE-Logo.png","type":"image\/png"}],"twitter_card":"summary_large_image","twitter_site":"@mygermanexpert","twitter_misc":{"Tempo di lettura stimato":"4 minuti"},"schema":{"@context":"https:\/\/schema.org","@graph":[{"@type":"WebPage","@id":"https:\/\/www.mygermanexpert.com\/it\/services\/germany-hostels\/","url":"https:\/\/www.mygermanexpert.com\/it\/services\/germany-hostels\/","name":"Come trovare un alloggio temporaneo in Germania - myGermanExpert","isPartOf":{"@id":"https:\/\/www.mygermanexpert.com\/#website"},"datePublished":"2017-05-10T18:37:48+00:00","dateModified":"2020-04-02T11:14:00+00:00","description":"Una sistemazione temporanea \u00e8 l\u2019opzione ideale se hai bisogno di un posto in cui stare mentre cerchi un alloggio fisso. Trova una sistemazione ora!","breadcrumb":{"@id":"https:\/\/www.mygermanexpert.com\/it\/services\/germany-hostels\/#breadcrumb"},"inLanguage":"it-IT","potentialAction":[{"@type":"ReadAction","target":["https:\/\/www.mygermanexpert.com\/it\/services\/germany-hostels\/"]}]},{"@type":"BreadcrumbList","@id":"https:\/\/www.mygermanexpert.com\/it\/services\/germany-hostels\/#breadcrumb","itemListElement":[{"@type":"ListItem","position":1,"name":"Home","item":"https:\/\/www.mygermanexpert.com\/it\/"},{"@type":"ListItem","position":2,"name":"Servizi","item":"https:\/\/www.mygermanexpert.com\/it\/services\/"},{"@type":"ListItem","position":3,"name":"Ricerca Ostelli"}]},{"@type":"WebSite","@id":"https:\/\/www.mygermanexpert.com\/#website","url":"https:\/\/www.mygermanexpert.com\/","name":"myGermanExpert","description":"","publisher":{"@id":"https:\/\/www.mygermanexpert.com\/#organization"},"potentialAction":[{"@type":"SearchAction","target":{"@type":"EntryPoint","urlTemplate":"https:\/\/www.mygermanexpert.com\/?s={search_term_string}"},"query-input":{"@type":"PropertyValueSpecification","valueRequired":true,"valueName":"search_term_string"}}],"inLanguage":"it-IT"},{"@type":"Organization","@id":"https:\/\/www.mygermanexpert.com\/#organization","name":"myGermanExpert","url":"https:\/\/www.mygermanexpert.com\/","logo":{"@type":"ImageObject","inLanguage":"it-IT","@id":"https:\/\/www.mygermanexpert.com\/#\/schema\/logo\/image\/","url":"https:\/\/www.mygermanexpert.com\/wp-content\/uploads\/2017\/11\/MGE-Logo.png","contentUrl":"https:\/\/www.mygermanexpert.com\/wp-content\/uploads\/2017\/11\/MGE-Logo.png","width":200,"height":200,"caption":"myGermanExpert"},"image":{"@id":"https:\/\/www.mygermanexpert.com\/#\/schema\/logo\/image\/"},"sameAs":["https:\/\/www.facebook.com\/mygermanexpert","https:\/\/x.com\/mygermanexpert","https:\/\/www.linkedin.com\/company\/mygermanexpert","https:\/\/www.youtube.com\/c\/myGermanExpert"]}]}},"_links":{"self":[{"href":"https:\/\/www.mygermanexpert.com\/it\/wp-json\/wp\/v2\/pages\/6742","targetHints":{"allow":["GET"]}}],"collection":[{"href":"https:\/\/www.mygermanexpert.com\/it\/wp-json\/wp\/v2\/pages"}],"about":[{"href":"https:\/\/www.mygermanexpert.com\/it\/wp-json\/wp\/v2\/types\/page"}],"author":[{"embeddable":true,"href":"https:\/\/www.mygermanexpert.com\/it\/wp-json\/wp\/v2\/users\/1"}],"replies":[{"embeddable":true,"href":"https:\/\/www.mygermanexpert.com\/it\/wp-json\/wp\/v2\/comments?post=6742"}],"version-history":[{"count":3,"href":"https:\/\/www.mygermanexpert.com\/it\/wp-json\/wp\/v2\/pages\/6742\/revisions"}],"predecessor-version":[{"id":17196,"href":"https:\/\/www.mygermanexpert.com\/it\/wp-json\/wp\/v2\/pages\/6742\/revisions\/17196"}],"up":[{"embeddable":true,"href":"https:\/\/www.mygermanexpert.com\/it\/wp-json\/wp\/v2\/pages\/6720"}],"wp:attachment":[{"href":"https:\/\/www.mygermanexpert.com\/it\/wp-json\/wp\/v2\/media?parent=6742"}],"curies":[{"name":"wp","href":"https:\/\/api.w.org\/{rel}","templated":true}]}}