{"id":6727,"date":"2016-09-06T14:41:24","date_gmt":"2016-09-06T12:41:24","guid":{"rendered":"https:\/\/www.mygermanexpert.com\/myaccount\/"},"modified":"2020-04-22T15:22:18","modified_gmt":"2020-04-22T13:22:18","slug":"myaccount","status":"publish","type":"page","link":"https:\/\/www.mygermanexpert.com\/it\/myaccount\/","title":{"rendered":"I miei moduli"},"content":{"rendered":"<p>[et_pb_section fb_built=&#8221;1&#8243; fullwidth=&#8221;on&#8221; admin_label=&#8221;section&#8221; _builder_version=&#8221;3.22&#8243; background_color=&#8221;#8dc153&#8243;][et_pb_fullwidth_slider _builder_version=&#8221;3.16&#8243; header_text_color=&#8221;#ffffff&#8221; body_text_color=&#8221;#f3f3f3&#8243; background_color=&#8221;#8dc153&#8243; custom_padding=&#8221;|||&#8221; button_text_size__hover_enabled=&#8221;off&#8221; button_one_text_size__hover_enabled=&#8221;off&#8221; button_two_text_size__hover_enabled=&#8221;off&#8221; button_text_color__hover_enabled=&#8221;off&#8221; button_one_text_color__hover_enabled=&#8221;off&#8221; button_two_text_color__hover_enabled=&#8221;off&#8221; button_border_width__hover_enabled=&#8221;off&#8221; button_one_border_width__hover_enabled=&#8221;off&#8221; button_two_border_width__hover_enabled=&#8221;off&#8221; button_border_color__hover_enabled=&#8221;off&#8221; button_one_border_color__hover_enabled=&#8221;off&#8221; button_two_border_color__hover_enabled=&#8221;off&#8221; button_border_radius__hover_enabled=&#8221;off&#8221; button_one_border_radius__hover_enabled=&#8221;off&#8221; button_two_border_radius__hover_enabled=&#8221;off&#8221; button_letter_spacing__hover_enabled=&#8221;off&#8221; button_one_letter_spacing__hover_enabled=&#8221;off&#8221; button_two_letter_spacing__hover_enabled=&#8221;off&#8221; button_bg_color__hover_enabled=&#8221;off&#8221; button_one_bg_color__hover_enabled=&#8221;off&#8221; button_two_bg_color__hover_enabled=&#8221;off&#8221;][et_pb_slide heading=&#8221;I miei moduli&#8221; image=&#8221;https:\/\/www.mygermanexpert.com\/wp-content\/uploads\/2017\/08\/Header-Icons-33.png&#8221; use_bg_overlay=&#8221;off&#8221; use_text_overlay=&#8221;off&#8221; _builder_version=&#8221;3.16&#8243; button_on_hover=&#8221;on&#8221; button_text_size__hover_enabled=&#8221;off&#8221; button_one_text_size__hover_enabled=&#8221;off&#8221; button_two_text_size__hover_enabled=&#8221;off&#8221; button_text_color__hover_enabled=&#8221;off&#8221; button_one_text_color__hover_enabled=&#8221;off&#8221; button_two_text_color__hover_enabled=&#8221;off&#8221; button_border_width__hover_enabled=&#8221;off&#8221; button_one_border_width__hover_enabled=&#8221;off&#8221; button_two_border_width__hover_enabled=&#8221;off&#8221; button_border_color__hover_enabled=&#8221;off&#8221; button_one_border_color__hover_enabled=&#8221;off&#8221; button_two_border_color__hover_enabled=&#8221;off&#8221; button_border_radius__hover_enabled=&#8221;off&#8221; button_one_border_radius__hover_enabled=&#8221;off&#8221; button_two_border_radius__hover_enabled=&#8221;off&#8221; button_letter_spacing__hover_enabled=&#8221;off&#8221; button_one_letter_spacing__hover_enabled=&#8221;off&#8221; button_two_letter_spacing__hover_enabled=&#8221;off&#8221; button_bg_color__hover_enabled=&#8221;off&#8221; button_one_bg_color__hover_enabled=&#8221;off&#8221; button_two_bg_color__hover_enabled=&#8221;off&#8221;]Accedi e completa il modulo dell\u2019Anmeldung in italiano.<br \/>\n[\/et_pb_slide][\/et_pb_fullwidth_slider][\/et_pb_section][et_pb_section fb_built=&#8221;1&#8243; admin_label=&#8221;section&#8221; _builder_version=&#8221;3.22&#8243; background_color=&#8221;rgba(255,255,255,0)&#8221; transparent_background=&#8221;on&#8221;][et_pb_row _builder_version=&#8221;3.25&#8243; background_color=&#8221;#f3f3f3&#8243; box_shadow_style=&#8221;preset2&#8243;][et_pb_column type=&#8221;4_4&#8243; _builder_version=&#8221;3.25&#8243; custom_padding=&#8221;15px|15px||15px&#8221; custom_padding__hover=&#8221;|||&#8221;][et_pb_blurb use_icon=&#8221;on&#8221; font_icon=&#8221;%%93%%&#8221; use_circle=&#8221;on&#8221; circle_color=&#8221;#ffffff&#8221; use_circle_border=&#8221;on&#8221; _builder_version=&#8221;3.14&#8243; custom_padding=&#8221;25px|25px|25px|25px&#8221;]<\/p>\n<h1 style=\"text-align: center;\">REGISTRAZIONE<\/h1>\n<p style=\"text-align: center;\">Nuovo utente?<\/p>\n<p style=\"text-align: center;\">Registrati qui e completa GRATUITAMENTE la richiesta per l\u2019Anmeldung, necessaria per vivere e lavorare in Germania. Inserisci le informazioni in italiano e ricevi immediatamente il modulo tradotto in tedesco. A questo punto, consegnalo al B\u00fcrgeramt \/ B\u00fcrgerb\u00fcro pi\u00f9 vicino per ottenere la tua registrazione di residenza e, 2-3 settimane pi\u00f9 tardi, il tuo Codice Fiscale.<\/p>\n<p style=\"text-align: center;\">I campi con (*) sono obbligatori. Non ti chiediamo di fornirci informazioni non necessarie al completamento del modulo.<\/p>\n<p style=\"text-align: center;\">I dati inseriti nel modulo di Anmeldung vengono raccolti solamente nella sessione attiva esistente e dopo aver cliccato il pulsante &#8220;SALVA&#8221;. I tuoi dati personali non verranno raccolti \u2014 ad eccezione dell&#8217;indirizzo e-mail, della password (criptata) e della citt\u00e0 di registrazione, essendo necessari per utilizzare il servizio \u2014 e verranno cancellati dal tuo account non appena (1) riceverai il modulo via e-mail o (2) ti disconnetterai dal tuo account, o (3) chiuderai la scheda attiva del browser.<\/p>\n<p style=\"text-align: center;\">Dopo aver concluso il processo, la versione finale del modulo di Anmeldung \u2014 che \u00e8 stato automaticamente compilato in tedesco \u2014 ed il pacchetto di registrazione ti verranno immediatamente inviati al tuo indirizzo e-mail; e il modulo sul tuo account verr\u00e0 completamente resettato. In altre parole, il progresso del modulo sar\u00e0 sempre pari allo 0% ogni volta che accederai al tuo account MGE.<\/p>\n<p>[\/et_pb_blurb][\/et_pb_column][\/et_pb_row][et_pb_row _builder_version=&#8221;3.25&#8243; background_color=&#8221;#f3f3f3&#8243; custom_padding=&#8221;|||&#8221; box_shadow_style=&#8221;preset2&#8243;][et_pb_column type=&#8221;4_4&#8243; _builder_version=&#8221;3.25&#8243; custom_padding=&#8221;|15px|15px|15px&#8221; custom_padding__hover=&#8221;|||&#8221;][et_pb_code _builder_version=&#8221;4.4.3&#8243; hover_enabled=&#8221;0&#8243;]\n<div class=\"um um-register um-7113\">\n\t<div class=\"um-form\" data-mode=\"register\">\n\t\t<form method=\"post\" action=\"\">\n\t\t\t<div class=\"um-row _um_row_1 \" style=\"margin: 0 0 30px 0;\"><div class=\"um-col-1\"><div  id=\"um_field_7113_user_email\" class=\"um-field um-field-text  um-field-user_email um-field-text um-field-type_text\" data-key=\"user_email\"><div class=\"um-field-label\"><label for=\"user_email-7113\">Indirizzo e-mail<span class=\"um-req\" title=\"Required\">*<\/span><\/label><div class=\"um-clear\"><\/div><\/div><div class=\"um-field-area\"><input  autocomplete=\"off\" class=\"um-form-field valid \" type=\"text\" name=\"user_email-7113\" id=\"user_email-7113\" value=\"\" placeholder=\"\" data-validate=\"unique_email\" data-key=\"user_email\"  aria-invalid=\"false\" \/>\n\n\t\t\t\t\t\t<\/div><\/div><div  id=\"um_field_7113_username\" class=\"um-field um-field-text  um-field-username um-field-text um-field-type_text\" data-key=\"username\"><div class=\"um-field-label\"><label for=\"username-7113\">Conferma il tuo indirizzo e-mail<span class=\"um-req\" title=\"Required\">*<\/span><\/label><div class=\"um-clear\"><\/div><\/div><div class=\"um-field-area\"><input  autocomplete=\"off\" class=\"um-form-field valid \" type=\"text\" name=\"username-7113\" id=\"username-7113\" value=\"\" placeholder=\"\" data-validate=\"unique_email\" data-key=\"username\"  aria-invalid=\"false\" \/>\n\n\t\t\t\t\t\t<\/div><\/div><div  id=\"um_field_7113_user_password\" class=\"um-field um-field-password  um-field-user_password um-field-password um-field-type_password\" data-key=\"user_password\"><div class=\"um-field-label\"><label for=\"user_password-7113\">Password<span class=\"um-req\" title=\"Required\">*<\/span><\/label><span class=\"um-tip um-tip-w\" title=\"Scegli una password sicura costituita da pi\u00f9 di 8 caratteri.\"><i class=\"um-icon-help-circled\"><\/i><\/span><div class=\"um-clear\"><\/div><\/div><div class=\"um-field-area\"><input class=\"um-form-field valid \" type=\"password\" name=\"user_password-7113\" id=\"user_password-7113\" value=\"\" placeholder=\"\" data-validate=\"\" data-key=\"user_password\"  aria-invalid=\"false\" \/>\n\n\t\t\t\t\t\t\t<\/div><\/div><div  id=\"um_field_7113_verification_code\" class=\"um-field um-field-text  um-field-verification_code um-field-text um-field-type_text\" data-key=\"verification_code\"><div class=\"um-field-area\"><input  autocomplete=\"off\" class=\"um-form-field valid \" type=\"text\" name=\"verification_code-7113\" id=\"verification_code-7113\" value=\"\" placeholder=\"\" data-validate=\"\" data-key=\"verification_code\"  aria-invalid=\"false\" \/>\n\n\t\t\t\t\t\t<\/div><\/div><div  class=\"um-field um-field-block  um-field-block um-field-type_block\" data-key=\"um_block_5129_7\"><div id=\"recaptcha2\"><\/div><\/div><\/div><\/div>\t<input type=\"hidden\" name=\"form_id\" id=\"form_id_7113\" value=\"7113\" \/>\n\t\t<p class=\"um_request_name\">\n\t\t<label for=\"um_request_7113\">Only fill in if you are not human<\/label>\n\t\t<input type=\"hidden\" name=\"um_request\" id=\"um_request_7113\" class=\"input\" value=\"\" size=\"25\" autocomplete=\"off\" \/>\n\t<\/p>\n\t<input type=\"hidden\" id=\"_wpnonce\" name=\"_wpnonce\" value=\"973fa4315f\" \/><input type=\"hidden\" name=\"_wp_http_referer\" value=\"\/it\/wp-json\/wp\/v2\/pages\/6727\" \/>\n\t<div class=\"um-col-alt\">\n\n\t\t\n\t\t\t<div class=\"um-center\">\n\t\t\t\t<input type=\"submit\" value=\"Registrati\" class=\"um-button\" id=\"um-submit-btn\" \/>\n\t\t\t<\/div>\n\n\t\t\n\t\t<div class=\"um-clear\"><\/div>\n\n\t<\/div>\n\n\t\t\t<\/form>\n\t<\/div>\n<\/div>\n<style>\n\t\t\t.um-7113.um {\n\t\t\tmax-width: 450px;\n\t\t}\n\t\t<\/style>\n[\/et_pb_code][\/et_pb_column][\/et_pb_row][\/et_pb_section][et_pb_section fb_built=&#8221;1&#8243; _builder_version=&#8221;3.22&#8243;][et_pb_row _builder_version=&#8221;3.25&#8243; background_color=&#8221;#f3f3f3&#8243; custom_padding=&#8221;|||&#8221; box_shadow_style=&#8221;preset2&#8243;][et_pb_column type=&#8221;4_4&#8243; _builder_version=&#8221;3.25&#8243; custom_padding=&#8221;15px|15px||15px&#8221; custom_padding__hover=&#8221;|||&#8221;][et_pb_blurb use_icon=&#8221;on&#8221; font_icon=&#8221;%%94%%&#8221; use_circle=&#8221;on&#8221; circle_color=&#8221;#ffffff&#8221; use_circle_border=&#8221;on&#8221; _builder_version=&#8221;3.0.83&#8243; text_orientation=&#8221;center&#8221; custom_padding=&#8221;25px|25px|25px|25px&#8221;]<\/p>\n<h1 style=\"text-align: center;\">LOGIN<\/h1>\n<p style=\"text-align: center;\">Hai gi\u00e0 un account?<\/p>\n<p style=\"text-align: center;\">Esegui il login per accedere al modulo dell\u2019Anmeldung. Inserisci le informazioni in italiano e ricevi immediatamente il modulo tradotto in tedesco. A questo punto, consegnalo al B\u00fcrgeramt \/ B\u00fcrgerb\u00fcro pi\u00f9 vicino per ottenere la tua registrazione di residenza e, 2-3 settimane pi\u00f9 tardi, il tuo Codice Fiscale.<\/p>\n<p style=\"text-align: center;\">I campi con (*) sono obbligatori. Non ti chiediamo di fornirci informazioni non necessarie al completamento del modulo.<\/p>\n<p>[\/et_pb_blurb][\/et_pb_column][\/et_pb_row][et_pb_row _builder_version=&#8221;3.25&#8243; background_color=&#8221;#f3f3f3&#8243; background_size=&#8221;initial&#8221; background_position=&#8221;top_left&#8221; background_repeat=&#8221;repeat&#8221; custom_padding=&#8221;|||&#8221; box_shadow_style=&#8221;preset2&#8243;][et_pb_column type=&#8221;4_4&#8243; _builder_version=&#8221;3.25&#8243; custom_padding=&#8221;|15px|15px|15px&#8221; custom_padding__hover=&#8221;|||&#8221;][et_pb_code]\n<div class=\"um um-login um-7114\">\n\t<div class=\"um-form\">\n\t\t<form method=\"post\" action=\"\" autocomplete=\"off\">\n\t\t\t<div class=\"um-row _um_row_1 \" style=\"margin: 0 0 30px 0;\"><div class=\"um-col-1\"><div  id=\"um_field_7114_username\" class=\"um-field um-field-text  um-field-username um-field-text um-field-type_text\" data-key=\"username\"><div class=\"um-field-label\"><label for=\"username-7114\">Indirizzo e-mail<span class=\"um-req\" title=\"Required\">*<\/span><\/label><div class=\"um-clear\"><\/div><\/div><div class=\"um-field-area\"><input  autocomplete=\"off\" class=\"um-form-field valid \" type=\"text\" name=\"username-7114\" id=\"username-7114\" value=\"\" placeholder=\"\" data-validate=\"unique_email\" data-key=\"username\"  aria-invalid=\"false\" \/>\n\n\t\t\t\t\t\t<\/div><\/div><div  id=\"um_field_7114_user_password\" class=\"um-field um-field-password  um-field-user_password um-field-password um-field-type_password\" data-key=\"user_password\"><div class=\"um-field-label\"><label for=\"user_password-7114\">Password<span class=\"um-req\" title=\"Required\">*<\/span><\/label><span class=\"um-tip um-tip-w\" title=\"Scegli una password sicura costituita da pi\u00f9 di 8 caratteri.\"><i class=\"um-icon-help-circled\"><\/i><\/span><div class=\"um-clear\"><\/div><\/div><div class=\"um-field-area\"><input class=\"um-form-field valid \" type=\"password\" name=\"user_password-7114\" id=\"user_password-7114\" value=\"\" placeholder=\"\" data-validate=\"\" data-key=\"user_password\"  aria-invalid=\"false\" \/>\n\n\t\t\t\t\t\t\t<\/div><\/div><div  class=\"um-field um-field-block  um-field-block um-field-type_block\" data-key=\"um_block_5125_4\"><div id=\"recaptcha1\"><\/div><\/div><\/div><\/div>\t<input type=\"hidden\" name=\"form_id\" id=\"form_id_7114\" value=\"7114\" \/>\n\t\t<p class=\"um_request_name\">\n\t\t<label for=\"um_request_7114\">Only fill in if you are not human<\/label>\n\t\t<input type=\"hidden\" name=\"um_request\" id=\"um_request_7114\" class=\"input\" value=\"\" size=\"25\" autocomplete=\"off\" \/>\n\t<\/p>\n\t<input type=\"hidden\" id=\"_wpnonce\" name=\"_wpnonce\" value=\"43776ff371\" \/><input type=\"hidden\" name=\"_wp_http_referer\" value=\"\/it\/wp-json\/wp\/v2\/pages\/6727\" \/>\n\t<div class=\"um-col-alt\">\n\n\t\t\n\t\t\t<div class=\"um-center\">\n\t\t\t\t<input type=\"submit\" value=\"Accedi\" class=\"um-button\" id=\"um-submit-btn\" \/>\n\t\t\t<\/div>\n\n\t\t\n\t\t<div class=\"um-clear\"><\/div>\n\n\t<\/div>\n\n\t\n\t<div class=\"um-col-alt-b\">\n\t\t<a href=\"https:\/\/www.mygermanexpert.com\/it\/password-reset\/\" class=\"um-link-alt\">\n\t\t\tForgot your password?\t\t<\/a>\n\t<\/div>\n\n\t\t\t<\/form>\n\t<\/div>\n<\/div>\n[\/et_pb_code][\/et_pb_column][\/et_pb_row][\/et_pb_section]<\/p>\n","protected":false},"excerpt":{"rendered":"<p>Accedi e completa il modulo dell\u2019Anmeldung in italiano. REGISTRAZIONE Nuovo utente? Registrati qui e completa GRATUITAMENTE la richiesta per l\u2019Anmeldung, necessaria per vivere e lavorare in Germania. Inserisci le informazioni in italiano e ricevi immediatamente il modulo tradotto in tedesco. A questo punto, consegnalo al B\u00fcrgeramt \/ B\u00fcrgerb\u00fcro pi\u00f9 vicino per ottenere la tua registrazione [&hellip;]<\/p>\n","protected":false},"author":31,"featured_media":19275,"parent":0,"menu_order":0,"comment_status":"closed","ping_status":"closed","template":"","meta":{"_et_pb_use_builder":"on","_et_pb_old_content":"<p>[tm_pb_section admin_label=\"section\" transparent_background=\"on\" allow_player_pause=\"off\" inner_shadow=\"off\" parallax=\"off\" parallax_method=\"off\" custom_padding=\"120px||120px|\" padding_mobile=\"on\" make_fullwidth=\"off\" use_custom_width=\"off\" width_unit=\"on\" make_equal=\"off\" use_custom_gutter=\"off\"][tm_pb_row admin_label=\"row\"][tm_pb_column type=\"4_4\"][tm_pb_taxonomy admin_label=\"Taxonomy\" terms_type=\"category\" category=\"11,12,10,13,3,14\" title_delimiter=\"off\" post_count=\"on\" more=\"off\" layout_type=\"grid\" padding=\"50\" more_text=\"View now!\" description_length=\"0\"] [\/tm_pb_taxonomy][tm_pb_divider admin_label=\"Divider\" color=\"#ececee\" show_divider=\"on\" divider_style=\"solid\" custom_margin=\"60px||110px|\"] [\/tm_pb_divider][tm_pb_taxonomy admin_label=\"Taxonomy\" terms_type=\"category\" category=\"11,12,10,13,3\" title_delimiter=\"off\" post_count=\"on\" more=\"off\" layout_type=\"tiles\" padding=\"50\" more_text=\"View now!\" description_length=\"0\"] [\/tm_pb_taxonomy][\/tm_pb_column][\/tm_pb_row][\/tm_pb_section]<\/p>","_et_gb_content_width":"","_bos_mb_destination":[""],"footnotes":""},"class_list":["post-6727","page","type-page","status-publish","has-post-thumbnail"],"yoast_head":"<!-- This site is optimized with the Yoast SEO plugin v26.8 - https:\/\/yoast.com\/product\/yoast-seo-wordpress\/ -->\n<title>Compila il modulo di Anmeldung per registrarti in Germania - myGermanExpert<\/title>\n<meta name=\"description\" content=\"Il nostro servizio \u00e8 stato creato per rendere il pi\u00f9 facile possibile la compilazione del modulo di Anmeldung. Compila ora il tuo modulo in italiano.\" \/>\n<meta name=\"robots\" content=\"index, follow, max-snippet:-1, max-image-preview:large, max-video-preview:-1\" \/>\n<link rel=\"canonical\" href=\"https:\/\/www.mygermanexpert.com\/it\/myaccount\/\" \/>\n<meta property=\"og:locale\" content=\"it_IT\" \/>\n<meta property=\"og:type\" content=\"article\" \/>\n<meta property=\"og:title\" content=\"Compila il modulo di Anmeldung per registrarti in Germania - myGermanExpert\" \/>\n<meta property=\"og:description\" content=\"Il nostro servizio \u00e8 stato creato per rendere il pi\u00f9 facile possibile la compilazione del modulo di Anmeldung. Compila ora il tuo modulo in italiano.\" \/>\n<meta property=\"og:url\" content=\"https:\/\/www.mygermanexpert.com\/it\/myaccount\/\" \/>\n<meta property=\"og:site_name\" content=\"myGermanExpert\" \/>\n<meta property=\"article:publisher\" content=\"https:\/\/www.facebook.com\/mygermanexpert\" \/>\n<meta property=\"article:modified_time\" content=\"2020-04-22T13:22:18+00:00\" \/>\n<meta property=\"og:image\" content=\"https:\/\/www.mygermanexpert.com\/wp-content\/uploads\/2021\/07\/Anmeldung-with-myGermanExpert.png\" \/>\n\t<meta property=\"og:image:width\" content=\"940\" \/>\n\t<meta property=\"og:image:height\" content=\"788\" \/>\n\t<meta property=\"og:image:type\" content=\"image\/png\" \/>\n<meta name=\"twitter:card\" content=\"summary_large_image\" \/>\n<meta name=\"twitter:site\" content=\"@mygermanexpert\" \/>\n<meta name=\"twitter:label1\" content=\"Tempo di lettura stimato\" \/>\n\t<meta name=\"twitter:data1\" content=\"5 minuti\" \/>\n<script type=\"application\/ld+json\" class=\"yoast-schema-graph\">{\"@context\":\"https:\/\/schema.org\",\"@graph\":[{\"@type\":\"WebPage\",\"@id\":\"https:\/\/www.mygermanexpert.com\/it\/myaccount\/\",\"url\":\"https:\/\/www.mygermanexpert.com\/it\/myaccount\/\",\"name\":\"Compila il modulo di Anmeldung per registrarti in Germania - myGermanExpert\",\"isPartOf\":{\"@id\":\"https:\/\/www.mygermanexpert.com\/#website\"},\"primaryImageOfPage\":{\"@id\":\"https:\/\/www.mygermanexpert.com\/it\/myaccount\/#primaryimage\"},\"image\":{\"@id\":\"https:\/\/www.mygermanexpert.com\/it\/myaccount\/#primaryimage\"},\"thumbnailUrl\":\"https:\/\/www.mygermanexpert.com\/wp-content\/uploads\/2021\/07\/Anmeldung-with-myGermanExpert.png\",\"datePublished\":\"2016-09-06T12:41:24+00:00\",\"dateModified\":\"2020-04-22T13:22:18+00:00\",\"description\":\"Il nostro servizio \u00e8 stato creato per rendere il pi\u00f9 facile possibile la compilazione del modulo di Anmeldung. Compila ora il tuo modulo in italiano.\",\"breadcrumb\":{\"@id\":\"https:\/\/www.mygermanexpert.com\/it\/myaccount\/#breadcrumb\"},\"inLanguage\":\"it-IT\",\"potentialAction\":[{\"@type\":\"ReadAction\",\"target\":[\"https:\/\/www.mygermanexpert.com\/it\/myaccount\/\"]}]},{\"@type\":\"ImageObject\",\"inLanguage\":\"it-IT\",\"@id\":\"https:\/\/www.mygermanexpert.com\/it\/myaccount\/#primaryimage\",\"url\":\"https:\/\/www.mygermanexpert.com\/wp-content\/uploads\/2021\/07\/Anmeldung-with-myGermanExpert.png\",\"contentUrl\":\"https:\/\/www.mygermanexpert.com\/wp-content\/uploads\/2021\/07\/Anmeldung-with-myGermanExpert.png\",\"width\":940,\"height\":788,\"caption\":\"Anmeldung\"},{\"@type\":\"BreadcrumbList\",\"@id\":\"https:\/\/www.mygermanexpert.com\/it\/myaccount\/#breadcrumb\",\"itemListElement\":[{\"@type\":\"ListItem\",\"position\":1,\"name\":\"Home\",\"item\":\"https:\/\/www.mygermanexpert.com\/it\/\"},{\"@type\":\"ListItem\",\"position\":2,\"name\":\"I miei moduli\"}]},{\"@type\":\"WebSite\",\"@id\":\"https:\/\/www.mygermanexpert.com\/#website\",\"url\":\"https:\/\/www.mygermanexpert.com\/\",\"name\":\"myGermanExpert\",\"description\":\"\",\"publisher\":{\"@id\":\"https:\/\/www.mygermanexpert.com\/#organization\"},\"potentialAction\":[{\"@type\":\"SearchAction\",\"target\":{\"@type\":\"EntryPoint\",\"urlTemplate\":\"https:\/\/www.mygermanexpert.com\/?s={search_term_string}\"},\"query-input\":{\"@type\":\"PropertyValueSpecification\",\"valueRequired\":true,\"valueName\":\"search_term_string\"}}],\"inLanguage\":\"it-IT\"},{\"@type\":\"Organization\",\"@id\":\"https:\/\/www.mygermanexpert.com\/#organization\",\"name\":\"myGermanExpert\",\"url\":\"https:\/\/www.mygermanexpert.com\/\",\"logo\":{\"@type\":\"ImageObject\",\"inLanguage\":\"it-IT\",\"@id\":\"https:\/\/www.mygermanexpert.com\/#\/schema\/logo\/image\/\",\"url\":\"https:\/\/www.mygermanexpert.com\/wp-content\/uploads\/2017\/11\/MGE-Logo.png\",\"contentUrl\":\"https:\/\/www.mygermanexpert.com\/wp-content\/uploads\/2017\/11\/MGE-Logo.png\",\"width\":200,\"height\":200,\"caption\":\"myGermanExpert\"},\"image\":{\"@id\":\"https:\/\/www.mygermanexpert.com\/#\/schema\/logo\/image\/\"},\"sameAs\":[\"https:\/\/www.facebook.com\/mygermanexpert\",\"https:\/\/x.com\/mygermanexpert\",\"https:\/\/www.linkedin.com\/company\/mygermanexpert\",\"https:\/\/www.youtube.com\/c\/myGermanExpert\"]}]}<\/script>\n<!-- \/ Yoast SEO plugin. -->","yoast_head_json":{"title":"Compila il modulo di Anmeldung per registrarti in Germania - myGermanExpert","description":"Il nostro servizio \u00e8 stato creato per rendere il pi\u00f9 facile possibile la compilazione del modulo di Anmeldung. Compila ora il tuo modulo in italiano.","robots":{"index":"index","follow":"follow","max-snippet":"max-snippet:-1","max-image-preview":"max-image-preview:large","max-video-preview":"max-video-preview:-1"},"canonical":"https:\/\/www.mygermanexpert.com\/it\/myaccount\/","og_locale":"it_IT","og_type":"article","og_title":"Compila il modulo di Anmeldung per registrarti in Germania - myGermanExpert","og_description":"Il nostro servizio \u00e8 stato creato per rendere il pi\u00f9 facile possibile la compilazione del modulo di Anmeldung. Compila ora il tuo modulo in italiano.","og_url":"https:\/\/www.mygermanexpert.com\/it\/myaccount\/","og_site_name":"myGermanExpert","article_publisher":"https:\/\/www.facebook.com\/mygermanexpert","article_modified_time":"2020-04-22T13:22:18+00:00","og_image":[{"width":940,"height":788,"url":"https:\/\/www.mygermanexpert.com\/wp-content\/uploads\/2021\/07\/Anmeldung-with-myGermanExpert.png","type":"image\/png"}],"twitter_card":"summary_large_image","twitter_site":"@mygermanexpert","twitter_misc":{"Tempo di lettura stimato":"5 minuti"},"schema":{"@context":"https:\/\/schema.org","@graph":[{"@type":"WebPage","@id":"https:\/\/www.mygermanexpert.com\/it\/myaccount\/","url":"https:\/\/www.mygermanexpert.com\/it\/myaccount\/","name":"Compila il modulo di Anmeldung per registrarti in Germania - myGermanExpert","isPartOf":{"@id":"https:\/\/www.mygermanexpert.com\/#website"},"primaryImageOfPage":{"@id":"https:\/\/www.mygermanexpert.com\/it\/myaccount\/#primaryimage"},"image":{"@id":"https:\/\/www.mygermanexpert.com\/it\/myaccount\/#primaryimage"},"thumbnailUrl":"https:\/\/www.mygermanexpert.com\/wp-content\/uploads\/2021\/07\/Anmeldung-with-myGermanExpert.png","datePublished":"2016-09-06T12:41:24+00:00","dateModified":"2020-04-22T13:22:18+00:00","description":"Il nostro servizio \u00e8 stato creato per rendere il pi\u00f9 facile possibile la compilazione del modulo di Anmeldung. Compila ora il tuo modulo in italiano.","breadcrumb":{"@id":"https:\/\/www.mygermanexpert.com\/it\/myaccount\/#breadcrumb"},"inLanguage":"it-IT","potentialAction":[{"@type":"ReadAction","target":["https:\/\/www.mygermanexpert.com\/it\/myaccount\/"]}]},{"@type":"ImageObject","inLanguage":"it-IT","@id":"https:\/\/www.mygermanexpert.com\/it\/myaccount\/#primaryimage","url":"https:\/\/www.mygermanexpert.com\/wp-content\/uploads\/2021\/07\/Anmeldung-with-myGermanExpert.png","contentUrl":"https:\/\/www.mygermanexpert.com\/wp-content\/uploads\/2021\/07\/Anmeldung-with-myGermanExpert.png","width":940,"height":788,"caption":"Anmeldung"},{"@type":"BreadcrumbList","@id":"https:\/\/www.mygermanexpert.com\/it\/myaccount\/#breadcrumb","itemListElement":[{"@type":"ListItem","position":1,"name":"Home","item":"https:\/\/www.mygermanexpert.com\/it\/"},{"@type":"ListItem","position":2,"name":"I miei moduli"}]},{"@type":"WebSite","@id":"https:\/\/www.mygermanexpert.com\/#website","url":"https:\/\/www.mygermanexpert.com\/","name":"myGermanExpert","description":"","publisher":{"@id":"https:\/\/www.mygermanexpert.com\/#organization"},"potentialAction":[{"@type":"SearchAction","target":{"@type":"EntryPoint","urlTemplate":"https:\/\/www.mygermanexpert.com\/?s={search_term_string}"},"query-input":{"@type":"PropertyValueSpecification","valueRequired":true,"valueName":"search_term_string"}}],"inLanguage":"it-IT"},{"@type":"Organization","@id":"https:\/\/www.mygermanexpert.com\/#organization","name":"myGermanExpert","url":"https:\/\/www.mygermanexpert.com\/","logo":{"@type":"ImageObject","inLanguage":"it-IT","@id":"https:\/\/www.mygermanexpert.com\/#\/schema\/logo\/image\/","url":"https:\/\/www.mygermanexpert.com\/wp-content\/uploads\/2017\/11\/MGE-Logo.png","contentUrl":"https:\/\/www.mygermanexpert.com\/wp-content\/uploads\/2017\/11\/MGE-Logo.png","width":200,"height":200,"caption":"myGermanExpert"},"image":{"@id":"https:\/\/www.mygermanexpert.com\/#\/schema\/logo\/image\/"},"sameAs":["https:\/\/www.facebook.com\/mygermanexpert","https:\/\/x.com\/mygermanexpert","https:\/\/www.linkedin.com\/company\/mygermanexpert","https:\/\/www.youtube.com\/c\/myGermanExpert"]}]}},"_links":{"self":[{"href":"https:\/\/www.mygermanexpert.com\/it\/wp-json\/wp\/v2\/pages\/6727","targetHints":{"allow":["GET"]}}],"collection":[{"href":"https:\/\/www.mygermanexpert.com\/it\/wp-json\/wp\/v2\/pages"}],"about":[{"href":"https:\/\/www.mygermanexpert.com\/it\/wp-json\/wp\/v2\/types\/page"}],"author":[{"embeddable":true,"href":"https:\/\/www.mygermanexpert.com\/it\/wp-json\/wp\/v2\/users\/31"}],"replies":[{"embeddable":true,"href":"https:\/\/www.mygermanexpert.com\/it\/wp-json\/wp\/v2\/comments?post=6727"}],"version-history":[{"count":6,"href":"https:\/\/www.mygermanexpert.com\/it\/wp-json\/wp\/v2\/pages\/6727\/revisions"}],"predecessor-version":[{"id":17475,"href":"https:\/\/www.mygermanexpert.com\/it\/wp-json\/wp\/v2\/pages\/6727\/revisions\/17475"}],"wp:featuredmedia":[{"embeddable":true,"href":"https:\/\/www.mygermanexpert.com\/it\/wp-json\/wp\/v2\/media\/19275"}],"wp:attachment":[{"href":"https:\/\/www.mygermanexpert.com\/it\/wp-json\/wp\/v2\/media?parent=6727"}],"curies":[{"name":"wp","href":"https:\/\/api.w.org\/{rel}","templated":true}]}}