{"id":6804,"date":"2016-09-21T11:39:02","date_gmt":"2016-09-21T09:39:02","guid":{"rendered":"https:\/\/www.mygermanexpert.com\/contact\/"},"modified":"2018-01-23T22:08:33","modified_gmt":"2018-01-23T20:08:33","slug":"contact","status":"publish","type":"page","link":"https:\/\/www.mygermanexpert.com\/fr\/help\/contact\/","title":{"rendered":"Contact"},"content":{"rendered":"<p>[et_pb_section fb_built=&#8221;1&#8243; fullwidth=&#8221;on&#8221; admin_label=&#8221;section&#8221; _builder_version=&#8221;3.0.47&#8243;][et_pb_fullwidth_slider show_arrows=&#8221;off&#8221; admin_label=&#8221;Fullwidth Slider&#8221; _builder_version=&#8221;3.0.83&#8243; header_text_color=&#8221;#ffffff&#8221; body_text_color=&#8221;#f3f3f3&#8243; custom_padding=&#8221;|||&#8221; custom_padding_tablet=&#8221;|||&#8221; custom_padding_phone=&#8221;|||&#8221;][et_pb_slide heading=&#8221;Nous contacter&#8221; image=&#8221;https:\/\/www.mygermanexpert.com\/wp-content\/uploads\/2017\/08\/Header-Icons-2.png&#8221; _builder_version=&#8221;3.0.83&#8243; background_color=&#8221;#8dc153&#8243;]<\/p>\n<p>Laissez-nous un message. N&#8217;h\u00e9sitez pas\u00a0!<\/p>\n<p>[\/et_pb_slide][\/et_pb_fullwidth_slider][\/et_pb_section][et_pb_section fb_built=&#8221;1&#8243; admin_label=&#8221;section&#8221; _builder_version=&#8221;3.0.47&#8243;][et_pb_row admin_label=&#8221;row&#8221; _builder_version=&#8221;3.0.47&#8243; background_size=&#8221;initial&#8221; background_position=&#8221;top_left&#8221; background_repeat=&#8221;repeat&#8221; _i=&#8221;0&#8243; _address=&#8221;1.0&#8243;][et_pb_column type=&#8221;2_3&#8243; _builder_version=&#8221;3.0.47&#8243; parallax=&#8221;off&#8221; parallax_method=&#8221;on&#8221;][et_pb_contact_form email=&#8221;info@mygermanexpert.com&#8221; title=&#8221;Nous contacter&#8221; success_message=&#8221;Votre message a \u00e9t\u00e9 envoy\u00e9 avec succ\u00e8s !&#8221; submit_button_text=&#8221;Envoyer&#8221; admin_label=&#8221;Contact Form&#8221; module_id=&#8221;et_pb_contact_form_0&#8243; _builder_version=&#8221;3.0.83&#8243;][et_pb_contact_field field_id=&#8221;Name&#8221; field_title=&#8221;Nom&#8221; allowed_symbols=&#8221;letters&#8221; _builder_version=&#8221;3.0.83&#8243;][\/et_pb_contact_field][et_pb_contact_field field_id=&#8221;Email&#8221; field_title=&#8221;Adresse e-mail&#8221; field_type=&#8221;email&#8221; _builder_version=&#8221;3.0.83&#8243;][\/et_pb_contact_field][et_pb_contact_field field_id=&#8221;Subject&#8221; field_title=&#8221;Sujet&#8221; fullwidth_field=&#8221;on&#8221; _builder_version=&#8221;3.0.83&#8243;][\/et_pb_contact_field][et_pb_contact_field field_id=&#8221;Message&#8221; field_title=&#8221;Message&#8221; field_type=&#8221;text&#8221; fullwidth_field=&#8221;on&#8221; _builder_version=&#8221;3.0.47&#8243;][\/et_pb_contact_field][\/et_pb_contact_form][\/et_pb_column][et_pb_column type=&#8221;1_3&#8243; _builder_version=&#8221;3.0.47&#8243; parallax=&#8221;off&#8221; parallax_method=&#8221;on&#8221;][et_pb_text admin_label=&#8221;Text&#8221; _builder_version=&#8221;3.0.69&#8243; background_size=&#8221;initial&#8221; background_position=&#8221;top_left&#8221; background_repeat=&#8221;repeat&#8221;]<\/p>\n<h3><\/h3>\n<h3>Plus d&#8217;infos<\/h3>\n<p>Pour toute question, veuillez remplir notre formulaire de contact. Nous reviendrons vers vous d\u00e8s que possible. Plus vous nous donnerez d&#8217;informations, plus vite nous pourrons vous aider.<\/p>\n<h3>Avertissement<\/h3>\n<p>Veuillez noter que nous n&#8217;offrons aucune assistance par t\u00e9l\u00e9phone.<\/p>\n<p>De plus, veuillez noter que nous ne sommes pas en mesure de r\u00e9pondre \u00e0 des questions pr\u00e9cises sur l&#8217;immigration, l&#8217;emploi ou l&#8217;immobilier.<\/p>\n<p>[\/et_pb_text][\/et_pb_column][\/et_pb_row][\/et_pb_section]<\/p>\n","protected":false},"excerpt":{"rendered":"<p>Laissez-nous un message. N&#8217;h\u00e9sitez pas\u00a0! Plus d&#8217;infos Pour toute question, veuillez remplir notre formulaire de contact. Nous reviendrons vers vous d\u00e8s que possible. Plus vous nous donnerez d&#8217;informations, plus vite nous pourrons vous aider. Avertissement Veuillez noter que nous n&#8217;offrons aucune assistance par t\u00e9l\u00e9phone. De plus, veuillez noter que nous ne sommes pas en mesure [&hellip;]<\/p>\n","protected":false},"author":1,"featured_media":0,"parent":6729,"menu_order":0,"comment_status":"closed","ping_status":"closed","template":"","meta":{"_et_pb_use_builder":"on","_et_pb_old_content":"<p>[tm_pb_section admin_label=\"section\"][tm_pb_row admin_label=\"row\" make_fullwidth=\"on\" use_custom_width=\"off\" use_grid_padding=\"on\" width_unit=\"on\" padding_mobile=\"off\" allow_player_pause=\"off\" parallax=\"off\" parallax_method=\"off\" make_equal=\"off\" parallax_1=\"off\" parallax_method_1=\"off\" column_padding_mobile=\"on\"][tm_pb_column type=\"4_4\"][tm_pb_map admin_label=\"Map\" address=\"New York, NY, USA\" address_lat=\"40.70202641269016\" address_lng=\"-74.0294589086426\" map_style=\"ultra-light-with-labels\" mouse_wheel=\"off\" zoom_level=\"10\" icon_url=\"https:\/\/www.mygermanexpert.com\/wp-content\/uploads\/2016\/08\/map-icon.png\" saved_tabs=\"all\"]<\/p><p>[tm_pb_map_pin pin_address=\"New York, NY, USA\" pin_address_lat=\"40.7127837\" pin_address_lng=\"-74.00594130000002\"]<\/p><p>Address: 4578 Marmora Road, Glasgow, D04 89GR<\/p><p>Phones: (800) 123-0045; (800) 123-0046<\/p><p>We are open: Mn-Fr: 10 am-8 pm<\/p><p>[\/tm_pb_map_pin]<\/p><p>[\/tm_pb_map][\/tm_pb_column][\/tm_pb_row][\/tm_pb_section][tm_pb_section admin_label=\"Section\" fullwidth=\"off\" specialty=\"off\" transparent_background=\"on\" allow_player_pause=\"off\" inner_shadow=\"off\" parallax=\"off\" parallax_method=\"off\" custom_padding=\"120px||120px|\" padding_mobile=\"on\" make_fullwidth=\"off\" use_custom_width=\"off\" width_unit=\"on\" make_equal=\"off\" use_custom_gutter=\"off\"][tm_pb_row admin_label=\"Row\" make_fullwidth=\"off\" use_custom_width=\"off\" use_grid_padding=\"on\" width_unit=\"on\" padding_mobile=\"off\" allow_player_pause=\"off\" parallax=\"off\" parallax_method=\"off\" make_equal=\"off\" parallax_1=\"off\" parallax_method_1=\"off\" padding_bottom_1=\"50px\" parallax_2=\"off\" parallax_method_2=\"off\" column_padding_mobile=\"on\"][tm_pb_column type=\"1_3\"][tm_pb_text admin_label=\"Text\" text_orientation=\"left\" use_border_color=\"off\" border_color=\"#ffffff\" border_style=\"solid\" custom_margin=\"||25px|\"]<\/p><h3>Contact Details<\/h3><ul class=\"list\"><li>Address: 4578 Marmora Road, Glasgow, D04 89GR<\/li><li>Phones: <a href=\"callto:(800) 123-0045\">(800) 123-0045<\/a>; <a href=\"callto:(800) 123-0046\">(800) 123-0046<\/a><\/li><li>E-mail: <a href=\"mailto:info@demolink.org\">info@demolink.org<\/a><\/li><li>We are open: Mn-Fr: 10 am-8 pm<\/li><\/ul><p>[\/tm_pb_text][tm_pb_social_media_follow admin_label=\"Social Media Follow\" link_shape=\"circle\" url_new_window=\"off\" follow_button=\"off\" disabled=\"off\" disabled_on=\"|off|\" saved_tabs=\"all\"] [tm_pb_social_media_follow_network social_network=\"Facebook\" social_icon=\"f09a\" url=\"https:\/\/www.facebook.com\/TemplateMonster\/\" skype_action=\"call\" color=\"#2ed3ae\" bg_color=\"rgba(255,255,255,0.02)\" hover_bg_color=\"rgba(255,255,255,0)\" hover_icon_color=\"#000000\"] Facebook [\/tm_pb_social_media_follow_network][tm_pb_social_media_follow_network social_network=\"Twitter\" social_icon=\"f099\" url=\"https:\/\/twitter.com\/TemplateMonster\" skype_action=\"call\" color=\"#2ed3ae\" bg_color=\"rgba(0,0,0,0)\" hover_bg_color=\"rgba(255,255,255,0)\" hover_icon_color=\"#000000\"] Twitter [\/tm_pb_social_media_follow_network][tm_pb_social_media_follow_network social_network=\"Google+\" social_icon=\"f0d5\" url=\"https:\/\/plus.google.com\/+TemplateMonster\" skype_action=\"call\" color=\"#2ed3ae\" bg_color=\"rgba(255,255,255,0)\" hover_bg_color=\"rgba(255,255,255,0)\" hover_icon_color=\"#000000\"] Google+ [\/tm_pb_social_media_follow_network][tm_pb_social_media_follow_network social_network=\"Vimeo\" social_icon=\"f27d\" url=\"#\" skype_action=\"call\" color=\"#2ed3ae\" bg_color=\"rgba(255,255,255,0)\" hover_bg_color=\"rgba(255,255,255,0)\" hover_icon_color=\"#000000\"] Vimeo [\/tm_pb_social_media_follow_network][tm_pb_social_media_follow_network social_network=\"Youtube\" social_icon=\"f166\" url=\"https:\/\/www.youtube.com\/user\/TemplateMonsterCo\" skype_action=\"call\" color=\"#2ed3ae\" bg_color=\"rgba(255,255,255,0)\" hover_bg_color=\"rgba(255,255,255,0)\" hover_icon_color=\"#000000\"] Youtube [\/tm_pb_social_media_follow_network][tm_pb_social_media_follow_network social_network=\"Pinterest\" social_icon=\"f231\" url=\"https:\/\/www.pinterest.com\/templatemonster\/\" skype_action=\"call\" color=\"#2ed3ae\" bg_color=\"rgba(255,255,255,0)\" hover_bg_color=\"rgba(255,255,255,0)\" hover_icon_color=\"#000000\"] Pinterest [\/tm_pb_social_media_follow_network] [\/tm_pb_social_media_follow][\/tm_pb_column][tm_pb_column type=\"2_3\"][tm_pb_contact_form admin_label=\"Contact Form\" captcha=\"off\" use_redirect=\"off\" input_border_radius=\"0\" use_border_color=\"off\" border_color=\"#ffffff\" border_style=\"solid\" custom_button=\"off\" button_letter_spacing=\"0\" button_use_icon=\"default\" button_icon_placement=\"right\" button_on_hover=\"on\" button_letter_spacing_hover=\"0\" submit_text=\"Send\" saved_tabs=\"all\" title=\"Let\u2019s Get in Touch\"]<\/p><p>[tm_pb_contact_field field_title=\"Your name\" field_type=\"input\" field_id=\"Name\" required_mark=\"on\" fullwidth_field=\"off\" field_placeholder=\"Your name\" select_multiple=\"on\" select_first_blank=\"on\" show_label=\"off\" field_width=\"col-md-12\" form_field_font_select=\"default\" form_field_font=\"||||\" use_border_color=\"off\" border_style=\"solid\"] [\/tm_pb_contact_field][tm_pb_contact_field field_title=\"Your e-mail\" field_type=\"email\" field_id=\"Email\" required_mark=\"on\" fullwidth_field=\"off\" field_placeholder=\"Your e-mail\" select_multiple=\"on\" select_first_blank=\"on\" show_label=\"off\" field_width=\"col-md-12\" form_field_font_select=\"default\" form_field_font=\"||||\" use_border_color=\"off\" border_style=\"solid\"] [\/tm_pb_contact_field][tm_pb_contact_field field_id=\"Phone\" field_title=\"Your phone\" field_placeholder=\"Your phone\" field_type=\"input\" select_multiple=\"on\" select_first_blank=\"on\" required_mark=\"on\" show_label=\"off\" field_width=\"col-md-12\" form_field_font_select=\"default\" form_field_font=\"||||\" use_border_color=\"off\" border_style=\"solid\"] [\/tm_pb_contact_field][tm_pb_contact_field field_type=\"text\" field_id=\"Message\" required_mark=\"on\" field_placeholder=\"Your message\" select_multiple=\"on\" select_first_blank=\"on\" show_label=\"off\" field_width=\"col-md-12\" form_field_font_select=\"default\" form_field_font=\"||||\" use_border_color=\"off\" border_style=\"solid\" field_title=\"Your message\"] [\/tm_pb_contact_field]<\/p><p>[\/tm_pb_contact_form][\/tm_pb_column][\/tm_pb_row][\/tm_pb_section]<\/p>","_et_gb_content_width":"","_bos_mb_destination":[""],"footnotes":""},"class_list":["post-6804","page","type-page","status-publish"],"yoast_head":"<!-- This site is optimized with the Yoast SEO plugin v26.8 - https:\/\/yoast.com\/product\/yoast-seo-wordpress\/ -->\n<title>Nous contacter par e-mail - myGermanExpert<\/title>\n<meta name=\"description\" content=\"Pour toute question, veuillez remplir notre formulaire de contact. Nous reviendrons vers vous d\u00e8s que possible. Contactez-nous d\u00e8s \u00e0 present !\" \/>\n<meta name=\"robots\" content=\"index, follow, max-snippet:-1, max-image-preview:large, max-video-preview:-1\" \/>\n<link rel=\"canonical\" href=\"https:\/\/www.mygermanexpert.com\/fr\/help\/contact\/\" \/>\n<meta property=\"og:locale\" content=\"fr_FR\" \/>\n<meta property=\"og:type\" content=\"article\" \/>\n<meta property=\"og:title\" content=\"Nous contacter par e-mail - myGermanExpert\" \/>\n<meta property=\"og:description\" content=\"Pour toute question, veuillez remplir notre formulaire de contact. Nous reviendrons vers vous d\u00e8s que possible. Contactez-nous d\u00e8s \u00e0 present !\" \/>\n<meta property=\"og:url\" content=\"https:\/\/www.mygermanexpert.com\/fr\/help\/contact\/\" \/>\n<meta property=\"og:site_name\" content=\"myGermanExpert\" \/>\n<meta property=\"article:publisher\" content=\"https:\/\/www.facebook.com\/mygermanexpert\" \/>\n<meta property=\"article:modified_time\" content=\"2018-01-23T20:08:33+00:00\" \/>\n<meta property=\"og:image\" content=\"https:\/\/www.mygermanexpert.com\/wp-content\/uploads\/2017\/11\/MGE-Logo.png\" \/>\n\t<meta property=\"og:image:width\" content=\"200\" \/>\n\t<meta property=\"og:image:height\" content=\"200\" \/>\n\t<meta property=\"og:image:type\" content=\"image\/png\" \/>\n<meta name=\"twitter:card\" content=\"summary_large_image\" \/>\n<meta name=\"twitter:site\" content=\"@mygermanexpert\" \/>\n<meta name=\"twitter:label1\" content=\"Dur\u00e9e de lecture estim\u00e9e\" \/>\n\t<meta name=\"twitter:data1\" content=\"2 minutes\" \/>\n<script type=\"application\/ld+json\" class=\"yoast-schema-graph\">{\"@context\":\"https:\/\/schema.org\",\"@graph\":[{\"@type\":\"WebPage\",\"@id\":\"https:\/\/www.mygermanexpert.com\/fr\/help\/contact\/\",\"url\":\"https:\/\/www.mygermanexpert.com\/fr\/help\/contact\/\",\"name\":\"Nous contacter par e-mail - myGermanExpert\",\"isPartOf\":{\"@id\":\"https:\/\/www.mygermanexpert.com\/#website\"},\"datePublished\":\"2016-09-21T09:39:02+00:00\",\"dateModified\":\"2018-01-23T20:08:33+00:00\",\"description\":\"Pour toute question, veuillez remplir notre formulaire de contact. Nous reviendrons vers vous d\u00e8s que possible. Contactez-nous d\u00e8s \u00e0 present !\",\"breadcrumb\":{\"@id\":\"https:\/\/www.mygermanexpert.com\/fr\/help\/contact\/#breadcrumb\"},\"inLanguage\":\"fr-FR\",\"potentialAction\":[{\"@type\":\"ReadAction\",\"target\":[\"https:\/\/www.mygermanexpert.com\/fr\/help\/contact\/\"]}]},{\"@type\":\"BreadcrumbList\",\"@id\":\"https:\/\/www.mygermanexpert.com\/fr\/help\/contact\/#breadcrumb\",\"itemListElement\":[{\"@type\":\"ListItem\",\"position\":1,\"name\":\"Home\",\"item\":\"https:\/\/www.mygermanexpert.com\/fr\/\"},{\"@type\":\"ListItem\",\"position\":2,\"name\":\"Aide\",\"item\":\"https:\/\/www.mygermanexpert.com\/fr\/help\/\"},{\"@type\":\"ListItem\",\"position\":3,\"name\":\"Contact\"}]},{\"@type\":\"WebSite\",\"@id\":\"https:\/\/www.mygermanexpert.com\/#website\",\"url\":\"https:\/\/www.mygermanexpert.com\/\",\"name\":\"myGermanExpert\",\"description\":\"\",\"publisher\":{\"@id\":\"https:\/\/www.mygermanexpert.com\/#organization\"},\"potentialAction\":[{\"@type\":\"SearchAction\",\"target\":{\"@type\":\"EntryPoint\",\"urlTemplate\":\"https:\/\/www.mygermanexpert.com\/?s={search_term_string}\"},\"query-input\":{\"@type\":\"PropertyValueSpecification\",\"valueRequired\":true,\"valueName\":\"search_term_string\"}}],\"inLanguage\":\"fr-FR\"},{\"@type\":\"Organization\",\"@id\":\"https:\/\/www.mygermanexpert.com\/#organization\",\"name\":\"myGermanExpert\",\"url\":\"https:\/\/www.mygermanexpert.com\/\",\"logo\":{\"@type\":\"ImageObject\",\"inLanguage\":\"fr-FR\",\"@id\":\"https:\/\/www.mygermanexpert.com\/#\/schema\/logo\/image\/\",\"url\":\"https:\/\/www.mygermanexpert.com\/wp-content\/uploads\/2017\/11\/MGE-Logo.png\",\"contentUrl\":\"https:\/\/www.mygermanexpert.com\/wp-content\/uploads\/2017\/11\/MGE-Logo.png\",\"width\":200,\"height\":200,\"caption\":\"myGermanExpert\"},\"image\":{\"@id\":\"https:\/\/www.mygermanexpert.com\/#\/schema\/logo\/image\/\"},\"sameAs\":[\"https:\/\/www.facebook.com\/mygermanexpert\",\"https:\/\/x.com\/mygermanexpert\",\"https:\/\/www.linkedin.com\/company\/mygermanexpert\",\"https:\/\/www.youtube.com\/c\/myGermanExpert\"]}]}<\/script>\n<!-- \/ Yoast SEO plugin. -->","yoast_head_json":{"title":"Nous contacter par e-mail - myGermanExpert","description":"Pour toute question, veuillez remplir notre formulaire de contact. Nous reviendrons vers vous d\u00e8s que possible. Contactez-nous d\u00e8s \u00e0 present !","robots":{"index":"index","follow":"follow","max-snippet":"max-snippet:-1","max-image-preview":"max-image-preview:large","max-video-preview":"max-video-preview:-1"},"canonical":"https:\/\/www.mygermanexpert.com\/fr\/help\/contact\/","og_locale":"fr_FR","og_type":"article","og_title":"Nous contacter par e-mail - myGermanExpert","og_description":"Pour toute question, veuillez remplir notre formulaire de contact. Nous reviendrons vers vous d\u00e8s que possible. Contactez-nous d\u00e8s \u00e0 present !","og_url":"https:\/\/www.mygermanexpert.com\/fr\/help\/contact\/","og_site_name":"myGermanExpert","article_publisher":"https:\/\/www.facebook.com\/mygermanexpert","article_modified_time":"2018-01-23T20:08:33+00:00","og_image":[{"width":200,"height":200,"url":"https:\/\/www.mygermanexpert.com\/wp-content\/uploads\/2017\/11\/MGE-Logo.png","type":"image\/png"}],"twitter_card":"summary_large_image","twitter_site":"@mygermanexpert","twitter_misc":{"Dur\u00e9e de lecture estim\u00e9e":"2 minutes"},"schema":{"@context":"https:\/\/schema.org","@graph":[{"@type":"WebPage","@id":"https:\/\/www.mygermanexpert.com\/fr\/help\/contact\/","url":"https:\/\/www.mygermanexpert.com\/fr\/help\/contact\/","name":"Nous contacter par e-mail - myGermanExpert","isPartOf":{"@id":"https:\/\/www.mygermanexpert.com\/#website"},"datePublished":"2016-09-21T09:39:02+00:00","dateModified":"2018-01-23T20:08:33+00:00","description":"Pour toute question, veuillez remplir notre formulaire de contact. Nous reviendrons vers vous d\u00e8s que possible. Contactez-nous d\u00e8s \u00e0 present !","breadcrumb":{"@id":"https:\/\/www.mygermanexpert.com\/fr\/help\/contact\/#breadcrumb"},"inLanguage":"fr-FR","potentialAction":[{"@type":"ReadAction","target":["https:\/\/www.mygermanexpert.com\/fr\/help\/contact\/"]}]},{"@type":"BreadcrumbList","@id":"https:\/\/www.mygermanexpert.com\/fr\/help\/contact\/#breadcrumb","itemListElement":[{"@type":"ListItem","position":1,"name":"Home","item":"https:\/\/www.mygermanexpert.com\/fr\/"},{"@type":"ListItem","position":2,"name":"Aide","item":"https:\/\/www.mygermanexpert.com\/fr\/help\/"},{"@type":"ListItem","position":3,"name":"Contact"}]},{"@type":"WebSite","@id":"https:\/\/www.mygermanexpert.com\/#website","url":"https:\/\/www.mygermanexpert.com\/","name":"myGermanExpert","description":"","publisher":{"@id":"https:\/\/www.mygermanexpert.com\/#organization"},"potentialAction":[{"@type":"SearchAction","target":{"@type":"EntryPoint","urlTemplate":"https:\/\/www.mygermanexpert.com\/?s={search_term_string}"},"query-input":{"@type":"PropertyValueSpecification","valueRequired":true,"valueName":"search_term_string"}}],"inLanguage":"fr-FR"},{"@type":"Organization","@id":"https:\/\/www.mygermanexpert.com\/#organization","name":"myGermanExpert","url":"https:\/\/www.mygermanexpert.com\/","logo":{"@type":"ImageObject","inLanguage":"fr-FR","@id":"https:\/\/www.mygermanexpert.com\/#\/schema\/logo\/image\/","url":"https:\/\/www.mygermanexpert.com\/wp-content\/uploads\/2017\/11\/MGE-Logo.png","contentUrl":"https:\/\/www.mygermanexpert.com\/wp-content\/uploads\/2017\/11\/MGE-Logo.png","width":200,"height":200,"caption":"myGermanExpert"},"image":{"@id":"https:\/\/www.mygermanexpert.com\/#\/schema\/logo\/image\/"},"sameAs":["https:\/\/www.facebook.com\/mygermanexpert","https:\/\/x.com\/mygermanexpert","https:\/\/www.linkedin.com\/company\/mygermanexpert","https:\/\/www.youtube.com\/c\/myGermanExpert"]}]}},"_links":{"self":[{"href":"https:\/\/www.mygermanexpert.com\/fr\/wp-json\/wp\/v2\/pages\/6804","targetHints":{"allow":["GET"]}}],"collection":[{"href":"https:\/\/www.mygermanexpert.com\/fr\/wp-json\/wp\/v2\/pages"}],"about":[{"href":"https:\/\/www.mygermanexpert.com\/fr\/wp-json\/wp\/v2\/types\/page"}],"author":[{"embeddable":true,"href":"https:\/\/www.mygermanexpert.com\/fr\/wp-json\/wp\/v2\/users\/1"}],"replies":[{"embeddable":true,"href":"https:\/\/www.mygermanexpert.com\/fr\/wp-json\/wp\/v2\/comments?post=6804"}],"version-history":[{"count":0,"href":"https:\/\/www.mygermanexpert.com\/fr\/wp-json\/wp\/v2\/pages\/6804\/revisions"}],"up":[{"embeddable":true,"href":"https:\/\/www.mygermanexpert.com\/fr\/wp-json\/wp\/v2\/pages\/6729"}],"wp:attachment":[{"href":"https:\/\/www.mygermanexpert.com\/fr\/wp-json\/wp\/v2\/media?parent=6804"}],"curies":[{"name":"wp","href":"https:\/\/api.w.org\/{rel}","templated":true}]}}