{"id":6783,"date":"2016-09-27T09:49:16","date_gmt":"2016-09-27T07:49:16","guid":{"rendered":"https:\/\/www.mygermanexpert.com\/register\/"},"modified":"2020-04-02T13:53:58","modified_gmt":"2020-04-02T11:53:58","slug":"register","status":"publish","type":"page","link":"https:\/\/www.mygermanexpert.com\/fr\/register\/","title":{"rendered":"S&#8217;inscrire"},"content":{"rendered":"\n[et_pb_section fb_built=&#8221;1&#8243; admin_label=&#8221;section&#8221; _builder_version=&#8221;3.5.1&#8243; background_color=&#8221;#8dc153&#8243;][et_pb_row custom_padding=&#8221;|||&#8221; padding_top_1=&#8221;15px&#8221; padding_right_1=&#8221;15px&#8221; padding_left_1=&#8221;15px&#8221; _builder_version=&#8221;3.5.1&#8243; background_color=&#8221;#ffffff&#8221; animation_style=&#8221;slide&#8221;][et_pb_column type=&#8221;4_4&#8243; _builder_version=&#8221;3.0.47&#8243; padding_left=&#8221;15px&#8221; padding_right=&#8221;15px&#8221; padding_top=&#8221;15px&#8221; parallax=&#8221;off&#8221; parallax_method=&#8221;on&#8221;][et_pb_blurb use_icon=&#8221;on&#8221; font_icon=&#8221;%%93%%&#8221; use_circle=&#8221;on&#8221; circle_color=&#8221;#f3f3f3&#8243; use_circle_border=&#8221;on&#8221; _builder_version=&#8221;3.14&#8243; custom_padding=&#8221;|||&#8221;]<h1 style=\"text-align: center;\">S&#8217;INSCRIRE<\/h1>\n<p style=\"text-align: center;\">Nouveau client\u00a0?<\/p>\n<p style=\"text-align: center;\">Connectez-vous pour acc\u00e9der \u00e0 votre formulaire d&#8217;Anmeldung permettant d&#8217;habiter et de travailler en Allemagne. Saisissez les informations en\u00a0fran\u00e7ais et recevez imm\u00e9diatement et GRATUITEMENT le formulaire rempli traduit automatiquement en allemand. Puis remettez-le \u00e0 votre B\u00fcrgeramt\/B\u00fcrgerb\u00fcro le plus proche pour d\u00e9clarer votre domicile et obtenir, 2 \u00e0 3 semaines plus tard, votre num\u00e9ro d&#8217;identification fiscale.<\/p>\n<p style=\"text-align: center;\">Les sections marqu\u00e9es par (*) sont obligatoires. Nous ne vous demandons pas de divulguer plus d&#8217;informations qu&#8217;il n&#8217;est raisonnablement n\u00e9cessaire pour remplir le formulaire demand\u00e9.<\/p>\n<p style=\"text-align: center;\">Les donn\u00e9es ins\u00e9r\u00e9es sur le formulaire d&#8217;Anmeldung ne sont collect\u00e9es que dans votre session active existante et uniquement apr\u00e8s avoir cliqu\u00e9 sur le bouton &#8220;SAUVEGARDER&#8221;. Vos donn\u00e9es personnelles ne seront pas collect\u00e9es \u2014 \u00e0 l&#8217;exception de l&#8217;adresse e-mail, du mot de passe (crypt\u00e9) et de la ville d&#8217;enregistrement, qui sont n\u00e9cessaires pour utiliser le service \u2014 et seront effac\u00e9es de votre compte d\u00e8s que vous (1) recevrez le formulaire par e-mail ou (2) vous d\u00e9connecterez de votre compte, ou (3) fermerez l&#8217;onglet du navigateur.<\/p>\n<p style=\"text-align: center;\">Une fois le processus termin\u00e9, la version finale du formulaire \u2014 rempli totalement en allemand \u2014 et le dossier d&#8217;inscription gratuit vous seront instantan\u00e9ment envoy\u00e9s \u00e0 votre adresse \u00e9lectronique; et le formulaire sur votre compte sera automatiquement r\u00e9initialis\u00e9. En d&#8217;autres termes, la progression du formulaire sera toujours \u00e9gale \u00e0 0% chaque fois que vous acc\u00e9derez \u00e0 votre compte MGE.<\/p>\n[\/et_pb_blurb][\/et_pb_column][\/et_pb_row][et_pb_row custom_padding=&#8221;|||&#8221; padding_right_1=&#8221;15px&#8221; padding_bottom_1=&#8221;15px&#8221; padding_left_1=&#8221;15px&#8221; _builder_version=&#8221;3.5.1&#8243; background_color=&#8221;#ffffff&#8221; animation_style=&#8221;slide&#8221;][et_pb_column type=&#8221;4_4&#8243; _builder_version=&#8221;3.0.47&#8243; padding_bottom=&#8221;15px&#8221; padding_left=&#8221;15px&#8221; padding_right=&#8221;15px&#8221; parallax=&#8221;off&#8221; parallax_method=&#8221;on&#8221;][et_pb_code _builder_version=&#8221;3.0.83&#8243;]\n<div class=\"um um-register um-7561\">\n\t<div class=\"um-form\" data-mode=\"register\">\n\t\t<form method=\"post\" action=\"\">\n\t\t\t<div class=\"um-row _um_row_1 \" style=\"margin: 0 0 30px 0;\"><div class=\"um-col-1\"><div  id=\"um_field_7561_user_email\" class=\"um-field um-field-text  um-field-user_email um-field-text um-field-type_text\" data-key=\"user_email\"><div class=\"um-field-label\"><label for=\"user_email-7561\">Adresse e-mail<\/label><div class=\"um-clear\"><\/div><\/div><div class=\"um-field-area\"><input  autocomplete=\"off\" class=\"um-form-field valid \" type=\"text\" name=\"user_email-7561\" id=\"user_email-7561\" value=\"\" placeholder=\"\" data-validate=\"unique_email\" data-key=\"user_email\"  aria-invalid=\"false\" \/>\n\n\t\t\t\t\t\t<\/div><\/div><div  id=\"um_field_7561_username\" class=\"um-field um-field-text  um-field-username um-field-text um-field-type_text\" data-key=\"username\"><div class=\"um-field-label\"><label for=\"username-7561\">Confirmer l&#039;adresse e-mail<span class=\"um-req\" title=\"Obligatoire\">*<\/span><\/label><div class=\"um-clear\"><\/div><\/div><div class=\"um-field-area\"><input  autocomplete=\"off\" class=\"um-form-field valid \" type=\"text\" name=\"username-7561\" id=\"username-7561\" value=\"\" placeholder=\"\" data-validate=\"unique_email\" data-key=\"username\"  aria-invalid=\"false\" \/>\n\n\t\t\t\t\t\t<\/div><\/div><div  id=\"um_field_7561_user_password\" class=\"um-field um-field-password  um-field-user_password um-field-password um-field-type_password\" data-key=\"user_password\"><div class=\"um-field-label\"><label for=\"user_password-7561\">Mot de passe<span class=\"um-req\" title=\"Obligatoire\">*<\/span><\/label><span class=\"um-tip um-tip-w\" title=\"La longueur minimale du mot de passe doit \u00eatre de 8 caract\u00e8res.\"><i class=\"um-icon-help-circled\"><\/i><\/span><div class=\"um-clear\"><\/div><\/div><div class=\"um-field-area\"><input class=\"um-form-field valid \" type=\"password\" name=\"user_password-7561\" id=\"user_password-7561\" value=\"\" placeholder=\"\" data-validate=\"\" data-key=\"user_password\"  aria-invalid=\"false\" \/>\n\n\t\t\t\t\t\t\t<\/div><\/div><div  id=\"um_field_7561_verification_code\" class=\"um-field um-field-text  um-field-verification_code um-field-text um-field-type_text\" data-key=\"verification_code\"><div class=\"um-field-area\"><input  autocomplete=\"off\" class=\"um-form-field valid \" type=\"text\" name=\"verification_code-7561\" id=\"verification_code-7561\" value=\"\" placeholder=\"\" data-validate=\"\" data-key=\"verification_code\"  aria-invalid=\"false\" \/>\n\n\t\t\t\t\t\t<\/div><\/div><div  class=\"um-field um-field-block  um-field-block um-field-type_block\" data-key=\"um_block_5129_7\"><div id=\"recaptcha2\"><\/div><\/div><\/div><\/div>\t<input type=\"hidden\" name=\"form_id\" id=\"form_id_7561\" value=\"7561\" \/>\n\t\t<p class=\"um_request_name\">\n\t\t<label for=\"um_request_7561\">Only fill in if you are not human<\/label>\n\t\t<input type=\"hidden\" name=\"um_request\" id=\"um_request_7561\" class=\"input\" value=\"\" size=\"25\" autocomplete=\"off\" \/>\n\t<\/p>\n\t<input type=\"hidden\" id=\"_wpnonce\" name=\"_wpnonce\" value=\"273a569611\" \/><input type=\"hidden\" name=\"_wp_http_referer\" value=\"\/fr\/wp-json\/wp\/v2\/pages\/6783\" \/>\n\t<div class=\"um-col-alt\">\n\n\t\t\n\t\t\t<div class=\"um-left um-half\">\n\t\t\t\t<input type=\"submit\" value=\"S&#039;inscrire\" class=\"um-button\" id=\"um-submit-btn\" \/>\n\t\t\t<\/div>\n\t\t\t<div class=\"um-right um-half\">\n\t\t\t\t<a href=\"https:\/\/www.mygermanexpert.com\/fr\/login\/\" class=\"um-button um-alt\">\n\t\t\t\t\tSe connecter\t\t\t\t<\/a>\n\t\t\t<\/div>\n\n\t\t\n\t\t<div class=\"um-clear\"><\/div>\n\n\t<\/div>\n\n\t\t\t<\/form>\n\t<\/div>\n<\/div>\n<style>\n\t\t\t.um-7561.um {\n\t\t\tmax-width: 450px;\n\t\t}\n\t\t<\/style>\n[\/et_pb_code][\/et_pb_column][\/et_pb_row][\/et_pb_section]\n","protected":false},"excerpt":{"rendered":"<p>S&#8217;INSCRIRE Nouveau client\u00a0? Connectez-vous pour acc\u00e9der \u00e0 votre formulaire d&#8217;Anmeldung permettant d&#8217;habiter et de travailler en Allemagne. Saisissez les informations en\u00a0fran\u00e7ais et recevez imm\u00e9diatement et GRATUITEMENT le formulaire rempli traduit automatiquement en allemand. Puis remettez-le \u00e0 votre B\u00fcrgeramt\/B\u00fcrgerb\u00fcro le plus proche pour d\u00e9clarer votre domicile et obtenir, 2 \u00e0 3 semaines plus tard, votre num\u00e9ro [&hellip;]<\/p>\n","protected":false},"author":1,"featured_media":0,"parent":0,"menu_order":0,"comment_status":"closed","ping_status":"closed","template":"","meta":{"_et_pb_use_builder":"on","_et_pb_old_content":"","_et_gb_content_width":"","_bos_mb_destination":[""],"footnotes":""},"class_list":["post-6783","page","type-page","status-publish"],"yoast_head":"<!-- This site is optimized with the Yoast SEO plugin v26.8 - https:\/\/yoast.com\/product\/yoast-seo-wordpress\/ -->\n<title>Acc\u00e9dez d\u00e8s \u00e0 pr\u00e9sent \u00e0 votre formulaire d&#039;Anmeldung - myGermanExpert<\/title>\n<meta name=\"description\" content=\"Cr\u00e9ez un compte MGE et commencez \u00e0 remplir votre formulaire d&#039;Anmeldung en fran\u00e7ais pour d\u00e9clarer votre domicile en Allemagne et obtenir un NIF.\" \/>\n<meta name=\"robots\" content=\"index, follow, max-snippet:-1, max-image-preview:large, max-video-preview:-1\" \/>\n<link rel=\"canonical\" href=\"https:\/\/www.mygermanexpert.com\/fr\/register\/\" \/>\n<meta property=\"og:locale\" content=\"fr_FR\" \/>\n<meta property=\"og:type\" content=\"article\" \/>\n<meta property=\"og:title\" content=\"Acc\u00e9dez d\u00e8s \u00e0 pr\u00e9sent \u00e0 votre formulaire d&#039;Anmeldung - myGermanExpert\" \/>\n<meta property=\"og:description\" content=\"Cr\u00e9ez un compte MGE et commencez \u00e0 remplir votre formulaire d&#039;Anmeldung en fran\u00e7ais pour d\u00e9clarer votre domicile en Allemagne et obtenir un NIF.\" \/>\n<meta property=\"og:url\" content=\"https:\/\/www.mygermanexpert.com\/fr\/register\/\" \/>\n<meta property=\"og:site_name\" content=\"myGermanExpert\" \/>\n<meta property=\"article:publisher\" content=\"https:\/\/www.facebook.com\/mygermanexpert\" \/>\n<meta property=\"article:modified_time\" content=\"2020-04-02T11:53:58+00:00\" \/>\n<meta property=\"og:image\" content=\"https:\/\/www.mygermanexpert.com\/wp-content\/uploads\/2017\/11\/MGE-Logo.png\" \/>\n\t<meta property=\"og:image:width\" content=\"200\" \/>\n\t<meta property=\"og:image:height\" content=\"200\" \/>\n\t<meta property=\"og:image:type\" content=\"image\/png\" \/>\n<meta name=\"twitter:card\" content=\"summary_large_image\" \/>\n<meta name=\"twitter:site\" content=\"@mygermanexpert\" \/>\n<meta name=\"twitter:label1\" content=\"Dur\u00e9e de lecture estim\u00e9e\" \/>\n\t<meta name=\"twitter:data1\" content=\"2 minutes\" \/>\n<script type=\"application\/ld+json\" class=\"yoast-schema-graph\">{\"@context\":\"https:\/\/schema.org\",\"@graph\":[{\"@type\":\"WebPage\",\"@id\":\"https:\/\/www.mygermanexpert.com\/fr\/register\/\",\"url\":\"https:\/\/www.mygermanexpert.com\/fr\/register\/\",\"name\":\"Acc\u00e9dez d\u00e8s \u00e0 pr\u00e9sent \u00e0 votre formulaire d'Anmeldung - myGermanExpert\",\"isPartOf\":{\"@id\":\"https:\/\/www.mygermanexpert.com\/#website\"},\"datePublished\":\"2016-09-27T07:49:16+00:00\",\"dateModified\":\"2020-04-02T11:53:58+00:00\",\"description\":\"Cr\u00e9ez un compte MGE et commencez \u00e0 remplir votre formulaire d'Anmeldung en fran\u00e7ais pour d\u00e9clarer votre domicile en Allemagne et obtenir un NIF.\",\"breadcrumb\":{\"@id\":\"https:\/\/www.mygermanexpert.com\/fr\/register\/#breadcrumb\"},\"inLanguage\":\"fr-FR\",\"potentialAction\":[{\"@type\":\"ReadAction\",\"target\":[\"https:\/\/www.mygermanexpert.com\/fr\/register\/\"]}]},{\"@type\":\"BreadcrumbList\",\"@id\":\"https:\/\/www.mygermanexpert.com\/fr\/register\/#breadcrumb\",\"itemListElement\":[{\"@type\":\"ListItem\",\"position\":1,\"name\":\"Home\",\"item\":\"https:\/\/www.mygermanexpert.com\/fr\/\"},{\"@type\":\"ListItem\",\"position\":2,\"name\":\"S&#8217;inscrire\"}]},{\"@type\":\"WebSite\",\"@id\":\"https:\/\/www.mygermanexpert.com\/#website\",\"url\":\"https:\/\/www.mygermanexpert.com\/\",\"name\":\"myGermanExpert\",\"description\":\"\",\"publisher\":{\"@id\":\"https:\/\/www.mygermanexpert.com\/#organization\"},\"potentialAction\":[{\"@type\":\"SearchAction\",\"target\":{\"@type\":\"EntryPoint\",\"urlTemplate\":\"https:\/\/www.mygermanexpert.com\/?s={search_term_string}\"},\"query-input\":{\"@type\":\"PropertyValueSpecification\",\"valueRequired\":true,\"valueName\":\"search_term_string\"}}],\"inLanguage\":\"fr-FR\"},{\"@type\":\"Organization\",\"@id\":\"https:\/\/www.mygermanexpert.com\/#organization\",\"name\":\"myGermanExpert\",\"url\":\"https:\/\/www.mygermanexpert.com\/\",\"logo\":{\"@type\":\"ImageObject\",\"inLanguage\":\"fr-FR\",\"@id\":\"https:\/\/www.mygermanexpert.com\/#\/schema\/logo\/image\/\",\"url\":\"https:\/\/www.mygermanexpert.com\/wp-content\/uploads\/2017\/11\/MGE-Logo.png\",\"contentUrl\":\"https:\/\/www.mygermanexpert.com\/wp-content\/uploads\/2017\/11\/MGE-Logo.png\",\"width\":200,\"height\":200,\"caption\":\"myGermanExpert\"},\"image\":{\"@id\":\"https:\/\/www.mygermanexpert.com\/#\/schema\/logo\/image\/\"},\"sameAs\":[\"https:\/\/www.facebook.com\/mygermanexpert\",\"https:\/\/x.com\/mygermanexpert\",\"https:\/\/www.linkedin.com\/company\/mygermanexpert\",\"https:\/\/www.youtube.com\/c\/myGermanExpert\"]}]}<\/script>\n<!-- \/ Yoast SEO plugin. -->","yoast_head_json":{"title":"Acc\u00e9dez d\u00e8s \u00e0 pr\u00e9sent \u00e0 votre formulaire d'Anmeldung - myGermanExpert","description":"Cr\u00e9ez un compte MGE et commencez \u00e0 remplir votre formulaire d'Anmeldung en fran\u00e7ais pour d\u00e9clarer votre domicile en Allemagne et obtenir un NIF.","robots":{"index":"index","follow":"follow","max-snippet":"max-snippet:-1","max-image-preview":"max-image-preview:large","max-video-preview":"max-video-preview:-1"},"canonical":"https:\/\/www.mygermanexpert.com\/fr\/register\/","og_locale":"fr_FR","og_type":"article","og_title":"Acc\u00e9dez d\u00e8s \u00e0 pr\u00e9sent \u00e0 votre formulaire d'Anmeldung - myGermanExpert","og_description":"Cr\u00e9ez un compte MGE et commencez \u00e0 remplir votre formulaire d'Anmeldung en fran\u00e7ais pour d\u00e9clarer votre domicile en Allemagne et obtenir un NIF.","og_url":"https:\/\/www.mygermanexpert.com\/fr\/register\/","og_site_name":"myGermanExpert","article_publisher":"https:\/\/www.facebook.com\/mygermanexpert","article_modified_time":"2020-04-02T11:53:58+00:00","og_image":[{"width":200,"height":200,"url":"https:\/\/www.mygermanexpert.com\/wp-content\/uploads\/2017\/11\/MGE-Logo.png","type":"image\/png"}],"twitter_card":"summary_large_image","twitter_site":"@mygermanexpert","twitter_misc":{"Dur\u00e9e de lecture estim\u00e9e":"2 minutes"},"schema":{"@context":"https:\/\/schema.org","@graph":[{"@type":"WebPage","@id":"https:\/\/www.mygermanexpert.com\/fr\/register\/","url":"https:\/\/www.mygermanexpert.com\/fr\/register\/","name":"Acc\u00e9dez d\u00e8s \u00e0 pr\u00e9sent \u00e0 votre formulaire d'Anmeldung - myGermanExpert","isPartOf":{"@id":"https:\/\/www.mygermanexpert.com\/#website"},"datePublished":"2016-09-27T07:49:16+00:00","dateModified":"2020-04-02T11:53:58+00:00","description":"Cr\u00e9ez un compte MGE et commencez \u00e0 remplir votre formulaire d'Anmeldung en fran\u00e7ais pour d\u00e9clarer votre domicile en Allemagne et obtenir un NIF.","breadcrumb":{"@id":"https:\/\/www.mygermanexpert.com\/fr\/register\/#breadcrumb"},"inLanguage":"fr-FR","potentialAction":[{"@type":"ReadAction","target":["https:\/\/www.mygermanexpert.com\/fr\/register\/"]}]},{"@type":"BreadcrumbList","@id":"https:\/\/www.mygermanexpert.com\/fr\/register\/#breadcrumb","itemListElement":[{"@type":"ListItem","position":1,"name":"Home","item":"https:\/\/www.mygermanexpert.com\/fr\/"},{"@type":"ListItem","position":2,"name":"S&#8217;inscrire"}]},{"@type":"WebSite","@id":"https:\/\/www.mygermanexpert.com\/#website","url":"https:\/\/www.mygermanexpert.com\/","name":"myGermanExpert","description":"","publisher":{"@id":"https:\/\/www.mygermanexpert.com\/#organization"},"potentialAction":[{"@type":"SearchAction","target":{"@type":"EntryPoint","urlTemplate":"https:\/\/www.mygermanexpert.com\/?s={search_term_string}"},"query-input":{"@type":"PropertyValueSpecification","valueRequired":true,"valueName":"search_term_string"}}],"inLanguage":"fr-FR"},{"@type":"Organization","@id":"https:\/\/www.mygermanexpert.com\/#organization","name":"myGermanExpert","url":"https:\/\/www.mygermanexpert.com\/","logo":{"@type":"ImageObject","inLanguage":"fr-FR","@id":"https:\/\/www.mygermanexpert.com\/#\/schema\/logo\/image\/","url":"https:\/\/www.mygermanexpert.com\/wp-content\/uploads\/2017\/11\/MGE-Logo.png","contentUrl":"https:\/\/www.mygermanexpert.com\/wp-content\/uploads\/2017\/11\/MGE-Logo.png","width":200,"height":200,"caption":"myGermanExpert"},"image":{"@id":"https:\/\/www.mygermanexpert.com\/#\/schema\/logo\/image\/"},"sameAs":["https:\/\/www.facebook.com\/mygermanexpert","https:\/\/x.com\/mygermanexpert","https:\/\/www.linkedin.com\/company\/mygermanexpert","https:\/\/www.youtube.com\/c\/myGermanExpert"]}]}},"_links":{"self":[{"href":"https:\/\/www.mygermanexpert.com\/fr\/wp-json\/wp\/v2\/pages\/6783","targetHints":{"allow":["GET"]}}],"collection":[{"href":"https:\/\/www.mygermanexpert.com\/fr\/wp-json\/wp\/v2\/pages"}],"about":[{"href":"https:\/\/www.mygermanexpert.com\/fr\/wp-json\/wp\/v2\/types\/page"}],"author":[{"embeddable":true,"href":"https:\/\/www.mygermanexpert.com\/fr\/wp-json\/wp\/v2\/users\/1"}],"replies":[{"embeddable":true,"href":"https:\/\/www.mygermanexpert.com\/fr\/wp-json\/wp\/v2\/comments?post=6783"}],"version-history":[{"count":5,"href":"https:\/\/www.mygermanexpert.com\/fr\/wp-json\/wp\/v2\/pages\/6783\/revisions"}],"predecessor-version":[{"id":17208,"href":"https:\/\/www.mygermanexpert.com\/fr\/wp-json\/wp\/v2\/pages\/6783\/revisions\/17208"}],"wp:attachment":[{"href":"https:\/\/www.mygermanexpert.com\/fr\/wp-json\/wp\/v2\/media?parent=6783"}],"curies":[{"name":"wp","href":"https:\/\/api.w.org\/{rel}","templated":true}]}}