{"id":6768,"date":"2016-10-04T07:33:48","date_gmt":"2016-10-04T05:33:48","guid":{"rendered":"https:\/\/www.mygermanexpert.com\/terms-and-conditions\/"},"modified":"2021-10-29T14:22:43","modified_gmt":"2021-10-29T12:22:43","slug":"terms-and-conditions","status":"publish","type":"page","link":"https:\/\/www.mygermanexpert.com\/fr\/terms-and-conditions\/","title":{"rendered":"Conditions g\u00e9n\u00e9rales"},"content":{"rendered":"<p>[et_pb_section fb_built=&#8221;1&#8243; fullwidth=&#8221;on&#8221; admin_label=&#8221;section&#8221; _builder_version=&#8221;3.22&#8243; background_color=&#8221;#8dc153&#8243; global_colors_info=&#8221;{}&#8221;][et_pb_fullwidth_slider _builder_version=&#8221;3.16&#8243; header_text_color=&#8221;#ffffff&#8221; body_text_color=&#8221;#f3f3f3&#8243; background_color=&#8221;#8dc153&#8243; custom_padding=&#8221;|||&#8221; global_colors_info=&#8221;{}&#8221; button_text_size__hover_enabled=&#8221;off&#8221; button_one_text_size__hover_enabled=&#8221;off&#8221; button_two_text_size__hover_enabled=&#8221;off&#8221; button_text_color__hover_enabled=&#8221;off&#8221; button_one_text_color__hover_enabled=&#8221;off&#8221; button_two_text_color__hover_enabled=&#8221;off&#8221; button_border_width__hover_enabled=&#8221;off&#8221; button_one_border_width__hover_enabled=&#8221;off&#8221; button_two_border_width__hover_enabled=&#8221;off&#8221; button_border_color__hover_enabled=&#8221;off&#8221; button_one_border_color__hover_enabled=&#8221;off&#8221; button_two_border_color__hover_enabled=&#8221;off&#8221; button_border_radius__hover_enabled=&#8221;off&#8221; button_one_border_radius__hover_enabled=&#8221;off&#8221; button_two_border_radius__hover_enabled=&#8221;off&#8221; button_letter_spacing__hover_enabled=&#8221;off&#8221; button_one_letter_spacing__hover_enabled=&#8221;off&#8221; button_two_letter_spacing__hover_enabled=&#8221;off&#8221; button_bg_color__hover_enabled=&#8221;off&#8221; button_one_bg_color__hover_enabled=&#8221;off&#8221; button_two_bg_color__hover_enabled=&#8221;off&#8221;][et_pb_slide heading=&#8221;Conditions g\u00e9n\u00e9rales d&#8217;utilisation&#8221; image=&#8221;https:\/\/www.mygermanexpert.com\/wp-content\/uploads\/2017\/08\/Header-Icons-28.png&#8221; use_bg_overlay=&#8221;off&#8221; use_text_overlay=&#8221;off&#8221; _builder_version=&#8221;3.16&#8243; button_on_hover=&#8221;on&#8221; global_colors_info=&#8221;{}&#8221; button_text_size__hover_enabled=&#8221;off&#8221; button_one_text_size__hover_enabled=&#8221;off&#8221; button_two_text_size__hover_enabled=&#8221;off&#8221; button_text_color__hover_enabled=&#8221;off&#8221; button_one_text_color__hover_enabled=&#8221;off&#8221; button_two_text_color__hover_enabled=&#8221;off&#8221; button_border_width__hover_enabled=&#8221;off&#8221; button_one_border_width__hover_enabled=&#8221;off&#8221; button_two_border_width__hover_enabled=&#8221;off&#8221; button_border_color__hover_enabled=&#8221;off&#8221; button_one_border_color__hover_enabled=&#8221;off&#8221; button_two_border_color__hover_enabled=&#8221;off&#8221; button_border_radius__hover_enabled=&#8221;off&#8221; button_one_border_radius__hover_enabled=&#8221;off&#8221; button_two_border_radius__hover_enabled=&#8221;off&#8221; button_letter_spacing__hover_enabled=&#8221;off&#8221; button_one_letter_spacing__hover_enabled=&#8221;off&#8221; button_two_letter_spacing__hover_enabled=&#8221;off&#8221; button_bg_color__hover_enabled=&#8221;off&#8221; button_one_bg_color__hover_enabled=&#8221;off&#8221; button_two_bg_color__hover_enabled=&#8221;off&#8221; sticky_transition=&#8221;on&#8221;]Nous vous invitons \u00e0 lire nos Conditions g\u00e9n\u00e9rales d&#8217;utilisation.<br \/>\n[\/et_pb_slide][\/et_pb_fullwidth_slider][\/et_pb_section][et_pb_section fb_built=&#8221;1&#8243; admin_label=&#8221;section&#8221; _builder_version=&#8221;3.22&#8243; background_color=&#8221;rgba(255,255,255,0)&#8221; transparent_background=&#8221;on&#8221; global_colors_info=&#8221;{}&#8221;][et_pb_row _builder_version=&#8221;3.25&#8243; global_colors_info=&#8221;{}&#8221;][et_pb_column type=&#8221;4_4&#8243; _builder_version=&#8221;3.25&#8243; custom_padding=&#8221;|||&#8221; global_colors_info=&#8221;{}&#8221; custom_padding__hover=&#8221;|||&#8221;][et_pb_text _builder_version=&#8221;4.12.0&#8243; hover_enabled=&#8221;0&#8243; inline_fonts=&#8221;Amatic SC&#8221; global_colors_info=&#8221;{}&#8221; sticky_enabled=&#8221;0&#8243;]<\/p>\n<h1 style=\"text-align: center;\">CONDITIONS G\u00c9N\u00c9RALES D&#8217;UTILISATION<\/h1>\n<p style=\"text-align: center;\">En acc\u00e9dant au contenu de ce site vous acceptez d&#8217;\u00eatre li\u00e9 par les conditions g\u00e9n\u00e9rales d&#8217;utilisation \u00e9nonc\u00e9es dans la pr\u00e9sente et vous acceptez notre charte de confidentialit\u00e9 disponible sur ce site. Cette d\u00e9claration concerne ce site, les sous-sites et tous les autres sites d\u00e9tenus et exploit\u00e9s par My German Expert, MGE ou myGermanExpert (Schlenther und Musina GbR). Si vous vous opposez \u00e0 l&#8217;une des conditions g\u00e9n\u00e9rales \u00e9nonc\u00e9es dans cet accord, vous ne devez utiliser aucun des produits ou services sur ce site et quitter imm\u00e9diatement ce site. Vous devez avoir au minimum 18 ans pour utiliser nos services. Vous acceptez que vous ne devez pas utiliser ce site \u00e0 des fins ill\u00e9gales, et respecterez toutes les lois applicables et tous les r\u00e8glements. Vous acceptez de ne pas utiliser ce site d&#8217;une mani\u00e8re qui peut nuire \u00e0 la performance de celui-ci, corrompre le contenu ou r\u00e9duire l&#8217;ensemble des fonctionnalit\u00e9s de ce site. Vous acceptez \u00e9galement de ne pas compromettre la s\u00e9curit\u00e9 de ce site ou de ne pas tenter d&#8217;acc\u00e9der aux zones s\u00e9curis\u00e9es ou aux donn\u00e9es sensibles de ce site. Vous acceptez d&#8217;\u00eatre enti\u00e8rement responsable de toute r\u00e9clamation, d\u00e9pense, responsabilit\u00e9 et pertes, ainsi que de tous les co\u00fbts, y compris les frais juridiques encourus par nous et d\u00e9coulant de toute violation des conditions g\u00e9n\u00e9rales d&#8217;utilisation \u00e9nonc\u00e9es dans cet accord.<\/p>\n<h3 style=\"text-align: center;\"><\/h3>\n<h3 style=\"text-align: center;\">Clause de non-responsabilit\u00e9<\/h3>\n<p style=\"text-align: center;\">myGermanExpert (MGE) ne garantit pas le succ\u00e8s et d\u00e9clare seulement que ce service peut vous aider \u00e0 obtenir, notamment, un visa, une carte de s\u00e9jour, une attestation d&#8217;h\u00e9bergement, une carte fiscale, un compte bancaire, une carte d&#8217;assurance maladie, etc. Les informations fournies sur ce site sont destin\u00e9es \u00e0 informer et ne visent aucunement \u00e0 donner des conseils comptables, financiers, fiscaux, juridiques ou en mati\u00e8re d&#8217;immigration, ou \u00e0 se substituer \u00e0 de conseils professionnels sp\u00e9cifiques. Lorsque un conseil sp\u00e9cifique est n\u00e9cessaire ou appropri\u00e9, myGermanExpert recommande l&#8217;avis d&#8217;un expert-comptable ou d&#8217;un expert en fiscalit\u00e9, en conseils juridiques ou en affaires, en immigration ou bien d&#8217;un avocat. Les informations fournies ci-incluses sont seulement \u00e0 titre informatif et ne doivent pas \u00eatre consid\u00e9r\u00e9es comme des recommandations personnalis\u00e9es, des conseils personnalis\u00e9s ou une approbation donn\u00e9e par MGE. L&#8217;information contenue sur ce site est obtenue \u00e0 partir de ce qui est consid\u00e9r\u00e9e comme une source fiable, mais l&#8217;exactitude, l&#8217;exhaustivit\u00e9 ou la fiabilit\u00e9 de cette information ne peut \u00eatre garantie et ne devrait donc pas \u00eatre invoqu\u00e9e en tant que telle. myGermanExpert n&#8217;accepte aucune responsabilit\u00e9 pour toute perte directe ou indirecte ou pour des dommages d\u00e9coulant de l&#8217;utilisation de ces informations.<\/p>\n<p style=\"text-align: center;\">Partenaires tiers: Nous reconnaissons que les produits et services fournis proviennent de sources consid\u00e9r\u00e9es s\u00e9rieuses et fiables, mais l&#8217;exactitude, l&#8217;exhaustivit\u00e9 ou la fiabilit\u00e9 de cette information ne peut \u00eatre garantie et ne devrait donc pas \u00eatre invoqu\u00e9e en tant que telle. myGermanExpert n&#8217;accepte aucune responsabilit\u00e9 pour toute perte directe ou indirecte ou pour des dommages d\u00e9coulant de l&#8217;utilisation de ces informations. MGE n&#8217;est pas responsable des conditions g\u00e9n\u00e9rales de toute transaction que vous auriez effectu\u00e9 avec un tel tier. Veuillez lire attentivement les conditions g\u00e9n\u00e9rales de tout produit fournit par un tier.<\/p>\n<p style=\"text-align: center;\">myGermanExpert n&#8217;agit pas en tant que courtier d&#8217;assurances. Les services d&#8217;assurance maladie sont propos\u00e9s par des partenaires ext\u00e9rieurs qui en assument l&#8217;enti\u00e8re responsabilit\u00e9. Veuillez contacter directement nos partenaires pour toute question que vous pourriez avoir.<\/p>\n<p style=\"text-align: center;\"><strong>Dans le cas o\u00f9 il y aurait conflit ou divergence entre le texte de ce site traduit en fran\u00e7ais, y compris les conditions g\u00e9n\u00e9rales d&#8217;utilisation et la charte de confidentialit\u00e9, et le texte original en anglais, le texte anglais fera toujours foi.<\/strong><\/p>\n<h3 style=\"text-align: center;\"><\/h3>\n<h3 style=\"text-align: center;\">Tierces parties<\/h3>\n<p style=\"text-align: center;\">myGermanExpert n&#8217;est pas responsable du contenu sur Internet ou des pages web \u00e0 travers le monde disponible en dehors du site myGermanExpert. Nous pourrions fournir des liens vers des ressources qui sont hors de notre contr\u00f4le. Nous ne faisons aucune d\u00e9claration quant \u00e0 la qualit\u00e9, la pertinence, la fonctionnalit\u00e9 ou la l\u00e9galit\u00e9 des sites auxquels nous pourrions four nir des liens, et vous renoncez \u00e0 toute r\u00e9clamation que vous pourriez avoir contre myGermanExpert \u00e0 l&#8217;\u00e9gard de ces sites.<\/p>\n<h3 style=\"text-align: center;\"><\/h3>\n<h3 style=\"text-align: center;\">Droit d&#8217;auteur<\/h3>\n<p style=\"text-align: center;\">Ce site web et la base de donn\u00e9es associ\u00e9e contiennent des \u00e9l\u00e9ments cr\u00e9\u00e9s, d\u00e9velopp\u00e9s, con\u00e7us ou command\u00e9s par My German Expert, et sont prot\u00e9g\u00e9s par le droit d&#8217;auteur europ\u00e9en et international et le droit des marques. Aucun mat\u00e9riel (y compris noms, textes, logos, images, audio, et \/ ou vid\u00e9o, etc.) ni aucunes applications logicielles et mobiles (y compris les images ou fichiers incorpor\u00e9s ou g\u00e9n\u00e9r\u00e9s par le logiciel, etc.) peuvent \u00eatre copi\u00e9es, reproduites, republi\u00e9es, t\u00e9l\u00e9charg\u00e9es, affich\u00e9es, transmises ou distribu\u00e9es de quelque mani\u00e8re que ce soit. Concernant cette utilisation, vous ne pouvez ni modifier ni masquer les droits d&#8217;auteur ou autres mentions de propri\u00e9t\u00e9. Toute modification ou autre utilisation de tout ce mat\u00e9riel sans le consentement \u00e9crit pr\u00e9alable de My German Expert est une violation des droits d&#8217;auteur et de propri\u00e9t\u00e9 de My German Expert.<\/p>\n<h3 style=\"text-align: center;\"><\/h3>\n<h3 style=\"text-align: center;\">Politique d&#8217;annulation<\/h3>\n<p style=\"text-align: center;\">Nous avons une politique de non annulation, sauf si cela est sp\u00e9cifi\u00e9e diff\u00e9remment pour un service donn\u00e9, \u00e9tant donn\u00e9 que notre site Web a mis en \u0153uvre la notification instantan\u00e9e de paiement (IPN) du syst\u00e8me, ce qui vous permet de t\u00e9l\u00e9charger des formulaires PDF imm\u00e9diatement apr\u00e8s le paiement des frais.<\/p>\n<h3 style=\"text-align: center;\"><\/h3>\n<h3 style=\"text-align: center;\">Droit applicable et tribunaux comp\u00e9tents<\/h3>\n<p style=\"text-align: center;\">Le pr\u00e9sent accord sera r\u00e9gi par les lois de l&#8217;Allemagne et tout utilisateur de ce site s&#8217;engage \u00e0 \u00eatre li\u00e9 exclusivement par la comp\u00e9tence des tribunaux allemands, sans r\u00e9f\u00e9rence aux r\u00e8gles r\u00e9gissant le choix des lois.<\/p>\n<p style=\"text-align: center;\">Dans ces Conditions g\u00e9n\u00e9rales d&#8217;utilisation &#8220;notre&#8221;, &#8220;ce&#8221;, &#8220;celui-ci&#8221;, &#8220;ce service&#8221;, &#8220;ce site&#8221;, &#8220;ce site Web&#8221; et &#8220;MGE&#8221; se r\u00e9f\u00e8rent \u00e0 My German Expert.<\/p>\n<p>[\/et_pb_text][\/et_pb_column][\/et_pb_row][\/et_pb_section]<\/p>\n","protected":false},"excerpt":{"rendered":"<p>Nous vous invitons \u00e0 lire nos Conditions g\u00e9n\u00e9rales d&#8217;utilisation. CONDITIONS G\u00c9N\u00c9RALES D&#8217;UTILISATION En acc\u00e9dant au contenu de ce site vous acceptez d&#8217;\u00eatre li\u00e9 par les conditions g\u00e9n\u00e9rales d&#8217;utilisation \u00e9nonc\u00e9es dans la pr\u00e9sente et vous acceptez notre charte de confidentialit\u00e9 disponible sur ce site. Cette d\u00e9claration concerne ce site, les sous-sites et tous les autres sites [&hellip;]<\/p>\n","protected":false},"author":30,"featured_media":0,"parent":0,"menu_order":0,"comment_status":"closed","ping_status":"closed","template":"","meta":{"_et_pb_use_builder":"on","_et_pb_old_content":"","_et_gb_content_width":"","_bos_mb_destination":[""],"footnotes":""},"class_list":["post-6768","page","type-page","status-publish"],"yoast_head":"<!-- This site is optimized with the Yoast SEO plugin v26.8 - https:\/\/yoast.com\/product\/yoast-seo-wordpress\/ -->\n<title>Nos conditions g\u00e9n\u00e9rales d&#039;utilisation - myGermanExpert<\/title>\n<meta name=\"description\" content=\"En acc\u00e9dant au contenu de ce site, vous acceptez d&#039;\u00eatre li\u00e9 par nos conditions g\u00e9n\u00e9rales d&#039;utilisation et acceptez notre politique de confidentialit\u00e9.\" \/>\n<meta name=\"robots\" content=\"index, follow, max-snippet:-1, max-image-preview:large, max-video-preview:-1\" \/>\n<link rel=\"canonical\" href=\"https:\/\/www.mygermanexpert.com\/fr\/terms-and-conditions\/\" \/>\n<meta property=\"og:locale\" content=\"fr_FR\" \/>\n<meta property=\"og:type\" content=\"article\" \/>\n<meta property=\"og:title\" content=\"Nos conditions g\u00e9n\u00e9rales d&#039;utilisation - myGermanExpert\" \/>\n<meta property=\"og:description\" content=\"En acc\u00e9dant au contenu de ce site, vous acceptez d&#039;\u00eatre li\u00e9 par nos conditions g\u00e9n\u00e9rales d&#039;utilisation et acceptez notre politique de confidentialit\u00e9.\" \/>\n<meta property=\"og:url\" content=\"https:\/\/www.mygermanexpert.com\/fr\/terms-and-conditions\/\" \/>\n<meta property=\"og:site_name\" content=\"myGermanExpert\" \/>\n<meta property=\"article:publisher\" content=\"https:\/\/www.facebook.com\/mygermanexpert\" \/>\n<meta property=\"article:modified_time\" content=\"2021-10-29T12:22:43+00:00\" \/>\n<meta property=\"og:image\" content=\"https:\/\/www.mygermanexpert.com\/wp-content\/uploads\/2017\/11\/MGE-Logo.png\" \/>\n\t<meta property=\"og:image:width\" content=\"200\" \/>\n\t<meta property=\"og:image:height\" content=\"200\" \/>\n\t<meta property=\"og:image:type\" content=\"image\/png\" \/>\n<meta name=\"twitter:card\" content=\"summary_large_image\" \/>\n<meta name=\"twitter:site\" content=\"@mygermanexpert\" \/>\n<meta name=\"twitter:label1\" content=\"Dur\u00e9e de lecture estim\u00e9e\" \/>\n\t<meta name=\"twitter:data1\" content=\"7 minutes\" \/>\n<script type=\"application\/ld+json\" class=\"yoast-schema-graph\">{\"@context\":\"https:\/\/schema.org\",\"@graph\":[{\"@type\":\"WebPage\",\"@id\":\"https:\/\/www.mygermanexpert.com\/fr\/terms-and-conditions\/\",\"url\":\"https:\/\/www.mygermanexpert.com\/fr\/terms-and-conditions\/\",\"name\":\"Nos conditions g\u00e9n\u00e9rales d'utilisation - myGermanExpert\",\"isPartOf\":{\"@id\":\"https:\/\/www.mygermanexpert.com\/#website\"},\"datePublished\":\"2016-10-04T05:33:48+00:00\",\"dateModified\":\"2021-10-29T12:22:43+00:00\",\"description\":\"En acc\u00e9dant au contenu de ce site, vous acceptez d'\u00eatre li\u00e9 par nos conditions g\u00e9n\u00e9rales d'utilisation et acceptez notre politique de confidentialit\u00e9.\",\"breadcrumb\":{\"@id\":\"https:\/\/www.mygermanexpert.com\/fr\/terms-and-conditions\/#breadcrumb\"},\"inLanguage\":\"fr-FR\",\"potentialAction\":[{\"@type\":\"ReadAction\",\"target\":[\"https:\/\/www.mygermanexpert.com\/fr\/terms-and-conditions\/\"]}]},{\"@type\":\"BreadcrumbList\",\"@id\":\"https:\/\/www.mygermanexpert.com\/fr\/terms-and-conditions\/#breadcrumb\",\"itemListElement\":[{\"@type\":\"ListItem\",\"position\":1,\"name\":\"Home\",\"item\":\"https:\/\/www.mygermanexpert.com\/fr\/\"},{\"@type\":\"ListItem\",\"position\":2,\"name\":\"Conditions g\u00e9n\u00e9rales\"}]},{\"@type\":\"WebSite\",\"@id\":\"https:\/\/www.mygermanexpert.com\/#website\",\"url\":\"https:\/\/www.mygermanexpert.com\/\",\"name\":\"myGermanExpert\",\"description\":\"\",\"publisher\":{\"@id\":\"https:\/\/www.mygermanexpert.com\/#organization\"},\"potentialAction\":[{\"@type\":\"SearchAction\",\"target\":{\"@type\":\"EntryPoint\",\"urlTemplate\":\"https:\/\/www.mygermanexpert.com\/?s={search_term_string}\"},\"query-input\":{\"@type\":\"PropertyValueSpecification\",\"valueRequired\":true,\"valueName\":\"search_term_string\"}}],\"inLanguage\":\"fr-FR\"},{\"@type\":\"Organization\",\"@id\":\"https:\/\/www.mygermanexpert.com\/#organization\",\"name\":\"myGermanExpert\",\"url\":\"https:\/\/www.mygermanexpert.com\/\",\"logo\":{\"@type\":\"ImageObject\",\"inLanguage\":\"fr-FR\",\"@id\":\"https:\/\/www.mygermanexpert.com\/#\/schema\/logo\/image\/\",\"url\":\"https:\/\/www.mygermanexpert.com\/wp-content\/uploads\/2017\/11\/MGE-Logo.png\",\"contentUrl\":\"https:\/\/www.mygermanexpert.com\/wp-content\/uploads\/2017\/11\/MGE-Logo.png\",\"width\":200,\"height\":200,\"caption\":\"myGermanExpert\"},\"image\":{\"@id\":\"https:\/\/www.mygermanexpert.com\/#\/schema\/logo\/image\/\"},\"sameAs\":[\"https:\/\/www.facebook.com\/mygermanexpert\",\"https:\/\/x.com\/mygermanexpert\",\"https:\/\/www.linkedin.com\/company\/mygermanexpert\",\"https:\/\/www.youtube.com\/c\/myGermanExpert\"]}]}<\/script>\n<!-- \/ Yoast SEO plugin. -->","yoast_head_json":{"title":"Nos conditions g\u00e9n\u00e9rales d'utilisation - myGermanExpert","description":"En acc\u00e9dant au contenu de ce site, vous acceptez d'\u00eatre li\u00e9 par nos conditions g\u00e9n\u00e9rales d'utilisation et acceptez notre politique de confidentialit\u00e9.","robots":{"index":"index","follow":"follow","max-snippet":"max-snippet:-1","max-image-preview":"max-image-preview:large","max-video-preview":"max-video-preview:-1"},"canonical":"https:\/\/www.mygermanexpert.com\/fr\/terms-and-conditions\/","og_locale":"fr_FR","og_type":"article","og_title":"Nos conditions g\u00e9n\u00e9rales d'utilisation - myGermanExpert","og_description":"En acc\u00e9dant au contenu de ce site, vous acceptez d'\u00eatre li\u00e9 par nos conditions g\u00e9n\u00e9rales d'utilisation et acceptez notre politique de confidentialit\u00e9.","og_url":"https:\/\/www.mygermanexpert.com\/fr\/terms-and-conditions\/","og_site_name":"myGermanExpert","article_publisher":"https:\/\/www.facebook.com\/mygermanexpert","article_modified_time":"2021-10-29T12:22:43+00:00","og_image":[{"width":200,"height":200,"url":"https:\/\/www.mygermanexpert.com\/wp-content\/uploads\/2017\/11\/MGE-Logo.png","type":"image\/png"}],"twitter_card":"summary_large_image","twitter_site":"@mygermanexpert","twitter_misc":{"Dur\u00e9e de lecture estim\u00e9e":"7 minutes"},"schema":{"@context":"https:\/\/schema.org","@graph":[{"@type":"WebPage","@id":"https:\/\/www.mygermanexpert.com\/fr\/terms-and-conditions\/","url":"https:\/\/www.mygermanexpert.com\/fr\/terms-and-conditions\/","name":"Nos conditions g\u00e9n\u00e9rales d'utilisation - myGermanExpert","isPartOf":{"@id":"https:\/\/www.mygermanexpert.com\/#website"},"datePublished":"2016-10-04T05:33:48+00:00","dateModified":"2021-10-29T12:22:43+00:00","description":"En acc\u00e9dant au contenu de ce site, vous acceptez d'\u00eatre li\u00e9 par nos conditions g\u00e9n\u00e9rales d'utilisation et acceptez notre politique de confidentialit\u00e9.","breadcrumb":{"@id":"https:\/\/www.mygermanexpert.com\/fr\/terms-and-conditions\/#breadcrumb"},"inLanguage":"fr-FR","potentialAction":[{"@type":"ReadAction","target":["https:\/\/www.mygermanexpert.com\/fr\/terms-and-conditions\/"]}]},{"@type":"BreadcrumbList","@id":"https:\/\/www.mygermanexpert.com\/fr\/terms-and-conditions\/#breadcrumb","itemListElement":[{"@type":"ListItem","position":1,"name":"Home","item":"https:\/\/www.mygermanexpert.com\/fr\/"},{"@type":"ListItem","position":2,"name":"Conditions g\u00e9n\u00e9rales"}]},{"@type":"WebSite","@id":"https:\/\/www.mygermanexpert.com\/#website","url":"https:\/\/www.mygermanexpert.com\/","name":"myGermanExpert","description":"","publisher":{"@id":"https:\/\/www.mygermanexpert.com\/#organization"},"potentialAction":[{"@type":"SearchAction","target":{"@type":"EntryPoint","urlTemplate":"https:\/\/www.mygermanexpert.com\/?s={search_term_string}"},"query-input":{"@type":"PropertyValueSpecification","valueRequired":true,"valueName":"search_term_string"}}],"inLanguage":"fr-FR"},{"@type":"Organization","@id":"https:\/\/www.mygermanexpert.com\/#organization","name":"myGermanExpert","url":"https:\/\/www.mygermanexpert.com\/","logo":{"@type":"ImageObject","inLanguage":"fr-FR","@id":"https:\/\/www.mygermanexpert.com\/#\/schema\/logo\/image\/","url":"https:\/\/www.mygermanexpert.com\/wp-content\/uploads\/2017\/11\/MGE-Logo.png","contentUrl":"https:\/\/www.mygermanexpert.com\/wp-content\/uploads\/2017\/11\/MGE-Logo.png","width":200,"height":200,"caption":"myGermanExpert"},"image":{"@id":"https:\/\/www.mygermanexpert.com\/#\/schema\/logo\/image\/"},"sameAs":["https:\/\/www.facebook.com\/mygermanexpert","https:\/\/x.com\/mygermanexpert","https:\/\/www.linkedin.com\/company\/mygermanexpert","https:\/\/www.youtube.com\/c\/myGermanExpert"]}]}},"_links":{"self":[{"href":"https:\/\/www.mygermanexpert.com\/fr\/wp-json\/wp\/v2\/pages\/6768","targetHints":{"allow":["GET"]}}],"collection":[{"href":"https:\/\/www.mygermanexpert.com\/fr\/wp-json\/wp\/v2\/pages"}],"about":[{"href":"https:\/\/www.mygermanexpert.com\/fr\/wp-json\/wp\/v2\/types\/page"}],"author":[{"embeddable":true,"href":"https:\/\/www.mygermanexpert.com\/fr\/wp-json\/wp\/v2\/users\/30"}],"replies":[{"embeddable":true,"href":"https:\/\/www.mygermanexpert.com\/fr\/wp-json\/wp\/v2\/comments?post=6768"}],"version-history":[{"count":5,"href":"https:\/\/www.mygermanexpert.com\/fr\/wp-json\/wp\/v2\/pages\/6768\/revisions"}],"predecessor-version":[{"id":19605,"href":"https:\/\/www.mygermanexpert.com\/fr\/wp-json\/wp\/v2\/pages\/6768\/revisions\/19605"}],"wp:attachment":[{"href":"https:\/\/www.mygermanexpert.com\/fr\/wp-json\/wp\/v2\/media?parent=6768"}],"curies":[{"name":"wp","href":"https:\/\/api.w.org\/{rel}","templated":true}]}}