{"id":6758,"date":"2017-05-10T08:40:44","date_gmt":"2017-05-10T06:40:44","guid":{"rendered":"https:\/\/www.mygermanexpert.com\/login\/"},"modified":"2020-04-02T13:58:05","modified_gmt":"2020-04-02T11:58:05","slug":"login","status":"publish","type":"page","link":"https:\/\/www.mygermanexpert.com\/fr\/login\/","title":{"rendered":"Se connecter"},"content":{"rendered":"\n[et_pb_section fb_built=&#8221;1&#8243; fullwidth=&#8221;on&#8221; admin_label=&#8221;section&#8221; _builder_version=&#8221;3.0.47&#8243;][et_pb_fullwidth_slider admin_label=&#8221;Fullwidth Slider&#8221; _builder_version=&#8221;3.0.93&#8243; header_text_color=&#8221;#ffffff&#8221; body_text_color=&#8221;#f3f3f3&#8243; custom_padding=&#8221;|||&#8221; custom_padding_tablet=&#8221;|||&#8221; custom_padding_phone=&#8221;|||&#8221;][et_pb_slide heading=&#8221;Se connecter&#8221; image=&#8221;https:\/\/www.mygermanexpert.com\/wp-content\/uploads\/2017\/08\/Header-Icons-25.png&#8221; _builder_version=&#8221;3.0.93&#8243; background_color=&#8221;#8dc153&#8243;]\r\n\r\nConnectez-vous \u00e0 votre compte et remplissez votre formulaire d\u2019Anmeldung en fran\u00e7ais.\r\n\r\n[\/et_pb_slide][\/et_pb_fullwidth_slider][\/et_pb_section][et_pb_section fb_built=&#8221;1&#8243; admin_label=&#8221;section&#8221; _builder_version=&#8221;3.0.86&#8243; custom_margin=&#8221;|||&#8221; custom_padding=&#8221;|||&#8221;][et_pb_row custom_padding=&#8221;|15px||15px&#8221; background_color=&#8221;#f3f3f3&#8243; _builder_version=&#8221;3.0.86&#8243;][et_pb_column type=&#8221;4_4&#8243; _builder_version=&#8221;3.0.69&#8243; parallax=&#8221;off&#8221; parallax_method=&#8221;on&#8221;][et_pb_blurb use_icon=&#8221;on&#8221; font_icon=&#8221;%%94%%&#8221; use_circle=&#8221;on&#8221; circle_color=&#8221;#ffffff&#8221; use_circle_border=&#8221;on&#8221; _builder_version=&#8221;3.0.93&#8243; text_orientation=&#8221;center&#8221;]\r\n<h1 style=\"text-align: center;\">SE CONNECTER<\/h1>\r\n<p style=\"text-align: center;\">D\u00e9j\u00e0 inscrit ?<\/p>\r\n<p style=\"text-align: center;\">Connectez-vous pour acc\u00e9der \u00e0 votre formulaire d\u2019Anmeldung. Saisissez les informations en fran\u00e7ais et recevez imm\u00e9diatement le formulaire rempli traduit automatiquement en allemand. Puis remettez-le \u00e0 votre B\u00fcrgeramt\/B\u00fcrgerb\u00fcro le plus proche pour d\u00e9clarer votre domicile et obtenir, 2 \u00e0 3 semaines plus tard, votre num\u00e9ro d\u2019identification fiscale.<\/p>\r\n<p style=\"text-align: center;\">Les sections marqu\u00e9es par (*) sont obligatoires. Nous ne vous demandons pas de divulguer plus d\u2019informations qu\u2019il n\u2019est raisonnablement n\u00e9cessaire pour remplir le formulaire demand\u00e9.<\/p>\r\n[\/et_pb_blurb][\/et_pb_column][\/et_pb_row][et_pb_row custom_padding=&#8221;|15px||15px&#8221; custom_margin=&#8221;|||&#8221; background_color=&#8221;#f3f3f3&#8243; _builder_version=&#8221;3.0.86&#8243;][et_pb_column type=&#8221;4_4&#8243; _builder_version=&#8221;3.0.63&#8243; parallax=&#8221;off&#8221; parallax_method=&#8221;on&#8221;][et_pb_code _builder_version=&#8221;3.0.86&#8243; custom_padding=&#8221;|||&#8221;]\n<div class=\"um um-login um-5108\">\n\t<div class=\"um-form\">\n\t\t<form method=\"post\" action=\"\" autocomplete=\"off\">\n\t\t\t<div class=\"um-row _um_row_1 login_wp\" style=\"padding: 0px 0px 0px 0px;margin: 0px 0px 30px 0px;border-width: 0px 0px 0px 0px;border-style: solid;border-radius: 0px;\"><div class=\"um-col-1\"><div  id=\"um_field_5108_username\" class=\"um-field um-field-text  um-field-username um-field-text um-field-type_text\" data-key=\"username\"><div class=\"um-field-label\"><label for=\"username-5108\">E-mail<span class=\"um-req\" title=\"Obligatoire\">*<\/span><\/label><div class=\"um-clear\"><\/div><\/div><div class=\"um-field-area\"><input  autocomplete=\"off\" class=\"um-form-field valid \" type=\"text\" name=\"username-5108\" id=\"username-5108\" value=\"\" placeholder=\"\" data-validate=\"unique_email\" data-key=\"username\"  aria-invalid=\"false\" \/>\n\n\t\t\t\t\t\t<\/div><\/div><div  id=\"um_field_5108_user_password\" class=\"um-field um-field-password  um-field-user_password um-field-password um-field-type_password\" data-key=\"user_password\"><div class=\"um-field-label\"><label for=\"user_password-5108\">Mot de passe<span class=\"um-req\" title=\"Obligatoire\">*<\/span><\/label><span class=\"um-tip um-tip-w\" title=\"Use a minimum password length of 8 to 30 characters.\"><i class=\"um-icon-help-circled\"><\/i><\/span><div class=\"um-clear\"><\/div><\/div><div class=\"um-field-area\"><input class=\"um-form-field valid \" type=\"password\" name=\"user_password-5108\" id=\"user_password-5108\" value=\"\" placeholder=\"\" data-validate=\"\" data-key=\"user_password\"  aria-invalid=\"false\" \/>\n\n\t\t\t\t\t\t\t<\/div><\/div><\/div><\/div>\t<input type=\"hidden\" name=\"form_id\" id=\"form_id_5108\" value=\"5108\" \/>\n\t\t<p class=\"um_request_name\">\n\t\t<label for=\"um_request_5108\">Only fill in if you are not human<\/label>\n\t\t<input type=\"hidden\" name=\"um_request\" id=\"um_request_5108\" class=\"input\" value=\"\" size=\"25\" autocomplete=\"off\" \/>\n\t<\/p>\n\t<input type=\"hidden\" id=\"_wpnonce\" name=\"_wpnonce\" value=\"dd85f1cee6\" \/><input type=\"hidden\" name=\"_wp_http_referer\" value=\"\/fr\/wp-json\/wp\/v2\/pages\/6758\" \/>\n<div class=\"um-field\">\n\t<div class=\"g-recaptcha\" id=\"um-5108\" data-type=\"image\" data-size=\"normal\" data-theme=\"light\" data-sitekey=\"6LdCHDUUAAAAAAxbacjipJm5RWfhdpIPOQMsEDaf\"><\/div>\n<\/div>\n\n\n<script type=\"text\/javascript\">\n\t\n\t\tvar onloadCallback = function () {\n\t\t\tjQuery('.g-recaptcha').each( function (i) {\n\t\t\t\tgrecaptcha.render( jQuery(this).attr('id'), {\n\t\t\t\t\t'sitekey': jQuery(this).attr('data-sitekey'),\n\t\t\t\t\t'theme': jQuery(this).attr('data-theme')\n\t\t\t\t});\n\t\t\t});\n\t\t};\n\n\t\tfunction um_recaptcha_refresh() {\n\t\t\tjQuery('.g-recaptcha').html('');\n\t\t\tgrecaptcha.reset();\n\t\t\tonloadCallback();\n\t\t}\n\n\t<\/script>\n\n\t<div class=\"um-col-alt\">\n\n\t\t\n\t\t\t<div class=\"um-left um-half\">\n\t\t\t\t<input type=\"submit\" value=\"Connexion\" class=\"um-button\" id=\"um-submit-btn\" \/>\n\t\t\t<\/div>\n\t\t\t<div class=\"um-right um-half\">\n\t\t\t\t<a href=\"https:\/\/www.mygermanexpert.com\/fr\/register\/\" class=\"um-button um-alt\">\n\t\t\t\t\tS\u2019inscrire\t\t\t\t<\/a>\n\t\t\t<\/div>\n\n\t\t\n\t\t<div class=\"um-clear\"><\/div>\n\n\t<\/div>\n\n\t\n\t<div class=\"um-col-alt-b\">\n\t\t<a href=\"https:\/\/www.mygermanexpert.com\/fr\/password-reset\/\" class=\"um-link-alt\">\n\t\t\tMot de passe oubli\u00e9\u00a0?\t\t<\/a>\n\t<\/div>\n\n\t\t\t<\/form>\n\t<\/div>\n<\/div>\n<style>\n\t\t\t.um-5108.um {\n\t\t\tmax-width: 450px;\n\t\t}\n\t\t<\/style>\n[\/et_pb_code][\/et_pb_column][\/et_pb_row][\/et_pb_section]\n","protected":false},"excerpt":{"rendered":"<p>Connectez-vous \u00e0 votre compte et remplissez votre formulaire d\u2019Anmeldung en fran\u00e7ais. SE CONNECTER D\u00e9j\u00e0 inscrit ? Connectez-vous pour acc\u00e9der \u00e0 votre formulaire d\u2019Anmeldung. Saisissez les informations en fran\u00e7ais et recevez imm\u00e9diatement le formulaire rempli traduit automatiquement en allemand. Puis remettez-le \u00e0 votre B\u00fcrgeramt\/B\u00fcrgerb\u00fcro le plus proche pour d\u00e9clarer votre domicile et obtenir, 2 \u00e0 3 [&hellip;]<\/p>\n","protected":false},"author":1,"featured_media":0,"parent":0,"menu_order":0,"comment_status":"closed","ping_status":"open","template":"","meta":{"_et_pb_use_builder":"on","_et_pb_old_content":"<p>[ultimatemember form_id=3882]<\/p>","_et_gb_content_width":"","_bos_mb_destination":[""],"footnotes":""},"class_list":["post-6758","page","type-page","status-publish"],"yoast_head":"<!-- This site is optimized with the Yoast SEO plugin v26.8 - https:\/\/yoast.com\/product\/yoast-seo-wordpress\/ -->\n<title>Connectez-vous et acc\u00e9dez \u00e0 votre formulaire Anmeldung - myGermanExpert<\/title>\n<meta name=\"description\" content=\"Connectez-vous \u00e0 votre compte MGE et remplissez le formulaire d&#039;Anmeldung en fran\u00e7ais afin de vous d\u00e9clarer en Allemagne.\" \/>\n<meta name=\"robots\" content=\"index, follow, max-snippet:-1, max-image-preview:large, max-video-preview:-1\" \/>\n<link rel=\"canonical\" href=\"https:\/\/www.mygermanexpert.com\/fr\/login\/\" \/>\n<meta property=\"og:locale\" content=\"fr_FR\" \/>\n<meta property=\"og:type\" content=\"article\" \/>\n<meta property=\"og:title\" content=\"Connectez-vous et acc\u00e9dez \u00e0 votre formulaire Anmeldung - myGermanExpert\" \/>\n<meta property=\"og:description\" content=\"Connectez-vous \u00e0 votre compte MGE et remplissez le formulaire d&#039;Anmeldung en fran\u00e7ais afin de vous d\u00e9clarer en Allemagne.\" \/>\n<meta property=\"og:url\" content=\"https:\/\/www.mygermanexpert.com\/fr\/login\/\" \/>\n<meta property=\"og:site_name\" content=\"myGermanExpert\" \/>\n<meta property=\"article:publisher\" content=\"https:\/\/www.facebook.com\/mygermanexpert\" \/>\n<meta property=\"article:modified_time\" content=\"2020-04-02T11:58:05+00:00\" \/>\n<meta property=\"og:image\" content=\"https:\/\/www.mygermanexpert.com\/wp-content\/uploads\/2017\/11\/MGE-Logo.png\" \/>\n\t<meta property=\"og:image:width\" content=\"200\" \/>\n\t<meta property=\"og:image:height\" content=\"200\" \/>\n\t<meta property=\"og:image:type\" content=\"image\/png\" \/>\n<meta name=\"twitter:card\" content=\"summary_large_image\" \/>\n<meta name=\"twitter:site\" content=\"@mygermanexpert\" \/>\n<meta name=\"twitter:label1\" content=\"Dur\u00e9e de lecture estim\u00e9e\" \/>\n\t<meta name=\"twitter:data1\" content=\"1 minute\" \/>\n<script type=\"application\/ld+json\" class=\"yoast-schema-graph\">{\"@context\":\"https:\/\/schema.org\",\"@graph\":[{\"@type\":\"WebPage\",\"@id\":\"https:\/\/www.mygermanexpert.com\/fr\/login\/\",\"url\":\"https:\/\/www.mygermanexpert.com\/fr\/login\/\",\"name\":\"Connectez-vous et acc\u00e9dez \u00e0 votre formulaire Anmeldung - myGermanExpert\",\"isPartOf\":{\"@id\":\"https:\/\/www.mygermanexpert.com\/#website\"},\"datePublished\":\"2017-05-10T06:40:44+00:00\",\"dateModified\":\"2020-04-02T11:58:05+00:00\",\"description\":\"Connectez-vous \u00e0 votre compte MGE et remplissez le formulaire d'Anmeldung en fran\u00e7ais afin de vous d\u00e9clarer en Allemagne.\",\"breadcrumb\":{\"@id\":\"https:\/\/www.mygermanexpert.com\/fr\/login\/#breadcrumb\"},\"inLanguage\":\"fr-FR\",\"potentialAction\":[{\"@type\":\"ReadAction\",\"target\":[\"https:\/\/www.mygermanexpert.com\/fr\/login\/\"]}]},{\"@type\":\"BreadcrumbList\",\"@id\":\"https:\/\/www.mygermanexpert.com\/fr\/login\/#breadcrumb\",\"itemListElement\":[{\"@type\":\"ListItem\",\"position\":1,\"name\":\"Home\",\"item\":\"https:\/\/www.mygermanexpert.com\/fr\/\"},{\"@type\":\"ListItem\",\"position\":2,\"name\":\"Se connecter\"}]},{\"@type\":\"WebSite\",\"@id\":\"https:\/\/www.mygermanexpert.com\/#website\",\"url\":\"https:\/\/www.mygermanexpert.com\/\",\"name\":\"myGermanExpert\",\"description\":\"\",\"publisher\":{\"@id\":\"https:\/\/www.mygermanexpert.com\/#organization\"},\"potentialAction\":[{\"@type\":\"SearchAction\",\"target\":{\"@type\":\"EntryPoint\",\"urlTemplate\":\"https:\/\/www.mygermanexpert.com\/?s={search_term_string}\"},\"query-input\":{\"@type\":\"PropertyValueSpecification\",\"valueRequired\":true,\"valueName\":\"search_term_string\"}}],\"inLanguage\":\"fr-FR\"},{\"@type\":\"Organization\",\"@id\":\"https:\/\/www.mygermanexpert.com\/#organization\",\"name\":\"myGermanExpert\",\"url\":\"https:\/\/www.mygermanexpert.com\/\",\"logo\":{\"@type\":\"ImageObject\",\"inLanguage\":\"fr-FR\",\"@id\":\"https:\/\/www.mygermanexpert.com\/#\/schema\/logo\/image\/\",\"url\":\"https:\/\/www.mygermanexpert.com\/wp-content\/uploads\/2017\/11\/MGE-Logo.png\",\"contentUrl\":\"https:\/\/www.mygermanexpert.com\/wp-content\/uploads\/2017\/11\/MGE-Logo.png\",\"width\":200,\"height\":200,\"caption\":\"myGermanExpert\"},\"image\":{\"@id\":\"https:\/\/www.mygermanexpert.com\/#\/schema\/logo\/image\/\"},\"sameAs\":[\"https:\/\/www.facebook.com\/mygermanexpert\",\"https:\/\/x.com\/mygermanexpert\",\"https:\/\/www.linkedin.com\/company\/mygermanexpert\",\"https:\/\/www.youtube.com\/c\/myGermanExpert\"]}]}<\/script>\n<!-- \/ Yoast SEO plugin. -->","yoast_head_json":{"title":"Connectez-vous et acc\u00e9dez \u00e0 votre formulaire Anmeldung - myGermanExpert","description":"Connectez-vous \u00e0 votre compte MGE et remplissez le formulaire d'Anmeldung en fran\u00e7ais afin de vous d\u00e9clarer en Allemagne.","robots":{"index":"index","follow":"follow","max-snippet":"max-snippet:-1","max-image-preview":"max-image-preview:large","max-video-preview":"max-video-preview:-1"},"canonical":"https:\/\/www.mygermanexpert.com\/fr\/login\/","og_locale":"fr_FR","og_type":"article","og_title":"Connectez-vous et acc\u00e9dez \u00e0 votre formulaire Anmeldung - myGermanExpert","og_description":"Connectez-vous \u00e0 votre compte MGE et remplissez le formulaire d'Anmeldung en fran\u00e7ais afin de vous d\u00e9clarer en Allemagne.","og_url":"https:\/\/www.mygermanexpert.com\/fr\/login\/","og_site_name":"myGermanExpert","article_publisher":"https:\/\/www.facebook.com\/mygermanexpert","article_modified_time":"2020-04-02T11:58:05+00:00","og_image":[{"width":200,"height":200,"url":"https:\/\/www.mygermanexpert.com\/wp-content\/uploads\/2017\/11\/MGE-Logo.png","type":"image\/png"}],"twitter_card":"summary_large_image","twitter_site":"@mygermanexpert","twitter_misc":{"Dur\u00e9e de lecture estim\u00e9e":"1 minute"},"schema":{"@context":"https:\/\/schema.org","@graph":[{"@type":"WebPage","@id":"https:\/\/www.mygermanexpert.com\/fr\/login\/","url":"https:\/\/www.mygermanexpert.com\/fr\/login\/","name":"Connectez-vous et acc\u00e9dez \u00e0 votre formulaire Anmeldung - myGermanExpert","isPartOf":{"@id":"https:\/\/www.mygermanexpert.com\/#website"},"datePublished":"2017-05-10T06:40:44+00:00","dateModified":"2020-04-02T11:58:05+00:00","description":"Connectez-vous \u00e0 votre compte MGE et remplissez le formulaire d'Anmeldung en fran\u00e7ais afin de vous d\u00e9clarer en Allemagne.","breadcrumb":{"@id":"https:\/\/www.mygermanexpert.com\/fr\/login\/#breadcrumb"},"inLanguage":"fr-FR","potentialAction":[{"@type":"ReadAction","target":["https:\/\/www.mygermanexpert.com\/fr\/login\/"]}]},{"@type":"BreadcrumbList","@id":"https:\/\/www.mygermanexpert.com\/fr\/login\/#breadcrumb","itemListElement":[{"@type":"ListItem","position":1,"name":"Home","item":"https:\/\/www.mygermanexpert.com\/fr\/"},{"@type":"ListItem","position":2,"name":"Se connecter"}]},{"@type":"WebSite","@id":"https:\/\/www.mygermanexpert.com\/#website","url":"https:\/\/www.mygermanexpert.com\/","name":"myGermanExpert","description":"","publisher":{"@id":"https:\/\/www.mygermanexpert.com\/#organization"},"potentialAction":[{"@type":"SearchAction","target":{"@type":"EntryPoint","urlTemplate":"https:\/\/www.mygermanexpert.com\/?s={search_term_string}"},"query-input":{"@type":"PropertyValueSpecification","valueRequired":true,"valueName":"search_term_string"}}],"inLanguage":"fr-FR"},{"@type":"Organization","@id":"https:\/\/www.mygermanexpert.com\/#organization","name":"myGermanExpert","url":"https:\/\/www.mygermanexpert.com\/","logo":{"@type":"ImageObject","inLanguage":"fr-FR","@id":"https:\/\/www.mygermanexpert.com\/#\/schema\/logo\/image\/","url":"https:\/\/www.mygermanexpert.com\/wp-content\/uploads\/2017\/11\/MGE-Logo.png","contentUrl":"https:\/\/www.mygermanexpert.com\/wp-content\/uploads\/2017\/11\/MGE-Logo.png","width":200,"height":200,"caption":"myGermanExpert"},"image":{"@id":"https:\/\/www.mygermanexpert.com\/#\/schema\/logo\/image\/"},"sameAs":["https:\/\/www.facebook.com\/mygermanexpert","https:\/\/x.com\/mygermanexpert","https:\/\/www.linkedin.com\/company\/mygermanexpert","https:\/\/www.youtube.com\/c\/myGermanExpert"]}]}},"_links":{"self":[{"href":"https:\/\/www.mygermanexpert.com\/fr\/wp-json\/wp\/v2\/pages\/6758","targetHints":{"allow":["GET"]}}],"collection":[{"href":"https:\/\/www.mygermanexpert.com\/fr\/wp-json\/wp\/v2\/pages"}],"about":[{"href":"https:\/\/www.mygermanexpert.com\/fr\/wp-json\/wp\/v2\/types\/page"}],"author":[{"embeddable":true,"href":"https:\/\/www.mygermanexpert.com\/fr\/wp-json\/wp\/v2\/users\/1"}],"replies":[{"embeddable":true,"href":"https:\/\/www.mygermanexpert.com\/fr\/wp-json\/wp\/v2\/comments?post=6758"}],"version-history":[{"count":1,"href":"https:\/\/www.mygermanexpert.com\/fr\/wp-json\/wp\/v2\/pages\/6758\/revisions"}],"predecessor-version":[{"id":17210,"href":"https:\/\/www.mygermanexpert.com\/fr\/wp-json\/wp\/v2\/pages\/6758\/revisions\/17210"}],"wp:attachment":[{"href":"https:\/\/www.mygermanexpert.com\/fr\/wp-json\/wp\/v2\/media?parent=6758"}],"curies":[{"name":"wp","href":"https:\/\/api.w.org\/{rel}","templated":true}]}}