{"id":6740,"date":"2017-05-10T20:37:48","date_gmt":"2017-05-10T18:37:48","guid":{"rendered":"https:\/\/www.mygermanexpert.com\/services\/germany-hostels\/"},"modified":"2020-04-02T13:11:32","modified_gmt":"2020-04-02T11:11:32","slug":"germany-hostels","status":"publish","type":"page","link":"https:\/\/www.mygermanexpert.com\/fr\/services\/germany-hostels\/","title":{"rendered":"Recherche de logement"},"content":{"rendered":"\n[et_pb_section fb_built=&#8221;1&#8243; fullwidth=&#8221;on&#8221; admin_label=&#8221;section&#8221; _builder_version=&#8221;3.0.47&#8243;][et_pb_fullwidth_slider show_arrows=&#8221;off&#8221; show_pagination=&#8221;off&#8221; _builder_version=&#8221;3.0.105&#8243; header_text_color=&#8221;#ffffff&#8221; body_text_color=&#8221;#f3f3f3&#8243; custom_padding=&#8221;|||&#8221; custom_padding_tablet=&#8221;|||&#8221; custom_padding_phone=&#8221;|||&#8221; button_rel=&#8221;off|off|on|off|off&#8221; box_shadow_style=&#8221;preset6&#8243; box_shadow_blur=&#8221;10px&#8221; box_shadow_color=&#8221;rgba(0,0,0,0.1)&#8221;][et_pb_slide heading=&#8221;H\u00e9bergement \u00e0 court terme en Allemagne&#8221; button_text=&#8221;Trouver un logement&#8221; button_link=&#8221;https:\/\/www.mygermanexpert.com\/go\/booking&#8221; image=&#8221;https:\/\/www.mygermanexpert.com\/wp-content\/uploads\/2017\/08\/Header-Icons-30.png&#8221; use_bg_overlay=&#8221;off&#8221; use_text_overlay=&#8221;off&#8221; _builder_version=&#8221;3.0.105&#8243; background_color=&#8221;#8dc153&#8243; button_rel=&#8221;off|off|on|off|off&#8221;]Auberges, h\u00f4tels, chambres d&#8217;h\u00f4tes et appartements pour vos premi\u00e8res nuits en Allemagne.\r[\/et_pb_slide][\/et_pb_fullwidth_slider][\/et_pb_section][et_pb_section fb_built=&#8221;1&#8243; background_color=&#8221;#f3f3f3&#8243; _builder_version=&#8221;3.0.69&#8243; custom_padding=&#8221;|||&#8221;][et_pb_row _builder_version=&#8221;3.0.85&#8243;][et_pb_column type=&#8221;1_3&#8243; _builder_version=&#8221;3.0.47&#8243; parallax=&#8221;off&#8221; parallax_method=&#8221;on&#8221;][et_pb_sidebar area=&#8221;et_pb_widget_area_1&#8243; show_border=&#8221;off&#8221; _builder_version=&#8221;3.0.100&#8243; background_color=&#8221;#8dc153&#8243; box_shadow_style=&#8221;preset2&#8243;][\/et_pb_sidebar][\/et_pb_column][et_pb_column type=&#8221;2_3&#8243; _builder_version=&#8221;3.0.47&#8243; parallax=&#8221;off&#8221; parallax_method=&#8221;on&#8221;][et_pb_divider _builder_version=&#8221;3.0.85&#8243;][\/et_pb_divider][et_pb_text _builder_version=&#8221;3.0.85&#8243; text_font=&#8221;||||||||&#8221; text_font_size=&#8221;16px&#8221; header_font=&#8221;||||||||&#8221; header_text_align=&#8221;left&#8221; module_alignment=&#8221;center&#8221;]<h1 style=\"text-align: left;\">Trouver un endroit o\u00f9 passer vos premi\u00e8res nuits en Allemagne<\/h1>\r\n<p style=\"text-align: left;\">Si vous d\u00e9m\u00e9nagez en Allemagne, vous aurez besoin d&#8217;un h\u00e9bergement temporaire pendant votre recherche de logement permanent.<\/p>\r\n<p style=\"text-align: left;\">L&#8217;h\u00e9bergement temporaire est une excellente option si vous avez besoin d&#8217;un endroit o\u00f9 s\u00e9journer jusqu&#8217;\u00e0 ce que vous trouviez une r\u00e9sidence plus permanente. L&#8217;h\u00e9bergement \u00e0 court terme est non seulement utile jusqu&#8217;\u00e0 ce que vous trouviez un appartement \u00e0 louer, mais vous donne \u00e9galement le temps dont vous avez besoin pour \u00e9valuer o\u00f9 vous aimeriez vivre dans votre nouvelle ville ou village.<\/p>\r\n<p style=\"text-align: left;\">Une auberge, un h\u00f4tel ou un appartement avec services sont d&#8217;excellentes solutions si vous ne connaissez personne dans la zone dans laquelle vous d\u00e9m\u00e9nagez ou si vous avez besoin de plus d&#8217;espace et d&#8217;intimit\u00e9 que d&#8217;emm\u00e9nager avec des amis ou des membres de votre famille.<\/p>\r[\/et_pb_text][\/et_pb_column][\/et_pb_row][\/et_pb_section][et_pb_section fb_built=&#8221;1&#8243; _builder_version=&#8221;3.0.69&#8243;][et_pb_row make_equal=&#8221;on&#8221; _builder_version=&#8221;3.0.69&#8243;][et_pb_column type=&#8221;4_4&#8243; _builder_version=&#8221;3.0.47&#8243; parallax=&#8221;off&#8221; parallax_method=&#8221;on&#8221;][et_pb_divider disabled_on=&#8221;on|on|off&#8221; _builder_version=&#8221;3.0.69&#8243;][\/et_pb_divider][et_pb_text _builder_version=&#8221;3.0.85&#8243; header_font_size=&#8221;26px&#8221; background_color=&#8221;#f3f3f3&#8243; custom_padding=&#8221;40px|40px|40px|40px&#8221; box_shadow_style=&#8221;preset2&#8243;]<h1 style=\"text-align: center;\">\u00c0 PROPOS DE BOOKING.COM<\/h1>\r\n<p style=\"text-align: center;\">Fond\u00e9e en 1996 \u00e0 Amsterdam, Booking.com est pass\u00e9e du statut de petite start-up n\u00e9erlandaise \u00e0 l&#8217;une des soci\u00e9t\u00e9s de voyage en ligne les plus renomm\u00e9es \u00e0 travers le monde. Booking.com fait partie du Priceline Group (NASDAQ : PCLN) et emploie actuellement plus de 15 000 personnes dans 204 bureaux r\u00e9partis dans 70 pays \u00e0 travers le monde.<\/p>\r\n<p style=\"text-align: center;\">Booking.com a pour mission de permettre aux voyageurs de vivre des exp\u00e9riences dans le monde entier, et investit pour cela massivement dans la technologie num\u00e9rique afin d&#8217;\u00e9liminer toute source \u00e9ventuelle de stress lors du s\u00e9jour ou processus de r\u00e9servation. Chez Booking.com, nous mettons en relation les voyageurs avec les h\u00e9bergements les plus incroyables au monde, y compris des appartements, maisons de vacances, chambres d&#8217;h\u00f4tes \u00e0 la gestion familiale, complexes de luxe 5 \u00e9toiles, cabanes dans les arbres et m\u00eame igloos. Le site Internet et les applis Booking.com sont disponibles dans plus de 40 langues et proposent 1 505 278 \u00e9tablissements r\u00e9partis dans 122 506 destinations de 229 pays et territoires.<\/p>\r\n<p style=\"text-align: center;\">Chaque jour, plus de 1 500 000 de nuits sont r\u00e9serv\u00e9es sur notre plateforme. Que vous voyagiez pour affaires ou pour loisirs, vous pouvez r\u00e9server imm\u00e9diatement et en toute simplicit\u00e9 l&#8217;h\u00e9bergement de vos r\u00eaves sur Booking.com, sans payer de frais de r\u00e9servation et en ayant la garantie que nous ajustons nos tarifs si vous trouvez moins cher ailleurs. Le Service Clients exp\u00e9riment\u00e9 de Booking.com est \u00e0 votre enti\u00e8re disposition 24h\/24 et 7j\/7 dans plus de 40 langues.<\/p>\r[\/et_pb_text][\/et_pb_column][\/et_pb_row][\/et_pb_section][et_pb_section fb_built=&#8221;1&#8243; background_color=&#8221;#f3f3f3&#8243; _builder_version=&#8221;3.0.69&#8243;][et_pb_row _builder_version=&#8221;3.0.85&#8243;][et_pb_column type=&#8221;2_3&#8243; _builder_version=&#8221;3.0.47&#8243; parallax=&#8221;off&#8221; parallax_method=&#8221;on&#8221;][et_pb_blurb title=&#8221;POURQUOI UTILISER BOOKING.COM&#8221; use_icon=&#8221;on&#8221; use_circle=&#8221;on&#8221; circle_color=&#8221;#ffffff&#8221; _builder_version=&#8221;3.0.85&#8243; header_font_size=&#8221;26px&#8221; background_color=&#8221;#ffffff&#8221; text_orientation=&#8221;center&#8221; custom_margin=&#8221;|||&#8221; custom_padding=&#8221;30px|30px|60px|30px&#8221; box_shadow_style=&#8221;preset2&#8243;]<p style=\"text-align: center;\">Les sites de r\u00e9servation d&#8217;h\u00f4tels tels que Booking.com sont parfaits lorsque vous r\u00e9servez une auberge ou un appartement pour la premi\u00e8re fois, par exemple si vous venez tout juste de d\u00e9m\u00e9nager en Allemagne.<\/p>\r\n<p style=\"text-align: center;\">En effet, ce site dispose d&#8217;un bon syst\u00e8me de notation et permet aux clients de laisser un commentaire apr\u00e8s leur s\u00e9jour. Cela vous donne beaucoup met bien plus en confiance lors de la r\u00e9servation d&#8217;un logement.<\/p>\r\n<p style=\"text-align: center;\">Aussi, sachez que parfois vous pouvez trouver des prix moins chers sur booking.com, surtout si vous \u00eates un membre \u00ab\u00a0Genius\u00a0\u00bb. En effet, Booking Genius est un programme de prestations offert aux clients les plus fid\u00e8les. En tant que membre Genius, vous b\u00e9n\u00e9ficiez de 10% de r\u00e9duction sur les meilleurs tarifs disponibles.<\/p>\r[\/et_pb_blurb][\/et_pb_column][et_pb_column type=&#8221;1_3&#8243; _builder_version=&#8221;3.0.47&#8243; parallax=&#8221;off&#8221; parallax_method=&#8221;on&#8221;][et_pb_sidebar orientation=&#8221;right&#8221; area=&#8221;et_pb_widget_area_1&#8243; show_border=&#8221;off&#8221; _builder_version=&#8221;3.0.100&#8243; background_color=&#8221;#8dc153&#8243; box_shadow_style=&#8221;preset2&#8243;][\/et_pb_sidebar][\/et_pb_column][\/et_pb_row][\/et_pb_section]\n","protected":false},"excerpt":{"rendered":"<p>Auberges, h\u00f4tels, chambres d&#8217;h\u00f4tes et appartements pour vos premi\u00e8res nuits en Allemagne. Trouver un endroit o\u00f9 passer vos premi\u00e8res nuits en Allemagne Si vous d\u00e9m\u00e9nagez en Allemagne, vous aurez besoin d&#8217;un h\u00e9bergement temporaire pendant votre recherche de logement permanent. L&#8217;h\u00e9bergement temporaire est une excellente option si vous avez besoin d&#8217;un endroit o\u00f9 s\u00e9journer jusqu&#8217;\u00e0 ce [&hellip;]<\/p>\n","protected":false},"author":1,"featured_media":0,"parent":6722,"menu_order":0,"comment_status":"closed","ping_status":"closed","template":"","meta":{"_et_pb_use_builder":"on","_et_pb_old_content":"","_et_gb_content_width":"","_bos_mb_destination":["Berlin"],"footnotes":""},"class_list":["post-6740","page","type-page","status-publish"],"yoast_head":"<!-- This site is optimized with the Yoast SEO plugin v26.8 - https:\/\/yoast.com\/product\/yoast-seo-wordpress\/ -->\n<title>Recherche d&#039;un logement temporaire en Allemagne - myGermanExpert<\/title>\n<meta name=\"description\" content=\"Si vous d\u00e9m\u00e9nagez en Allemagne, vous aurez besoin d\u2019un h\u00e9bergement temporaire pendant votre recherche de logement permanent. Trouvez une auberge maintenant.\" \/>\n<meta name=\"robots\" content=\"index, follow, max-snippet:-1, max-image-preview:large, max-video-preview:-1\" \/>\n<link rel=\"canonical\" href=\"https:\/\/www.mygermanexpert.com\/fr\/services\/germany-hostels\/\" \/>\n<meta property=\"og:locale\" content=\"fr_FR\" \/>\n<meta property=\"og:type\" content=\"article\" \/>\n<meta property=\"og:title\" content=\"Recherche d&#039;un logement temporaire en Allemagne - myGermanExpert\" \/>\n<meta property=\"og:description\" content=\"Si vous d\u00e9m\u00e9nagez en Allemagne, vous aurez besoin d\u2019un h\u00e9bergement temporaire pendant votre recherche de logement permanent. Trouvez une auberge maintenant.\" \/>\n<meta property=\"og:url\" content=\"https:\/\/www.mygermanexpert.com\/fr\/services\/germany-hostels\/\" \/>\n<meta property=\"og:site_name\" content=\"myGermanExpert\" \/>\n<meta property=\"article:publisher\" content=\"https:\/\/www.facebook.com\/mygermanexpert\" \/>\n<meta property=\"article:modified_time\" content=\"2020-04-02T11:11:32+00:00\" \/>\n<meta property=\"og:image\" content=\"https:\/\/www.mygermanexpert.com\/wp-content\/uploads\/2017\/11\/MGE-Logo.png\" \/>\n\t<meta property=\"og:image:width\" content=\"200\" \/>\n\t<meta property=\"og:image:height\" content=\"200\" \/>\n\t<meta property=\"og:image:type\" content=\"image\/png\" \/>\n<meta name=\"twitter:card\" content=\"summary_large_image\" \/>\n<meta name=\"twitter:site\" content=\"@mygermanexpert\" \/>\n<meta name=\"twitter:label1\" content=\"Dur\u00e9e de lecture estim\u00e9e\" \/>\n\t<meta name=\"twitter:data1\" content=\"5 minutes\" \/>\n<script type=\"application\/ld+json\" class=\"yoast-schema-graph\">{\"@context\":\"https:\/\/schema.org\",\"@graph\":[{\"@type\":\"WebPage\",\"@id\":\"https:\/\/www.mygermanexpert.com\/fr\/services\/germany-hostels\/\",\"url\":\"https:\/\/www.mygermanexpert.com\/fr\/services\/germany-hostels\/\",\"name\":\"Recherche d'un logement temporaire en Allemagne - myGermanExpert\",\"isPartOf\":{\"@id\":\"https:\/\/www.mygermanexpert.com\/#website\"},\"datePublished\":\"2017-05-10T18:37:48+00:00\",\"dateModified\":\"2020-04-02T11:11:32+00:00\",\"description\":\"Si vous d\u00e9m\u00e9nagez en Allemagne, vous aurez besoin d\u2019un h\u00e9bergement temporaire pendant votre recherche de logement permanent. Trouvez une auberge maintenant.\",\"breadcrumb\":{\"@id\":\"https:\/\/www.mygermanexpert.com\/fr\/services\/germany-hostels\/#breadcrumb\"},\"inLanguage\":\"fr-FR\",\"potentialAction\":[{\"@type\":\"ReadAction\",\"target\":[\"https:\/\/www.mygermanexpert.com\/fr\/services\/germany-hostels\/\"]}]},{\"@type\":\"BreadcrumbList\",\"@id\":\"https:\/\/www.mygermanexpert.com\/fr\/services\/germany-hostels\/#breadcrumb\",\"itemListElement\":[{\"@type\":\"ListItem\",\"position\":1,\"name\":\"Home\",\"item\":\"https:\/\/www.mygermanexpert.com\/fr\/\"},{\"@type\":\"ListItem\",\"position\":2,\"name\":\"Services\",\"item\":\"https:\/\/www.mygermanexpert.com\/fr\/services\/\"},{\"@type\":\"ListItem\",\"position\":3,\"name\":\"Recherche de logement\"}]},{\"@type\":\"WebSite\",\"@id\":\"https:\/\/www.mygermanexpert.com\/#website\",\"url\":\"https:\/\/www.mygermanexpert.com\/\",\"name\":\"myGermanExpert\",\"description\":\"\",\"publisher\":{\"@id\":\"https:\/\/www.mygermanexpert.com\/#organization\"},\"potentialAction\":[{\"@type\":\"SearchAction\",\"target\":{\"@type\":\"EntryPoint\",\"urlTemplate\":\"https:\/\/www.mygermanexpert.com\/?s={search_term_string}\"},\"query-input\":{\"@type\":\"PropertyValueSpecification\",\"valueRequired\":true,\"valueName\":\"search_term_string\"}}],\"inLanguage\":\"fr-FR\"},{\"@type\":\"Organization\",\"@id\":\"https:\/\/www.mygermanexpert.com\/#organization\",\"name\":\"myGermanExpert\",\"url\":\"https:\/\/www.mygermanexpert.com\/\",\"logo\":{\"@type\":\"ImageObject\",\"inLanguage\":\"fr-FR\",\"@id\":\"https:\/\/www.mygermanexpert.com\/#\/schema\/logo\/image\/\",\"url\":\"https:\/\/www.mygermanexpert.com\/wp-content\/uploads\/2017\/11\/MGE-Logo.png\",\"contentUrl\":\"https:\/\/www.mygermanexpert.com\/wp-content\/uploads\/2017\/11\/MGE-Logo.png\",\"width\":200,\"height\":200,\"caption\":\"myGermanExpert\"},\"image\":{\"@id\":\"https:\/\/www.mygermanexpert.com\/#\/schema\/logo\/image\/\"},\"sameAs\":[\"https:\/\/www.facebook.com\/mygermanexpert\",\"https:\/\/x.com\/mygermanexpert\",\"https:\/\/www.linkedin.com\/company\/mygermanexpert\",\"https:\/\/www.youtube.com\/c\/myGermanExpert\"]}]}<\/script>\n<!-- \/ Yoast SEO plugin. -->","yoast_head_json":{"title":"Recherche d'un logement temporaire en Allemagne - myGermanExpert","description":"Si vous d\u00e9m\u00e9nagez en Allemagne, vous aurez besoin d\u2019un h\u00e9bergement temporaire pendant votre recherche de logement permanent. Trouvez une auberge maintenant.","robots":{"index":"index","follow":"follow","max-snippet":"max-snippet:-1","max-image-preview":"max-image-preview:large","max-video-preview":"max-video-preview:-1"},"canonical":"https:\/\/www.mygermanexpert.com\/fr\/services\/germany-hostels\/","og_locale":"fr_FR","og_type":"article","og_title":"Recherche d'un logement temporaire en Allemagne - myGermanExpert","og_description":"Si vous d\u00e9m\u00e9nagez en Allemagne, vous aurez besoin d\u2019un h\u00e9bergement temporaire pendant votre recherche de logement permanent. Trouvez une auberge maintenant.","og_url":"https:\/\/www.mygermanexpert.com\/fr\/services\/germany-hostels\/","og_site_name":"myGermanExpert","article_publisher":"https:\/\/www.facebook.com\/mygermanexpert","article_modified_time":"2020-04-02T11:11:32+00:00","og_image":[{"width":200,"height":200,"url":"https:\/\/www.mygermanexpert.com\/wp-content\/uploads\/2017\/11\/MGE-Logo.png","type":"image\/png"}],"twitter_card":"summary_large_image","twitter_site":"@mygermanexpert","twitter_misc":{"Dur\u00e9e de lecture estim\u00e9e":"5 minutes"},"schema":{"@context":"https:\/\/schema.org","@graph":[{"@type":"WebPage","@id":"https:\/\/www.mygermanexpert.com\/fr\/services\/germany-hostels\/","url":"https:\/\/www.mygermanexpert.com\/fr\/services\/germany-hostels\/","name":"Recherche d'un logement temporaire en Allemagne - myGermanExpert","isPartOf":{"@id":"https:\/\/www.mygermanexpert.com\/#website"},"datePublished":"2017-05-10T18:37:48+00:00","dateModified":"2020-04-02T11:11:32+00:00","description":"Si vous d\u00e9m\u00e9nagez en Allemagne, vous aurez besoin d\u2019un h\u00e9bergement temporaire pendant votre recherche de logement permanent. Trouvez une auberge maintenant.","breadcrumb":{"@id":"https:\/\/www.mygermanexpert.com\/fr\/services\/germany-hostels\/#breadcrumb"},"inLanguage":"fr-FR","potentialAction":[{"@type":"ReadAction","target":["https:\/\/www.mygermanexpert.com\/fr\/services\/germany-hostels\/"]}]},{"@type":"BreadcrumbList","@id":"https:\/\/www.mygermanexpert.com\/fr\/services\/germany-hostels\/#breadcrumb","itemListElement":[{"@type":"ListItem","position":1,"name":"Home","item":"https:\/\/www.mygermanexpert.com\/fr\/"},{"@type":"ListItem","position":2,"name":"Services","item":"https:\/\/www.mygermanexpert.com\/fr\/services\/"},{"@type":"ListItem","position":3,"name":"Recherche de logement"}]},{"@type":"WebSite","@id":"https:\/\/www.mygermanexpert.com\/#website","url":"https:\/\/www.mygermanexpert.com\/","name":"myGermanExpert","description":"","publisher":{"@id":"https:\/\/www.mygermanexpert.com\/#organization"},"potentialAction":[{"@type":"SearchAction","target":{"@type":"EntryPoint","urlTemplate":"https:\/\/www.mygermanexpert.com\/?s={search_term_string}"},"query-input":{"@type":"PropertyValueSpecification","valueRequired":true,"valueName":"search_term_string"}}],"inLanguage":"fr-FR"},{"@type":"Organization","@id":"https:\/\/www.mygermanexpert.com\/#organization","name":"myGermanExpert","url":"https:\/\/www.mygermanexpert.com\/","logo":{"@type":"ImageObject","inLanguage":"fr-FR","@id":"https:\/\/www.mygermanexpert.com\/#\/schema\/logo\/image\/","url":"https:\/\/www.mygermanexpert.com\/wp-content\/uploads\/2017\/11\/MGE-Logo.png","contentUrl":"https:\/\/www.mygermanexpert.com\/wp-content\/uploads\/2017\/11\/MGE-Logo.png","width":200,"height":200,"caption":"myGermanExpert"},"image":{"@id":"https:\/\/www.mygermanexpert.com\/#\/schema\/logo\/image\/"},"sameAs":["https:\/\/www.facebook.com\/mygermanexpert","https:\/\/x.com\/mygermanexpert","https:\/\/www.linkedin.com\/company\/mygermanexpert","https:\/\/www.youtube.com\/c\/myGermanExpert"]}]}},"_links":{"self":[{"href":"https:\/\/www.mygermanexpert.com\/fr\/wp-json\/wp\/v2\/pages\/6740","targetHints":{"allow":["GET"]}}],"collection":[{"href":"https:\/\/www.mygermanexpert.com\/fr\/wp-json\/wp\/v2\/pages"}],"about":[{"href":"https:\/\/www.mygermanexpert.com\/fr\/wp-json\/wp\/v2\/types\/page"}],"author":[{"embeddable":true,"href":"https:\/\/www.mygermanexpert.com\/fr\/wp-json\/wp\/v2\/users\/1"}],"replies":[{"embeddable":true,"href":"https:\/\/www.mygermanexpert.com\/fr\/wp-json\/wp\/v2\/comments?post=6740"}],"version-history":[{"count":3,"href":"https:\/\/www.mygermanexpert.com\/fr\/wp-json\/wp\/v2\/pages\/6740\/revisions"}],"predecessor-version":[{"id":17195,"href":"https:\/\/www.mygermanexpert.com\/fr\/wp-json\/wp\/v2\/pages\/6740\/revisions\/17195"}],"up":[{"embeddable":true,"href":"https:\/\/www.mygermanexpert.com\/fr\/wp-json\/wp\/v2\/pages\/6722"}],"wp:attachment":[{"href":"https:\/\/www.mygermanexpert.com\/fr\/wp-json\/wp\/v2\/media?parent=6740"}],"curies":[{"name":"wp","href":"https:\/\/api.w.org\/{rel}","templated":true}]}}