{"id":6725,"date":"2016-09-06T14:41:24","date_gmt":"2016-09-06T12:41:24","guid":{"rendered":"https:\/\/www.mygermanexpert.com\/myaccount\/"},"modified":"2020-04-02T13:55:56","modified_gmt":"2020-04-02T11:55:56","slug":"myaccount","status":"publish","type":"page","link":"https:\/\/www.mygermanexpert.com\/fr\/myaccount\/","title":{"rendered":"Mes formulaires"},"content":{"rendered":"\n[et_pb_section fb_built=&#8221;1&#8243; fullwidth=&#8221;on&#8221; admin_label=&#8221;section&#8221; _builder_version=&#8221;3.5.1&#8243; background_color=&#8221;#8dc153&#8243;][et_pb_fullwidth_slider _builder_version=&#8221;3.5.1&#8243; header_text_color=&#8221;#ffffff&#8221; body_text_color=&#8221;#f3f3f3&#8243; background_color=&#8221;#8dc153&#8243; custom_padding=&#8221;|||&#8221;][et_pb_slide heading=&#8221;Mes Formulaires&#8221; image=&#8221;https:\/\/www.mygermanexpert.com\/wp-content\/uploads\/2017\/08\/Header-Icons-33.png&#8221; use_bg_overlay=&#8221;off&#8221; use_text_overlay=&#8221;off&#8221; _builder_version=&#8221;3.5.1&#8243; button_on_hover=&#8221;on&#8221;]Connectez-vous \u00e0 votre compte et remplissez votre formulaire Anmeldung en fran\u00e7ais.\r[\/et_pb_slide][\/et_pb_fullwidth_slider][\/et_pb_section][et_pb_section fb_built=&#8221;1&#8243; admin_label=&#8221;section&#8221; _builder_version=&#8221;3.0.74&#8243; background_color=&#8221;rgba(255,255,255,0)&#8221; transparent_background=&#8221;on&#8221;][et_pb_row padding_top_1=&#8221;15px&#8221; padding_right_1=&#8221;15px&#8221; padding_left_1=&#8221;15px&#8221; _builder_version=&#8221;3.5.1&#8243; background_color=&#8221;#f3f3f3&#8243; box_shadow_style=&#8221;preset2&#8243;][et_pb_column type=&#8221;4_4&#8243; _builder_version=&#8221;3.0.47&#8243; padding_left=&#8221;15px&#8221; padding_right=&#8221;15px&#8221; padding_top=&#8221;15px&#8221; parallax=&#8221;off&#8221; parallax_method=&#8221;on&#8221;][et_pb_blurb use_icon=&#8221;on&#8221; font_icon=&#8221;%%93%%&#8221; use_circle=&#8221;on&#8221; circle_color=&#8221;#ffffff&#8221; use_circle_border=&#8221;on&#8221; _builder_version=&#8221;3.14&#8243; custom_padding=&#8221;25px|25px|25px|25px&#8221;]<h1 style=\"text-align: center;\">S&#8217;INSCRIRE<\/h1>\n<p style=\"text-align: center;\">Nouveau client\u00a0?<\/p>\n<p style=\"text-align: center;\">Inscrivez-vous et acc\u00e9dez \u00e0 votre formulaire d&#8217;Anmeldung permettant d&#8217;habiter et de travailler en Allemagne. Saisissez les informations en\u00a0fran\u00e7ais et recevez imm\u00e9diatement et GRATUITEMENT le formulaire rempli traduit automatiquement en allemand. Puis remettez-le \u00e0 votre B\u00fcrgeramt\/B\u00fcrgerb\u00fcro le plus proche pour d\u00e9clarer votre domicile et obtenir, 2 \u00e0 3 semaines plus tard, votre num\u00e9ro d&#8217;identification fiscale.<\/p>\n<p style=\"text-align: center;\">Les sections marqu\u00e9es par (*) sont obligatoires. Nous ne vous demandons pas de divulguer plus d&#8217;informations qu&#8217;il n&#8217;est raisonnablement n\u00e9cessaire pour remplir le formulaire demand\u00e9.<\/p>\n<p style=\"text-align: center;\">Les donn\u00e9es ins\u00e9r\u00e9es sur le formulaire d&#8217;Anmeldung ne sont collect\u00e9es que dans votre session active existante et uniquement apr\u00e8s avoir cliqu\u00e9 sur le bouton &#8220;SAUVEGARDER&#8221;. Vos donn\u00e9es personnelles ne seront pas collect\u00e9es \u2014 \u00e0 l&#8217;exception de l&#8217;adresse e-mail, du mot de passe (crypt\u00e9) et de la ville d&#8217;enregistrement, qui sont n\u00e9cessaires pour utiliser le service \u2014 et seront effac\u00e9es de votre compte d\u00e8s que vous (1) recevrez le formulaire par e-mail ou (2) vous d\u00e9connecterez de votre compte, ou (3) fermerez l&#8217;onglet du navigateur.<\/p>\n<p style=\"text-align: center;\">Une fois le processus termin\u00e9, la version finale du formulaire \u2014 rempli totalement en allemand \u2014 et le dossier d&#8217;inscription gratuit vous seront instantan\u00e9ment envoy\u00e9s \u00e0 votre adresse \u00e9lectronique; et le formulaire sur votre compte sera automatiquement r\u00e9initialis\u00e9. En d&#8217;autres termes, la progression du formulaire sera toujours \u00e9gale \u00e0 0% chaque fois que vous acc\u00e9derez \u00e0 votre compte MGE.<\/p>\n[\/et_pb_blurb][\/et_pb_column][\/et_pb_row][et_pb_row custom_padding=&#8221;|||&#8221; padding_right_1=&#8221;15px&#8221; padding_bottom_1=&#8221;15px&#8221; padding_left_1=&#8221;15px&#8221; _builder_version=&#8221;3.5.1&#8243; background_color=&#8221;#f3f3f3&#8243; box_shadow_style=&#8221;preset2&#8243;][et_pb_column type=&#8221;4_4&#8243; _builder_version=&#8221;3.0.47&#8243; padding_bottom=&#8221;15px&#8221; padding_left=&#8221;15px&#8221; padding_right=&#8221;15px&#8221; parallax=&#8221;off&#8221; parallax_method=&#8221;on&#8221;][et_pb_code _builder_version=&#8221;3.0.83&#8243;]\n<div class=\"um um-register um-7559\">\n\t<div class=\"um-form\" data-mode=\"register\">\n\t\t<form method=\"post\" action=\"\">\n\t\t\t<div class=\"um-row _um_row_1 \" style=\"margin: 0 0 30px 0;\"><div class=\"um-col-1\"><div  id=\"um_field_7559_user_email\" class=\"um-field um-field-text  um-field-user_email um-field-text um-field-type_text\" data-key=\"user_email\"><div class=\"um-field-label\"><label for=\"user_email-7559\">Adresse e-mail<span class=\"um-req\" title=\"Obligatoire\">*<\/span><\/label><div class=\"um-clear\"><\/div><\/div><div class=\"um-field-area\"><input  autocomplete=\"off\" class=\"um-form-field valid \" type=\"text\" name=\"user_email-7559\" id=\"user_email-7559\" value=\"\" placeholder=\"\" data-validate=\"unique_email\" data-key=\"user_email\"  aria-invalid=\"false\" \/>\n\n\t\t\t\t\t\t<\/div><\/div><div  id=\"um_field_7559_username\" class=\"um-field um-field-text  um-field-username um-field-text um-field-type_text\" data-key=\"username\"><div class=\"um-field-label\"><label for=\"username-7559\">Confirmer l&#039;adresse e-mail<span class=\"um-req\" title=\"Obligatoire\">*<\/span><\/label><div class=\"um-clear\"><\/div><\/div><div class=\"um-field-area\"><input  autocomplete=\"off\" class=\"um-form-field valid \" type=\"text\" name=\"username-7559\" id=\"username-7559\" value=\"\" placeholder=\"\" data-validate=\"unique_email\" data-key=\"username\"  aria-invalid=\"false\" \/>\n\n\t\t\t\t\t\t<\/div><\/div><div  id=\"um_field_7559_user_password\" class=\"um-field um-field-password  um-field-user_password um-field-password um-field-type_password\" data-key=\"user_password\"><div class=\"um-field-label\"><label for=\"user_password-7559\">Mot de passe<span class=\"um-req\" title=\"Obligatoire\">*<\/span><\/label><span class=\"um-tip um-tip-w\" title=\"La longueur minimale du mot de passe doit \u00eatre de 8 caract\u00e8res.\"><i class=\"um-icon-help-circled\"><\/i><\/span><div class=\"um-clear\"><\/div><\/div><div class=\"um-field-area\"><input class=\"um-form-field valid \" type=\"password\" name=\"user_password-7559\" id=\"user_password-7559\" value=\"\" placeholder=\"\" data-validate=\"\" data-key=\"user_password\"  aria-invalid=\"false\" \/>\n\n\t\t\t\t\t\t\t<\/div><\/div><div  id=\"um_field_7559_verification_code\" class=\"um-field um-field-text  um-field-verification_code um-field-text um-field-type_text\" data-key=\"verification_code\"><div class=\"um-field-area\"><input  autocomplete=\"off\" class=\"um-form-field valid \" type=\"text\" name=\"verification_code-7559\" id=\"verification_code-7559\" value=\"\" placeholder=\"\" data-validate=\"\" data-key=\"verification_code\"  aria-invalid=\"false\" \/>\n\n\t\t\t\t\t\t<\/div><\/div><div  class=\"um-field um-field-block  um-field-block um-field-type_block\" data-key=\"um_block_5129_7\"><div id=\"recaptcha2\"><\/div><\/div><\/div><\/div>\t<input type=\"hidden\" name=\"form_id\" id=\"form_id_7559\" value=\"7559\" \/>\n\t\t<p class=\"um_request_name\">\n\t\t<label for=\"um_request_7559\">Only fill in if you are not human<\/label>\n\t\t<input type=\"hidden\" name=\"um_request\" id=\"um_request_7559\" class=\"input\" value=\"\" size=\"25\" autocomplete=\"off\" \/>\n\t<\/p>\n\t<input type=\"hidden\" id=\"_wpnonce\" name=\"_wpnonce\" value=\"2280512cdc\" \/><input type=\"hidden\" name=\"_wp_http_referer\" value=\"\/fr\/wp-json\/wp\/v2\/pages\/6725\" \/>\n\t<div class=\"um-col-alt\">\n\n\t\t\n\t\t\t<div class=\"um-center\">\n\t\t\t\t<input type=\"submit\" value=\"S&#039;inscrire\" class=\"um-button\" id=\"um-submit-btn\" \/>\n\t\t\t<\/div>\n\n\t\t\n\t\t<div class=\"um-clear\"><\/div>\n\n\t<\/div>\n\n\t\t\t<\/form>\n\t<\/div>\n<\/div>\n<style>\n\t\t\t.um-7559.um {\n\t\t\tmax-width: 450px;\n\t\t}\n\t\t<\/style>\n[\/et_pb_code][\/et_pb_column][\/et_pb_row][\/et_pb_section][et_pb_section fb_built=&#8221;1&#8243; _builder_version=&#8221;3.0.63&#8243;][et_pb_row custom_padding=&#8221;|||&#8221; padding_top_1=&#8221;15px&#8221; padding_right_1=&#8221;15px&#8221; padding_left_1=&#8221;15px&#8221; _builder_version=&#8221;3.5.1&#8243; background_color=&#8221;#f3f3f3&#8243; box_shadow_style=&#8221;preset2&#8243;][et_pb_column type=&#8221;4_4&#8243; _builder_version=&#8221;3.0.47&#8243; padding_left=&#8221;15px&#8221; padding_right=&#8221;15px&#8221; padding_top=&#8221;15px&#8221; parallax=&#8221;off&#8221; parallax_method=&#8221;on&#8221;][et_pb_blurb use_icon=&#8221;on&#8221; font_icon=&#8221;%%94%%&#8221; use_circle=&#8221;on&#8221; circle_color=&#8221;#ffffff&#8221; use_circle_border=&#8221;on&#8221; _builder_version=&#8221;3.0.83&#8243; text_orientation=&#8221;center&#8221; custom_padding=&#8221;25px|25px|25px|25px&#8221;]<h1 style=\"text-align: center;\">SE CONNECTER<\/h1>\r\n<p style=\"text-align: center;\">D\u00e9j\u00e0 inscrit\u00a0?<\/p>\r\n<p style=\"text-align: center;\">Connectez-vous pour acc\u00e9der \u00e0 votre formulaire d&#8217;Anmeldung. Saisissez les informations en fran\u00e7ais et recevez imm\u00e9diatement le formulaire rempli traduit automatiquement en allemand. Puis remettez-le \u00e0 votre B\u00fcrgeramt\/B\u00fcrgerb\u00fcro le plus proche pour d\u00e9clarer votre domicile et obtenir, 2 \u00e0 3 semaines plus tard, votre num\u00e9ro d&#8217;identification fiscale.<\/p>\r\n<p style=\"text-align: center;\">Les sections marqu\u00e9es par (*) sont obligatoires. Nous ne vous demandons pas de divulguer plus d&#8217;informations qu&#8217;il n&#8217;est raisonnablement n\u00e9cessaire pour remplir le formulaire demand\u00e9.<\/p>\r[\/et_pb_blurb][\/et_pb_column][\/et_pb_row][et_pb_row custom_padding=&#8221;|||&#8221; padding_right_1=&#8221;15px&#8221; padding_bottom_1=&#8221;15px&#8221; padding_left_1=&#8221;15px&#8221; _builder_version=&#8221;3.5.1&#8243; background_color=&#8221;#f3f3f3&#8243; background_size=&#8221;initial&#8221; background_position=&#8221;top_left&#8221; background_repeat=&#8221;repeat&#8221; box_shadow_style=&#8221;preset2&#8243;][et_pb_column type=&#8221;4_4&#8243; _builder_version=&#8221;3.0.47&#8243; padding_bottom=&#8221;15px&#8221; padding_left=&#8221;15px&#8221; padding_right=&#8221;15px&#8221; parallax=&#8221;off&#8221; parallax_method=&#8221;on&#8221;][et_pb_code _builder_version=&#8221;3.0.83&#8243;]\n<div class=\"um um-login um-7558\">\n\t<div class=\"um-form\">\n\t\t<form method=\"post\" action=\"\" autocomplete=\"off\">\n\t\t\t<div class=\"um-row _um_row_1 \" style=\"margin: 0 0 30px 0;\"><div class=\"um-col-1\"><div  id=\"um_field_7558_username\" class=\"um-field um-field-text  um-field-username um-field-text um-field-type_text\" data-key=\"username\"><div class=\"um-field-label\"><label for=\"username-7558\">Adresse e-mail<span class=\"um-req\" title=\"Obligatoire\">*<\/span><\/label><div class=\"um-clear\"><\/div><\/div><div class=\"um-field-area\"><input  autocomplete=\"off\" class=\"um-form-field valid \" type=\"text\" name=\"username-7558\" id=\"username-7558\" value=\"\" placeholder=\"\" data-validate=\"unique_email\" data-key=\"username\"  aria-invalid=\"false\" \/>\n\n\t\t\t\t\t\t<\/div><\/div><div  id=\"um_field_7558_user_password\" class=\"um-field um-field-password  um-field-user_password um-field-password um-field-type_password\" data-key=\"user_password\"><div class=\"um-field-label\"><label for=\"user_password-7558\">Mot de passe<span class=\"um-req\" title=\"Obligatoire\">*<\/span><\/label><span class=\"um-tip um-tip-w\" title=\"La longueur minimale du mot de passe doit \u00eatre de 8 caract\u00e8res.\"><i class=\"um-icon-help-circled\"><\/i><\/span><div class=\"um-clear\"><\/div><\/div><div class=\"um-field-area\"><input class=\"um-form-field valid \" type=\"password\" name=\"user_password-7558\" id=\"user_password-7558\" value=\"\" placeholder=\"\" data-validate=\"\" data-key=\"user_password\"  aria-invalid=\"false\" \/>\n\n\t\t\t\t\t\t\t<\/div><\/div><div  class=\"um-field um-field-block  um-field-block um-field-type_block\" data-key=\"um_block_5125_4\"><div id=\"recaptcha1\"><\/div><\/div><\/div><\/div>\t<input type=\"hidden\" name=\"form_id\" id=\"form_id_7558\" value=\"7558\" \/>\n\t\t<p class=\"um_request_name\">\n\t\t<label for=\"um_request_7558\">Only fill in if you are not human<\/label>\n\t\t<input type=\"hidden\" name=\"um_request\" id=\"um_request_7558\" class=\"input\" value=\"\" size=\"25\" autocomplete=\"off\" \/>\n\t<\/p>\n\t<input type=\"hidden\" id=\"_wpnonce\" name=\"_wpnonce\" value=\"5ee0d3b0c0\" \/><input type=\"hidden\" name=\"_wp_http_referer\" value=\"\/fr\/wp-json\/wp\/v2\/pages\/6725\" \/>\n\t<div class=\"um-col-alt\">\n\n\t\t\n\t\t\t<div class=\"um-center\">\n\t\t\t\t<input type=\"submit\" value=\"Se connecter\" class=\"um-button\" id=\"um-submit-btn\" \/>\n\t\t\t<\/div>\n\n\t\t\n\t\t<div class=\"um-clear\"><\/div>\n\n\t<\/div>\n\n\t\n\t<div class=\"um-col-alt-b\">\n\t\t<a href=\"https:\/\/www.mygermanexpert.com\/fr\/password-reset\/\" class=\"um-link-alt\">\n\t\t\tMot de passe oubli\u00e9\u00a0?\t\t<\/a>\n\t<\/div>\n\n\t\t\t<\/form>\n\t<\/div>\n<\/div>\n[\/et_pb_code][\/et_pb_column][\/et_pb_row][\/et_pb_section]\n","protected":false},"excerpt":{"rendered":"<p>Connectez-vous \u00e0 votre compte et remplissez votre formulaire Anmeldung en fran\u00e7ais. S&#8217;INSCRIRE Nouveau client\u00a0? Inscrivez-vous et acc\u00e9dez \u00e0 votre formulaire d&#8217;Anmeldung permettant d&#8217;habiter et de travailler en Allemagne. Saisissez les informations en\u00a0fran\u00e7ais et recevez imm\u00e9diatement et GRATUITEMENT le formulaire rempli traduit automatiquement en allemand. Puis remettez-le \u00e0 votre B\u00fcrgeramt\/B\u00fcrgerb\u00fcro le plus proche pour d\u00e9clarer votre [&hellip;]<\/p>\n","protected":false},"author":31,"featured_media":19273,"parent":0,"menu_order":0,"comment_status":"closed","ping_status":"closed","template":"","meta":{"_et_pb_use_builder":"on","_et_pb_old_content":"<p>[tm_pb_section admin_label=\"section\" transparent_background=\"on\" allow_player_pause=\"off\" inner_shadow=\"off\" parallax=\"off\" parallax_method=\"off\" custom_padding=\"120px||120px|\" padding_mobile=\"on\" make_fullwidth=\"off\" use_custom_width=\"off\" width_unit=\"on\" make_equal=\"off\" use_custom_gutter=\"off\"][tm_pb_row admin_label=\"row\"][tm_pb_column type=\"4_4\"][tm_pb_taxonomy admin_label=\"Taxonomy\" terms_type=\"category\" category=\"11,12,10,13,3,14\" title_delimiter=\"off\" post_count=\"on\" more=\"off\" layout_type=\"grid\" padding=\"50\" more_text=\"View now!\" description_length=\"0\"] [\/tm_pb_taxonomy][tm_pb_divider admin_label=\"Divider\" color=\"#ececee\" show_divider=\"on\" divider_style=\"solid\" custom_margin=\"60px||110px|\"] [\/tm_pb_divider][tm_pb_taxonomy admin_label=\"Taxonomy\" terms_type=\"category\" category=\"11,12,10,13,3\" title_delimiter=\"off\" post_count=\"on\" more=\"off\" layout_type=\"tiles\" padding=\"50\" more_text=\"View now!\" description_length=\"0\"] [\/tm_pb_taxonomy][\/tm_pb_column][\/tm_pb_row][\/tm_pb_section]<\/p>","_et_gb_content_width":"","_bos_mb_destination":[""],"footnotes":""},"class_list":["post-6725","page","type-page","status-publish","has-post-thumbnail"],"yoast_head":"<!-- This site is optimized with the Yoast SEO plugin v26.8 - https:\/\/yoast.com\/product\/yoast-seo-wordpress\/ -->\n<title>Remplir le formulaire d&#039;Anmeldung pour se d\u00e9clarer en Allemagne - myGermanExpert<\/title>\n<meta name=\"description\" content=\"Notre service en ligne a \u00e9t\u00e9 con\u00e7u pour faciliter la demande d&#039;Anmeldung. Entrez les informations en fran\u00e7ais et recevez le formulaire rempli en allemand.\" \/>\n<meta name=\"robots\" content=\"index, follow, max-snippet:-1, max-image-preview:large, max-video-preview:-1\" \/>\n<link rel=\"canonical\" href=\"https:\/\/www.mygermanexpert.com\/fr\/myaccount\/\" \/>\n<meta property=\"og:locale\" content=\"fr_FR\" \/>\n<meta property=\"og:type\" content=\"article\" \/>\n<meta property=\"og:title\" content=\"Remplir le formulaire d&#039;Anmeldung pour se d\u00e9clarer en Allemagne - myGermanExpert\" \/>\n<meta property=\"og:description\" content=\"Notre service en ligne a \u00e9t\u00e9 con\u00e7u pour faciliter la demande d&#039;Anmeldung. Entrez les informations en fran\u00e7ais et recevez le formulaire rempli en allemand.\" \/>\n<meta property=\"og:url\" content=\"https:\/\/www.mygermanexpert.com\/fr\/myaccount\/\" \/>\n<meta property=\"og:site_name\" content=\"myGermanExpert\" \/>\n<meta property=\"article:publisher\" content=\"https:\/\/www.facebook.com\/mygermanexpert\" \/>\n<meta property=\"article:modified_time\" content=\"2020-04-02T11:55:56+00:00\" \/>\n<meta property=\"og:image\" content=\"https:\/\/www.mygermanexpert.com\/wp-content\/uploads\/2021\/07\/Anmeldung-with-myGermanExpert.png\" \/>\n\t<meta property=\"og:image:width\" content=\"940\" \/>\n\t<meta property=\"og:image:height\" content=\"788\" \/>\n\t<meta property=\"og:image:type\" content=\"image\/png\" \/>\n<meta name=\"twitter:card\" content=\"summary_large_image\" \/>\n<meta name=\"twitter:site\" content=\"@mygermanexpert\" \/>\n<meta name=\"twitter:label1\" content=\"Dur\u00e9e de lecture estim\u00e9e\" \/>\n\t<meta name=\"twitter:data1\" content=\"4 minutes\" \/>\n<script type=\"application\/ld+json\" class=\"yoast-schema-graph\">{\"@context\":\"https:\/\/schema.org\",\"@graph\":[{\"@type\":\"WebPage\",\"@id\":\"https:\/\/www.mygermanexpert.com\/fr\/myaccount\/\",\"url\":\"https:\/\/www.mygermanexpert.com\/fr\/myaccount\/\",\"name\":\"Remplir le formulaire d'Anmeldung pour se d\u00e9clarer en Allemagne - myGermanExpert\",\"isPartOf\":{\"@id\":\"https:\/\/www.mygermanexpert.com\/#website\"},\"primaryImageOfPage\":{\"@id\":\"https:\/\/www.mygermanexpert.com\/fr\/myaccount\/#primaryimage\"},\"image\":{\"@id\":\"https:\/\/www.mygermanexpert.com\/fr\/myaccount\/#primaryimage\"},\"thumbnailUrl\":\"https:\/\/www.mygermanexpert.com\/wp-content\/uploads\/2021\/07\/Anmeldung-with-myGermanExpert.png\",\"datePublished\":\"2016-09-06T12:41:24+00:00\",\"dateModified\":\"2020-04-02T11:55:56+00:00\",\"description\":\"Notre service en ligne a \u00e9t\u00e9 con\u00e7u pour faciliter la demande d'Anmeldung. Entrez les informations en fran\u00e7ais et recevez le formulaire rempli en allemand.\",\"breadcrumb\":{\"@id\":\"https:\/\/www.mygermanexpert.com\/fr\/myaccount\/#breadcrumb\"},\"inLanguage\":\"fr-FR\",\"potentialAction\":[{\"@type\":\"ReadAction\",\"target\":[\"https:\/\/www.mygermanexpert.com\/fr\/myaccount\/\"]}]},{\"@type\":\"ImageObject\",\"inLanguage\":\"fr-FR\",\"@id\":\"https:\/\/www.mygermanexpert.com\/fr\/myaccount\/#primaryimage\",\"url\":\"https:\/\/www.mygermanexpert.com\/wp-content\/uploads\/2021\/07\/Anmeldung-with-myGermanExpert.png\",\"contentUrl\":\"https:\/\/www.mygermanexpert.com\/wp-content\/uploads\/2021\/07\/Anmeldung-with-myGermanExpert.png\",\"width\":940,\"height\":788,\"caption\":\"Anmeldung\"},{\"@type\":\"BreadcrumbList\",\"@id\":\"https:\/\/www.mygermanexpert.com\/fr\/myaccount\/#breadcrumb\",\"itemListElement\":[{\"@type\":\"ListItem\",\"position\":1,\"name\":\"Home\",\"item\":\"https:\/\/www.mygermanexpert.com\/fr\/\"},{\"@type\":\"ListItem\",\"position\":2,\"name\":\"Mes formulaires\"}]},{\"@type\":\"WebSite\",\"@id\":\"https:\/\/www.mygermanexpert.com\/#website\",\"url\":\"https:\/\/www.mygermanexpert.com\/\",\"name\":\"myGermanExpert\",\"description\":\"\",\"publisher\":{\"@id\":\"https:\/\/www.mygermanexpert.com\/#organization\"},\"potentialAction\":[{\"@type\":\"SearchAction\",\"target\":{\"@type\":\"EntryPoint\",\"urlTemplate\":\"https:\/\/www.mygermanexpert.com\/?s={search_term_string}\"},\"query-input\":{\"@type\":\"PropertyValueSpecification\",\"valueRequired\":true,\"valueName\":\"search_term_string\"}}],\"inLanguage\":\"fr-FR\"},{\"@type\":\"Organization\",\"@id\":\"https:\/\/www.mygermanexpert.com\/#organization\",\"name\":\"myGermanExpert\",\"url\":\"https:\/\/www.mygermanexpert.com\/\",\"logo\":{\"@type\":\"ImageObject\",\"inLanguage\":\"fr-FR\",\"@id\":\"https:\/\/www.mygermanexpert.com\/#\/schema\/logo\/image\/\",\"url\":\"https:\/\/www.mygermanexpert.com\/wp-content\/uploads\/2017\/11\/MGE-Logo.png\",\"contentUrl\":\"https:\/\/www.mygermanexpert.com\/wp-content\/uploads\/2017\/11\/MGE-Logo.png\",\"width\":200,\"height\":200,\"caption\":\"myGermanExpert\"},\"image\":{\"@id\":\"https:\/\/www.mygermanexpert.com\/#\/schema\/logo\/image\/\"},\"sameAs\":[\"https:\/\/www.facebook.com\/mygermanexpert\",\"https:\/\/x.com\/mygermanexpert\",\"https:\/\/www.linkedin.com\/company\/mygermanexpert\",\"https:\/\/www.youtube.com\/c\/myGermanExpert\"]}]}<\/script>\n<!-- \/ Yoast SEO plugin. -->","yoast_head_json":{"title":"Remplir le formulaire d'Anmeldung pour se d\u00e9clarer en Allemagne - myGermanExpert","description":"Notre service en ligne a \u00e9t\u00e9 con\u00e7u pour faciliter la demande d'Anmeldung. Entrez les informations en fran\u00e7ais et recevez le formulaire rempli en allemand.","robots":{"index":"index","follow":"follow","max-snippet":"max-snippet:-1","max-image-preview":"max-image-preview:large","max-video-preview":"max-video-preview:-1"},"canonical":"https:\/\/www.mygermanexpert.com\/fr\/myaccount\/","og_locale":"fr_FR","og_type":"article","og_title":"Remplir le formulaire d'Anmeldung pour se d\u00e9clarer en Allemagne - myGermanExpert","og_description":"Notre service en ligne a \u00e9t\u00e9 con\u00e7u pour faciliter la demande d'Anmeldung. Entrez les informations en fran\u00e7ais et recevez le formulaire rempli en allemand.","og_url":"https:\/\/www.mygermanexpert.com\/fr\/myaccount\/","og_site_name":"myGermanExpert","article_publisher":"https:\/\/www.facebook.com\/mygermanexpert","article_modified_time":"2020-04-02T11:55:56+00:00","og_image":[{"width":940,"height":788,"url":"https:\/\/www.mygermanexpert.com\/wp-content\/uploads\/2021\/07\/Anmeldung-with-myGermanExpert.png","type":"image\/png"}],"twitter_card":"summary_large_image","twitter_site":"@mygermanexpert","twitter_misc":{"Dur\u00e9e de lecture estim\u00e9e":"4 minutes"},"schema":{"@context":"https:\/\/schema.org","@graph":[{"@type":"WebPage","@id":"https:\/\/www.mygermanexpert.com\/fr\/myaccount\/","url":"https:\/\/www.mygermanexpert.com\/fr\/myaccount\/","name":"Remplir le formulaire d'Anmeldung pour se d\u00e9clarer en Allemagne - myGermanExpert","isPartOf":{"@id":"https:\/\/www.mygermanexpert.com\/#website"},"primaryImageOfPage":{"@id":"https:\/\/www.mygermanexpert.com\/fr\/myaccount\/#primaryimage"},"image":{"@id":"https:\/\/www.mygermanexpert.com\/fr\/myaccount\/#primaryimage"},"thumbnailUrl":"https:\/\/www.mygermanexpert.com\/wp-content\/uploads\/2021\/07\/Anmeldung-with-myGermanExpert.png","datePublished":"2016-09-06T12:41:24+00:00","dateModified":"2020-04-02T11:55:56+00:00","description":"Notre service en ligne a \u00e9t\u00e9 con\u00e7u pour faciliter la demande d'Anmeldung. Entrez les informations en fran\u00e7ais et recevez le formulaire rempli en allemand.","breadcrumb":{"@id":"https:\/\/www.mygermanexpert.com\/fr\/myaccount\/#breadcrumb"},"inLanguage":"fr-FR","potentialAction":[{"@type":"ReadAction","target":["https:\/\/www.mygermanexpert.com\/fr\/myaccount\/"]}]},{"@type":"ImageObject","inLanguage":"fr-FR","@id":"https:\/\/www.mygermanexpert.com\/fr\/myaccount\/#primaryimage","url":"https:\/\/www.mygermanexpert.com\/wp-content\/uploads\/2021\/07\/Anmeldung-with-myGermanExpert.png","contentUrl":"https:\/\/www.mygermanexpert.com\/wp-content\/uploads\/2021\/07\/Anmeldung-with-myGermanExpert.png","width":940,"height":788,"caption":"Anmeldung"},{"@type":"BreadcrumbList","@id":"https:\/\/www.mygermanexpert.com\/fr\/myaccount\/#breadcrumb","itemListElement":[{"@type":"ListItem","position":1,"name":"Home","item":"https:\/\/www.mygermanexpert.com\/fr\/"},{"@type":"ListItem","position":2,"name":"Mes formulaires"}]},{"@type":"WebSite","@id":"https:\/\/www.mygermanexpert.com\/#website","url":"https:\/\/www.mygermanexpert.com\/","name":"myGermanExpert","description":"","publisher":{"@id":"https:\/\/www.mygermanexpert.com\/#organization"},"potentialAction":[{"@type":"SearchAction","target":{"@type":"EntryPoint","urlTemplate":"https:\/\/www.mygermanexpert.com\/?s={search_term_string}"},"query-input":{"@type":"PropertyValueSpecification","valueRequired":true,"valueName":"search_term_string"}}],"inLanguage":"fr-FR"},{"@type":"Organization","@id":"https:\/\/www.mygermanexpert.com\/#organization","name":"myGermanExpert","url":"https:\/\/www.mygermanexpert.com\/","logo":{"@type":"ImageObject","inLanguage":"fr-FR","@id":"https:\/\/www.mygermanexpert.com\/#\/schema\/logo\/image\/","url":"https:\/\/www.mygermanexpert.com\/wp-content\/uploads\/2017\/11\/MGE-Logo.png","contentUrl":"https:\/\/www.mygermanexpert.com\/wp-content\/uploads\/2017\/11\/MGE-Logo.png","width":200,"height":200,"caption":"myGermanExpert"},"image":{"@id":"https:\/\/www.mygermanexpert.com\/#\/schema\/logo\/image\/"},"sameAs":["https:\/\/www.facebook.com\/mygermanexpert","https:\/\/x.com\/mygermanexpert","https:\/\/www.linkedin.com\/company\/mygermanexpert","https:\/\/www.youtube.com\/c\/myGermanExpert"]}]}},"_links":{"self":[{"href":"https:\/\/www.mygermanexpert.com\/fr\/wp-json\/wp\/v2\/pages\/6725","targetHints":{"allow":["GET"]}}],"collection":[{"href":"https:\/\/www.mygermanexpert.com\/fr\/wp-json\/wp\/v2\/pages"}],"about":[{"href":"https:\/\/www.mygermanexpert.com\/fr\/wp-json\/wp\/v2\/types\/page"}],"author":[{"embeddable":true,"href":"https:\/\/www.mygermanexpert.com\/fr\/wp-json\/wp\/v2\/users\/31"}],"replies":[{"embeddable":true,"href":"https:\/\/www.mygermanexpert.com\/fr\/wp-json\/wp\/v2\/comments?post=6725"}],"version-history":[{"count":5,"href":"https:\/\/www.mygermanexpert.com\/fr\/wp-json\/wp\/v2\/pages\/6725\/revisions"}],"predecessor-version":[{"id":17209,"href":"https:\/\/www.mygermanexpert.com\/fr\/wp-json\/wp\/v2\/pages\/6725\/revisions\/17209"}],"wp:featuredmedia":[{"embeddable":true,"href":"https:\/\/www.mygermanexpert.com\/fr\/wp-json\/wp\/v2\/media\/19273"}],"wp:attachment":[{"href":"https:\/\/www.mygermanexpert.com\/fr\/wp-json\/wp\/v2\/media?parent=6725"}],"curies":[{"name":"wp","href":"https:\/\/api.w.org\/{rel}","templated":true}]}}