{"id":15500,"date":"2019-01-01T16:17:15","date_gmt":"2019-01-01T14:17:15","guid":{"rendered":"https:\/\/www.mygermanexpert.com\/services\/furnished-apartments\/"},"modified":"2020-02-21T12:38:30","modified_gmt":"2020-02-21T11:38:30","slug":"furnished-apartments","status":"publish","type":"page","link":"https:\/\/www.mygermanexpert.com\/fr\/services\/furnished-apartments\/","title":{"rendered":"Logements meubl\u00e9s"},"content":{"rendered":"\n[et_pb_section fb_built=&#8221;1&#8243; fullwidth=&#8221;on&#8221; admin_label=&#8221;section&#8221; _builder_version=&#8221;3.22&#8243;][et_pb_fullwidth_slider show_arrows=&#8221;off&#8221; show_pagination=&#8221;off&#8221; _builder_version=&#8221;4.3.2&#8243; header_text_color=&#8221;#ffffff&#8221; body_text_color=&#8221;#f3f3f3&#8243; button_rel=&#8221;off|off|on|off|off&#8221; custom_padding=&#8221;|||&#8221; custom_padding_tablet=&#8221;|||&#8221; custom_padding_phone=&#8221;|||&#8221; link_option_url_new_window=&#8221;on&#8221; hover_enabled=&#8221;0&#8243; box_shadow_style=&#8221;preset6&#8243; box_shadow_blur=&#8221;10px&#8221; box_shadow_color=&#8221;rgba(0,0,0,0.1)&#8221; button_text_size__hover_enabled=&#8221;off&#8221; button_one_text_size__hover_enabled=&#8221;off&#8221; button_two_text_size__hover_enabled=&#8221;off&#8221; button_text_color__hover_enabled=&#8221;off&#8221; button_one_text_color__hover_enabled=&#8221;off&#8221; button_two_text_color__hover_enabled=&#8221;off&#8221; button_border_width__hover_enabled=&#8221;off&#8221; button_one_border_width__hover_enabled=&#8221;off&#8221; button_two_border_width__hover_enabled=&#8221;off&#8221; button_border_color__hover_enabled=&#8221;off&#8221; button_one_border_color__hover_enabled=&#8221;off&#8221; button_two_border_color__hover_enabled=&#8221;off&#8221; button_border_radius__hover_enabled=&#8221;off&#8221; button_one_border_radius__hover_enabled=&#8221;off&#8221; button_two_border_radius__hover_enabled=&#8221;off&#8221; button_letter_spacing__hover_enabled=&#8221;off&#8221; button_one_letter_spacing__hover_enabled=&#8221;off&#8221; button_two_letter_spacing__hover_enabled=&#8221;off&#8221; button_bg_color__hover_enabled=&#8221;off&#8221; button_one_bg_color__hover_enabled=&#8221;off&#8221; button_two_bg_color__hover_enabled=&#8221;off&#8221;][et_pb_slide heading=&#8221;H\u00e9bergement \u00e0 long terme en Allemagne&#8221; button_text=&#8221;Trouver un logement&#8221; button_link=&#8221;https:\/\/www.mygermanexpert.com\/go\/nestpick-fr&#8221; url_new_window=&#8221;on&#8221; image=&#8221;https:\/\/www.mygermanexpert.com\/wp-content\/uploads\/2019\/01\/apartments-to-rent.png&#8221; use_bg_overlay=&#8221;off&#8221; use_text_overlay=&#8221;off&#8221; _builder_version=&#8221;4.3.2&#8243; button_rel=&#8221;off|off|on|off|off&#8221; link_option_url_new_window=&#8221;on&#8221; hover_enabled=&#8221;0&#8243; button_text_size__hover_enabled=&#8221;off&#8221; button_one_text_size__hover_enabled=&#8221;off&#8221; button_two_text_size__hover_enabled=&#8221;off&#8221; button_text_color__hover_enabled=&#8221;off&#8221; button_one_text_color__hover_enabled=&#8221;off&#8221; button_two_text_color__hover_enabled=&#8221;off&#8221; button_border_width__hover_enabled=&#8221;off&#8221; button_one_border_width__hover_enabled=&#8221;off&#8221; button_two_border_width__hover_enabled=&#8221;off&#8221; button_border_color__hover_enabled=&#8221;off&#8221; button_one_border_color__hover_enabled=&#8221;off&#8221; button_two_border_color__hover_enabled=&#8221;off&#8221; button_border_radius__hover_enabled=&#8221;off&#8221; button_one_border_radius__hover_enabled=&#8221;off&#8221; button_two_border_radius__hover_enabled=&#8221;off&#8221; button_letter_spacing__hover_enabled=&#8221;off&#8221; button_one_letter_spacing__hover_enabled=&#8221;off&#8221; button_two_letter_spacing__hover_enabled=&#8221;off&#8221; button_bg_color__hover_enabled=&#8221;off&#8221; button_one_bg_color__hover_enabled=&#8221;off&#8221; button_two_bg_color__hover_enabled=&#8221;off&#8221;]<p>Votre nouvelle maison en quelques clics avec notre partenaire Nestpick.<\/p>\n[\/et_pb_slide][\/et_pb_fullwidth_slider][\/et_pb_section][et_pb_section fb_built=&#8221;1&#8243; _builder_version=&#8221;4.3.2&#8243; background_color=&#8221;#f3f3f3&#8243; module_alignment=&#8221;center&#8221; custom_padding=&#8221;|||&#8221;][et_pb_row _builder_version=&#8221;4.3.2&#8243; module_alignment=&#8221;center&#8221;][et_pb_column type=&#8221;4_4&#8243; _builder_version=&#8221;4.3.2&#8243;][et_pb_text _builder_version=&#8221;4.3.2&#8243; text_font_size=&#8221;16px&#8221; text_orientation=&#8221;center&#8221; module_alignment=&#8221;center&#8221; hover_enabled=&#8221;0&#8243;]<h1 style=\"text-align: center;\">Installez-vous en Allemagne d\u00e8s le d\u00e9but<\/h1>\n<p style=\"text-align: center;\">\n<p style=\"text-align: center;\">Si vous d\u00e9m\u00e9nagez \u00e0 Berlin ou dans une autre ville d&#8217;Allemagne, vous devrez compl\u00e9ter l&#8217;Anmeldung (iscription en mairie) dans les 14 jours suivant votre d\u00e9m\u00e9nagement \u00e0 votre nouvelle adresse allemande afin de travailler, \u00e9tudier ou m\u00eame ouvrir un compte bancaire (plus d&#8217;informations <a href=\"https:\/\/www.mygermanexpert.com\/fr\/services\/bank-account\/\" target=\"_blank\" rel=\"noopener noreferrer\">ici<\/a>).<\/p>\n<p style=\"text-align: center;\">Avec Nestpick, vous pouvez r\u00e9server un h\u00e9bergement avant votre arriv\u00e9e.<\/p>\n<p style=\"text-align: center;\">Au cours du processus de r\u00e9servation, veuillez mentionner si vous devez effectuer l&#8217;Anmeldung (d\u00e9claration de logement) pour vous assurer que votre nouvel h\u00e9bergement l&#8217;autorise.<\/p>\n[\/et_pb_text][et_pb_button button_url=&#8221;https:\/\/www.mygermanexpert.com\/go\/nestpick-fr&#8221; url_new_window=&#8221;on&#8221; button_text=&#8221;Rechercher des appartements meubl\u00e9s&#8221; button_alignment=&#8221;center&#8221; disabled_on=&#8221;off|off|off&#8221; _builder_version=&#8221;4.3.2&#8243; animation_style=&#8221;zoom&#8221; hover_enabled=&#8221;0&#8243; box_shadow_style=&#8221;preset1&#8243;][\/et_pb_button][\/et_pb_column][\/et_pb_row][et_pb_row column_structure=&#8221;3_5,2_5&#8243; _builder_version=&#8221;4.3.2&#8243;][et_pb_column type=&#8221;3_5&#8243; _builder_version=&#8221;4.3.2&#8243;][et_pb_code _builder_version=&#8221;4.3.2&#8243; text_orientation=&#8221;center&#8221; module_alignment=&#8221;center&#8221; custom_margin=&#8221;||||false|false&#8221; custom_padding=&#8221;||||false|false&#8221;][ecm name=&#8217;Nestpick Widget&#8217;][\/et_pb_code][\/et_pb_column][et_pb_column type=&#8221;2_5&#8243; _builder_version=&#8221;4.3.2&#8243;][et_pb_image src=&#8221;https:\/\/www.mygermanexpert.com\/wp-content\/uploads\/2020\/02\/Nestpick-Logo.png&#8221; align=&#8221;right&#8221; disabled_on=&#8221;on|off|off&#8221; _builder_version=&#8221;4.3.2&#8243; box_shadow_style=&#8221;preset1&#8243;][\/et_pb_image][\/et_pb_column][\/et_pb_row][\/et_pb_section][et_pb_section fb_built=&#8221;1&#8243; _builder_version=&#8221;3.22&#8243;][et_pb_row make_equal=&#8221;on&#8221; _builder_version=&#8221;3.25&#8243;][et_pb_column type=&#8221;4_4&#8243; _builder_version=&#8221;3.25&#8243; custom_padding=&#8221;|||&#8221; custom_padding__hover=&#8221;|||&#8221;][et_pb_divider show_divider=&#8221;off&#8221; disabled_on=&#8221;on|on|off&#8221; _builder_version=&#8221;3.2&#8243;][\/et_pb_divider][et_pb_text _builder_version=&#8221;4.3.2&#8243; header_font_size=&#8221;26px&#8221; background_color=&#8221;#f3f3f3&#8243; custom_padding=&#8221;40px|40px|40px|40px&#8221; hover_enabled=&#8221;0&#8243; box_shadow_style=&#8221;preset1&#8243; box_shadow_color=&#8221;#8dc153&#8243;]<h1 style=\"text-align: center;\"><img loading=\"lazy\" decoding=\"async\" src=\"https:\/\/www.mygermanexpert.com\/wp-content\/uploads\/2020\/02\/Nestpick-Logo-225x222.png\" width=\"225\" height=\"222\" alt=\"Nestpick\" class=\"wp-image-16396 aligncenter size-thumbnail\" \/><\/h1>\n<h1 style=\"text-align: center;\">\u00c0 propos de Nestpick<\/h1>\n<p style=\"text-align: center;\">Nestpick est la plus grande plateforme de recherche de locations \u00e0 moyen et long terme.<\/p>\n<p style=\"text-align: center;\">Nestpick est la plus grande base de donn\u00e9es pour la location d&#8217;appartements meubl\u00e9s en Allemagne. Sur Nestpick, vous pouvez parcourir plus d&#8217;un million d&#8217;annonces de plus de 100 fournisseurs diff\u00e9rents, le tout en un seul endroit. Nestpick est un moteur de recherche gratuit qui vous aidera \u00e0 trouver votre chambre ou appartement \u00e0 louer \u00e0 Berlin, Hambourg, Munich, Francfort, Cologne et dans de nombreuses autres villes allemandes.<\/p>\n<p style=\"text-align: center;\">Vous cherchez des appartements meubl\u00e9s \u00e0 louer ? Nestpick vous aide ! Que vous recherchiez un appartement \u00e0 louer \u00e0 Berlin ou un studio \u00e0 louer \u00e0 Munich, choisissez parmi la plus grande s\u00e9lection de propri\u00e9t\u00e9s sur Nespick pour trouver votre prochaine maison.<\/p>\n<p style=\"text-align: center;\">Recherchez facilement la ville dans laquelle vous cherchez un logement et cliquez sur &#8220;Rechercher&#8221; ! Des appartements avec les prix du loyer, les commodit\u00e9s et les diff\u00e9rents quartiers vous seront pr\u00e9sent\u00e9s. De Berlin \u00e0 D\u00fcsseldorf, de Stuttgart \u00e0 Bonn, Nestpick vous propose diff\u00e9rents types d&#8217;h\u00e9bergements meubl\u00e9s tels que chambres, appartements, maisons, r\u00e9sidences \u00e9tudiantes et studios.<\/p>\n<p style=\"text-align: center;\">D\u00e9m\u00e9nager dans une nouvelle ville est toujours tr\u00e8s difficile et la premi\u00e8re, et principale, \u00e9tape du d\u00e9m\u00e9nagement est de trouver l&#8217;appartement parfait. Parce que Nestpick conna\u00eet le tracas d&#8217;un d\u00e9m\u00e9nagement, il veut rendre ce processus plus facile pour quiconque cherche un logement dans une nouvelle ville et souhaite offrir une plateforme afin que tout le monde pusisse comparer les appartements par prix de location, par emplacement, par type de mobilier, etc.<\/p>\n<p style=\"text-align: center;\">Si vous \u00eates \u00e9tudiant et \u00e0 la recherche d&#8217;une chambres meubl\u00e9e \u00e0 louer, c&#8217;est tes bien aussi ! Dans plus de 200 villes, Nestpick a des appartements \u00e9tudiants et des options de location de chambres meubl\u00e9es \u00e0 bas prix pour que vous puissiez prendre une d\u00e9cision. Recherchez et comparez maintenant avec Nestpick !<\/p>\n<p>&nbsp;<\/p>\n[\/et_pb_text][\/et_pb_column][\/et_pb_row][\/et_pb_section][et_pb_section fb_built=&#8221;1&#8243; disabled_on=&#8221;off|off|off&#8221; admin_label=&#8221;section BAnners Home&#8221; _builder_version=&#8221;4.3.2&#8243; background_color=&#8221;#f3f3f3&#8243; custom_padding=&#8221;|||&#8221;][et_pb_row disabled_on=&#8221;off|off|off&#8221; admin_label=&#8221;row&#8221; _builder_version=&#8221;4.3.2&#8243; background_color=&#8221;#8dc153&#8243; background_size=&#8221;initial&#8221; background_position=&#8221;top_left&#8221; background_repeat=&#8221;repeat&#8221; custom_padding=&#8221;0px||0px||false|false&#8221; animation_style=&#8221;bounce&#8221; box_shadow_style=&#8221;preset2&#8243;][et_pb_column type=&#8221;4_4&#8243; _builder_version=&#8221;3.25&#8243; custom_padding=&#8221;|||&#8221; custom_padding__hover=&#8221;|||&#8221;][et_pb_cta title=&#8221;Le plus grand moteur de recherche d&#8217;appartements meubl\u00e9s&#8221; button_url=&#8221;https:\/\/www.mygermanexpert.com\/go\/nestpick-fr&#8221; url_new_window=&#8221;on&#8221; button_text=&#8221;Trouver un logement&#8221; admin_label=&#8221;Call To Action Insurance Free Quote&#8221; _builder_version=&#8221;4.3.2&#8243; header_font=&#8221;||||||||&#8221; header_font_size=&#8221;30px&#8221; body_font=&#8221;||||||||&#8221; background_size=&#8221;initial&#8221; background_position=&#8221;top_left&#8221; background_repeat=&#8221;repeat&#8221; custom_button=&#8221;on&#8221; button_font=&#8221;||||||||&#8221; max_width=&#8221;100%&#8221; module_alignment=&#8221;center&#8221; link_option_url_new_window=&#8221;on&#8221; hover_enabled=&#8221;0&#8243; box_shadow_style_button=&#8221;preset1&#8243; button_text_size__hover_enabled=&#8221;off&#8221; button_one_text_size__hover_enabled=&#8221;off&#8221; button_two_text_size__hover_enabled=&#8221;off&#8221; button_text_color__hover_enabled=&#8221;off&#8221; button_one_text_color__hover_enabled=&#8221;off&#8221; button_two_text_color__hover_enabled=&#8221;off&#8221; button_border_width__hover_enabled=&#8221;off&#8221; button_one_border_width__hover_enabled=&#8221;off&#8221; button_two_border_width__hover_enabled=&#8221;off&#8221; button_border_color__hover_enabled=&#8221;off&#8221; button_one_border_color__hover_enabled=&#8221;off&#8221; button_two_border_color__hover_enabled=&#8221;off&#8221; button_border_radius__hover_enabled=&#8221;off&#8221; button_one_border_radius__hover_enabled=&#8221;off&#8221; button_two_border_radius__hover_enabled=&#8221;off&#8221; button_letter_spacing__hover_enabled=&#8221;off&#8221; button_one_letter_spacing__hover_enabled=&#8221;off&#8221; button_two_letter_spacing__hover_enabled=&#8221;off&#8221; button_bg_color__hover_enabled=&#8221;off&#8221; button_one_bg_color__hover_enabled=&#8221;off&#8221; button_two_bg_color__hover_enabled=&#8221;off&#8221;]<p>Recherchez facilement la ville dans laquelle vous cherchez un logement et cliquez sur &#8220;Rechercher&#8221; !<\/p>\n[\/et_pb_cta][\/et_pb_column][\/et_pb_row][\/et_pb_section]\n","protected":false},"excerpt":{"rendered":"<p>Votre nouvelle maison en quelques clics avec notre partenaire Nestpick. Installez-vous en Allemagne d\u00e8s le d\u00e9but Si vous d\u00e9m\u00e9nagez \u00e0 Berlin ou dans une autre ville d&#8217;Allemagne, vous devrez compl\u00e9ter l&#8217;Anmeldung (iscription en mairie) dans les 14 jours suivant votre d\u00e9m\u00e9nagement \u00e0 votre nouvelle adresse allemande afin de travailler, \u00e9tudier ou m\u00eame ouvrir un compte [&hellip;]<\/p>\n","protected":false},"author":4603,"featured_media":0,"parent":6722,"menu_order":0,"comment_status":"closed","ping_status":"closed","template":"","meta":{"_et_pb_use_builder":"on","_et_pb_old_content":"","_et_gb_content_width":"","_bos_mb_destination":[""],"footnotes":""},"class_list":["post-15500","page","type-page","status-publish"],"yoast_head":"<!-- This site is optimized with the Yoast SEO plugin v26.8 - https:\/\/yoast.com\/product\/yoast-seo-wordpress\/ -->\n<title>Logements meubl\u00e9s - myGermanExpert<\/title>\n<meta name=\"description\" content=\"Looking for an apartment for rent in Berlin or a flat to rent in Munich? Choose from our partner\u2019s widest selection of properties to find your next home.\" \/>\n<meta name=\"robots\" content=\"index, follow, max-snippet:-1, max-image-preview:large, max-video-preview:-1\" \/>\n<link rel=\"canonical\" href=\"https:\/\/www.mygermanexpert.com\/fr\/services\/furnished-apartments\/\" \/>\n<meta property=\"og:locale\" content=\"fr_FR\" \/>\n<meta property=\"og:type\" content=\"article\" \/>\n<meta property=\"og:title\" content=\"Logements meubl\u00e9s - myGermanExpert\" \/>\n<meta property=\"og:description\" content=\"Looking for an apartment for rent in Berlin or a flat to rent in Munich? Choose from our partner\u2019s widest selection of properties to find your next home.\" \/>\n<meta property=\"og:url\" content=\"https:\/\/www.mygermanexpert.com\/fr\/services\/furnished-apartments\/\" \/>\n<meta property=\"og:site_name\" content=\"myGermanExpert\" \/>\n<meta property=\"article:publisher\" content=\"https:\/\/www.facebook.com\/mygermanexpert\" \/>\n<meta property=\"article:modified_time\" content=\"2020-02-21T11:38:30+00:00\" \/>\n<meta property=\"og:image\" content=\"https:\/\/www.mygermanexpert.com\/wp-content\/uploads\/2020\/02\/Nestpick-Logo-225x222.png\" \/>\n<meta name=\"twitter:card\" content=\"summary_large_image\" \/>\n<meta name=\"twitter:site\" content=\"@mygermanexpert\" \/>\n<meta name=\"twitter:label1\" content=\"Dur\u00e9e de lecture estim\u00e9e\" \/>\n\t<meta name=\"twitter:data1\" content=\"7 minutes\" \/>\n<script type=\"application\/ld+json\" class=\"yoast-schema-graph\">{\"@context\":\"https:\/\/schema.org\",\"@graph\":[{\"@type\":\"WebPage\",\"@id\":\"https:\/\/www.mygermanexpert.com\/fr\/services\/furnished-apartments\/\",\"url\":\"https:\/\/www.mygermanexpert.com\/fr\/services\/furnished-apartments\/\",\"name\":\"Logements meubl\u00e9s - myGermanExpert\",\"isPartOf\":{\"@id\":\"https:\/\/www.mygermanexpert.com\/#website\"},\"primaryImageOfPage\":{\"@id\":\"https:\/\/www.mygermanexpert.com\/fr\/services\/furnished-apartments\/#primaryimage\"},\"image\":{\"@id\":\"https:\/\/www.mygermanexpert.com\/fr\/services\/furnished-apartments\/#primaryimage\"},\"thumbnailUrl\":\"https:\/\/www.mygermanexpert.com\/wp-content\/uploads\/2020\/02\/Nestpick-Logo-225x222.png\",\"datePublished\":\"2019-01-01T14:17:15+00:00\",\"dateModified\":\"2020-02-21T11:38:30+00:00\",\"description\":\"Looking for an apartment for rent in Berlin or a flat to rent in Munich? Choose from our partner\u2019s widest selection of properties to find your next home.\",\"breadcrumb\":{\"@id\":\"https:\/\/www.mygermanexpert.com\/fr\/services\/furnished-apartments\/#breadcrumb\"},\"inLanguage\":\"fr-FR\",\"potentialAction\":[{\"@type\":\"ReadAction\",\"target\":[\"https:\/\/www.mygermanexpert.com\/fr\/services\/furnished-apartments\/\"]}]},{\"@type\":\"ImageObject\",\"inLanguage\":\"fr-FR\",\"@id\":\"https:\/\/www.mygermanexpert.com\/fr\/services\/furnished-apartments\/#primaryimage\",\"url\":\"https:\/\/www.mygermanexpert.com\/wp-content\/uploads\/2020\/02\/Nestpick-Logo-225x222.png\",\"contentUrl\":\"https:\/\/www.mygermanexpert.com\/wp-content\/uploads\/2020\/02\/Nestpick-Logo-225x222.png\"},{\"@type\":\"BreadcrumbList\",\"@id\":\"https:\/\/www.mygermanexpert.com\/fr\/services\/furnished-apartments\/#breadcrumb\",\"itemListElement\":[{\"@type\":\"ListItem\",\"position\":1,\"name\":\"Home\",\"item\":\"https:\/\/www.mygermanexpert.com\/fr\/\"},{\"@type\":\"ListItem\",\"position\":2,\"name\":\"Services\",\"item\":\"https:\/\/www.mygermanexpert.com\/fr\/services\/\"},{\"@type\":\"ListItem\",\"position\":3,\"name\":\"Logements meubl\u00e9s\"}]},{\"@type\":\"WebSite\",\"@id\":\"https:\/\/www.mygermanexpert.com\/#website\",\"url\":\"https:\/\/www.mygermanexpert.com\/\",\"name\":\"myGermanExpert\",\"description\":\"\",\"publisher\":{\"@id\":\"https:\/\/www.mygermanexpert.com\/#organization\"},\"potentialAction\":[{\"@type\":\"SearchAction\",\"target\":{\"@type\":\"EntryPoint\",\"urlTemplate\":\"https:\/\/www.mygermanexpert.com\/?s={search_term_string}\"},\"query-input\":{\"@type\":\"PropertyValueSpecification\",\"valueRequired\":true,\"valueName\":\"search_term_string\"}}],\"inLanguage\":\"fr-FR\"},{\"@type\":\"Organization\",\"@id\":\"https:\/\/www.mygermanexpert.com\/#organization\",\"name\":\"myGermanExpert\",\"url\":\"https:\/\/www.mygermanexpert.com\/\",\"logo\":{\"@type\":\"ImageObject\",\"inLanguage\":\"fr-FR\",\"@id\":\"https:\/\/www.mygermanexpert.com\/#\/schema\/logo\/image\/\",\"url\":\"https:\/\/www.mygermanexpert.com\/wp-content\/uploads\/2017\/11\/MGE-Logo.png\",\"contentUrl\":\"https:\/\/www.mygermanexpert.com\/wp-content\/uploads\/2017\/11\/MGE-Logo.png\",\"width\":200,\"height\":200,\"caption\":\"myGermanExpert\"},\"image\":{\"@id\":\"https:\/\/www.mygermanexpert.com\/#\/schema\/logo\/image\/\"},\"sameAs\":[\"https:\/\/www.facebook.com\/mygermanexpert\",\"https:\/\/x.com\/mygermanexpert\",\"https:\/\/www.linkedin.com\/company\/mygermanexpert\",\"https:\/\/www.youtube.com\/c\/myGermanExpert\"]}]}<\/script>\n<!-- \/ Yoast SEO plugin. -->","yoast_head_json":{"title":"Logements meubl\u00e9s - myGermanExpert","description":"Looking for an apartment for rent in Berlin or a flat to rent in Munich? Choose from our partner\u2019s widest selection of properties to find your next home.","robots":{"index":"index","follow":"follow","max-snippet":"max-snippet:-1","max-image-preview":"max-image-preview:large","max-video-preview":"max-video-preview:-1"},"canonical":"https:\/\/www.mygermanexpert.com\/fr\/services\/furnished-apartments\/","og_locale":"fr_FR","og_type":"article","og_title":"Logements meubl\u00e9s - myGermanExpert","og_description":"Looking for an apartment for rent in Berlin or a flat to rent in Munich? Choose from our partner\u2019s widest selection of properties to find your next home.","og_url":"https:\/\/www.mygermanexpert.com\/fr\/services\/furnished-apartments\/","og_site_name":"myGermanExpert","article_publisher":"https:\/\/www.facebook.com\/mygermanexpert","article_modified_time":"2020-02-21T11:38:30+00:00","og_image":[{"url":"https:\/\/www.mygermanexpert.com\/wp-content\/uploads\/2020\/02\/Nestpick-Logo-225x222.png","type":"","width":"","height":""}],"twitter_card":"summary_large_image","twitter_site":"@mygermanexpert","twitter_misc":{"Dur\u00e9e de lecture estim\u00e9e":"7 minutes"},"schema":{"@context":"https:\/\/schema.org","@graph":[{"@type":"WebPage","@id":"https:\/\/www.mygermanexpert.com\/fr\/services\/furnished-apartments\/","url":"https:\/\/www.mygermanexpert.com\/fr\/services\/furnished-apartments\/","name":"Logements meubl\u00e9s - myGermanExpert","isPartOf":{"@id":"https:\/\/www.mygermanexpert.com\/#website"},"primaryImageOfPage":{"@id":"https:\/\/www.mygermanexpert.com\/fr\/services\/furnished-apartments\/#primaryimage"},"image":{"@id":"https:\/\/www.mygermanexpert.com\/fr\/services\/furnished-apartments\/#primaryimage"},"thumbnailUrl":"https:\/\/www.mygermanexpert.com\/wp-content\/uploads\/2020\/02\/Nestpick-Logo-225x222.png","datePublished":"2019-01-01T14:17:15+00:00","dateModified":"2020-02-21T11:38:30+00:00","description":"Looking for an apartment for rent in Berlin or a flat to rent in Munich? Choose from our partner\u2019s widest selection of properties to find your next home.","breadcrumb":{"@id":"https:\/\/www.mygermanexpert.com\/fr\/services\/furnished-apartments\/#breadcrumb"},"inLanguage":"fr-FR","potentialAction":[{"@type":"ReadAction","target":["https:\/\/www.mygermanexpert.com\/fr\/services\/furnished-apartments\/"]}]},{"@type":"ImageObject","inLanguage":"fr-FR","@id":"https:\/\/www.mygermanexpert.com\/fr\/services\/furnished-apartments\/#primaryimage","url":"https:\/\/www.mygermanexpert.com\/wp-content\/uploads\/2020\/02\/Nestpick-Logo-225x222.png","contentUrl":"https:\/\/www.mygermanexpert.com\/wp-content\/uploads\/2020\/02\/Nestpick-Logo-225x222.png"},{"@type":"BreadcrumbList","@id":"https:\/\/www.mygermanexpert.com\/fr\/services\/furnished-apartments\/#breadcrumb","itemListElement":[{"@type":"ListItem","position":1,"name":"Home","item":"https:\/\/www.mygermanexpert.com\/fr\/"},{"@type":"ListItem","position":2,"name":"Services","item":"https:\/\/www.mygermanexpert.com\/fr\/services\/"},{"@type":"ListItem","position":3,"name":"Logements meubl\u00e9s"}]},{"@type":"WebSite","@id":"https:\/\/www.mygermanexpert.com\/#website","url":"https:\/\/www.mygermanexpert.com\/","name":"myGermanExpert","description":"","publisher":{"@id":"https:\/\/www.mygermanexpert.com\/#organization"},"potentialAction":[{"@type":"SearchAction","target":{"@type":"EntryPoint","urlTemplate":"https:\/\/www.mygermanexpert.com\/?s={search_term_string}"},"query-input":{"@type":"PropertyValueSpecification","valueRequired":true,"valueName":"search_term_string"}}],"inLanguage":"fr-FR"},{"@type":"Organization","@id":"https:\/\/www.mygermanexpert.com\/#organization","name":"myGermanExpert","url":"https:\/\/www.mygermanexpert.com\/","logo":{"@type":"ImageObject","inLanguage":"fr-FR","@id":"https:\/\/www.mygermanexpert.com\/#\/schema\/logo\/image\/","url":"https:\/\/www.mygermanexpert.com\/wp-content\/uploads\/2017\/11\/MGE-Logo.png","contentUrl":"https:\/\/www.mygermanexpert.com\/wp-content\/uploads\/2017\/11\/MGE-Logo.png","width":200,"height":200,"caption":"myGermanExpert"},"image":{"@id":"https:\/\/www.mygermanexpert.com\/#\/schema\/logo\/image\/"},"sameAs":["https:\/\/www.facebook.com\/mygermanexpert","https:\/\/x.com\/mygermanexpert","https:\/\/www.linkedin.com\/company\/mygermanexpert","https:\/\/www.youtube.com\/c\/myGermanExpert"]}]}},"_links":{"self":[{"href":"https:\/\/www.mygermanexpert.com\/fr\/wp-json\/wp\/v2\/pages\/15500","targetHints":{"allow":["GET"]}}],"collection":[{"href":"https:\/\/www.mygermanexpert.com\/fr\/wp-json\/wp\/v2\/pages"}],"about":[{"href":"https:\/\/www.mygermanexpert.com\/fr\/wp-json\/wp\/v2\/types\/page"}],"author":[{"embeddable":true,"href":"https:\/\/www.mygermanexpert.com\/fr\/wp-json\/wp\/v2\/users\/4603"}],"replies":[{"embeddable":true,"href":"https:\/\/www.mygermanexpert.com\/fr\/wp-json\/wp\/v2\/comments?post=15500"}],"version-history":[{"count":6,"href":"https:\/\/www.mygermanexpert.com\/fr\/wp-json\/wp\/v2\/pages\/15500\/revisions"}],"predecessor-version":[{"id":16496,"href":"https:\/\/www.mygermanexpert.com\/fr\/wp-json\/wp\/v2\/pages\/15500\/revisions\/16496"}],"up":[{"embeddable":true,"href":"https:\/\/www.mygermanexpert.com\/fr\/wp-json\/wp\/v2\/pages\/6722"}],"wp:attachment":[{"href":"https:\/\/www.mygermanexpert.com\/fr\/wp-json\/wp\/v2\/media?parent=15500"}],"curies":[{"name":"wp","href":"https:\/\/api.w.org\/{rel}","templated":true}]}}