{"id":6850,"date":"2016-09-01T08:02:56","date_gmt":"2016-09-01T06:02:56","guid":{"rendered":"https:\/\/www.mygermanexpert.com\/services\/bank-account\/"},"modified":"2018-03-19T21:25:54","modified_gmt":"2018-03-19T19:25:54","slug":"bank-account","status":"publish","type":"page","link":"https:\/\/www.mygermanexpert.com\/es\/services\/bank-account\/","title":{"rendered":"Cuenta bancaria"},"content":{"rendered":"<p>[et_pb_section fb_built=&#8221;1&#8243; fullwidth=&#8221;on&#8221; admin_label=&#8221;section&#8221; _builder_version=&#8221;3.0.47&#8243;][et_pb_fullwidth_slider _builder_version=&#8221;3.0.93&#8243; header_text_color=&#8221;#ffffff&#8221; body_text_color=&#8221;#f3f3f3&#8243; custom_padding=&#8221;|||&#8221; custom_padding_tablet=&#8221;|||&#8221; custom_padding_phone=&#8221;|||&#8221;][et_pb_slide heading=&#8221;Cuenta bancaria alemana&#8221; image=&#8221;https:\/\/www.mygermanexpert.com\/wp-content\/uploads\/2017\/08\/Header-Icons-24.png&#8221; _builder_version=&#8221;3.0.93&#8243; background_color=&#8221;#8dc153&#8243;]<\/p>\n<p>Abrir una cuenta bancaria en Alemania nunca hab\u00eda sido tan f\u00e1cil como hasta ahora.<\/p>\n<p>[\/et_pb_slide][\/et_pb_fullwidth_slider][\/et_pb_section][et_pb_section fb_built=&#8221;1&#8243; background_color=&#8221;#f3f3f3&#8243; admin_label=&#8221;section&#8221; module_id=&#8221;builder&#8221; _builder_version=&#8221;3.0.47&#8243;][et_pb_row admin_label=&#8221;row&#8221; _builder_version=&#8221;3.0.47&#8243; background_size=&#8221;initial&#8221; background_position=&#8221;top_left&#8221; background_repeat=&#8221;repeat&#8221;][et_pb_column type=&#8221;4_4&#8243; _builder_version=&#8221;3.0.47&#8243; parallax=&#8221;off&#8221; parallax_method=&#8221;on&#8221;][et_pb_text _builder_version=&#8221;3.0.93&#8243; background_size=&#8221;initial&#8221; background_position=&#8221;top_left&#8221; background_repeat=&#8221;repeat&#8221; text_orientation=&#8221;center&#8221; module_alignment=&#8221;center&#8221;]<\/p>\n<blockquote>\n<p style=\"text-align: center;\">Es necesario abrir una cuenta bancaria si quieres vivir y trabajar en Alemania: pagar el alquiler, recibir un salario, obtener un seguro m\u00e9dico, inscribirte como aut\u00f3nomo y otras gestiones.<\/p>\n<\/blockquote>\n<p>[\/et_pb_text][\/et_pb_column][\/et_pb_row][\/et_pb_section][et_pb_section fb_built=&#8221;1&#8243; background_color=&#8221;#ffffff&#8221; admin_label=&#8221;section&#8221; module_id=&#8221;layouts&#8221; _builder_version=&#8221;3.0.62&#8243;][et_pb_row make_equal=&#8221;on&#8221; background_color=&#8221;#ffffff&#8221; _builder_version=&#8221;3.0.62&#8243;][et_pb_column type=&#8221;1_2&#8243; _builder_version=&#8221;3.0.47&#8243; parallax=&#8221;off&#8221; parallax_method=&#8221;on&#8221;][et_pb_divider disabled_on=&#8221;on|on|off&#8221; _builder_version=&#8221;3.0.69&#8243;][\/et_pb_divider][et_pb_image src=&#8221;https:\/\/www.mygermanexpert.com\/wp-content\/uploads\/2017\/08\/DKB-1024&#215;1024.png&#8221; align=&#8221;center&#8221; _builder_version=&#8221;3.0.93&#8243; border_width_all=&#8221;0px&#8221; border_color_all=&#8221;#8dc153&#8243; border_style_all=&#8221;solid&#8221; animation_style=&#8221;slide&#8221; animation_direction=&#8221;right&#8221; animation_duration=&#8221;500ms&#8221; animation_intensity_slide=&#8221;10%&#8221; box_shadow_style=&#8221;preset1&#8243; use_border_color=&#8221;on&#8221; border_color=&#8221;#8dc153&#8243; animation=&#8221;right&#8221;][\/et_pb_image][\/et_pb_column][et_pb_column type=&#8221;1_2&#8243; _builder_version=&#8221;3.0.47&#8243; parallax=&#8221;off&#8221; parallax_method=&#8221;on&#8221;][et_pb_divider disabled_on=&#8221;on|on|off&#8221; _builder_version=&#8221;3.0.62&#8243;][\/et_pb_divider][et_pb_cta title=&#8221;BANCA EN L\u00cdNEA CON DKB&#8221; button_url=&#8221;https:\/\/www.mygermanexpert.com\/es\/services\/bank-account\/dkb\/&#8221; button_text=&#8221;Saber m\u00e1s&#8221; background_color=&#8221;#ffffff&#8221; background_layout=&#8221;light&#8221; _builder_version=&#8221;3.0.94&#8243; border_width_all=&#8221;0px&#8221; border_color_all=&#8221;#8dc153&#8243; border_style_all=&#8221;solid&#8221; text_orientation=&#8221;left&#8221; custom_padding=&#8221;|||&#8221; use_border_color=&#8221;on&#8221; border_color=&#8221;#8dc153&#8243; saved_tabs=&#8221;all&#8221;]<\/p>\n<p>En nuestra p\u00e1gina web puedes abrir una cuenta bancaria en l\u00ednea con DKB. Al abrir una cuenta DKB-Cash y solicitar una tarjeta VISA gratuita, podr\u00e1s retirar dinero en todo el mundo sin pagar comisiones (incluso en Alemania).<\/p>\n<p>Esta cuenta bancaria est\u00e1 totalmente libre de cargos y no incluye requisitos m\u00ednimos de transacciones financieras.<\/p>\n<p>[\/et_pb_cta][\/et_pb_column][\/et_pb_row][et_pb_row disabled_on=&#8221;on|on|off&#8221; admin_label=&#8221;row&#8221; _builder_version=&#8221;3.0.62&#8243; background_size=&#8221;initial&#8221; background_position=&#8221;top_left&#8221; background_repeat=&#8221;repeat&#8221;][et_pb_column type=&#8221;4_4&#8243; _builder_version=&#8221;3.0.47&#8243; parallax=&#8221;off&#8221; parallax_method=&#8221;on&#8221;][\/et_pb_column][\/et_pb_row][et_pb_row custom_padding=&#8221;|||&#8221; make_equal=&#8221;on&#8221; background_color=&#8221;#ffffff&#8221; background_color_1=&#8221;#ffffff&#8221; background_color_2=&#8221;#ffffff&#8221; disabled_on=&#8221;on|on|off&#8221; admin_label=&#8221;row&#8221; _builder_version=&#8221;3.0.62&#8243; background_size=&#8221;initial&#8221; background_position=&#8221;top_left&#8221; background_repeat=&#8221;repeat&#8221;][et_pb_column type=&#8221;1_2&#8243; _builder_version=&#8221;3.0.47&#8243; background_color=&#8221;#ffffff&#8221; parallax=&#8221;off&#8221; parallax_method=&#8221;on&#8221;][et_pb_cta title=&#8221;BANCA M\u00d3VIL CON N26&#8243; button_url=&#8221;https:\/\/www.mygermanexpert.com\/es\/services\/bank-account\/n26\/&#8221; button_text=&#8221;Saber m\u00e1s&#8221; background_color=&#8221;#ffffff&#8221; background_layout=&#8221;light&#8221; _builder_version=&#8221;3.0.94&#8243; background_size=&#8221;initial&#8221; background_position=&#8221;top_left&#8221; background_repeat=&#8221;repeat&#8221; border_width_all=&#8221;0px&#8221; border_color_all=&#8221;#8dc153&#8243; border_style_all=&#8221;solid&#8221; text_orientation=&#8221;right&#8221; use_border_color=&#8221;on&#8221; border_color=&#8221;#8dc153&#8243;]<\/p>\n<p>N26 es tu banca m\u00f3vil. Abre una cuenta bancaria gratis y recibe una tarjeta Mastercard, y gestiona ambos productos directamente desde tu tel\u00e9fono m\u00f3vil.<\/p>\n<p>Es b\u00e1sicamente tener una cuenta bancaria en tu m\u00f3vil. Obt\u00e9n tu n\u00famero IBAN para hacer todas las operaciones propias de un banco tradicional, aunque mucho m\u00e1s f\u00e1cil, y desde cualquier parte. Abre tu cuenta bancaria en l\u00ednea en tan solo 8 minutos.<\/p>\n<p>[\/et_pb_cta][\/et_pb_column][et_pb_column type=&#8221;1_2&#8243; _builder_version=&#8221;3.0.47&#8243; background_color=&#8221;#ffffff&#8221; parallax=&#8221;off&#8221; parallax_method=&#8221;on&#8221;][et_pb_divider disabled_on=&#8221;on|on|off&#8221; _builder_version=&#8221;3.0.69&#8243;][\/et_pb_divider][et_pb_image src=&#8221;https:\/\/www.mygermanexpert.com\/wp-content\/uploads\/2017\/08\/N26-logo.png&#8221; align=&#8221;center&#8221; disabled_on=&#8221;off|off|off&#8221; _builder_version=&#8221;3.0.93&#8243; border_width_all=&#8221;0px&#8221; border_color_all=&#8221;#8dc153&#8243; border_style_all=&#8221;solid&#8221; custom_margin=&#8221;|||&#8221; animation_style=&#8221;slide&#8221; animation_direction=&#8221;left&#8221; animation_duration=&#8221;500ms&#8221; animation_intensity_slide=&#8221;10%&#8221; box_shadow_style=&#8221;preset1&#8243; use_border_color=&#8221;on&#8221; border_color=&#8221;#8dc153&#8243;][\/et_pb_image][et_pb_divider disabled_on=&#8221;on|on|off&#8221; _builder_version=&#8221;3.0.69&#8243;][\/et_pb_divider][\/et_pb_column][\/et_pb_row][et_pb_row custom_padding=&#8221;|||&#8221; make_equal=&#8221;on&#8221; background_color=&#8221;#ffffff&#8221; background_color_1=&#8221;#ffffff&#8221; background_color_2=&#8221;#ffffff&#8221; disabled_on=&#8221;off|off|on&#8221; admin_label=&#8221;row&#8221; _builder_version=&#8221;3.0.62&#8243; background_size=&#8221;initial&#8221; background_position=&#8221;top_left&#8221; background_repeat=&#8221;repeat&#8221;][et_pb_column type=&#8221;1_2&#8243; _builder_version=&#8221;3.0.47&#8243; background_color=&#8221;#ffffff&#8221; parallax=&#8221;off&#8221; parallax_method=&#8221;on&#8221;][et_pb_image src=&#8221;https:\/\/www.mygermanexpert.com\/wp-content\/uploads\/2017\/08\/N26-logo.png&#8221; align=&#8221;center&#8221; disabled_on=&#8221;off|off|off&#8221; _builder_version=&#8221;3.0.93&#8243; border_width_all=&#8221;0px&#8221; border_color_all=&#8221;#8dc153&#8243; border_style_all=&#8221;solid&#8221; animation_style=&#8221;slide&#8221; animation_direction=&#8221;right&#8221; animation_duration=&#8221;500ms&#8221; animation_intensity_slide=&#8221;10%&#8221; box_shadow_style=&#8221;preset1&#8243; use_border_color=&#8221;on&#8221; border_color=&#8221;#8dc153&#8243; animation=&#8221;right&#8221;][\/et_pb_image][\/et_pb_column][et_pb_column type=&#8221;1_2&#8243; _builder_version=&#8221;3.0.47&#8243; background_color=&#8221;#ffffff&#8221; parallax=&#8221;off&#8221; parallax_method=&#8221;on&#8221;][et_pb_cta title=&#8221;BANCA M\u00d3VIL CON N26&#8243; button_url=&#8221;https:\/\/www.mygermanexpert.com\/es\/services\/bank-account\/n26\/&#8221; button_text=&#8221;Saber m\u00e1s&#8221; background_color=&#8221;#ffffff&#8221; background_layout=&#8221;light&#8221; _builder_version=&#8221;3.0.94&#8243; background_size=&#8221;initial&#8221; background_position=&#8221;top_left&#8221; background_repeat=&#8221;repeat&#8221; border_width_all=&#8221;0px&#8221; border_color_all=&#8221;#8dc153&#8243; border_style_all=&#8221;solid&#8221; text_orientation=&#8221;left&#8221; use_border_color=&#8221;on&#8221; border_color=&#8221;#8dc153&#8243;]<\/p>\n<p>N26 es tu banca m\u00f3vil. Abre una cuenta bancaria gratis y recibe una tarjeta Mastercard, y gestiona ambos productos directamente desde tu tel\u00e9fono m\u00f3vil.<\/p>\n<p>Es b\u00e1sicamente tener una cuenta bancaria en tu m\u00f3vil. Obt\u00e9n tu n\u00famero IBAN para hacer todas las operaciones propias de un banco tradicional, aunque mucho m\u00e1s f\u00e1cil, y desde cualquier parte. Abre tu cuenta bancaria en l\u00ednea en tan solo 8 minutos.<\/p>\n<p>[\/et_pb_cta][\/et_pb_column][\/et_pb_row][\/et_pb_section][et_pb_section fb_built=&#8221;1&#8243; background_color=&#8221;#8dc153&#8243; _builder_version=&#8221;3.0.62&#8243; custom_padding=&#8221;5px||5px|&#8221;][et_pb_row admin_label=&#8221;row&#8221; _builder_version=&#8221;3.0.51&#8243;][et_pb_column type=&#8221;4_4&#8243; _builder_version=&#8221;3.0.47&#8243; parallax=&#8221;off&#8221; parallax_method=&#8221;on&#8221;][et_pb_code _builder_version=&#8221;3.0.53&#8243;][\/et_pb_code][et_pb_code _builder_version=&#8221;3.0.93&#8243;][\/et_pb_code][\/et_pb_column][\/et_pb_row][\/et_pb_section]<\/p>\n","protected":false},"excerpt":{"rendered":"<p>Abrir una cuenta bancaria en Alemania nunca hab\u00eda sido tan f\u00e1cil como hasta ahora. Es necesario abrir una cuenta bancaria si quieres vivir y trabajar en Alemania: pagar el alquiler, recibir un salario, obtener un seguro m\u00e9dico, inscribirte como aut\u00f3nomo y otras gestiones. En nuestra p\u00e1gina web puedes abrir una cuenta bancaria en l\u00ednea con [&hellip;]<\/p>\n","protected":false},"author":22,"featured_media":0,"parent":6721,"menu_order":0,"comment_status":"closed","ping_status":"closed","template":"","meta":{"_et_pb_use_builder":"on","_et_pb_old_content":"<p>[tm_pb_section admin_label=\"section\" transparent_background=\"on\" allow_player_pause=\"off\" inner_shadow=\"off\" parallax=\"off\" parallax_method=\"off\" custom_padding=\"90px||75px|\" padding_mobile=\"on\" make_fullwidth=\"off\" use_custom_width=\"off\" width_unit=\"on\" make_equal=\"off\" use_custom_gutter=\"off\" background_color=\"#67d3c3\" custom_padding_last_edited=\"off|desktop\"][tm_pb_row admin_label=\"row\"][tm_pb_column type=\"4_4\"][tm_pb_countdown_timer admin_label=\"Countdown Timer\" date_time=\"03\/31\/2017 00:00\" use_background_color=\"off\" background_color=\"#2ed3ae\" timer_layout=\"circle\" circle_background=\"rgba(255,255,255,0)\" numbers_text_color=\"#000000\" label_text_color=\"#888888\" use_circle_border=\"on\" circle_border_color=\"#2ed3ae\"] [\/tm_pb_countdown_timer][\/tm_pb_column][\/tm_pb_row][\/tm_pb_section][tm_pb_section admin_label=\"section\" transparent_background=\"off\" allow_player_pause=\"off\" inner_shadow=\"off\" parallax=\"off\" parallax_method=\"off\" custom_padding=\"143px||123px|\" padding_mobile=\"on\" make_fullwidth=\"off\" use_custom_width=\"off\" width_unit=\"on\" make_equal=\"off\" use_custom_gutter=\"off\" background_image=\"https:\/\/www.mygermanexpert.com\/wp-content\/uploads\/2016\/09\/countdown-timer_bg_section.jpg\" background_color=\"#67d3c3\" custom_padding_phone=\"120px||100px|\" custom_padding_last_edited=\"on|desktop\"][tm_pb_row admin_label=\"row\"][tm_pb_column type=\"4_4\"][tm_pb_countdown_timer admin_label=\"Countdown Timer\" date_time=\"03\/31\/2017 00:00\" use_background_color=\"off\" background_color=\"#2ed3ae\" timer_layout=\"circle\" circle_background=\"rgba(255,255,255,0)\" use_circle_border=\"on\" circle_border_color=\"#ffffff\"] [\/tm_pb_countdown_timer][\/tm_pb_column][\/tm_pb_row][\/tm_pb_section][tm_pb_section admin_label=\"section\" transparent_background=\"on\" allow_player_pause=\"off\" inner_shadow=\"off\" parallax=\"off\" parallax_method=\"off\" custom_padding=\"75px||85px|\" padding_mobile=\"on\" make_fullwidth=\"off\" use_custom_width=\"off\" width_unit=\"on\" make_equal=\"off\" use_custom_gutter=\"off\"][tm_pb_row admin_label=\"row\"][tm_pb_column type=\"4_4\"][tm_pb_countdown_timer admin_label=\"Countdown Timer\" date_time=\"03\/31\/2017 00:00\" use_background_color=\"off\" background_color=\"#2ed3ae\" timer_layout=\"circle\" circle_background=\"#2ed3ae\" use_circle_border=\"off\" circle_border_color=\"#2ed3ae\"] [\/tm_pb_countdown_timer][\/tm_pb_column][\/tm_pb_row][\/tm_pb_section]<\/p>","_et_gb_content_width":"","_bos_mb_destination":[""],"footnotes":""},"class_list":["post-6850","page","type-page","status-publish"],"yoast_head":"<!-- This site is optimized with the Yoast SEO plugin v26.8 - https:\/\/yoast.com\/product\/yoast-seo-wordpress\/ -->\n<title>C\u00f3mo abrir una cuenta bancaria en Alemania - myGermanExpert<\/title>\n<meta name=\"description\" content=\"Con nosotros puedes abrir una cuenta bancaria gratis con DKB, que adem\u00e1s incluye una tarjeta Visa, o con N26, que a su vez incluye una tarjeta MasterCard.\" \/>\n<meta name=\"robots\" content=\"index, follow, max-snippet:-1, max-image-preview:large, max-video-preview:-1\" \/>\n<link rel=\"canonical\" href=\"https:\/\/www.mygermanexpert.com\/es\/services\/bank-account\/\" \/>\n<meta property=\"og:locale\" content=\"es_ES\" \/>\n<meta property=\"og:type\" content=\"article\" \/>\n<meta property=\"og:title\" content=\"C\u00f3mo abrir una cuenta bancaria en Alemania - myGermanExpert\" \/>\n<meta property=\"og:description\" content=\"Con nosotros puedes abrir una cuenta bancaria gratis con DKB, que adem\u00e1s incluye una tarjeta Visa, o con N26, que a su vez incluye una tarjeta MasterCard.\" \/>\n<meta property=\"og:url\" content=\"https:\/\/www.mygermanexpert.com\/es\/services\/bank-account\/\" \/>\n<meta property=\"og:site_name\" content=\"myGermanExpert\" \/>\n<meta property=\"article:publisher\" content=\"https:\/\/www.facebook.com\/mygermanexpert\" \/>\n<meta property=\"article:modified_time\" content=\"2018-03-19T19:25:54+00:00\" \/>\n<meta property=\"og:image\" content=\"https:\/\/www.mygermanexpert.com\/wp-content\/uploads\/2017\/11\/MGE-Logo.png\" \/>\n\t<meta property=\"og:image:width\" content=\"200\" \/>\n\t<meta property=\"og:image:height\" content=\"200\" \/>\n\t<meta property=\"og:image:type\" content=\"image\/png\" \/>\n<meta name=\"twitter:card\" content=\"summary_large_image\" \/>\n<meta name=\"twitter:site\" content=\"@mygermanexpert\" \/>\n<meta name=\"twitter:label1\" content=\"Tiempo de lectura\" \/>\n\t<meta name=\"twitter:data1\" content=\"6 minutos\" \/>\n<script type=\"application\/ld+json\" class=\"yoast-schema-graph\">{\"@context\":\"https:\/\/schema.org\",\"@graph\":[{\"@type\":\"WebPage\",\"@id\":\"https:\/\/www.mygermanexpert.com\/es\/services\/bank-account\/\",\"url\":\"https:\/\/www.mygermanexpert.com\/es\/services\/bank-account\/\",\"name\":\"C\u00f3mo abrir una cuenta bancaria en Alemania - myGermanExpert\",\"isPartOf\":{\"@id\":\"https:\/\/www.mygermanexpert.com\/#website\"},\"datePublished\":\"2016-09-01T06:02:56+00:00\",\"dateModified\":\"2018-03-19T19:25:54+00:00\",\"description\":\"Con nosotros puedes abrir una cuenta bancaria gratis con DKB, que adem\u00e1s incluye una tarjeta Visa, o con N26, que a su vez incluye una tarjeta MasterCard.\",\"breadcrumb\":{\"@id\":\"https:\/\/www.mygermanexpert.com\/es\/services\/bank-account\/#breadcrumb\"},\"inLanguage\":\"es\",\"potentialAction\":[{\"@type\":\"ReadAction\",\"target\":[\"https:\/\/www.mygermanexpert.com\/es\/services\/bank-account\/\"]}]},{\"@type\":\"BreadcrumbList\",\"@id\":\"https:\/\/www.mygermanexpert.com\/es\/services\/bank-account\/#breadcrumb\",\"itemListElement\":[{\"@type\":\"ListItem\",\"position\":1,\"name\":\"Home\",\"item\":\"https:\/\/www.mygermanexpert.com\/es\/\"},{\"@type\":\"ListItem\",\"position\":2,\"name\":\"Servicios\",\"item\":\"https:\/\/www.mygermanexpert.com\/es\/services\/\"},{\"@type\":\"ListItem\",\"position\":3,\"name\":\"Cuenta bancaria\"}]},{\"@type\":\"WebSite\",\"@id\":\"https:\/\/www.mygermanexpert.com\/#website\",\"url\":\"https:\/\/www.mygermanexpert.com\/\",\"name\":\"myGermanExpert\",\"description\":\"\",\"publisher\":{\"@id\":\"https:\/\/www.mygermanexpert.com\/#organization\"},\"potentialAction\":[{\"@type\":\"SearchAction\",\"target\":{\"@type\":\"EntryPoint\",\"urlTemplate\":\"https:\/\/www.mygermanexpert.com\/?s={search_term_string}\"},\"query-input\":{\"@type\":\"PropertyValueSpecification\",\"valueRequired\":true,\"valueName\":\"search_term_string\"}}],\"inLanguage\":\"es\"},{\"@type\":\"Organization\",\"@id\":\"https:\/\/www.mygermanexpert.com\/#organization\",\"name\":\"myGermanExpert\",\"url\":\"https:\/\/www.mygermanexpert.com\/\",\"logo\":{\"@type\":\"ImageObject\",\"inLanguage\":\"es\",\"@id\":\"https:\/\/www.mygermanexpert.com\/#\/schema\/logo\/image\/\",\"url\":\"https:\/\/www.mygermanexpert.com\/wp-content\/uploads\/2017\/11\/MGE-Logo.png\",\"contentUrl\":\"https:\/\/www.mygermanexpert.com\/wp-content\/uploads\/2017\/11\/MGE-Logo.png\",\"width\":200,\"height\":200,\"caption\":\"myGermanExpert\"},\"image\":{\"@id\":\"https:\/\/www.mygermanexpert.com\/#\/schema\/logo\/image\/\"},\"sameAs\":[\"https:\/\/www.facebook.com\/mygermanexpert\",\"https:\/\/x.com\/mygermanexpert\",\"https:\/\/www.linkedin.com\/company\/mygermanexpert\",\"https:\/\/www.youtube.com\/c\/myGermanExpert\"]}]}<\/script>\n<!-- \/ Yoast SEO plugin. -->","yoast_head_json":{"title":"C\u00f3mo abrir una cuenta bancaria en Alemania - myGermanExpert","description":"Con nosotros puedes abrir una cuenta bancaria gratis con DKB, que adem\u00e1s incluye una tarjeta Visa, o con N26, que a su vez incluye una tarjeta MasterCard.","robots":{"index":"index","follow":"follow","max-snippet":"max-snippet:-1","max-image-preview":"max-image-preview:large","max-video-preview":"max-video-preview:-1"},"canonical":"https:\/\/www.mygermanexpert.com\/es\/services\/bank-account\/","og_locale":"es_ES","og_type":"article","og_title":"C\u00f3mo abrir una cuenta bancaria en Alemania - myGermanExpert","og_description":"Con nosotros puedes abrir una cuenta bancaria gratis con DKB, que adem\u00e1s incluye una tarjeta Visa, o con N26, que a su vez incluye una tarjeta MasterCard.","og_url":"https:\/\/www.mygermanexpert.com\/es\/services\/bank-account\/","og_site_name":"myGermanExpert","article_publisher":"https:\/\/www.facebook.com\/mygermanexpert","article_modified_time":"2018-03-19T19:25:54+00:00","og_image":[{"width":200,"height":200,"url":"https:\/\/www.mygermanexpert.com\/wp-content\/uploads\/2017\/11\/MGE-Logo.png","type":"image\/png"}],"twitter_card":"summary_large_image","twitter_site":"@mygermanexpert","twitter_misc":{"Tiempo de lectura":"6 minutos"},"schema":{"@context":"https:\/\/schema.org","@graph":[{"@type":"WebPage","@id":"https:\/\/www.mygermanexpert.com\/es\/services\/bank-account\/","url":"https:\/\/www.mygermanexpert.com\/es\/services\/bank-account\/","name":"C\u00f3mo abrir una cuenta bancaria en Alemania - myGermanExpert","isPartOf":{"@id":"https:\/\/www.mygermanexpert.com\/#website"},"datePublished":"2016-09-01T06:02:56+00:00","dateModified":"2018-03-19T19:25:54+00:00","description":"Con nosotros puedes abrir una cuenta bancaria gratis con DKB, que adem\u00e1s incluye una tarjeta Visa, o con N26, que a su vez incluye una tarjeta MasterCard.","breadcrumb":{"@id":"https:\/\/www.mygermanexpert.com\/es\/services\/bank-account\/#breadcrumb"},"inLanguage":"es","potentialAction":[{"@type":"ReadAction","target":["https:\/\/www.mygermanexpert.com\/es\/services\/bank-account\/"]}]},{"@type":"BreadcrumbList","@id":"https:\/\/www.mygermanexpert.com\/es\/services\/bank-account\/#breadcrumb","itemListElement":[{"@type":"ListItem","position":1,"name":"Home","item":"https:\/\/www.mygermanexpert.com\/es\/"},{"@type":"ListItem","position":2,"name":"Servicios","item":"https:\/\/www.mygermanexpert.com\/es\/services\/"},{"@type":"ListItem","position":3,"name":"Cuenta bancaria"}]},{"@type":"WebSite","@id":"https:\/\/www.mygermanexpert.com\/#website","url":"https:\/\/www.mygermanexpert.com\/","name":"myGermanExpert","description":"","publisher":{"@id":"https:\/\/www.mygermanexpert.com\/#organization"},"potentialAction":[{"@type":"SearchAction","target":{"@type":"EntryPoint","urlTemplate":"https:\/\/www.mygermanexpert.com\/?s={search_term_string}"},"query-input":{"@type":"PropertyValueSpecification","valueRequired":true,"valueName":"search_term_string"}}],"inLanguage":"es"},{"@type":"Organization","@id":"https:\/\/www.mygermanexpert.com\/#organization","name":"myGermanExpert","url":"https:\/\/www.mygermanexpert.com\/","logo":{"@type":"ImageObject","inLanguage":"es","@id":"https:\/\/www.mygermanexpert.com\/#\/schema\/logo\/image\/","url":"https:\/\/www.mygermanexpert.com\/wp-content\/uploads\/2017\/11\/MGE-Logo.png","contentUrl":"https:\/\/www.mygermanexpert.com\/wp-content\/uploads\/2017\/11\/MGE-Logo.png","width":200,"height":200,"caption":"myGermanExpert"},"image":{"@id":"https:\/\/www.mygermanexpert.com\/#\/schema\/logo\/image\/"},"sameAs":["https:\/\/www.facebook.com\/mygermanexpert","https:\/\/x.com\/mygermanexpert","https:\/\/www.linkedin.com\/company\/mygermanexpert","https:\/\/www.youtube.com\/c\/myGermanExpert"]}]}},"_links":{"self":[{"href":"https:\/\/www.mygermanexpert.com\/es\/wp-json\/wp\/v2\/pages\/6850","targetHints":{"allow":["GET"]}}],"collection":[{"href":"https:\/\/www.mygermanexpert.com\/es\/wp-json\/wp\/v2\/pages"}],"about":[{"href":"https:\/\/www.mygermanexpert.com\/es\/wp-json\/wp\/v2\/types\/page"}],"author":[{"embeddable":true,"href":"https:\/\/www.mygermanexpert.com\/es\/wp-json\/wp\/v2\/users\/22"}],"replies":[{"embeddable":true,"href":"https:\/\/www.mygermanexpert.com\/es\/wp-json\/wp\/v2\/comments?post=6850"}],"version-history":[{"count":2,"href":"https:\/\/www.mygermanexpert.com\/es\/wp-json\/wp\/v2\/pages\/6850\/revisions"}],"predecessor-version":[{"id":12354,"href":"https:\/\/www.mygermanexpert.com\/es\/wp-json\/wp\/v2\/pages\/6850\/revisions\/12354"}],"up":[{"embeddable":true,"href":"https:\/\/www.mygermanexpert.com\/es\/wp-json\/wp\/v2\/pages\/6721"}],"wp:attachment":[{"href":"https:\/\/www.mygermanexpert.com\/es\/wp-json\/wp\/v2\/media?parent=6850"}],"curies":[{"name":"wp","href":"https:\/\/api.w.org\/{rel}","templated":true}]}}