{"id":6782,"date":"2016-09-27T09:49:16","date_gmt":"2016-09-27T07:49:16","guid":{"rendered":"https:\/\/www.mygermanexpert.com\/register\/"},"modified":"2020-04-02T14:18:16","modified_gmt":"2020-04-02T12:18:16","slug":"register","status":"publish","type":"page","link":"https:\/\/www.mygermanexpert.com\/es\/register\/","title":{"rendered":"Registro"},"content":{"rendered":"\n[et_pb_section fb_built=&#8221;1&#8243; admin_label=&#8221;section&#8221; _builder_version=&#8221;3.5.1&#8243; background_color=&#8221;#8dc153&#8243;][et_pb_row custom_padding=&#8221;|||&#8221; padding_top_1=&#8221;15px&#8221; padding_right_1=&#8221;15px&#8221; padding_left_1=&#8221;15px&#8221; _builder_version=&#8221;3.5.1&#8243; background_color=&#8221;#ffffff&#8221; animation_style=&#8221;slide&#8221;][et_pb_column type=&#8221;4_4&#8243; _builder_version=&#8221;3.0.47&#8243; padding_left=&#8221;15px&#8221; padding_right=&#8221;15px&#8221; padding_top=&#8221;15px&#8221; parallax=&#8221;off&#8221; parallax_method=&#8221;on&#8221;][et_pb_blurb use_icon=&#8221;on&#8221; font_icon=&#8221;%%93%%&#8221; use_circle=&#8221;on&#8221; circle_color=&#8221;#f3f3f3&#8243; use_circle_border=&#8221;on&#8221; _builder_version=&#8221;3.14&#8243; custom_padding=&#8221;|||&#8221;]<h1 style=\"text-align: center;\">REGISTRO<\/h1>\n<p style=\"text-align: center;\">\u00bfNuevo cliente?<\/p>\n<p style=\"text-align: center;\">Reg\u00edstrate aqu\u00ed para rellenar tu formulario Anmeldung para vivir y trabajar en Anmeldung. Introduce la informaci\u00f3n requerida en espa\u00f1ol para traducirla autom\u00e1ticamente en alem\u00e1n. Despu\u00e9s, visita un B\u00fcrgeramt en tu ciudad para empadronarte y recibir tu n\u00famero de identificaci\u00f3n fiscal.<\/p>\n<p style=\"text-align: center;\">Las secciones con (*) son obligatorias. No solicitamos ninguna informaci\u00f3n adicional a la estrictamente necesaria para cumplimentar el formulario.<\/p>\n<p style=\"text-align: center;\">Los datos insertados en el formulario Anmeldung s\u00f3lo se recogen en tu sesi\u00f3n activa existente y s\u00f3lo despu\u00e9s de hacer clic en el bot\u00f3n &#8220;GUARDAR&#8221;. Tus datos personales no ser\u00e1n recogidos \u2014 excepto la direcci\u00f3n de correo electr\u00f3nico, la contrase\u00f1a (cifrada) y la ciudad de registro, que son necesarios para utilizar el servicio \u2014 y ser\u00e1n borrados de tu cuenta tan pronto como (1) recibas el formulario por correo electr\u00f3nico o (2) salgas de tu cuenta, o (3) cierres la pesta\u00f1a de tu navegador.<\/p>\n<p style=\"text-align: center;\">Al finalizar el proceso, la versi\u00f3n final del formulario \u2014 convertido autom\u00e1ticamente en alem\u00e1n \u2014 y el paquete de registro te ser\u00e1n enviados inmediatamente a tu direcci\u00f3n de correo electr\u00f3nico; y el formulario en tu cuenta se restablecer\u00e1 autom\u00e1ticamente. En otras palabras, el progreso en el formulario siempre ser\u00e1 de 0% cada vez que accedas a tu cuenta MGE.<\/p>\n[\/et_pb_blurb][\/et_pb_column][\/et_pb_row][et_pb_row custom_padding=&#8221;|||&#8221; padding_right_1=&#8221;15px&#8221; padding_bottom_1=&#8221;15px&#8221; padding_left_1=&#8221;15px&#8221; _builder_version=&#8221;3.5.1&#8243; background_color=&#8221;#ffffff&#8221; animation_style=&#8221;slide&#8221;][et_pb_column type=&#8221;4_4&#8243; _builder_version=&#8221;3.0.47&#8243; padding_bottom=&#8221;15px&#8221; padding_left=&#8221;15px&#8221; padding_right=&#8221;15px&#8221; parallax=&#8221;off&#8221; parallax_method=&#8221;on&#8221;][et_pb_code _builder_version=&#8221;3.0.85&#8243;]\n<div class=\"um um-register um-8023\">\n\t<div class=\"um-form\" data-mode=\"register\">\n\t\t<form method=\"post\" action=\"\">\n\t\t\t<div class=\"um-row _um_row_1 \" style=\"margin: 0 0 30px 0;\"><div class=\"um-col-1\"><div  id=\"um_field_8023_user_email\" class=\"um-field um-field-text  um-field-user_email um-field-text um-field-type_text\" data-key=\"user_email\"><div class=\"um-field-label\"><label for=\"user_email-8023\">Direcci\u00f3n de correo electr\u00f3nico<\/label><div class=\"um-clear\"><\/div><\/div><div class=\"um-field-area\"><input  autocomplete=\"off\" class=\"um-form-field valid \" type=\"text\" name=\"user_email-8023\" id=\"user_email-8023\" value=\"\" placeholder=\"\" data-validate=\"unique_email\" data-key=\"user_email\"  aria-invalid=\"false\" \/>\n\n\t\t\t\t\t\t<\/div><\/div><div  id=\"um_field_8023_username\" class=\"um-field um-field-text  um-field-username um-field-text um-field-type_text\" data-key=\"username\"><div class=\"um-field-label\"><label for=\"username-8023\">Confirmar direcci\u00f3n de correo electr\u00f3nico<span class=\"um-req\" title=\"Obligatorio\">*<\/span><\/label><div class=\"um-clear\"><\/div><\/div><div class=\"um-field-area\"><input  autocomplete=\"off\" class=\"um-form-field valid \" type=\"text\" name=\"username-8023\" id=\"username-8023\" value=\"\" placeholder=\"\" data-validate=\"unique_email\" data-key=\"username\"  aria-invalid=\"false\" \/>\n\n\t\t\t\t\t\t<\/div><\/div><div  id=\"um_field_8023_user_password\" class=\"um-field um-field-password  um-field-user_password um-field-password um-field-type_password\" data-key=\"user_password\"><div class=\"um-field-label\"><label for=\"user_password-8023\">Contrase\u00f1a<span class=\"um-req\" title=\"Obligatorio\">*<\/span><\/label><span class=\"um-tip um-tip-w\" title=\"La contrase\u00f1a debe tener una longitud m\u00ednima de 8 caracteres.\"><i class=\"um-icon-help-circled\"><\/i><\/span><div class=\"um-clear\"><\/div><\/div><div class=\"um-field-area\"><input class=\"um-form-field valid \" type=\"password\" name=\"user_password-8023\" id=\"user_password-8023\" value=\"\" placeholder=\"\" data-validate=\"\" data-key=\"user_password\"  aria-invalid=\"false\" \/>\n\n\t\t\t\t\t\t\t<\/div><\/div><div  id=\"um_field_8023_verification_code\" class=\"um-field um-field-text  um-field-verification_code um-field-text um-field-type_text\" data-key=\"verification_code\"><div class=\"um-field-area\"><input  autocomplete=\"off\" class=\"um-form-field valid \" type=\"text\" name=\"verification_code-8023\" id=\"verification_code-8023\" value=\"\" placeholder=\"\" data-validate=\"\" data-key=\"verification_code\"  aria-invalid=\"false\" \/>\n\n\t\t\t\t\t\t<\/div><\/div><div  class=\"um-field um-field-block  um-field-block um-field-type_block\" data-key=\"um_block_5129_7\"><div id=\"recaptcha2\"><\/div><\/div><\/div><\/div>\t<input type=\"hidden\" name=\"form_id\" id=\"form_id_8023\" value=\"8023\" \/>\n\t\t<p class=\"um_request_name\">\n\t\t<label for=\"um_request_8023\">Only fill in if you are not human<\/label>\n\t\t<input type=\"hidden\" name=\"um_request\" id=\"um_request_8023\" class=\"input\" value=\"\" size=\"25\" autocomplete=\"off\" \/>\n\t<\/p>\n\t<input type=\"hidden\" id=\"_wpnonce\" name=\"_wpnonce\" value=\"6a12abc78d\" \/><input type=\"hidden\" name=\"_wp_http_referer\" value=\"\/es\/wp-json\/wp\/v2\/pages\/6782\" \/>\n\t<div class=\"um-col-alt\">\n\n\t\t\n\t\t\t<div class=\"um-left um-half\">\n\t\t\t\t<input type=\"submit\" value=\"Registro\" class=\"um-button\" id=\"um-submit-btn\" \/>\n\t\t\t<\/div>\n\t\t\t<div class=\"um-right um-half\">\n\t\t\t\t<a href=\"https:\/\/www.mygermanexpert.com\/es\/login\/\" class=\"um-button um-alt\">\n\t\t\t\t\tIniciar sesi\u00f3n\t\t\t\t<\/a>\n\t\t\t<\/div>\n\n\t\t\n\t\t<div class=\"um-clear\"><\/div>\n\n\t<\/div>\n\n\t\t\t<\/form>\n\t<\/div>\n<\/div>\n<style>\n\t\t\t.um-8023.um {\n\t\t\tmax-width: 450px;\n\t\t}\n\t\t<\/style>\n[\/et_pb_code][\/et_pb_column][\/et_pb_row][\/et_pb_section]\n","protected":false},"excerpt":{"rendered":"<p>REGISTRO \u00bfNuevo cliente? Reg\u00edstrate aqu\u00ed para rellenar tu formulario Anmeldung para vivir y trabajar en Anmeldung. Introduce la informaci\u00f3n requerida en espa\u00f1ol para traducirla autom\u00e1ticamente en alem\u00e1n. Despu\u00e9s, visita un B\u00fcrgeramt en tu ciudad para empadronarte y recibir tu n\u00famero de identificaci\u00f3n fiscal. Las secciones con (*) son obligatorias. No solicitamos ninguna informaci\u00f3n adicional a [&hellip;]<\/p>\n","protected":false},"author":22,"featured_media":0,"parent":0,"menu_order":0,"comment_status":"closed","ping_status":"closed","template":"","meta":{"_et_pb_use_builder":"on","_et_pb_old_content":"","_et_gb_content_width":"","_bos_mb_destination":[""],"footnotes":""},"class_list":["post-6782","page","type-page","status-publish"],"yoast_head":"<!-- This site is optimized with the Yoast SEO plugin v26.8 - https:\/\/yoast.com\/product\/yoast-seo-wordpress\/ -->\n<title>Crea una cuenta y rellena tu formulario de Anmeldung - myGermanExpert<\/title>\n<meta name=\"description\" content=\"Crea una cuenta y empieza a rellenar el formulario de Anmeldung en espa\u00f1ol para empadronarte en Alemania y obtener tu n\u00famero de identificaci\u00f3n fiscal.\" \/>\n<meta name=\"robots\" content=\"index, follow, max-snippet:-1, max-image-preview:large, max-video-preview:-1\" \/>\n<link rel=\"canonical\" href=\"https:\/\/www.mygermanexpert.com\/es\/register\/\" \/>\n<meta property=\"og:locale\" content=\"es_ES\" \/>\n<meta property=\"og:type\" content=\"article\" \/>\n<meta property=\"og:title\" content=\"Crea una cuenta y rellena tu formulario de Anmeldung - myGermanExpert\" \/>\n<meta property=\"og:description\" content=\"Crea una cuenta y empieza a rellenar el formulario de Anmeldung en espa\u00f1ol para empadronarte en Alemania y obtener tu n\u00famero de identificaci\u00f3n fiscal.\" \/>\n<meta property=\"og:url\" content=\"https:\/\/www.mygermanexpert.com\/es\/register\/\" \/>\n<meta property=\"og:site_name\" content=\"myGermanExpert\" \/>\n<meta property=\"article:publisher\" content=\"https:\/\/www.facebook.com\/mygermanexpert\" \/>\n<meta property=\"article:modified_time\" content=\"2020-04-02T12:18:16+00:00\" \/>\n<meta property=\"og:image\" content=\"https:\/\/www.mygermanexpert.com\/wp-content\/uploads\/2017\/11\/MGE-Logo.png\" \/>\n\t<meta property=\"og:image:width\" content=\"200\" \/>\n\t<meta property=\"og:image:height\" content=\"200\" \/>\n\t<meta property=\"og:image:type\" content=\"image\/png\" \/>\n<meta name=\"twitter:card\" content=\"summary_large_image\" \/>\n<meta name=\"twitter:site\" content=\"@mygermanexpert\" \/>\n<meta name=\"twitter:label1\" content=\"Tiempo de lectura\" \/>\n\t<meta name=\"twitter:data1\" content=\"2 minutos\" \/>\n<script type=\"application\/ld+json\" class=\"yoast-schema-graph\">{\"@context\":\"https:\/\/schema.org\",\"@graph\":[{\"@type\":\"WebPage\",\"@id\":\"https:\/\/www.mygermanexpert.com\/es\/register\/\",\"url\":\"https:\/\/www.mygermanexpert.com\/es\/register\/\",\"name\":\"Crea una cuenta y rellena tu formulario de Anmeldung - myGermanExpert\",\"isPartOf\":{\"@id\":\"https:\/\/www.mygermanexpert.com\/#website\"},\"datePublished\":\"2016-09-27T07:49:16+00:00\",\"dateModified\":\"2020-04-02T12:18:16+00:00\",\"description\":\"Crea una cuenta y empieza a rellenar el formulario de Anmeldung en espa\u00f1ol para empadronarte en Alemania y obtener tu n\u00famero de identificaci\u00f3n fiscal.\",\"breadcrumb\":{\"@id\":\"https:\/\/www.mygermanexpert.com\/es\/register\/#breadcrumb\"},\"inLanguage\":\"es\",\"potentialAction\":[{\"@type\":\"ReadAction\",\"target\":[\"https:\/\/www.mygermanexpert.com\/es\/register\/\"]}]},{\"@type\":\"BreadcrumbList\",\"@id\":\"https:\/\/www.mygermanexpert.com\/es\/register\/#breadcrumb\",\"itemListElement\":[{\"@type\":\"ListItem\",\"position\":1,\"name\":\"Home\",\"item\":\"https:\/\/www.mygermanexpert.com\/es\/\"},{\"@type\":\"ListItem\",\"position\":2,\"name\":\"Registro\"}]},{\"@type\":\"WebSite\",\"@id\":\"https:\/\/www.mygermanexpert.com\/#website\",\"url\":\"https:\/\/www.mygermanexpert.com\/\",\"name\":\"myGermanExpert\",\"description\":\"\",\"publisher\":{\"@id\":\"https:\/\/www.mygermanexpert.com\/#organization\"},\"potentialAction\":[{\"@type\":\"SearchAction\",\"target\":{\"@type\":\"EntryPoint\",\"urlTemplate\":\"https:\/\/www.mygermanexpert.com\/?s={search_term_string}\"},\"query-input\":{\"@type\":\"PropertyValueSpecification\",\"valueRequired\":true,\"valueName\":\"search_term_string\"}}],\"inLanguage\":\"es\"},{\"@type\":\"Organization\",\"@id\":\"https:\/\/www.mygermanexpert.com\/#organization\",\"name\":\"myGermanExpert\",\"url\":\"https:\/\/www.mygermanexpert.com\/\",\"logo\":{\"@type\":\"ImageObject\",\"inLanguage\":\"es\",\"@id\":\"https:\/\/www.mygermanexpert.com\/#\/schema\/logo\/image\/\",\"url\":\"https:\/\/www.mygermanexpert.com\/wp-content\/uploads\/2017\/11\/MGE-Logo.png\",\"contentUrl\":\"https:\/\/www.mygermanexpert.com\/wp-content\/uploads\/2017\/11\/MGE-Logo.png\",\"width\":200,\"height\":200,\"caption\":\"myGermanExpert\"},\"image\":{\"@id\":\"https:\/\/www.mygermanexpert.com\/#\/schema\/logo\/image\/\"},\"sameAs\":[\"https:\/\/www.facebook.com\/mygermanexpert\",\"https:\/\/x.com\/mygermanexpert\",\"https:\/\/www.linkedin.com\/company\/mygermanexpert\",\"https:\/\/www.youtube.com\/c\/myGermanExpert\"]}]}<\/script>\n<!-- \/ Yoast SEO plugin. -->","yoast_head_json":{"title":"Crea una cuenta y rellena tu formulario de Anmeldung - myGermanExpert","description":"Crea una cuenta y empieza a rellenar el formulario de Anmeldung en espa\u00f1ol para empadronarte en Alemania y obtener tu n\u00famero de identificaci\u00f3n fiscal.","robots":{"index":"index","follow":"follow","max-snippet":"max-snippet:-1","max-image-preview":"max-image-preview:large","max-video-preview":"max-video-preview:-1"},"canonical":"https:\/\/www.mygermanexpert.com\/es\/register\/","og_locale":"es_ES","og_type":"article","og_title":"Crea una cuenta y rellena tu formulario de Anmeldung - myGermanExpert","og_description":"Crea una cuenta y empieza a rellenar el formulario de Anmeldung en espa\u00f1ol para empadronarte en Alemania y obtener tu n\u00famero de identificaci\u00f3n fiscal.","og_url":"https:\/\/www.mygermanexpert.com\/es\/register\/","og_site_name":"myGermanExpert","article_publisher":"https:\/\/www.facebook.com\/mygermanexpert","article_modified_time":"2020-04-02T12:18:16+00:00","og_image":[{"width":200,"height":200,"url":"https:\/\/www.mygermanexpert.com\/wp-content\/uploads\/2017\/11\/MGE-Logo.png","type":"image\/png"}],"twitter_card":"summary_large_image","twitter_site":"@mygermanexpert","twitter_misc":{"Tiempo de lectura":"2 minutos"},"schema":{"@context":"https:\/\/schema.org","@graph":[{"@type":"WebPage","@id":"https:\/\/www.mygermanexpert.com\/es\/register\/","url":"https:\/\/www.mygermanexpert.com\/es\/register\/","name":"Crea una cuenta y rellena tu formulario de Anmeldung - myGermanExpert","isPartOf":{"@id":"https:\/\/www.mygermanexpert.com\/#website"},"datePublished":"2016-09-27T07:49:16+00:00","dateModified":"2020-04-02T12:18:16+00:00","description":"Crea una cuenta y empieza a rellenar el formulario de Anmeldung en espa\u00f1ol para empadronarte en Alemania y obtener tu n\u00famero de identificaci\u00f3n fiscal.","breadcrumb":{"@id":"https:\/\/www.mygermanexpert.com\/es\/register\/#breadcrumb"},"inLanguage":"es","potentialAction":[{"@type":"ReadAction","target":["https:\/\/www.mygermanexpert.com\/es\/register\/"]}]},{"@type":"BreadcrumbList","@id":"https:\/\/www.mygermanexpert.com\/es\/register\/#breadcrumb","itemListElement":[{"@type":"ListItem","position":1,"name":"Home","item":"https:\/\/www.mygermanexpert.com\/es\/"},{"@type":"ListItem","position":2,"name":"Registro"}]},{"@type":"WebSite","@id":"https:\/\/www.mygermanexpert.com\/#website","url":"https:\/\/www.mygermanexpert.com\/","name":"myGermanExpert","description":"","publisher":{"@id":"https:\/\/www.mygermanexpert.com\/#organization"},"potentialAction":[{"@type":"SearchAction","target":{"@type":"EntryPoint","urlTemplate":"https:\/\/www.mygermanexpert.com\/?s={search_term_string}"},"query-input":{"@type":"PropertyValueSpecification","valueRequired":true,"valueName":"search_term_string"}}],"inLanguage":"es"},{"@type":"Organization","@id":"https:\/\/www.mygermanexpert.com\/#organization","name":"myGermanExpert","url":"https:\/\/www.mygermanexpert.com\/","logo":{"@type":"ImageObject","inLanguage":"es","@id":"https:\/\/www.mygermanexpert.com\/#\/schema\/logo\/image\/","url":"https:\/\/www.mygermanexpert.com\/wp-content\/uploads\/2017\/11\/MGE-Logo.png","contentUrl":"https:\/\/www.mygermanexpert.com\/wp-content\/uploads\/2017\/11\/MGE-Logo.png","width":200,"height":200,"caption":"myGermanExpert"},"image":{"@id":"https:\/\/www.mygermanexpert.com\/#\/schema\/logo\/image\/"},"sameAs":["https:\/\/www.facebook.com\/mygermanexpert","https:\/\/x.com\/mygermanexpert","https:\/\/www.linkedin.com\/company\/mygermanexpert","https:\/\/www.youtube.com\/c\/myGermanExpert"]}]}},"_links":{"self":[{"href":"https:\/\/www.mygermanexpert.com\/es\/wp-json\/wp\/v2\/pages\/6782","targetHints":{"allow":["GET"]}}],"collection":[{"href":"https:\/\/www.mygermanexpert.com\/es\/wp-json\/wp\/v2\/pages"}],"about":[{"href":"https:\/\/www.mygermanexpert.com\/es\/wp-json\/wp\/v2\/types\/page"}],"author":[{"embeddable":true,"href":"https:\/\/www.mygermanexpert.com\/es\/wp-json\/wp\/v2\/users\/22"}],"replies":[{"embeddable":true,"href":"https:\/\/www.mygermanexpert.com\/es\/wp-json\/wp\/v2\/comments?post=6782"}],"version-history":[{"count":5,"href":"https:\/\/www.mygermanexpert.com\/es\/wp-json\/wp\/v2\/pages\/6782\/revisions"}],"predecessor-version":[{"id":17218,"href":"https:\/\/www.mygermanexpert.com\/es\/wp-json\/wp\/v2\/pages\/6782\/revisions\/17218"}],"wp:attachment":[{"href":"https:\/\/www.mygermanexpert.com\/es\/wp-json\/wp\/v2\/media?parent=6782"}],"curies":[{"name":"wp","href":"https:\/\/api.w.org\/{rel}","templated":true}]}}