{"id":6743,"date":"2017-05-10T20:37:48","date_gmt":"2017-05-10T18:37:48","guid":{"rendered":"https:\/\/www.mygermanexpert.com\/services\/germany-hostels\/"},"modified":"2020-04-02T13:16:18","modified_gmt":"2020-04-02T11:16:18","slug":"germany-hostels","status":"publish","type":"page","link":"https:\/\/www.mygermanexpert.com\/es\/services\/germany-hostels\/","title":{"rendered":"B\u00fasqueda de albergues"},"content":{"rendered":"\n[et_pb_section fb_built=&#8221;1&#8243; fullwidth=&#8221;on&#8221; admin_label=&#8221;section&#8221; _builder_version=&#8221;3.0.47&#8243;][et_pb_fullwidth_slider show_arrows=&#8221;off&#8221; show_pagination=&#8221;off&#8221; _builder_version=&#8221;3.0.105&#8243; header_text_color=&#8221;#ffffff&#8221; body_text_color=&#8221;#f3f3f3&#8243; custom_padding=&#8221;|||&#8221; custom_padding_tablet=&#8221;|||&#8221; custom_padding_phone=&#8221;|||&#8221; button_rel=&#8221;off|off|on|off|off&#8221; box_shadow_style=&#8221;preset6&#8243; box_shadow_blur=&#8221;10px&#8221; box_shadow_color=&#8221;rgba(0,0,0,0.1)&#8221;][et_pb_slide heading=&#8221;Alojamiento de corta duraci\u00f3n en Alemania&#8221; button_text=&#8221;Encontrar alojamiento&#8221; button_link=&#8221;https:\/\/www.mygermanexpert.com\/go\/booking&#8221; image=&#8221;https:\/\/www.mygermanexpert.com\/wp-content\/uploads\/2017\/08\/Header-Icons-30.png&#8221; use_bg_overlay=&#8221;off&#8221; use_text_overlay=&#8221;off&#8221; _builder_version=&#8221;3.0.105&#8243; background_color=&#8221;#8dc153&#8243; button_rel=&#8221;off|off|on|off|off&#8221;]Albergues, hoteles y apartamentos para tus primeros d\u00edas en Alemania.\r[\/et_pb_slide][\/et_pb_fullwidth_slider][\/et_pb_section][et_pb_section fb_built=&#8221;1&#8243; background_color=&#8221;#f3f3f3&#8243; _builder_version=&#8221;3.0.69&#8243; custom_padding=&#8221;|||&#8221;][et_pb_row _builder_version=&#8221;3.0.85&#8243;][et_pb_column type=&#8221;1_3&#8243; _builder_version=&#8221;3.0.47&#8243; parallax=&#8221;off&#8221; parallax_method=&#8221;on&#8221;][et_pb_sidebar orientation=&#8221;right&#8221; area=&#8221;et_pb_widget_area_1&#8243; show_border=&#8221;off&#8221; _builder_version=&#8221;3.0.100&#8243; background_color=&#8221;#8dc153&#8243; box_shadow_style=&#8221;preset2&#8243;][\/et_pb_sidebar][\/et_pb_column][et_pb_column type=&#8221;2_3&#8243; _builder_version=&#8221;3.0.47&#8243; parallax=&#8221;off&#8221; parallax_method=&#8221;on&#8221;][et_pb_divider _builder_version=&#8221;3.0.85&#8243;][\/et_pb_divider][et_pb_divider _builder_version=&#8221;3.0.85&#8243;][\/et_pb_divider][et_pb_text _builder_version=&#8221;3.0.94&#8243; text_font_size=&#8221;16px&#8221; text_orientation=&#8221;center&#8221; module_alignment=&#8221;center&#8221;]<h1 style=\"text-align: left;\">Encuentra un alojamiento para tus primeros d\u00edas en Alemania.<\/h1>\r\n<p style=\"text-align: left;\">Si est\u00e1s planeando mudarte a Alemania, es recomendable buscar un alojamiento temporal mientras encuentras uno permanente.<\/p>\r\n<p style=\"text-align: left;\">Buscar alojamiento temporal es una gran opci\u00f3n hasta que encuentres un lugar permanente. Adem\u00e1s, esta opci\u00f3n te permite conocer previamente la ciudad para decidir en qu\u00e9 zona prefieres vivir.<\/p>\r\n<p style=\"text-align: left;\">Un albergue, un hotel o un apartotel pueden ser una buena opci\u00f3n si no conoces a nadie que viva en la zona a la que vas a mudarte, o si necesitas m\u00e1s espacio o privacidad de la que podr\u00edas tener viviendo con amigos o familiares.<\/p>\r[\/et_pb_text][\/et_pb_column][\/et_pb_row][\/et_pb_section][et_pb_section fb_built=&#8221;1&#8243; _builder_version=&#8221;3.0.69&#8243;][et_pb_row make_equal=&#8221;on&#8221; _builder_version=&#8221;3.0.69&#8243;][et_pb_column type=&#8221;4_4&#8243; _builder_version=&#8221;3.0.47&#8243; parallax=&#8221;off&#8221; parallax_method=&#8221;on&#8221;][et_pb_divider disabled_on=&#8221;on|on|off&#8221; _builder_version=&#8221;3.0.69&#8243;][\/et_pb_divider][et_pb_text _builder_version=&#8221;3.0.100&#8243; header_font_size=&#8221;26px&#8221; background_color=&#8221;#f3f3f3&#8243; custom_padding=&#8221;40px|40px|40px|40px&#8221; box_shadow_style=&#8221;preset2&#8243;]<h1 style=\"text-align: center;\">ACERCA DE BOOKING.COM<\/h1>\r\n<p style=\"text-align: center;\">Booking.com se fund\u00f3 en \u00c1msterdam en 1996 y ha pasado de ser una peque\u00f1a start-up holandesa a una de las mayores empresas e-commerce de viajes de todo el mundo. Booking.com forma parte de The Priceline Group (NASDAQ: PCLN) y cuenta con m\u00e1s de 15.000 trabajadores en 198 oficinas de 70 pa\u00edses de todo el mundo.<\/p>\r\n<p style=\"text-align: center;\">Booking.com, cuya misi\u00f3n es poner el mundo al alcance de todos, apuesta por la tecnolog\u00eda digital para que viajar sea m\u00e1s f\u00e1cil. En Booking.com conectamos a los viajeros con la oferta m\u00e1s amplia de alojamientos incre\u00edbles, como apartamentos, casas, resorts de lujo, bed &amp; breakfasts de gesti\u00f3n familiar y hasta igl\u00fas y casas en los \u00e1rboles. La web y apps de Booking.com est\u00e1n disponibles en m\u00e1s de 40 idiomas, y en ellas encontrar\u00e1s 1.593.804 alojamientos en 125.223 destinos de 230 pa\u00edses y territorios en todo el mundo.<\/p>\r\n<p style=\"text-align: center;\">Cada d\u00eda se reservan m\u00e1s de 1.550.000 noches en nuestra plataforma. Los clientes, ya viajen por ocio o negocios, pueden reservar de forma inmediata su alojamiento ideal de forma f\u00e1cil y r\u00e1pida con Booking.com, sin gastos de gesti\u00f3n y con la garant\u00eda de que no pagar\u00e1n de m\u00e1s. El equipo de asistencia de Booking.com est\u00e1 a disposici\u00f3n de los clientes las 24 horas, los 7 d\u00edas de la semana, en m\u00e1s de 40 idiomas.<\/p>\r[\/et_pb_text][\/et_pb_column][\/et_pb_row][\/et_pb_section][et_pb_section fb_built=&#8221;1&#8243; background_color=&#8221;#f3f3f3&#8243; _builder_version=&#8221;3.0.69&#8243;][et_pb_row _builder_version=&#8221;3.0.85&#8243;][et_pb_column type=&#8221;2_3&#8243; _builder_version=&#8221;3.0.47&#8243; parallax=&#8221;off&#8221; parallax_method=&#8221;on&#8221;][et_pb_blurb title=&#8221;POR QU\u00c9 USAR BOOKING.COM&#8221; use_icon=&#8221;on&#8221; use_circle=&#8221;on&#8221; circle_color=&#8221;#ffffff&#8221; _builder_version=&#8221;3.0.100&#8243; header_font_size=&#8221;26px&#8221; background_color=&#8221;#ffffff&#8221; text_orientation=&#8221;center&#8221; custom_margin=&#8221;|||&#8221; custom_padding=&#8221;40px|30px|50px|30px&#8221; box_shadow_style=&#8221;preset2&#8243;]<p style=\"text-align: center;\">Las p\u00e1ginas de reserva de alojamientos como Booking.com son la opci\u00f3n ideal para reservar tu primer albergue o apartamento al mudarte a Alemania.<\/p>\r\n<p style=\"text-align: center;\">La clave de su \u00e9xito reside en su excelente sistema de evaluaciones con opiniones de clientes sobre alojamientos reservados. Esto es una garant\u00eda de seguridad a la hora de realizar una reserva.<\/p>\r\n<p style=\"text-align: center;\">Adem\u00e1s, los precios de Booking.com a menudo son m\u00e1s competitivos que los de la competencia, sobre todo si eres un miembro \u00abGenius\u00bb. Booking Genius es un programa de ventajas para clientes habituales que ofrece un descuento del 10 % en reservas.<\/p>\r[\/et_pb_blurb][\/et_pb_column][et_pb_column type=&#8221;1_3&#8243; _builder_version=&#8221;3.0.47&#8243; parallax=&#8221;off&#8221; parallax_method=&#8221;on&#8221;][et_pb_sidebar orientation=&#8221;right&#8221; area=&#8221;et_pb_widget_area_1&#8243; show_border=&#8221;off&#8221; _builder_version=&#8221;3.0.100&#8243; background_color=&#8221;#8dc153&#8243; box_shadow_style=&#8221;preset2&#8243;][\/et_pb_sidebar][\/et_pb_column][\/et_pb_row][\/et_pb_section]\n","protected":false},"excerpt":{"rendered":"<p>Albergues, hoteles y apartamentos para tus primeros d\u00edas en Alemania. Encuentra un alojamiento para tus primeros d\u00edas en Alemania. Si est\u00e1s planeando mudarte a Alemania, es recomendable buscar un alojamiento temporal mientras encuentras uno permanente. Buscar alojamiento temporal es una gran opci\u00f3n hasta que encuentres un lugar permanente. Adem\u00e1s, esta opci\u00f3n te permite conocer previamente [&hellip;]<\/p>\n","protected":false},"author":22,"featured_media":0,"parent":6721,"menu_order":0,"comment_status":"closed","ping_status":"closed","template":"","meta":{"_et_pb_use_builder":"on","_et_pb_old_content":"","_et_gb_content_width":"","_bos_mb_destination":["Berlin"],"footnotes":""},"class_list":["post-6743","page","type-page","status-publish"],"yoast_head":"<!-- This site is optimized with the Yoast SEO plugin v26.8 - https:\/\/yoast.com\/product\/yoast-seo-wordpress\/ -->\n<title>C\u00f3mo encontrar un alojamiento de corta duraci\u00f3n en Alemania - myGermanExpert<\/title>\n<meta name=\"description\" content=\"Si est\u00e1s planeando mudarte a Alemania, es recomendable buscar un alojamiento temporal mientras encuentras uno permanente. Busca un albergue ahora.\" \/>\n<meta name=\"robots\" content=\"index, follow, max-snippet:-1, max-image-preview:large, max-video-preview:-1\" \/>\n<link rel=\"canonical\" href=\"https:\/\/www.mygermanexpert.com\/es\/services\/germany-hostels\/\" \/>\n<meta property=\"og:locale\" content=\"es_ES\" \/>\n<meta property=\"og:type\" content=\"article\" \/>\n<meta property=\"og:title\" content=\"C\u00f3mo encontrar un alojamiento de corta duraci\u00f3n en Alemania - myGermanExpert\" \/>\n<meta property=\"og:description\" content=\"Si est\u00e1s planeando mudarte a Alemania, es recomendable buscar un alojamiento temporal mientras encuentras uno permanente. Busca un albergue ahora.\" \/>\n<meta property=\"og:url\" content=\"https:\/\/www.mygermanexpert.com\/es\/services\/germany-hostels\/\" \/>\n<meta property=\"og:site_name\" content=\"myGermanExpert\" \/>\n<meta property=\"article:publisher\" content=\"https:\/\/www.facebook.com\/mygermanexpert\" \/>\n<meta property=\"article:modified_time\" content=\"2020-04-02T11:16:18+00:00\" \/>\n<meta property=\"og:image\" content=\"https:\/\/www.mygermanexpert.com\/wp-content\/uploads\/2017\/11\/MGE-Logo.png\" \/>\n\t<meta property=\"og:image:width\" content=\"200\" \/>\n\t<meta property=\"og:image:height\" content=\"200\" \/>\n\t<meta property=\"og:image:type\" content=\"image\/png\" \/>\n<meta name=\"twitter:card\" content=\"summary_large_image\" \/>\n<meta name=\"twitter:site\" content=\"@mygermanexpert\" \/>\n<meta name=\"twitter:label1\" content=\"Tiempo de lectura\" \/>\n\t<meta name=\"twitter:data1\" content=\"4 minutos\" \/>\n<script type=\"application\/ld+json\" class=\"yoast-schema-graph\">{\"@context\":\"https:\/\/schema.org\",\"@graph\":[{\"@type\":\"WebPage\",\"@id\":\"https:\/\/www.mygermanexpert.com\/es\/services\/germany-hostels\/\",\"url\":\"https:\/\/www.mygermanexpert.com\/es\/services\/germany-hostels\/\",\"name\":\"C\u00f3mo encontrar un alojamiento de corta duraci\u00f3n en Alemania - myGermanExpert\",\"isPartOf\":{\"@id\":\"https:\/\/www.mygermanexpert.com\/#website\"},\"datePublished\":\"2017-05-10T18:37:48+00:00\",\"dateModified\":\"2020-04-02T11:16:18+00:00\",\"description\":\"Si est\u00e1s planeando mudarte a Alemania, es recomendable buscar un alojamiento temporal mientras encuentras uno permanente. Busca un albergue ahora.\",\"breadcrumb\":{\"@id\":\"https:\/\/www.mygermanexpert.com\/es\/services\/germany-hostels\/#breadcrumb\"},\"inLanguage\":\"es\",\"potentialAction\":[{\"@type\":\"ReadAction\",\"target\":[\"https:\/\/www.mygermanexpert.com\/es\/services\/germany-hostels\/\"]}]},{\"@type\":\"BreadcrumbList\",\"@id\":\"https:\/\/www.mygermanexpert.com\/es\/services\/germany-hostels\/#breadcrumb\",\"itemListElement\":[{\"@type\":\"ListItem\",\"position\":1,\"name\":\"Home\",\"item\":\"https:\/\/www.mygermanexpert.com\/es\/\"},{\"@type\":\"ListItem\",\"position\":2,\"name\":\"Servicios\",\"item\":\"https:\/\/www.mygermanexpert.com\/es\/services\/\"},{\"@type\":\"ListItem\",\"position\":3,\"name\":\"B\u00fasqueda de albergues\"}]},{\"@type\":\"WebSite\",\"@id\":\"https:\/\/www.mygermanexpert.com\/#website\",\"url\":\"https:\/\/www.mygermanexpert.com\/\",\"name\":\"myGermanExpert\",\"description\":\"\",\"publisher\":{\"@id\":\"https:\/\/www.mygermanexpert.com\/#organization\"},\"potentialAction\":[{\"@type\":\"SearchAction\",\"target\":{\"@type\":\"EntryPoint\",\"urlTemplate\":\"https:\/\/www.mygermanexpert.com\/?s={search_term_string}\"},\"query-input\":{\"@type\":\"PropertyValueSpecification\",\"valueRequired\":true,\"valueName\":\"search_term_string\"}}],\"inLanguage\":\"es\"},{\"@type\":\"Organization\",\"@id\":\"https:\/\/www.mygermanexpert.com\/#organization\",\"name\":\"myGermanExpert\",\"url\":\"https:\/\/www.mygermanexpert.com\/\",\"logo\":{\"@type\":\"ImageObject\",\"inLanguage\":\"es\",\"@id\":\"https:\/\/www.mygermanexpert.com\/#\/schema\/logo\/image\/\",\"url\":\"https:\/\/www.mygermanexpert.com\/wp-content\/uploads\/2017\/11\/MGE-Logo.png\",\"contentUrl\":\"https:\/\/www.mygermanexpert.com\/wp-content\/uploads\/2017\/11\/MGE-Logo.png\",\"width\":200,\"height\":200,\"caption\":\"myGermanExpert\"},\"image\":{\"@id\":\"https:\/\/www.mygermanexpert.com\/#\/schema\/logo\/image\/\"},\"sameAs\":[\"https:\/\/www.facebook.com\/mygermanexpert\",\"https:\/\/x.com\/mygermanexpert\",\"https:\/\/www.linkedin.com\/company\/mygermanexpert\",\"https:\/\/www.youtube.com\/c\/myGermanExpert\"]}]}<\/script>\n<!-- \/ Yoast SEO plugin. -->","yoast_head_json":{"title":"C\u00f3mo encontrar un alojamiento de corta duraci\u00f3n en Alemania - myGermanExpert","description":"Si est\u00e1s planeando mudarte a Alemania, es recomendable buscar un alojamiento temporal mientras encuentras uno permanente. Busca un albergue ahora.","robots":{"index":"index","follow":"follow","max-snippet":"max-snippet:-1","max-image-preview":"max-image-preview:large","max-video-preview":"max-video-preview:-1"},"canonical":"https:\/\/www.mygermanexpert.com\/es\/services\/germany-hostels\/","og_locale":"es_ES","og_type":"article","og_title":"C\u00f3mo encontrar un alojamiento de corta duraci\u00f3n en Alemania - myGermanExpert","og_description":"Si est\u00e1s planeando mudarte a Alemania, es recomendable buscar un alojamiento temporal mientras encuentras uno permanente. Busca un albergue ahora.","og_url":"https:\/\/www.mygermanexpert.com\/es\/services\/germany-hostels\/","og_site_name":"myGermanExpert","article_publisher":"https:\/\/www.facebook.com\/mygermanexpert","article_modified_time":"2020-04-02T11:16:18+00:00","og_image":[{"width":200,"height":200,"url":"https:\/\/www.mygermanexpert.com\/wp-content\/uploads\/2017\/11\/MGE-Logo.png","type":"image\/png"}],"twitter_card":"summary_large_image","twitter_site":"@mygermanexpert","twitter_misc":{"Tiempo de lectura":"4 minutos"},"schema":{"@context":"https:\/\/schema.org","@graph":[{"@type":"WebPage","@id":"https:\/\/www.mygermanexpert.com\/es\/services\/germany-hostels\/","url":"https:\/\/www.mygermanexpert.com\/es\/services\/germany-hostels\/","name":"C\u00f3mo encontrar un alojamiento de corta duraci\u00f3n en Alemania - myGermanExpert","isPartOf":{"@id":"https:\/\/www.mygermanexpert.com\/#website"},"datePublished":"2017-05-10T18:37:48+00:00","dateModified":"2020-04-02T11:16:18+00:00","description":"Si est\u00e1s planeando mudarte a Alemania, es recomendable buscar un alojamiento temporal mientras encuentras uno permanente. Busca un albergue ahora.","breadcrumb":{"@id":"https:\/\/www.mygermanexpert.com\/es\/services\/germany-hostels\/#breadcrumb"},"inLanguage":"es","potentialAction":[{"@type":"ReadAction","target":["https:\/\/www.mygermanexpert.com\/es\/services\/germany-hostels\/"]}]},{"@type":"BreadcrumbList","@id":"https:\/\/www.mygermanexpert.com\/es\/services\/germany-hostels\/#breadcrumb","itemListElement":[{"@type":"ListItem","position":1,"name":"Home","item":"https:\/\/www.mygermanexpert.com\/es\/"},{"@type":"ListItem","position":2,"name":"Servicios","item":"https:\/\/www.mygermanexpert.com\/es\/services\/"},{"@type":"ListItem","position":3,"name":"B\u00fasqueda de albergues"}]},{"@type":"WebSite","@id":"https:\/\/www.mygermanexpert.com\/#website","url":"https:\/\/www.mygermanexpert.com\/","name":"myGermanExpert","description":"","publisher":{"@id":"https:\/\/www.mygermanexpert.com\/#organization"},"potentialAction":[{"@type":"SearchAction","target":{"@type":"EntryPoint","urlTemplate":"https:\/\/www.mygermanexpert.com\/?s={search_term_string}"},"query-input":{"@type":"PropertyValueSpecification","valueRequired":true,"valueName":"search_term_string"}}],"inLanguage":"es"},{"@type":"Organization","@id":"https:\/\/www.mygermanexpert.com\/#organization","name":"myGermanExpert","url":"https:\/\/www.mygermanexpert.com\/","logo":{"@type":"ImageObject","inLanguage":"es","@id":"https:\/\/www.mygermanexpert.com\/#\/schema\/logo\/image\/","url":"https:\/\/www.mygermanexpert.com\/wp-content\/uploads\/2017\/11\/MGE-Logo.png","contentUrl":"https:\/\/www.mygermanexpert.com\/wp-content\/uploads\/2017\/11\/MGE-Logo.png","width":200,"height":200,"caption":"myGermanExpert"},"image":{"@id":"https:\/\/www.mygermanexpert.com\/#\/schema\/logo\/image\/"},"sameAs":["https:\/\/www.facebook.com\/mygermanexpert","https:\/\/x.com\/mygermanexpert","https:\/\/www.linkedin.com\/company\/mygermanexpert","https:\/\/www.youtube.com\/c\/myGermanExpert"]}]}},"_links":{"self":[{"href":"https:\/\/www.mygermanexpert.com\/es\/wp-json\/wp\/v2\/pages\/6743","targetHints":{"allow":["GET"]}}],"collection":[{"href":"https:\/\/www.mygermanexpert.com\/es\/wp-json\/wp\/v2\/pages"}],"about":[{"href":"https:\/\/www.mygermanexpert.com\/es\/wp-json\/wp\/v2\/types\/page"}],"author":[{"embeddable":true,"href":"https:\/\/www.mygermanexpert.com\/es\/wp-json\/wp\/v2\/users\/22"}],"replies":[{"embeddable":true,"href":"https:\/\/www.mygermanexpert.com\/es\/wp-json\/wp\/v2\/comments?post=6743"}],"version-history":[{"count":4,"href":"https:\/\/www.mygermanexpert.com\/es\/wp-json\/wp\/v2\/pages\/6743\/revisions"}],"predecessor-version":[{"id":17197,"href":"https:\/\/www.mygermanexpert.com\/es\/wp-json\/wp\/v2\/pages\/6743\/revisions\/17197"}],"up":[{"embeddable":true,"href":"https:\/\/www.mygermanexpert.com\/es\/wp-json\/wp\/v2\/pages\/6721"}],"wp:attachment":[{"href":"https:\/\/www.mygermanexpert.com\/es\/wp-json\/wp\/v2\/media?parent=6743"}],"curies":[{"name":"wp","href":"https:\/\/api.w.org\/{rel}","templated":true}]}}