{"id":6732,"date":"2016-09-01T11:30:27","date_gmt":"2016-09-01T09:30:27","guid":{"rendered":"https:\/\/www.mygermanexpert.com\/help\/"},"modified":"2018-03-19T10:20:14","modified_gmt":"2018-03-19T08:20:14","slug":"help","status":"publish","type":"page","link":"https:\/\/www.mygermanexpert.com\/es\/help\/","title":{"rendered":"Ayuda"},"content":{"rendered":"<p>[et_pb_section fb_built=&#8221;1&#8243; fullwidth=&#8221;on&#8221; admin_label=&#8221;section&#8221; _builder_version=&#8221;3.0.47&#8243;][et_pb_fullwidth_slider show_arrows=&#8221;off&#8221; admin_label=&#8221;Fullwidth Slider&#8221; _builder_version=&#8221;3.0.85&#8243; header_text_color=&#8221;#ffffff&#8221; body_text_color=&#8221;#f3f3f3&#8243; custom_padding=&#8221;|||&#8221; custom_padding_tablet=&#8221;|||&#8221; custom_padding_phone=&#8221;|||&#8221; box_shadow_style=&#8221;preset6&#8243; box_shadow_blur=&#8221;10px&#8221; box_shadow_color=&#8221;rgba(0,0,0,0.1)&#8221;][et_pb_slide heading=&#8221;Ayuda \/ Asistencia&#8221; image=&#8221;https:\/\/www.mygermanexpert.com\/wp-content\/uploads\/2017\/08\/Header-Icons-1.png&#8221; _builder_version=&#8221;3.0.85&#8243; background_color=&#8221;#8dc153&#8243;]<\/p>\n<p>Estamos aqu\u00ed para ayudarte.<\/p>\n<p>[\/et_pb_slide][\/et_pb_fullwidth_slider][\/et_pb_section][et_pb_section fb_built=&#8221;1&#8243; background_color=&#8221;#f3f3f3&#8243; admin_label=&#8221;section&#8221; module_id=&#8221;builder&#8221; _builder_version=&#8221;3.0.47&#8243;][et_pb_row admin_label=&#8221;row&#8221; _builder_version=&#8221;3.0.47&#8243; background_size=&#8221;initial&#8221; background_position=&#8221;top_left&#8221; background_repeat=&#8221;repeat&#8221;][et_pb_column type=&#8221;4_4&#8243; _builder_version=&#8221;3.0.47&#8243; parallax=&#8221;off&#8221; parallax_method=&#8221;on&#8221;][et_pb_text _builder_version=&#8221;3.0.85&#8243; background_size=&#8221;initial&#8221; background_position=&#8221;top_left&#8221; background_repeat=&#8221;repeat&#8221; text_orientation=&#8221;center&#8221; module_alignment=&#8221;center&#8221;]<\/p>\n<h1>Asistencia<\/h1>\n<p>\u00bfNecesitas ayuda con algo o quieres hablar con un miembro del equipo acerca de asunto espec\u00edfico?<\/p>\n<p>Estamos encantados de ayudarte. Selecciona una de las siguientes opciones de asistencia.<\/p>\n<p>[\/et_pb_text][\/et_pb_column][\/et_pb_row][\/et_pb_section][et_pb_section fb_built=&#8221;1&#8243; _builder_version=&#8221;3.0.67&#8243;][et_pb_row _builder_version=&#8221;3.0.67&#8243;][et_pb_column type=&#8221;1_3&#8243; _builder_version=&#8221;3.0.67&#8243; parallax=&#8221;off&#8221; parallax_method=&#8221;on&#8221;][et_pb_cta title=&#8221;Contacto por correo electr\u00f3nico&#8221; button_url=&#8221;https:\/\/www.mygermanexpert.com\/es\/help\/contact\/&#8221; button_text=&#8221;Formulario de contacto&#8221; _builder_version=&#8221;3.0.94&#8243; box_shadow_style=&#8221;preset2&#8243;]<\/p>\n<p>Si tienes una pregunta, rellena el formulario de contacto y nos pondremos en contacto contigo lo antes posible.<\/p>\n<p>Incluye tanta informaci\u00f3n como puedas en tu consulta para que podamos ayudarte r\u00e1pidamente.<\/p>\n<p>[\/et_pb_cta][\/et_pb_column][et_pb_column type=&#8221;1_3&#8243; _builder_version=&#8221;3.0.67&#8243; parallax=&#8221;off&#8221; parallax_method=&#8221;on&#8221;][et_pb_cta title=&#8221;Consulta la secci\u00f3n %22FAQ%22&#8243; button_url=&#8221;https:\/\/www.mygermanexpert.com\/es\/help\/faqs\/&#8221; button_text=&#8221;FAQ&#8221; _builder_version=&#8221;3.0.94&#8243; box_shadow_style=&#8221;preset2&#8243;]<\/p>\n<p>\u00bfTienes alguna pregunta sobre c\u00f3mo hacer algo o sobre el funcionamiento de alguna secci\u00f3n?<\/p>\n<p><span style=\"font-size: 14px;\">La forma m\u00e1s r\u00e1pida de encontrar una respuesta es consultar nuestra secci\u00f3n de Preguntas frecuentes.<\/span><\/p>\n<p>[\/et_pb_cta][\/et_pb_column][et_pb_column type=&#8221;1_3&#8243; _builder_version=&#8221;3.0.67&#8243; parallax=&#8221;off&#8221; parallax_method=&#8221;on&#8221;][et_pb_cta title=&#8221;Visita nuestro blog&#8221; button_url=&#8221;https:\/\/blog.mygermanexpert.com\/?utm_source=mygermanexpert.com_es-help_page&amp;utm_term=MGE_Blog&#8221; url_new_window=&#8221;on&#8221; button_text=&#8221;Blog MGE&#8221; _builder_version=&#8221;3.0.105&#8243; box_shadow_style=&#8221;preset2&#8243;]<\/p>\n<p>Lee nuestro blog para la gente que se muda a Alemania y encuentra las respuestas que buscas: gu\u00edas paso a paso, tutoriales y mucho m\u00e1s.<\/p>\n<p>[\/et_pb_cta][\/et_pb_column][\/et_pb_row][\/et_pb_section][et_pb_section fb_built=&#8221;1&#8243; background_color=&#8221;#8dc153&#8243; admin_label=&#8221;section BAnners Home&#8221; _builder_version=&#8221;3.0.61&#8243; custom_padding=&#8221;5px||5px|&#8221;][et_pb_row admin_label=&#8221;row&#8221; _builder_version=&#8221;3.0.51&#8243;][et_pb_column type=&#8221;4_4&#8243; _builder_version=&#8221;3.0.47&#8243; parallax=&#8221;off&#8221; parallax_method=&#8221;on&#8221;][et_pb_code admin_label=&#8221;Subscription Section (Part 1)&#8221; _builder_version=&#8221;3.0.69&#8243;][\/et_pb_code][et_pb_code admin_label=&#8221;Subscription Section (Part 2) Short Code&#8221; _builder_version=&#8221;3.0.85&#8243;][\/et_pb_code][\/et_pb_column][\/et_pb_row][\/et_pb_section]<\/p>\n","protected":false},"excerpt":{"rendered":"<p>Estamos aqu\u00ed para ayudarte. Asistencia \u00bfNecesitas ayuda con algo o quieres hablar con un miembro del equipo acerca de asunto espec\u00edfico? Estamos encantados de ayudarte. Selecciona una de las siguientes opciones de asistencia. Si tienes una pregunta, rellena el formulario de contacto y nos pondremos en contacto contigo lo antes posible. Incluye tanta informaci\u00f3n como [&hellip;]<\/p>\n","protected":false},"author":22,"featured_media":0,"parent":0,"menu_order":0,"comment_status":"closed","ping_status":"closed","template":"","meta":{"_et_pb_use_builder":"on","_et_pb_old_content":"<p>[tm_pb_section admin_label=\"section\" transparent_background=\"on\" allow_player_pause=\"off\" inner_shadow=\"off\" parallax=\"off\" parallax_method=\"off\" custom_padding=\"140px||90px|\" padding_mobile=\"on\" make_fullwidth=\"off\" use_custom_width=\"off\" width_unit=\"on\" make_equal=\"off\" use_custom_gutter=\"off\" custom_padding_phone=\"100px||50px|\" custom_padding_last_edited=\"on|desktop\"][tm_pb_row admin_label=\"row\"][tm_pb_column type=\"4_4\"][tm_pb_audio admin_label=\"Audio\" audio=\"https:\/\/www.mygermanexpert.com\/wp-content\/uploads\/2016\/07\/sound1.mp3\" title=\"WordPress Migration How-to\" artist_name=\"Brian Williamson \" image_url=\"https:\/\/www.mygermanexpert.com\/wp-content\/uploads\/2016\/07\/avatar.jpg\" use_border_color=\"off\" border_color=\"#ffffff\" border_style=\"solid\" custom_margin=\"||50px|\"]<\/p><p>[\/tm_pb_audio][\/tm_pb_column][\/tm_pb_row][tm_pb_row admin_label=\"row\" make_fullwidth=\"off\" use_custom_width=\"off\" use_grid_padding=\"on\" width_unit=\"on\" padding_mobile=\"off\" allow_player_pause=\"off\" parallax=\"off\" parallax_method=\"off\" make_equal=\"off\" parallax_1=\"off\" parallax_method_1=\"off\" column_padding_mobile=\"on\"][tm_pb_column type=\"4_4\"][tm_pb_audio admin_label=\"Audio\" audio=\"https:\/\/www.mygermanexpert.com\/wp-content\/uploads\/2016\/07\/sound1.mp3\" title=\"WordPress Migration How-to\" artist_name=\"Brian Williamson \" use_border_color=\"off\" border_color=\"#ffffff\" border_style=\"solid\" custom_margin=\"||50px|\"]<\/p><p>[\/tm_pb_audio][\/tm_pb_column][\/tm_pb_row][tm_pb_row admin_label=\"row\"][tm_pb_column type=\"1_3\"][tm_pb_audio admin_label=\"Audio\" audio=\"https:\/\/www.mygermanexpert.com\/wp-content\/uploads\/2016\/07\/sound1.mp3\" title=\"WordPress Migration How-to\" artist_name=\"Brian Williamson \" image_url=\"https:\/\/www.mygermanexpert.com\/wp-content\/uploads\/2016\/07\/avatar.jpg\" use_border_color=\"off\" border_color=\"#ffffff\" border_style=\"solid\" custom_margin=\"||50px|\"]<\/p><p>[\/tm_pb_audio][\/tm_pb_column][tm_pb_column type=\"1_3\"][tm_pb_audio admin_label=\"Audio\" audio=\"https:\/\/www.mygermanexpert.com\/wp-content\/uploads\/2016\/07\/sound1.mp3\" title=\"WordPress Migration How-to\" artist_name=\"Brian Williamson \" use_border_color=\"off\" border_color=\"#ffffff\" border_style=\"solid\" custom_margin=\"||50px|\"]<\/p><p>[\/tm_pb_audio][\/tm_pb_column][tm_pb_column type=\"1_3\"][\/tm_pb_column][\/tm_pb_row][\/tm_pb_section]<\/p>","_et_gb_content_width":"","_bos_mb_destination":[""],"footnotes":""},"class_list":["post-6732","page","type-page","status-publish"],"yoast_head":"<!-- This site is optimized with the Yoast SEO plugin v26.8 - https:\/\/yoast.com\/product\/yoast-seo-wordpress\/ -->\n<title>Estamos encantados de poder ayudarte - myGermanExpert<\/title>\n<meta name=\"description\" content=\"\u00bfNecesitas ayuda o te gustar\u00eda hablar con un miembro de nuestro personal sobre cualquier problema encontrado? Estamos aqu\u00ed para ayudarte.\" \/>\n<meta name=\"robots\" content=\"index, follow, max-snippet:-1, max-image-preview:large, max-video-preview:-1\" \/>\n<link rel=\"canonical\" href=\"https:\/\/www.mygermanexpert.com\/es\/help\/\" \/>\n<meta property=\"og:locale\" content=\"es_ES\" \/>\n<meta property=\"og:type\" content=\"article\" \/>\n<meta property=\"og:title\" content=\"Estamos encantados de poder ayudarte - myGermanExpert\" \/>\n<meta property=\"og:description\" content=\"\u00bfNecesitas ayuda o te gustar\u00eda hablar con un miembro de nuestro personal sobre cualquier problema encontrado? Estamos aqu\u00ed para ayudarte.\" \/>\n<meta property=\"og:url\" content=\"https:\/\/www.mygermanexpert.com\/es\/help\/\" \/>\n<meta property=\"og:site_name\" content=\"myGermanExpert\" \/>\n<meta property=\"article:publisher\" content=\"https:\/\/www.facebook.com\/mygermanexpert\" \/>\n<meta property=\"article:modified_time\" content=\"2018-03-19T08:20:14+00:00\" \/>\n<meta property=\"og:image\" content=\"https:\/\/www.mygermanexpert.com\/wp-content\/uploads\/2017\/11\/MGE-Logo.png\" \/>\n\t<meta property=\"og:image:width\" content=\"200\" \/>\n\t<meta property=\"og:image:height\" content=\"200\" \/>\n\t<meta property=\"og:image:type\" content=\"image\/png\" \/>\n<meta name=\"twitter:card\" content=\"summary_large_image\" \/>\n<meta name=\"twitter:site\" content=\"@mygermanexpert\" \/>\n<meta name=\"twitter:label1\" content=\"Tiempo de lectura\" \/>\n\t<meta name=\"twitter:data1\" content=\"3 minutos\" \/>\n<script type=\"application\/ld+json\" class=\"yoast-schema-graph\">{\"@context\":\"https:\/\/schema.org\",\"@graph\":[{\"@type\":\"WebPage\",\"@id\":\"https:\/\/www.mygermanexpert.com\/es\/help\/\",\"url\":\"https:\/\/www.mygermanexpert.com\/es\/help\/\",\"name\":\"Estamos encantados de poder ayudarte - myGermanExpert\",\"isPartOf\":{\"@id\":\"https:\/\/www.mygermanexpert.com\/#website\"},\"datePublished\":\"2016-09-01T09:30:27+00:00\",\"dateModified\":\"2018-03-19T08:20:14+00:00\",\"description\":\"\u00bfNecesitas ayuda o te gustar\u00eda hablar con un miembro de nuestro personal sobre cualquier problema encontrado? Estamos aqu\u00ed para ayudarte.\",\"breadcrumb\":{\"@id\":\"https:\/\/www.mygermanexpert.com\/es\/help\/#breadcrumb\"},\"inLanguage\":\"es\",\"potentialAction\":[{\"@type\":\"ReadAction\",\"target\":[\"https:\/\/www.mygermanexpert.com\/es\/help\/\"]}]},{\"@type\":\"BreadcrumbList\",\"@id\":\"https:\/\/www.mygermanexpert.com\/es\/help\/#breadcrumb\",\"itemListElement\":[{\"@type\":\"ListItem\",\"position\":1,\"name\":\"Home\",\"item\":\"https:\/\/www.mygermanexpert.com\/es\/\"},{\"@type\":\"ListItem\",\"position\":2,\"name\":\"Ayuda\"}]},{\"@type\":\"WebSite\",\"@id\":\"https:\/\/www.mygermanexpert.com\/#website\",\"url\":\"https:\/\/www.mygermanexpert.com\/\",\"name\":\"myGermanExpert\",\"description\":\"\",\"publisher\":{\"@id\":\"https:\/\/www.mygermanexpert.com\/#organization\"},\"potentialAction\":[{\"@type\":\"SearchAction\",\"target\":{\"@type\":\"EntryPoint\",\"urlTemplate\":\"https:\/\/www.mygermanexpert.com\/?s={search_term_string}\"},\"query-input\":{\"@type\":\"PropertyValueSpecification\",\"valueRequired\":true,\"valueName\":\"search_term_string\"}}],\"inLanguage\":\"es\"},{\"@type\":\"Organization\",\"@id\":\"https:\/\/www.mygermanexpert.com\/#organization\",\"name\":\"myGermanExpert\",\"url\":\"https:\/\/www.mygermanexpert.com\/\",\"logo\":{\"@type\":\"ImageObject\",\"inLanguage\":\"es\",\"@id\":\"https:\/\/www.mygermanexpert.com\/#\/schema\/logo\/image\/\",\"url\":\"https:\/\/www.mygermanexpert.com\/wp-content\/uploads\/2017\/11\/MGE-Logo.png\",\"contentUrl\":\"https:\/\/www.mygermanexpert.com\/wp-content\/uploads\/2017\/11\/MGE-Logo.png\",\"width\":200,\"height\":200,\"caption\":\"myGermanExpert\"},\"image\":{\"@id\":\"https:\/\/www.mygermanexpert.com\/#\/schema\/logo\/image\/\"},\"sameAs\":[\"https:\/\/www.facebook.com\/mygermanexpert\",\"https:\/\/x.com\/mygermanexpert\",\"https:\/\/www.linkedin.com\/company\/mygermanexpert\",\"https:\/\/www.youtube.com\/c\/myGermanExpert\"]}]}<\/script>\n<!-- \/ Yoast SEO plugin. -->","yoast_head_json":{"title":"Estamos encantados de poder ayudarte - myGermanExpert","description":"\u00bfNecesitas ayuda o te gustar\u00eda hablar con un miembro de nuestro personal sobre cualquier problema encontrado? Estamos aqu\u00ed para ayudarte.","robots":{"index":"index","follow":"follow","max-snippet":"max-snippet:-1","max-image-preview":"max-image-preview:large","max-video-preview":"max-video-preview:-1"},"canonical":"https:\/\/www.mygermanexpert.com\/es\/help\/","og_locale":"es_ES","og_type":"article","og_title":"Estamos encantados de poder ayudarte - myGermanExpert","og_description":"\u00bfNecesitas ayuda o te gustar\u00eda hablar con un miembro de nuestro personal sobre cualquier problema encontrado? Estamos aqu\u00ed para ayudarte.","og_url":"https:\/\/www.mygermanexpert.com\/es\/help\/","og_site_name":"myGermanExpert","article_publisher":"https:\/\/www.facebook.com\/mygermanexpert","article_modified_time":"2018-03-19T08:20:14+00:00","og_image":[{"width":200,"height":200,"url":"https:\/\/www.mygermanexpert.com\/wp-content\/uploads\/2017\/11\/MGE-Logo.png","type":"image\/png"}],"twitter_card":"summary_large_image","twitter_site":"@mygermanexpert","twitter_misc":{"Tiempo de lectura":"3 minutos"},"schema":{"@context":"https:\/\/schema.org","@graph":[{"@type":"WebPage","@id":"https:\/\/www.mygermanexpert.com\/es\/help\/","url":"https:\/\/www.mygermanexpert.com\/es\/help\/","name":"Estamos encantados de poder ayudarte - myGermanExpert","isPartOf":{"@id":"https:\/\/www.mygermanexpert.com\/#website"},"datePublished":"2016-09-01T09:30:27+00:00","dateModified":"2018-03-19T08:20:14+00:00","description":"\u00bfNecesitas ayuda o te gustar\u00eda hablar con un miembro de nuestro personal sobre cualquier problema encontrado? Estamos aqu\u00ed para ayudarte.","breadcrumb":{"@id":"https:\/\/www.mygermanexpert.com\/es\/help\/#breadcrumb"},"inLanguage":"es","potentialAction":[{"@type":"ReadAction","target":["https:\/\/www.mygermanexpert.com\/es\/help\/"]}]},{"@type":"BreadcrumbList","@id":"https:\/\/www.mygermanexpert.com\/es\/help\/#breadcrumb","itemListElement":[{"@type":"ListItem","position":1,"name":"Home","item":"https:\/\/www.mygermanexpert.com\/es\/"},{"@type":"ListItem","position":2,"name":"Ayuda"}]},{"@type":"WebSite","@id":"https:\/\/www.mygermanexpert.com\/#website","url":"https:\/\/www.mygermanexpert.com\/","name":"myGermanExpert","description":"","publisher":{"@id":"https:\/\/www.mygermanexpert.com\/#organization"},"potentialAction":[{"@type":"SearchAction","target":{"@type":"EntryPoint","urlTemplate":"https:\/\/www.mygermanexpert.com\/?s={search_term_string}"},"query-input":{"@type":"PropertyValueSpecification","valueRequired":true,"valueName":"search_term_string"}}],"inLanguage":"es"},{"@type":"Organization","@id":"https:\/\/www.mygermanexpert.com\/#organization","name":"myGermanExpert","url":"https:\/\/www.mygermanexpert.com\/","logo":{"@type":"ImageObject","inLanguage":"es","@id":"https:\/\/www.mygermanexpert.com\/#\/schema\/logo\/image\/","url":"https:\/\/www.mygermanexpert.com\/wp-content\/uploads\/2017\/11\/MGE-Logo.png","contentUrl":"https:\/\/www.mygermanexpert.com\/wp-content\/uploads\/2017\/11\/MGE-Logo.png","width":200,"height":200,"caption":"myGermanExpert"},"image":{"@id":"https:\/\/www.mygermanexpert.com\/#\/schema\/logo\/image\/"},"sameAs":["https:\/\/www.facebook.com\/mygermanexpert","https:\/\/x.com\/mygermanexpert","https:\/\/www.linkedin.com\/company\/mygermanexpert","https:\/\/www.youtube.com\/c\/myGermanExpert"]}]}},"_links":{"self":[{"href":"https:\/\/www.mygermanexpert.com\/es\/wp-json\/wp\/v2\/pages\/6732","targetHints":{"allow":["GET"]}}],"collection":[{"href":"https:\/\/www.mygermanexpert.com\/es\/wp-json\/wp\/v2\/pages"}],"about":[{"href":"https:\/\/www.mygermanexpert.com\/es\/wp-json\/wp\/v2\/types\/page"}],"author":[{"embeddable":true,"href":"https:\/\/www.mygermanexpert.com\/es\/wp-json\/wp\/v2\/users\/22"}],"replies":[{"embeddable":true,"href":"https:\/\/www.mygermanexpert.com\/es\/wp-json\/wp\/v2\/comments?post=6732"}],"version-history":[{"count":4,"href":"https:\/\/www.mygermanexpert.com\/es\/wp-json\/wp\/v2\/pages\/6732\/revisions"}],"predecessor-version":[{"id":12319,"href":"https:\/\/www.mygermanexpert.com\/es\/wp-json\/wp\/v2\/pages\/6732\/revisions\/12319"}],"wp:attachment":[{"href":"https:\/\/www.mygermanexpert.com\/es\/wp-json\/wp\/v2\/media?parent=6732"}],"curies":[{"name":"wp","href":"https:\/\/api.w.org\/{rel}","templated":true}]}}