{"id":9692,"date":"2018-01-18T23:10:07","date_gmt":"2018-01-18T21:10:07","guid":{"rendered":"https:\/\/www.mygermanexpert.com\/services\/certified-translations\/"},"modified":"2018-04-26T18:56:54","modified_gmt":"2018-04-26T16:56:54","slug":"certified-translations","status":"publish","type":"page","link":"https:\/\/www.mygermanexpert.com\/de\/services\/certified-translations\/","title":{"rendered":"Beglaubigte \u00dcbersetzung"},"content":{"rendered":"<p>[et_pb_section bb_built=&#8221;1&#8243;][et_pb_row][\/et_pb_row][\/et_pb_section]<\/p>\n","protected":false},"excerpt":{"rendered":"<div class=\"et_pb_row et_pb_row_0 et_pb_row_empty\">\n\t\t\t\t\n\t\t\t\t\n\t\t\t\t\n\t\t\t\t\n\t\t\t\t\n\t\t\t<\/div>\n","protected":false},"author":22,"featured_media":0,"parent":6719,"menu_order":0,"comment_status":"closed","ping_status":"closed","template":"","meta":{"_et_pb_use_builder":"on","_et_pb_old_content":"","_et_gb_content_width":"","_bos_mb_destination":[""],"footnotes":""},"class_list":["post-9692","page","type-page","status-publish"],"yoast_head":"<!-- This site is optimized with the Yoast SEO plugin v26.8 - https:\/\/yoast.com\/product\/yoast-seo-wordpress\/ -->\n<title>Zertifizierte \u00dcbersetzungen durch beeidigte \u00dcbersetzer - myGermanExpert<\/title>\n<meta name=\"description\" content=\"\u00dcbersetzung deiner Geburts-. Heirats- oder Scheidungsurkunde durch einen vereidigten \u00dcbersetzer. Berechne den Preis f\u00fcr deine zertifizierte \u00dcbersetzung in wenigen Schritten.\" \/>\n<meta name=\"robots\" content=\"index, follow, max-snippet:-1, max-image-preview:large, max-video-preview:-1\" \/>\n<link rel=\"canonical\" href=\"https:\/\/www.mygermanexpert.com\/de\/services\/certified-translations\/\" \/>\n<meta property=\"og:locale\" content=\"de_DE\" \/>\n<meta property=\"og:type\" content=\"article\" \/>\n<meta property=\"og:title\" content=\"Zertifizierte \u00dcbersetzungen durch beeidigte \u00dcbersetzer - myGermanExpert\" \/>\n<meta property=\"og:description\" content=\"\u00dcbersetzung deiner Geburts-. Heirats- oder Scheidungsurkunde durch einen vereidigten \u00dcbersetzer. Berechne den Preis f\u00fcr deine zertifizierte \u00dcbersetzung in wenigen Schritten.\" \/>\n<meta property=\"og:url\" content=\"https:\/\/www.mygermanexpert.com\/de\/services\/certified-translations\/\" \/>\n<meta property=\"og:site_name\" content=\"myGermanExpert\" \/>\n<meta property=\"article:publisher\" content=\"https:\/\/www.facebook.com\/mygermanexpert\" \/>\n<meta property=\"article:modified_time\" content=\"2018-04-26T16:56:54+00:00\" \/>\n<meta property=\"og:image\" content=\"https:\/\/www.mygermanexpert.com\/wp-content\/uploads\/2017\/11\/MGE-Logo.png\" \/>\n\t<meta property=\"og:image:width\" content=\"200\" \/>\n\t<meta property=\"og:image:height\" content=\"200\" \/>\n\t<meta property=\"og:image:type\" content=\"image\/png\" \/>\n<meta name=\"twitter:card\" content=\"summary_large_image\" \/>\n<meta name=\"twitter:site\" content=\"@mygermanexpert\" \/>\n<script type=\"application\/ld+json\" class=\"yoast-schema-graph\">{\"@context\":\"https:\/\/schema.org\",\"@graph\":[{\"@type\":\"WebPage\",\"@id\":\"https:\/\/www.mygermanexpert.com\/de\/services\/certified-translations\/\",\"url\":\"https:\/\/www.mygermanexpert.com\/de\/services\/certified-translations\/\",\"name\":\"Zertifizierte \u00dcbersetzungen durch beeidigte \u00dcbersetzer - myGermanExpert\",\"isPartOf\":{\"@id\":\"https:\/\/www.mygermanexpert.com\/#website\"},\"datePublished\":\"2018-01-18T21:10:07+00:00\",\"dateModified\":\"2018-04-26T16:56:54+00:00\",\"description\":\"\u00dcbersetzung deiner Geburts-. Heirats- oder Scheidungsurkunde durch einen vereidigten \u00dcbersetzer. Berechne den Preis f\u00fcr deine zertifizierte \u00dcbersetzung in wenigen Schritten.\",\"breadcrumb\":{\"@id\":\"https:\/\/www.mygermanexpert.com\/de\/services\/certified-translations\/#breadcrumb\"},\"inLanguage\":\"de\",\"potentialAction\":[{\"@type\":\"ReadAction\",\"target\":[\"https:\/\/www.mygermanexpert.com\/de\/services\/certified-translations\/\"]}]},{\"@type\":\"BreadcrumbList\",\"@id\":\"https:\/\/www.mygermanexpert.com\/de\/services\/certified-translations\/#breadcrumb\",\"itemListElement\":[{\"@type\":\"ListItem\",\"position\":1,\"name\":\"Home\",\"item\":\"https:\/\/www.mygermanexpert.com\/de\/\"},{\"@type\":\"ListItem\",\"position\":2,\"name\":\"Dienstleistungen\",\"item\":\"https:\/\/www.mygermanexpert.com\/de\/services\/\"},{\"@type\":\"ListItem\",\"position\":3,\"name\":\"Beglaubigte \u00dcbersetzung\"}]},{\"@type\":\"WebSite\",\"@id\":\"https:\/\/www.mygermanexpert.com\/#website\",\"url\":\"https:\/\/www.mygermanexpert.com\/\",\"name\":\"myGermanExpert\",\"description\":\"\",\"publisher\":{\"@id\":\"https:\/\/www.mygermanexpert.com\/#organization\"},\"potentialAction\":[{\"@type\":\"SearchAction\",\"target\":{\"@type\":\"EntryPoint\",\"urlTemplate\":\"https:\/\/www.mygermanexpert.com\/?s={search_term_string}\"},\"query-input\":{\"@type\":\"PropertyValueSpecification\",\"valueRequired\":true,\"valueName\":\"search_term_string\"}}],\"inLanguage\":\"de\"},{\"@type\":\"Organization\",\"@id\":\"https:\/\/www.mygermanexpert.com\/#organization\",\"name\":\"myGermanExpert\",\"url\":\"https:\/\/www.mygermanexpert.com\/\",\"logo\":{\"@type\":\"ImageObject\",\"inLanguage\":\"de\",\"@id\":\"https:\/\/www.mygermanexpert.com\/#\/schema\/logo\/image\/\",\"url\":\"https:\/\/www.mygermanexpert.com\/wp-content\/uploads\/2017\/11\/MGE-Logo.png\",\"contentUrl\":\"https:\/\/www.mygermanexpert.com\/wp-content\/uploads\/2017\/11\/MGE-Logo.png\",\"width\":200,\"height\":200,\"caption\":\"myGermanExpert\"},\"image\":{\"@id\":\"https:\/\/www.mygermanexpert.com\/#\/schema\/logo\/image\/\"},\"sameAs\":[\"https:\/\/www.facebook.com\/mygermanexpert\",\"https:\/\/x.com\/mygermanexpert\",\"https:\/\/www.linkedin.com\/company\/mygermanexpert\",\"https:\/\/www.youtube.com\/c\/myGermanExpert\"]}]}<\/script>\n<!-- \/ Yoast SEO plugin. -->","yoast_head_json":{"title":"Zertifizierte \u00dcbersetzungen durch beeidigte \u00dcbersetzer - myGermanExpert","description":"\u00dcbersetzung deiner Geburts-. Heirats- oder Scheidungsurkunde durch einen vereidigten \u00dcbersetzer. Berechne den Preis f\u00fcr deine zertifizierte \u00dcbersetzung in wenigen Schritten.","robots":{"index":"index","follow":"follow","max-snippet":"max-snippet:-1","max-image-preview":"max-image-preview:large","max-video-preview":"max-video-preview:-1"},"canonical":"https:\/\/www.mygermanexpert.com\/de\/services\/certified-translations\/","og_locale":"de_DE","og_type":"article","og_title":"Zertifizierte \u00dcbersetzungen durch beeidigte \u00dcbersetzer - myGermanExpert","og_description":"\u00dcbersetzung deiner Geburts-. Heirats- oder Scheidungsurkunde durch einen vereidigten \u00dcbersetzer. Berechne den Preis f\u00fcr deine zertifizierte \u00dcbersetzung in wenigen Schritten.","og_url":"https:\/\/www.mygermanexpert.com\/de\/services\/certified-translations\/","og_site_name":"myGermanExpert","article_publisher":"https:\/\/www.facebook.com\/mygermanexpert","article_modified_time":"2018-04-26T16:56:54+00:00","og_image":[{"width":200,"height":200,"url":"https:\/\/www.mygermanexpert.com\/wp-content\/uploads\/2017\/11\/MGE-Logo.png","type":"image\/png"}],"twitter_card":"summary_large_image","twitter_site":"@mygermanexpert","schema":{"@context":"https:\/\/schema.org","@graph":[{"@type":"WebPage","@id":"https:\/\/www.mygermanexpert.com\/de\/services\/certified-translations\/","url":"https:\/\/www.mygermanexpert.com\/de\/services\/certified-translations\/","name":"Zertifizierte \u00dcbersetzungen durch beeidigte \u00dcbersetzer - myGermanExpert","isPartOf":{"@id":"https:\/\/www.mygermanexpert.com\/#website"},"datePublished":"2018-01-18T21:10:07+00:00","dateModified":"2018-04-26T16:56:54+00:00","description":"\u00dcbersetzung deiner Geburts-. Heirats- oder Scheidungsurkunde durch einen vereidigten \u00dcbersetzer. Berechne den Preis f\u00fcr deine zertifizierte \u00dcbersetzung in wenigen Schritten.","breadcrumb":{"@id":"https:\/\/www.mygermanexpert.com\/de\/services\/certified-translations\/#breadcrumb"},"inLanguage":"de","potentialAction":[{"@type":"ReadAction","target":["https:\/\/www.mygermanexpert.com\/de\/services\/certified-translations\/"]}]},{"@type":"BreadcrumbList","@id":"https:\/\/www.mygermanexpert.com\/de\/services\/certified-translations\/#breadcrumb","itemListElement":[{"@type":"ListItem","position":1,"name":"Home","item":"https:\/\/www.mygermanexpert.com\/de\/"},{"@type":"ListItem","position":2,"name":"Dienstleistungen","item":"https:\/\/www.mygermanexpert.com\/de\/services\/"},{"@type":"ListItem","position":3,"name":"Beglaubigte \u00dcbersetzung"}]},{"@type":"WebSite","@id":"https:\/\/www.mygermanexpert.com\/#website","url":"https:\/\/www.mygermanexpert.com\/","name":"myGermanExpert","description":"","publisher":{"@id":"https:\/\/www.mygermanexpert.com\/#organization"},"potentialAction":[{"@type":"SearchAction","target":{"@type":"EntryPoint","urlTemplate":"https:\/\/www.mygermanexpert.com\/?s={search_term_string}"},"query-input":{"@type":"PropertyValueSpecification","valueRequired":true,"valueName":"search_term_string"}}],"inLanguage":"de"},{"@type":"Organization","@id":"https:\/\/www.mygermanexpert.com\/#organization","name":"myGermanExpert","url":"https:\/\/www.mygermanexpert.com\/","logo":{"@type":"ImageObject","inLanguage":"de","@id":"https:\/\/www.mygermanexpert.com\/#\/schema\/logo\/image\/","url":"https:\/\/www.mygermanexpert.com\/wp-content\/uploads\/2017\/11\/MGE-Logo.png","contentUrl":"https:\/\/www.mygermanexpert.com\/wp-content\/uploads\/2017\/11\/MGE-Logo.png","width":200,"height":200,"caption":"myGermanExpert"},"image":{"@id":"https:\/\/www.mygermanexpert.com\/#\/schema\/logo\/image\/"},"sameAs":["https:\/\/www.facebook.com\/mygermanexpert","https:\/\/x.com\/mygermanexpert","https:\/\/www.linkedin.com\/company\/mygermanexpert","https:\/\/www.youtube.com\/c\/myGermanExpert"]}]}},"_links":{"self":[{"href":"https:\/\/www.mygermanexpert.com\/de\/wp-json\/wp\/v2\/pages\/9692","targetHints":{"allow":["GET"]}}],"collection":[{"href":"https:\/\/www.mygermanexpert.com\/de\/wp-json\/wp\/v2\/pages"}],"about":[{"href":"https:\/\/www.mygermanexpert.com\/de\/wp-json\/wp\/v2\/types\/page"}],"author":[{"embeddable":true,"href":"https:\/\/www.mygermanexpert.com\/de\/wp-json\/wp\/v2\/users\/22"}],"replies":[{"embeddable":true,"href":"https:\/\/www.mygermanexpert.com\/de\/wp-json\/wp\/v2\/comments?post=9692"}],"version-history":[{"count":1,"href":"https:\/\/www.mygermanexpert.com\/de\/wp-json\/wp\/v2\/pages\/9692\/revisions"}],"predecessor-version":[{"id":12388,"href":"https:\/\/www.mygermanexpert.com\/de\/wp-json\/wp\/v2\/pages\/9692\/revisions\/12388"}],"up":[{"embeddable":true,"href":"https:\/\/www.mygermanexpert.com\/de\/wp-json\/wp\/v2\/pages\/6719"}],"wp:attachment":[{"href":"https:\/\/www.mygermanexpert.com\/de\/wp-json\/wp\/v2\/media?parent=9692"}],"curies":[{"name":"wp","href":"https:\/\/api.w.org\/{rel}","templated":true}]}}