{"id":6880,"date":"2016-08-29T16:01:17","date_gmt":"2016-08-29T14:01:17","guid":{"rendered":"https:\/\/www.mygermanexpert.com\/services\/germany-jobs\/"},"modified":"2018-06-03T20:27:51","modified_gmt":"2018-06-03T18:27:51","slug":"germany-jobs","status":"publish","type":"page","link":"https:\/\/www.mygermanexpert.com\/de\/services\/germany-jobs\/","title":{"rendered":"Jobb\u00f6rse"},"content":{"rendered":"<p>[et_pb_section fb_built=&#8221;1&#8243; fullwidth=&#8221;on&#8221; admin_label=&#8221;section&#8221; _builder_version=&#8221;3.5&#8243; background_color=&#8221;#8dc153&#8243;][et_pb_fullwidth_slider admin_label=&#8221;Fullwidth Slider&#8221; _builder_version=&#8221;3.5&#8243; header_text_color=&#8221;#ffffff&#8221; body_text_color=&#8221;#f3f3f3&#8243; background_color=&#8221;#8dc153&#8243; custom_padding=&#8221;|||&#8221;][et_pb_slide heading=&#8221;Jobb\u00f6rse f\u00fcr die Startup-Szene in Deutschland&#8221; image=&#8221;https:\/\/www.mygermanexpert.com\/wp-content\/uploads\/2017\/08\/Header-Icons-27.png&#8221; use_bg_overlay=&#8221;off&#8221; use_text_overlay=&#8221;off&#8221; _builder_version=&#8221;3.5&#8243; button_on_hover=&#8221;on&#8221;]Suche nach t\u00e4glich neuen Jobs, die deiner Qualifikation entsprechen.<br \/>\n[\/et_pb_slide][\/et_pb_fullwidth_slider][\/et_pb_section][et_pb_section fb_built=&#8221;1&#8243; admin_label=&#8221;section&#8221; _builder_version=&#8221;3.0.47&#8243; background_color=&#8221;#F3F3F3&#8243;][et_pb_row admin_label=&#8221;Impressum&#8221; _builder_version=&#8221;3.0.47&#8243; background_size=&#8221;initial&#8221; background_position=&#8221;top_left&#8221; background_repeat=&#8221;repeat&#8221;][et_pb_column type=&#8221;4_4&#8243; _builder_version=&#8221;3.0.47&#8243; parallax=&#8221;off&#8221; parallax_method=&#8221;on&#8221;][et_pb_blurb use_icon=&#8221;on&#8221; font_icon=&#8221;%%136%%&#8221; use_circle=&#8221;on&#8221; circle_color=&#8221;#ffffff&#8221; _builder_version=&#8221;3.0.69&#8243; custom_margin=&#8221;||0px|&#8221; custom_padding=&#8221;|||&#8221;][\/et_pb_blurb][et_pb_text _builder_version=&#8221;3.0.95&#8243; background_size=&#8221;initial&#8221; background_position=&#8221;top_left&#8221; background_repeat=&#8221;repeat&#8221;]<\/p>\n<h1 style=\"text-align: center;\">SUCHST DU EINEN JOB IN DEUTSCHLAND?<\/h1>\n<p style=\"text-align: center;\">Unsere Jobb\u00f6rse umfasst passende Stellen in Deutschland. Viele deutsche Unternehmen suchen nach Menschen mit internationalem Hintergrund. Nicht immer muss man deutsch sprechen k\u00f6nnen, ein gutes Englisch und deine Muttersprache reicht neben deinen professionellen Qualifikationen aus.<\/p>\n<p style=\"text-align: center;\">Du wirst viele Stellen f\u00fcr englische, spanische, italienische, und franz\u00f6sische Muttersprachler\/-innen und f\u00fcr andere Sprachen finden.<\/p>\n<p>[\/et_pb_text][\/et_pb_column][\/et_pb_row][et_pb_row custom_padding=&#8221;|20px||20px&#8221; _builder_version=&#8221;3.0.95&#8243; background_color=&#8221;#ffffff&#8221; box_shadow_style=&#8221;preset2&#8243;][et_pb_column type=&#8221;4_4&#8243; _builder_version=&#8221;3.0.47&#8243; parallax=&#8221;off&#8221; parallax_method=&#8221;on&#8221;][et_pb_blurb use_icon=&#8221;on&#8221; font_icon=&#8221;%%84%%&#8221; use_circle=&#8221;on&#8221; circle_color=&#8221;#f3f3f3&#8243; _builder_version=&#8221;3.0.95&#8243;]<\/p>\n<h1 style=\"text-align: center;\">IST UNSER JOBPARTNER?<\/h1>\n<p style=\"text-align: center;\">Das Ziel von Germany Startup Jobs ist es, Deutschlands innovative Startups mit Top Talenten zusammenzubringen.<\/p>\n<p style=\"text-align: center;\">Eine Plattform mit einem unkomplizierten, einstufigen Prozess, um den Anforderungen von Jobgeber\/-innen und Jobsuchendem gleicherma\u00dfen gerecht zu werden.<\/p>\n<p style=\"text-align: center;\">Melde dich an und matche deine F\u00e4higkeiten! Die M\u00f6glichkeiten sind unbegrenzt.<\/p>\n<p style=\"text-align: center;\"><img loading=\"lazy\" decoding=\"async\" class=\"wp-image-6041 aligncenter size-medium\" src=\"..\/..\/..\/wp-content\/uploads\/2017\/08\/fb_image_scaled_102536_49265_logo-300x158.jpg\" alt=\"\" width=\"300\" height=\"158\" srcset=\"https:\/\/www.mygermanexpert.com\/wp-content\/uploads\/2017\/08\/fb_image_scaled_102536_49265_logo-300x158.jpg 300w, https:\/\/www.mygermanexpert.com\/wp-content\/uploads\/2017\/08\/fb_image_scaled_102536_49265_logo.jpg 600w\" sizes=\"(max-width: 300px) 100vw, 300px\" \/><\/p>\n<p style=\"text-align: center;\">\n<p style=\"text-align: center;\">\n<p>[\/et_pb_blurb][\/et_pb_column][\/et_pb_row][\/et_pb_section][et_pb_section fb_built=&#8221;1&#8243; _builder_version=&#8221;3.0.69&#8243; background_color=&#8221;#8dc153&#8243;][et_pb_row _builder_version=&#8221;3.0.69&#8243;][et_pb_column type=&#8221;4_4&#8243; _builder_version=&#8221;3.0.47&#8243; parallax=&#8221;off&#8221; parallax_method=&#8221;on&#8221;][et_pb_blurb use_icon=&#8221;on&#8221; font_icon=&#8221;%%52%%&#8221; use_circle=&#8221;on&#8221; circle_color=&#8221;#f3f3f3&#8243; _builder_version=&#8221;3.0.95&#8243; text_orientation=&#8221;center&#8221; background_layout=&#8221;dark&#8221;]<\/p>\n<h1 style=\"text-align: center;\">Schau dir unten offene Stellen an<\/h1>\n<p>[\/et_pb_blurb][\/et_pb_column][\/et_pb_row][\/et_pb_section][et_pb_section fb_built=&#8221;1&#8243; _builder_version=&#8221;3.0.69&#8243;][et_pb_row _builder_version=&#8221;3.0.95&#8243; box_shadow_style=&#8221;preset1&#8243; box_shadow_spread=&#8221;10px&#8221; box_shadow_color=&#8221;rgba(141,193,83,0.3)&#8221;][et_pb_column type=&#8221;4_4&#8243; _builder_version=&#8221;3.0.47&#8243; parallax=&#8221;off&#8221; parallax_method=&#8221;on&#8221;][et_pb_code admin_label=&#8221;Job Board Short Code&#8221; _builder_version=&#8221;3.0.95&#8243;][ecm name=&#039;Job Board&#039;][\/et_pb_code][\/et_pb_column][\/et_pb_row][\/et_pb_section]<\/p>\n","protected":false},"excerpt":{"rendered":"<p>Suche nach t\u00e4glich neuen Jobs, die deiner Qualifikation entsprechen. SUCHST DU EINEN JOB IN DEUTSCHLAND? Unsere Jobb\u00f6rse umfasst passende Stellen in Deutschland. Viele deutsche Unternehmen suchen nach Menschen mit internationalem Hintergrund. Nicht immer muss man deutsch sprechen k\u00f6nnen, ein gutes Englisch und deine Muttersprache reicht neben deinen professionellen Qualifikationen aus. Du wirst viele Stellen f\u00fcr [&hellip;]<\/p>\n","protected":false},"author":22,"featured_media":0,"parent":6719,"menu_order":0,"comment_status":"closed","ping_status":"closed","template":"","meta":{"_et_pb_use_builder":"on","_et_pb_old_content":"<p>[tm_pb_section admin_label=\"Section\" fullwidth=\"off\" specialty=\"on\" transparent_background=\"on\" allow_player_pause=\"off\" inner_shadow=\"off\" parallax=\"off\" parallax_method=\"off\" custom_padding=\"140px||28px|\" padding_mobile=\"on\" make_fullwidth=\"off\" use_custom_width=\"off\" width_unit=\"on\" make_equal=\"off\" use_custom_gutter=\"off\" parallax_1=\"off\" parallax_method_1=\"off\" parallax_2=\"off\" parallax_method_2=\"off\" module_class=\"container\"][tm_pb_column type=\"1_2\"][tm_pb_image admin_label=\"Image\" src=\"https:\/\/www.mygermanexpert.com\/wp-content\/uploads\/2016\/09\/home_img01-1.jpg\" show_in_lightbox=\"off\" url_new_window=\"off\" use_overlay=\"off\" animation=\"off\" sticky=\"off\" align=\"left\" force_fullwidth=\"off\" always_center_on_mobile=\"on\" use_border_color=\"off\" border_color=\"#ffffff\" border_style=\"solid\" custom_margin=\"||37px|\"] [\/tm_pb_image][\/tm_pb_column][tm_pb_column type=\"1_2\" specialty_columns=\"2\"][tm_pb_row_inner admin_label=\"Row\" padding_mobile=\"off\" use_custom_gutter=\"off\" column_padding_mobile=\"on\" make_equal=\"off\" parallax_1=\"off\" parallax_method_1=\"off\" parallax_2=\"off\" parallax_method_2=\"off\" custom_margin_last_edited=\"off|desktop\"][tm_pb_column_inner type=\"1_2\" saved_specialty_column_type=\"1_2\"][tm_pb_image admin_label=\"Image\" src=\"https:\/\/www.mygermanexpert.com\/wp-content\/uploads\/2016\/08\/images_02.jpg\" show_in_lightbox=\"off\" url_new_window=\"off\" use_overlay=\"off\" animation=\"off\" sticky=\"off\" align=\"left\" force_fullwidth=\"on\" always_center_on_mobile=\"on\" use_border_color=\"off\" border_color=\"#ffffff\" border_style=\"solid\" custom_margin=\"||37px|\"] [\/tm_pb_image][\/tm_pb_column_inner][tm_pb_column_inner type=\"1_2\" saved_specialty_column_type=\"1_2\"][tm_pb_image admin_label=\"Image\" src=\"https:\/\/www.mygermanexpert.com\/wp-content\/uploads\/2016\/08\/images_03.jpg\" show_in_lightbox=\"off\" url_new_window=\"off\" use_overlay=\"off\" animation=\"off\" sticky=\"off\" align=\"left\" force_fullwidth=\"on\" always_center_on_mobile=\"on\" use_border_color=\"off\" border_color=\"#ffffff\" border_style=\"solid\" custom_margin=\"||37px|\"] [\/tm_pb_image][\/tm_pb_column_inner][\/tm_pb_row_inner][tm_pb_row_inner admin_label=\"Row\" padding_mobile=\"off\" use_custom_gutter=\"off\" column_padding_mobile=\"on\" make_equal=\"off\" parallax_1=\"off\" parallax_method_1=\"off\" parallax_2=\"off\" parallax_method_2=\"off\"][tm_pb_column_inner type=\"1_2\" saved_specialty_column_type=\"1_2\"][tm_pb_image admin_label=\"Image\" src=\"https:\/\/www.mygermanexpert.com\/wp-content\/uploads\/2016\/12\/images_04.jpg\" show_in_lightbox=\"off\" url_new_window=\"off\" use_overlay=\"off\" animation=\"off\" sticky=\"off\" align=\"left\" force_fullwidth=\"on\" always_center_on_mobile=\"on\" use_border_color=\"off\" border_color=\"#ffffff\" border_style=\"solid\" custom_margin=\"||37px|\"] [\/tm_pb_image][\/tm_pb_column_inner][tm_pb_column_inner type=\"1_2\" saved_specialty_column_type=\"1_2\"][tm_pb_image admin_label=\"Image\" src=\"https:\/\/www.mygermanexpert.com\/wp-content\/uploads\/2016\/12\/images_05.jpg\" show_in_lightbox=\"off\" url_new_window=\"off\" use_overlay=\"off\" animation=\"off\" sticky=\"off\" align=\"left\" force_fullwidth=\"on\" always_center_on_mobile=\"on\" use_border_color=\"off\" border_color=\"#ffffff\" border_style=\"solid\" custom_margin=\"||37px|\"] [\/tm_pb_image][\/tm_pb_column_inner][\/tm_pb_row_inner][\/tm_pb_column][\/tm_pb_section][tm_pb_section admin_label=\"Section\" fullwidth=\"off\" specialty=\"off\" transparent_background=\"on\" allow_player_pause=\"off\" inner_shadow=\"off\" parallax=\"off\" parallax_method=\"off\" custom_padding=\"||144px|\" custom_padding_last_edited=\"on|desktop\" padding_mobile=\"on\" make_fullwidth=\"off\" use_custom_width=\"off\" width_unit=\"on\" make_equal=\"off\" use_custom_gutter=\"off\" custom_padding_tablet=\"||120px|\" custom_padding_phone=\"||100px|\"][tm_pb_row admin_label=\"Row\" make_fullwidth=\"off\" use_custom_width=\"off\" use_grid_padding=\"on\" width_unit=\"on\" padding_mobile=\"off\" custom_margin=\"||20px|\" allow_player_pause=\"off\" parallax=\"off\" parallax_method=\"off\" make_equal=\"off\" parallax_1=\"off\" parallax_method_1=\"off\" parallax_2=\"off\" parallax_method_2=\"off\" parallax_3=\"off\" parallax_method_3=\"off\" column_padding_mobile=\"on\"][tm_pb_column type=\"1_3\"][tm_pb_image admin_label=\"Image\" src=\"https:\/\/www.mygermanexpert.com\/wp-content\/uploads\/2016\/08\/blurb_01.jpg\" show_in_lightbox=\"off\" url_new_window=\"off\" use_overlay=\"off\" animation=\"off\" sticky=\"off\" align=\"left\" force_fullwidth=\"on\" always_center_on_mobile=\"on\" use_border_color=\"off\" border_color=\"#ffffff\" border_style=\"solid\" custom_margin=\"||37px|\"] [\/tm_pb_image][\/tm_pb_column][tm_pb_column type=\"1_3\"][tm_pb_image admin_label=\"Image\" src=\"https:\/\/www.mygermanexpert.com\/wp-content\/uploads\/2016\/08\/images_07.jpg\" show_in_lightbox=\"off\" url_new_window=\"off\" use_overlay=\"off\" animation=\"off\" sticky=\"off\" align=\"left\" force_fullwidth=\"on\" always_center_on_mobile=\"on\" use_border_color=\"off\" border_color=\"#ffffff\" border_style=\"solid\" custom_margin=\"||37px|\"] [\/tm_pb_image][\/tm_pb_column][tm_pb_column type=\"1_3\"][tm_pb_image admin_label=\"Image\" src=\"https:\/\/www.mygermanexpert.com\/wp-content\/uploads\/2016\/08\/blurb_02.jpg\" show_in_lightbox=\"off\" url_new_window=\"off\" use_overlay=\"off\" animation=\"off\" sticky=\"off\" align=\"left\" force_fullwidth=\"on\" always_center_on_mobile=\"on\" use_border_color=\"off\" border_color=\"#ffffff\" border_style=\"solid\" custom_margin=\"||37px|\"] [\/tm_pb_image][\/tm_pb_column][\/tm_pb_row][tm_pb_row admin_label=\"Row\"][tm_pb_column type=\"4_4\"][tm_pb_image admin_label=\"Image\" src=\"https:\/\/www.mygermanexpert.com\/wp-content\/uploads\/2016\/08\/images_09.png\" show_in_lightbox=\"off\" url_new_window=\"off\" use_overlay=\"off\" animation=\"off\" sticky=\"off\" align=\"center\" force_fullwidth=\"off\" always_center_on_mobile=\"on\" use_border_color=\"off\" border_color=\"#ffffff\" border_style=\"solid\" custom_margin=\"||60px|\"] [\/tm_pb_image][\/tm_pb_column][\/tm_pb_row][tm_pb_row admin_label=\"Row\" make_fullwidth=\"on\" use_custom_width=\"off\" use_grid_padding=\"off\" width_unit=\"on\" padding_mobile=\"off\" allow_player_pause=\"off\" parallax=\"off\" parallax_method=\"off\" make_equal=\"off\" parallax_1=\"off\" parallax_method_1=\"off\" column_padding_mobile=\"on\" parallax_2=\"off\" parallax_method_2=\"off\"][tm_pb_column type=\"2_3\"][tm_pb_image admin_label=\"Image\" src=\"https:\/\/www.mygermanexpert.com\/wp-content\/uploads\/2016\/08\/images_10.jpg\" show_in_lightbox=\"off\" url_new_window=\"off\" use_overlay=\"off\" animation=\"off\" sticky=\"off\" align=\"left\" force_fullwidth=\"on\" always_center_on_mobile=\"on\" use_border_color=\"off\" border_color=\"#ffffff\" border_style=\"solid\"] [\/tm_pb_image][\/tm_pb_column][tm_pb_column type=\"1_3\"][tm_pb_image admin_label=\"Image\" src=\"https:\/\/www.mygermanexpert.com\/wp-content\/uploads\/2016\/08\/images_11.jpg\" show_in_lightbox=\"off\" url_new_window=\"off\" use_overlay=\"off\" animation=\"off\" sticky=\"off\" align=\"left\" force_fullwidth=\"on\" always_center_on_mobile=\"on\" use_border_color=\"off\" border_color=\"#ffffff\" border_style=\"solid\"] [\/tm_pb_image][\/tm_pb_column][\/tm_pb_row][\/tm_pb_section]<\/p>","_et_gb_content_width":"","_bos_mb_destination":[""],"footnotes":""},"class_list":["post-6880","page","type-page","status-publish"],"yoast_head":"<!-- This site is optimized with the Yoast SEO plugin v26.8 - https:\/\/yoast.com\/product\/yoast-seo-wordpress\/ -->\n<title>Wie man in Deutschland Arbeit findet - myGermanExpert<\/title>\n<meta name=\"description\" content=\"Suchst du nach Arbeit in Deutschland? Unsere Jobb\u00f6rse hat passende Stellen. Durchst\u00f6bere alle t\u00e4glichen Angebote, die zu deiner Qualifikation passen.\" \/>\n<meta name=\"robots\" content=\"index, follow, max-snippet:-1, max-image-preview:large, max-video-preview:-1\" \/>\n<link rel=\"canonical\" href=\"https:\/\/www.mygermanexpert.com\/de\/services\/germany-jobs\/\" \/>\n<meta property=\"og:locale\" content=\"de_DE\" \/>\n<meta property=\"og:type\" content=\"article\" \/>\n<meta property=\"og:title\" content=\"Wie man in Deutschland Arbeit findet - myGermanExpert\" \/>\n<meta property=\"og:description\" content=\"Suchst du nach Arbeit in Deutschland? Unsere Jobb\u00f6rse hat passende Stellen. Durchst\u00f6bere alle t\u00e4glichen Angebote, die zu deiner Qualifikation passen.\" \/>\n<meta property=\"og:url\" content=\"https:\/\/www.mygermanexpert.com\/de\/services\/germany-jobs\/\" \/>\n<meta property=\"og:site_name\" content=\"myGermanExpert\" \/>\n<meta property=\"article:publisher\" content=\"https:\/\/www.facebook.com\/mygermanexpert\" \/>\n<meta property=\"article:modified_time\" content=\"2018-06-03T18:27:51+00:00\" \/>\n<meta property=\"og:image\" content=\"http:\/\/..\/..\/..\/wp-content\/uploads\/2017\/08\/fb_image_scaled_102536_49265_logo-300x158.jpg\" \/>\n<meta name=\"twitter:card\" content=\"summary_large_image\" \/>\n<meta name=\"twitter:site\" content=\"@mygermanexpert\" \/>\n<meta name=\"twitter:label1\" content=\"Gesch\u00e4tzte Lesezeit\" \/>\n\t<meta name=\"twitter:data1\" content=\"2\u00a0Minuten\" \/>\n<script type=\"application\/ld+json\" class=\"yoast-schema-graph\">{\"@context\":\"https:\/\/schema.org\",\"@graph\":[{\"@type\":\"WebPage\",\"@id\":\"https:\/\/www.mygermanexpert.com\/de\/services\/germany-jobs\/\",\"url\":\"https:\/\/www.mygermanexpert.com\/de\/services\/germany-jobs\/\",\"name\":\"Wie man in Deutschland Arbeit findet - myGermanExpert\",\"isPartOf\":{\"@id\":\"https:\/\/www.mygermanexpert.com\/#website\"},\"datePublished\":\"2016-08-29T14:01:17+00:00\",\"dateModified\":\"2018-06-03T18:27:51+00:00\",\"description\":\"Suchst du nach Arbeit in Deutschland? Unsere Jobb\u00f6rse hat passende Stellen. Durchst\u00f6bere alle t\u00e4glichen Angebote, die zu deiner Qualifikation passen.\",\"breadcrumb\":{\"@id\":\"https:\/\/www.mygermanexpert.com\/de\/services\/germany-jobs\/#breadcrumb\"},\"inLanguage\":\"de\",\"potentialAction\":[{\"@type\":\"ReadAction\",\"target\":[\"https:\/\/www.mygermanexpert.com\/de\/services\/germany-jobs\/\"]}]},{\"@type\":\"BreadcrumbList\",\"@id\":\"https:\/\/www.mygermanexpert.com\/de\/services\/germany-jobs\/#breadcrumb\",\"itemListElement\":[{\"@type\":\"ListItem\",\"position\":1,\"name\":\"Home\",\"item\":\"https:\/\/www.mygermanexpert.com\/de\/\"},{\"@type\":\"ListItem\",\"position\":2,\"name\":\"Dienstleistungen\",\"item\":\"https:\/\/www.mygermanexpert.com\/de\/services\/\"},{\"@type\":\"ListItem\",\"position\":3,\"name\":\"Jobb\u00f6rse\"}]},{\"@type\":\"WebSite\",\"@id\":\"https:\/\/www.mygermanexpert.com\/#website\",\"url\":\"https:\/\/www.mygermanexpert.com\/\",\"name\":\"myGermanExpert\",\"description\":\"\",\"publisher\":{\"@id\":\"https:\/\/www.mygermanexpert.com\/#organization\"},\"potentialAction\":[{\"@type\":\"SearchAction\",\"target\":{\"@type\":\"EntryPoint\",\"urlTemplate\":\"https:\/\/www.mygermanexpert.com\/?s={search_term_string}\"},\"query-input\":{\"@type\":\"PropertyValueSpecification\",\"valueRequired\":true,\"valueName\":\"search_term_string\"}}],\"inLanguage\":\"de\"},{\"@type\":\"Organization\",\"@id\":\"https:\/\/www.mygermanexpert.com\/#organization\",\"name\":\"myGermanExpert\",\"url\":\"https:\/\/www.mygermanexpert.com\/\",\"logo\":{\"@type\":\"ImageObject\",\"inLanguage\":\"de\",\"@id\":\"https:\/\/www.mygermanexpert.com\/#\/schema\/logo\/image\/\",\"url\":\"https:\/\/www.mygermanexpert.com\/wp-content\/uploads\/2017\/11\/MGE-Logo.png\",\"contentUrl\":\"https:\/\/www.mygermanexpert.com\/wp-content\/uploads\/2017\/11\/MGE-Logo.png\",\"width\":200,\"height\":200,\"caption\":\"myGermanExpert\"},\"image\":{\"@id\":\"https:\/\/www.mygermanexpert.com\/#\/schema\/logo\/image\/\"},\"sameAs\":[\"https:\/\/www.facebook.com\/mygermanexpert\",\"https:\/\/x.com\/mygermanexpert\",\"https:\/\/www.linkedin.com\/company\/mygermanexpert\",\"https:\/\/www.youtube.com\/c\/myGermanExpert\"]}]}<\/script>\n<!-- \/ Yoast SEO plugin. -->","yoast_head_json":{"title":"Wie man in Deutschland Arbeit findet - myGermanExpert","description":"Suchst du nach Arbeit in Deutschland? Unsere Jobb\u00f6rse hat passende Stellen. Durchst\u00f6bere alle t\u00e4glichen Angebote, die zu deiner Qualifikation passen.","robots":{"index":"index","follow":"follow","max-snippet":"max-snippet:-1","max-image-preview":"max-image-preview:large","max-video-preview":"max-video-preview:-1"},"canonical":"https:\/\/www.mygermanexpert.com\/de\/services\/germany-jobs\/","og_locale":"de_DE","og_type":"article","og_title":"Wie man in Deutschland Arbeit findet - myGermanExpert","og_description":"Suchst du nach Arbeit in Deutschland? Unsere Jobb\u00f6rse hat passende Stellen. Durchst\u00f6bere alle t\u00e4glichen Angebote, die zu deiner Qualifikation passen.","og_url":"https:\/\/www.mygermanexpert.com\/de\/services\/germany-jobs\/","og_site_name":"myGermanExpert","article_publisher":"https:\/\/www.facebook.com\/mygermanexpert","article_modified_time":"2018-06-03T18:27:51+00:00","og_image":[{"url":"..\/..\/..\/wp-content\/uploads\/2017\/08\/fb_image_scaled_102536_49265_logo-300x158.jpg","type":"","width":"","height":""}],"twitter_card":"summary_large_image","twitter_site":"@mygermanexpert","twitter_misc":{"Gesch\u00e4tzte Lesezeit":"2\u00a0Minuten"},"schema":{"@context":"https:\/\/schema.org","@graph":[{"@type":"WebPage","@id":"https:\/\/www.mygermanexpert.com\/de\/services\/germany-jobs\/","url":"https:\/\/www.mygermanexpert.com\/de\/services\/germany-jobs\/","name":"Wie man in Deutschland Arbeit findet - myGermanExpert","isPartOf":{"@id":"https:\/\/www.mygermanexpert.com\/#website"},"datePublished":"2016-08-29T14:01:17+00:00","dateModified":"2018-06-03T18:27:51+00:00","description":"Suchst du nach Arbeit in Deutschland? Unsere Jobb\u00f6rse hat passende Stellen. Durchst\u00f6bere alle t\u00e4glichen Angebote, die zu deiner Qualifikation passen.","breadcrumb":{"@id":"https:\/\/www.mygermanexpert.com\/de\/services\/germany-jobs\/#breadcrumb"},"inLanguage":"de","potentialAction":[{"@type":"ReadAction","target":["https:\/\/www.mygermanexpert.com\/de\/services\/germany-jobs\/"]}]},{"@type":"BreadcrumbList","@id":"https:\/\/www.mygermanexpert.com\/de\/services\/germany-jobs\/#breadcrumb","itemListElement":[{"@type":"ListItem","position":1,"name":"Home","item":"https:\/\/www.mygermanexpert.com\/de\/"},{"@type":"ListItem","position":2,"name":"Dienstleistungen","item":"https:\/\/www.mygermanexpert.com\/de\/services\/"},{"@type":"ListItem","position":3,"name":"Jobb\u00f6rse"}]},{"@type":"WebSite","@id":"https:\/\/www.mygermanexpert.com\/#website","url":"https:\/\/www.mygermanexpert.com\/","name":"myGermanExpert","description":"","publisher":{"@id":"https:\/\/www.mygermanexpert.com\/#organization"},"potentialAction":[{"@type":"SearchAction","target":{"@type":"EntryPoint","urlTemplate":"https:\/\/www.mygermanexpert.com\/?s={search_term_string}"},"query-input":{"@type":"PropertyValueSpecification","valueRequired":true,"valueName":"search_term_string"}}],"inLanguage":"de"},{"@type":"Organization","@id":"https:\/\/www.mygermanexpert.com\/#organization","name":"myGermanExpert","url":"https:\/\/www.mygermanexpert.com\/","logo":{"@type":"ImageObject","inLanguage":"de","@id":"https:\/\/www.mygermanexpert.com\/#\/schema\/logo\/image\/","url":"https:\/\/www.mygermanexpert.com\/wp-content\/uploads\/2017\/11\/MGE-Logo.png","contentUrl":"https:\/\/www.mygermanexpert.com\/wp-content\/uploads\/2017\/11\/MGE-Logo.png","width":200,"height":200,"caption":"myGermanExpert"},"image":{"@id":"https:\/\/www.mygermanexpert.com\/#\/schema\/logo\/image\/"},"sameAs":["https:\/\/www.facebook.com\/mygermanexpert","https:\/\/x.com\/mygermanexpert","https:\/\/www.linkedin.com\/company\/mygermanexpert","https:\/\/www.youtube.com\/c\/myGermanExpert"]}]}},"_links":{"self":[{"href":"https:\/\/www.mygermanexpert.com\/de\/wp-json\/wp\/v2\/pages\/6880","targetHints":{"allow":["GET"]}}],"collection":[{"href":"https:\/\/www.mygermanexpert.com\/de\/wp-json\/wp\/v2\/pages"}],"about":[{"href":"https:\/\/www.mygermanexpert.com\/de\/wp-json\/wp\/v2\/types\/page"}],"author":[{"embeddable":true,"href":"https:\/\/www.mygermanexpert.com\/de\/wp-json\/wp\/v2\/users\/22"}],"replies":[{"embeddable":true,"href":"https:\/\/www.mygermanexpert.com\/de\/wp-json\/wp\/v2\/comments?post=6880"}],"version-history":[{"count":4,"href":"https:\/\/www.mygermanexpert.com\/de\/wp-json\/wp\/v2\/pages\/6880\/revisions"}],"predecessor-version":[{"id":14250,"href":"https:\/\/www.mygermanexpert.com\/de\/wp-json\/wp\/v2\/pages\/6880\/revisions\/14250"}],"up":[{"embeddable":true,"href":"https:\/\/www.mygermanexpert.com\/de\/wp-json\/wp\/v2\/pages\/6719"}],"wp:attachment":[{"href":"https:\/\/www.mygermanexpert.com\/de\/wp-json\/wp\/v2\/media?parent=6880"}],"curies":[{"name":"wp","href":"https:\/\/api.w.org\/{rel}","templated":true}]}}