{"id":6837,"date":"2016-09-07T07:01:14","date_gmt":"2016-09-07T05:01:14","guid":{"rendered":"https:\/\/www.mygermanexpert.com\/freelancers\/"},"modified":"2021-10-28T14:01:55","modified_gmt":"2021-10-28T12:01:55","slug":"freelancers","status":"publish","type":"page","link":"https:\/\/www.mygermanexpert.com\/de\/services\/health-insurance\/freelancers\/","title":{"rendered":"Selbstst\u00e4ndige"},"content":{"rendered":"<p>[et_pb_section fb_built=&#8221;1&#8243; fullwidth=&#8221;on&#8221; admin_label=&#8221;section&#8221; _builder_version=&#8221;3.22&#8243; global_colors_info=&#8221;{}&#8221;][et_pb_fullwidth_slider show_arrows=&#8221;off&#8221; show_pagination=&#8221;off&#8221; _builder_version=&#8221;4.11.4&#8243; header_text_color=&#8221;#ffffff&#8221; body_text_color=&#8221;#f3f3f3&#8243; custom_padding=&#8221;|||&#8221; custom_padding_tablet=&#8221;|||&#8221; custom_padding_phone=&#8221;|||&#8221; hover_enabled=&#8221;0&#8243; box_shadow_style=&#8221;preset6&#8243; box_shadow_blur=&#8221;10px&#8221; box_shadow_color=&#8221;rgba(0,0,0,0.1)&#8221; locked=&#8221;off&#8221; global_colors_info=&#8221;{}&#8221; button_text_size__hover_enabled=&#8221;off&#8221; button_one_text_size__hover_enabled=&#8221;off&#8221; button_two_text_size__hover_enabled=&#8221;off&#8221; button_text_color__hover_enabled=&#8221;off&#8221; button_one_text_color__hover_enabled=&#8221;off&#8221; button_two_text_color__hover_enabled=&#8221;off&#8221; button_border_width__hover_enabled=&#8221;off&#8221; button_one_border_width__hover_enabled=&#8221;off&#8221; button_two_border_width__hover_enabled=&#8221;off&#8221; button_border_color__hover_enabled=&#8221;off&#8221; button_one_border_color__hover_enabled=&#8221;off&#8221; button_two_border_color__hover_enabled=&#8221;off&#8221; button_border_radius__hover_enabled=&#8221;off&#8221; button_one_border_radius__hover_enabled=&#8221;off&#8221; button_two_border_radius__hover_enabled=&#8221;off&#8221; button_letter_spacing__hover_enabled=&#8221;off&#8221; button_one_letter_spacing__hover_enabled=&#8221;off&#8221; button_two_letter_spacing__hover_enabled=&#8221;off&#8221; button_bg_color__hover_enabled=&#8221;off&#8221; button_one_bg_color__hover_enabled=&#8221;off&#8221; button_two_bg_color__hover_enabled=&#8221;off&#8221; sticky_enabled=&#8221;0&#8243;][et_pb_slide heading=&#8221;Krankenversicherungen f\u00fcr Selbstst\u00e4ndige&#8221; button_text=&#8221;Kostenloses Angebot&#8221; button_link=&#8221;https:\/\/www.mygermanexpert.com\/go\/h82&#8243; image=&#8221;https:\/\/www.mygermanexpert.com\/wp-content\/uploads\/2017\/08\/Header-Icons-18.png&#8221; use_bg_overlay=&#8221;off&#8221; use_text_overlay=&#8221;off&#8221; _builder_version=&#8221;4.11.4&#8243; custom_button=&#8221;on&#8221; hover_enabled=&#8221;0&#8243; box_shadow_style_button=&#8221;preset1&#8243; locked=&#8221;off&#8221; global_colors_info=&#8221;{}&#8221; button_text_size__hover_enabled=&#8221;off&#8221; button_one_text_size__hover_enabled=&#8221;off&#8221; button_two_text_size__hover_enabled=&#8221;off&#8221; button_text_color__hover_enabled=&#8221;off&#8221; button_one_text_color__hover_enabled=&#8221;off&#8221; button_two_text_color__hover_enabled=&#8221;off&#8221; button_border_width__hover_enabled=&#8221;off&#8221; button_one_border_width__hover_enabled=&#8221;off&#8221; button_two_border_width__hover_enabled=&#8221;off&#8221; button_border_color__hover_enabled=&#8221;off&#8221; button_one_border_color__hover_enabled=&#8221;off&#8221; button_two_border_color__hover_enabled=&#8221;off&#8221; button_border_radius__hover_enabled=&#8221;off&#8221; button_one_border_radius__hover_enabled=&#8221;off&#8221; button_two_border_radius__hover_enabled=&#8221;off&#8221; button_letter_spacing__hover_enabled=&#8221;off&#8221; button_one_letter_spacing__hover_enabled=&#8221;off&#8221; button_two_letter_spacing__hover_enabled=&#8221;off&#8221; button_bg_color__hover_enabled=&#8221;off&#8221; button_one_bg_color__hover_enabled=&#8221;off&#8221; button_two_bg_color__hover_enabled=&#8221;off&#8221; sticky_transition=&#8221;on&#8221; url_new_window=&#8221;on&#8221; sticky_enabled=&#8221;0&#8243;]<\/p>\n<p style=\"text-align: left;\">Angebote f\u00fcr Krankenversicherungen f\u00fcr Selbstst\u00e4ndige in Deutschland.<\/p>\n<p>[\/et_pb_slide][\/et_pb_fullwidth_slider][\/et_pb_section][et_pb_section fb_built=&#8221;1&#8243; _builder_version=&#8221;3.22&#8243; background_color=&#8221;#f3f3f3&#8243; custom_padding=&#8221;|||&#8221; global_colors_info=&#8221;{}&#8221;][et_pb_row make_equal=&#8221;on&#8221; _builder_version=&#8221;3.25&#8243; background_color=&#8221;#f3f3f3&#8243; global_colors_info=&#8221;{}&#8221;][et_pb_column type=&#8221;4_4&#8243; _builder_version=&#8221;3.25&#8243; custom_padding=&#8221;|||&#8221; global_colors_info=&#8221;{}&#8221; custom_padding__hover=&#8221;|||&#8221;][et_pb_text _builder_version=&#8221;3.27.4&#8243; text_font_size=&#8221;16px&#8221; text_orientation=&#8221;center&#8221; module_alignment=&#8221;center&#8221; global_colors_info=&#8221;{}&#8221;]<\/p>\n<blockquote><p>Eine Reisekrankenversicherung sch\u00fctzt dich bis du in Deutschland angekommen bist. Danach ben\u00f6tigst du einen Versicherungsschutz f\u00fcr Deutschland.<\/p><\/blockquote>\n<p>[\/et_pb_text][\/et_pb_column][\/et_pb_row][\/et_pb_section][et_pb_section fb_built=&#8221;1&#8243; _builder_version=&#8221;3.22&#8243; global_colors_info=&#8221;{}&#8221;][et_pb_row make_equal=&#8221;on&#8221; _builder_version=&#8221;3.25&#8243; global_colors_info=&#8221;{}&#8221;][et_pb_column type=&#8221;4_4&#8243; _builder_version=&#8221;3.25&#8243; custom_padding=&#8221;|||&#8221; global_colors_info=&#8221;{}&#8221; custom_padding__hover=&#8221;|||&#8221;][et_pb_blurb use_icon=&#8221;on&#8221; font_icon=&#8221;%%103%%&#8221; use_circle=&#8221;on&#8221; circle_color=&#8221;#f3f3f3&#8243; use_circle_border=&#8221;on&#8221; use_icon_font_size=&#8221;on&#8221; icon_font_size=&#8221;120px&#8221; _builder_version=&#8221;3.0.74&#8243; text_orientation=&#8221;center&#8221; global_colors_info=&#8221;{}&#8221;][\/et_pb_blurb][et_pb_text _builder_version=&#8221;3.27.4&#8243; global_colors_info=&#8221;{}&#8221;]<\/p>\n<h1 style=\"text-align: center;\">DREI OPTIONEN<\/h1>\n<p style=\"text-align: center;\">\n<p style=\"text-align: center;\">Seit 2009 ist es Pflicht, eine Krankenversicherung abzuschlie\u00dfen, wenn du in Deutschland lebst und arbeitest. Diese Regel gilt f\u00fcr alle, egal, ob EU-B\u00fcrger oder B\u00fcrger eines Landes mit Visumpflicht.<\/p>\n<p style=\"text-align: center;\">Arbeitest du selbstst\u00e4ndig? Laut Gesetz musst du trotzdem eine Krankenversicherung abschlie\u00dfen.<\/p>\n<p style=\"text-align: center;\"><span style=\"text-decoration: underline;\">Hier gibt es drei Optionen<\/span>:<br \/> \u2022 eine private Krankenversicherung bei einer deutschen Versicherung abschlie\u00dfen<br \/> \u2022 eine gesetzliche Krankenversicherung abschlie\u00dfen<br \/> \u2022 eine Krankenversicherung bei einer internationalen Krankenversicherung abschlie\u00dfen<\/p>\n<p>[\/et_pb_text][\/et_pb_column][\/et_pb_row][\/et_pb_section][et_pb_section fb_built=&#8221;1&#8243; _builder_version=&#8221;3.22&#8243; background_color=&#8221;#f3f3f3&#8243; global_colors_info=&#8221;{}&#8221;][et_pb_row _builder_version=&#8221;3.25&#8243; global_colors_info=&#8221;{}&#8221;][et_pb_column type=&#8221;4_4&#8243; _builder_version=&#8221;3.25&#8243; custom_padding=&#8221;|||&#8221; global_colors_info=&#8221;{}&#8221; custom_padding__hover=&#8221;|||&#8221;][et_pb_blurb use_icon=&#8221;on&#8221; font_icon=&#8221;%%103%%&#8221; use_circle=&#8221;on&#8221; circle_color=&#8221;#ffffff&#8221; use_circle_border=&#8221;on&#8221; use_icon_font_size=&#8221;on&#8221; icon_font_size=&#8221;120px&#8221; _builder_version=&#8221;3.0.74&#8243; global_colors_info=&#8221;{}&#8221;][\/et_pb_blurb][et_pb_text _builder_version=&#8221;3.27.4&#8243; global_colors_info=&#8221;{}&#8221;]<\/p>\n<h1 style=\"text-align: center;\">KRANKENVERSICHERUNGEN F\u00dcR SELBSTST\u00c4NDIGE IN DEUTSCHLAND<\/h1>\n<p style=\"text-align: center;\">\n<p style=\"text-align: center;\">Wenn du aus den Ausland nach Deutschland gereist bist und dort versichert bist, ist es v\u00f6llig in Ordnung, deine Krankenversicherung zu benutzen. Du musst aber sichergehen, dass deine Versicherung den rechtlichen Anforderungen der deutschen Regierung entspricht.<\/p>\n<p style=\"text-align: center;\">Wenn du als ausl\u00e4ndischer Staatsb\u00fcrger in Deutschland bist, bost du per Gesetz verpflichtet einen privaten oder gesetzlichen Krankenversicherungsschutz abzuschlie\u00dfen.<\/p>\n<p style=\"text-align: center;\"><span style=\"text-decoration: underline;\">Welche Anforderungen sind das<\/span>?<br \/> Grunds\u00e4tzlich bedeutet das, dass jede ausl\u00e4ndische Krankenversicherung die gleichen Leistungen \u00fcbernehmen muss, wie eine deutsche gesetzliche Versicherung.<\/p>\n<p style=\"text-align: center;\"><span style=\"text-decoration: underline;\">Das darf deine Versicherungspolice nicht enthalten<\/span>:<br \/> \u2022 Jegliche Ausnahme von der Police<br \/> \u2022 die Auflage, eine \u00dcberdeckung bezahlen zu m\u00fcssen.<br \/> \u2022 ein Limit des Entsch\u00e4digungsbetrags f\u00fcr medizinische Leistungen, wenn du krank bist<br \/> \u2022 Jegliche Ausschlussklausel bei Ver\u00e4nderungen deiner Zurechnungsf\u00e4higkeit.<br \/> Jegliche Auschlussklausel daf\u00fcr, dass du in Deutschland lebst, dein Alter betreffend oder deine Aktivit\u00e4ten<\/p>\n<p style=\"text-align: center;\">Die Versicherung muss wie eine Lebensversicherung strukturiert sein, d.h. die Dauer der Versicherung darf zeitlich nicht begrenzt sein oder muss sich automatisch verl\u00e4ngern.<\/p>\n<p style=\"text-align: center;\">Die f\u00fcr die Regulierung finanzieller Dienste zust\u00e4ndige Beh\u00f6rde ist die Bundesanstalt f\u00fcr Finanzdienstleistungsaufsicht. Sie ist verantwortlich f\u00fcr die strengen Kriterien, denen Krankenversicherungen unterliegen, speziell in Hinsicht auf Paragraf 257(2)(a) des SGB V (Sozialgesetzbuch).<\/p>\n<p style=\"text-align: center;\">Es ist sehr wichtig sicherzustellen, dass deine Krankenversicherung in Deutschland g\u00fcltig ist.<\/p>\n<p style=\"text-align: center;\"><span style=\"text-decoration: underline;\">Wie geht das<\/span>?<br \/> Frage bei deiner Krankenversicherung nach der Lizenznummer, die sie von der BaFin erhalten haben. Ein anderer Weg ist, dich bei deiner Versicherung zu informieren, ob sie die deutschen Anforderungen erf\u00fcllt. Kann sie die beides nicht erbringen, erf\u00fcllt sie die deutschen Anforderungen wahrscheinlich nicht.<\/p>\n<p>[\/et_pb_text][\/et_pb_column][\/et_pb_row][\/et_pb_section][et_pb_section fb_built=&#8221;1&#8243; admin_label=&#8221;section&#8221; _builder_version=&#8221;3.22&#8243; background_color=&#8221;#8dc153&#8243; custom_padding=&#8221;5px||5px|&#8221; global_colors_info=&#8221;{}&#8221;][et_pb_row column_structure=&#8221;1_4,3_4&#8243; _builder_version=&#8221;3.25&#8243; background_color=&#8221;#8dc153&#8243; custom_margin=&#8221;|||&#8221; custom_padding=&#8221;|||&#8221; global_colors_info=&#8221;{}&#8221;][et_pb_column type=&#8221;1_4&#8243; _builder_version=&#8221;3.25&#8243; custom_padding=&#8221;|||&#8221; global_colors_info=&#8221;{}&#8221; custom_padding__hover=&#8221;|||&#8221;][et_pb_image src=&#8221;https:\/\/www.mygermanexpert.com\/wp-content\/uploads\/2018\/06\/Health-Insurance-Side-Scraper.png&#8221; url=&#8221;https:\/\/www.mygermanexpert.com\/go\/h92&#8243; url_new_window=&#8221;on&#8221; align_tablet=&#8221;center&#8221; align_phone=&#8221;&#8221; align_last_edited=&#8221;on|desktop&#8221; _builder_version=&#8221;4.11.4&#8243; animation_style=&#8221;fold&#8221; hover_enabled=&#8221;0&#8243; box_shadow_style=&#8221;preset2&#8243; global_colors_info=&#8221;{}&#8221; sticky_enabled=&#8221;0&#8243;][\/et_pb_image][\/et_pb_column][et_pb_column type=&#8221;3_4&#8243; _builder_version=&#8221;3.25&#8243; custom_padding=&#8221;|||&#8221; global_colors_info=&#8221;{}&#8221; custom_padding__hover=&#8221;|||&#8221;][et_pb_cta title=&#8221;Kostenlose Beratung &#8211; Kostenlose Anmeldung&#8221; button_url=&#8221;https:\/\/www.mygermanexpert.com\/go\/h92&#8243; url_new_window=&#8221;on&#8221; button_text=&#8221;Kostenloses Angebot&#8221; _builder_version=&#8221;4.11.4&#8243; header_line_height=&#8221;1.7em&#8221; body_font_size=&#8221;15px&#8221; custom_button=&#8221;on&#8221; custom_padding=&#8221;|||&#8221; hover_enabled=&#8221;0&#8243; border_width_all=&#8221;0px&#8221; border_color_all=&#8221;#ffffff&#8221; border_style_all=&#8221;solid&#8221; box_shadow_style=&#8221;preset2&#8243; box_shadow_style_button=&#8221;preset1&#8243; use_border_color=&#8221;on&#8221; global_colors_info=&#8221;{}&#8221; button_text_size__hover_enabled=&#8221;off&#8221; button_one_text_size__hover_enabled=&#8221;off&#8221; button_two_text_size__hover_enabled=&#8221;off&#8221; button_text_color__hover_enabled=&#8221;off&#8221; button_one_text_color__hover_enabled=&#8221;off&#8221; button_two_text_color__hover_enabled=&#8221;off&#8221; button_border_width__hover_enabled=&#8221;off&#8221; button_one_border_width__hover_enabled=&#8221;off&#8221; button_two_border_width__hover_enabled=&#8221;off&#8221; button_border_color__hover_enabled=&#8221;off&#8221; button_one_border_color__hover_enabled=&#8221;off&#8221; button_two_border_color__hover_enabled=&#8221;off&#8221; button_border_radius__hover_enabled=&#8221;off&#8221; button_one_border_radius__hover_enabled=&#8221;off&#8221; button_two_border_radius__hover_enabled=&#8221;off&#8221; button_letter_spacing__hover_enabled=&#8221;off&#8221; button_one_letter_spacing__hover_enabled=&#8221;off&#8221; button_two_letter_spacing__hover_enabled=&#8221;off&#8221; button_bg_color__hover_enabled=&#8221;off&#8221; button_one_bg_color__hover_enabled=&#8221;off&#8221; button_two_bg_color__hover_enabled=&#8221;off&#8221; sticky_enabled=&#8221;0&#8243;]<\/p>\n<p style=\"text-align: center;\">BProtected ist ein zertifizierter, unabh\u00e4ngiger &amp; erfahrener Versicherungsanbieter f\u00fcr kundenfreundliche und pers\u00f6nliche Beratung bez\u00fcglich aller Aspekte der deutschen Krankenversicherung. Sie k\u00f6nnen dir helfen, die f\u00fcr dich und dein Budget passende Option zu finden.<\/p>\n<p>[\/et_pb_cta][\/et_pb_column][\/et_pb_row][\/et_pb_section]<\/p>\n","protected":false},"excerpt":{"rendered":"<p>Angebote f\u00fcr Krankenversicherungen f\u00fcr Selbstst\u00e4ndige in Deutschland.Eine Reisekrankenversicherung sch\u00fctzt dich bis du in Deutschland angekommen bist. Danach ben\u00f6tigst du einen Versicherungsschutz f\u00fcr Deutschland. DREI OPTIONEN Seit 2009 ist es Pflicht, eine Krankenversicherung abzuschlie\u00dfen, wenn du in Deutschland lebst und arbeitest. Diese Regel gilt f\u00fcr alle, egal, ob EU-B\u00fcrger oder B\u00fcrger eines Landes mit Visumpflicht. Arbeitest [&hellip;]<\/p>\n","protected":false},"author":31,"featured_media":0,"parent":6844,"menu_order":0,"comment_status":"closed","ping_status":"closed","template":"","meta":{"_et_pb_use_builder":"on","_et_pb_old_content":"<p>[tm_pb_section admin_label=\"section\" transparent_background=\"on\" allow_player_pause=\"off\" inner_shadow=\"off\" parallax=\"off\" parallax_method=\"off\" custom_padding=\"120px||120px|\" padding_mobile=\"on\" make_fullwidth=\"off\" use_custom_width=\"off\" width_unit=\"on\" make_equal=\"off\" use_custom_gutter=\"off\"][tm_pb_row admin_label=\"row\"][tm_pb_column type=\"4_4\"][tm_pb_swiper admin_label=\"Carousel\" terms_type=\"category_name\" category_name=\"13,3\" post_offset=\"0\" title_delimiter=\"off\" image=\"on\" more=\"on\" button_show_all=\"off\" image_size=\"post-thumbnail\" autoplay=\"off\" navigate_button=\"on\" pagination=\"on\" first_item_center=\"off\" more_text=\"Read more\" meta_date=\"on|on|on|off|off\" excerpt_length=\"10\"]<\/p><p>[\/tm_pb_swiper][\/tm_pb_column][\/tm_pb_row][\/tm_pb_section]<\/p>","_et_gb_content_width":"","_bos_mb_destination":[""],"footnotes":""},"class_list":["post-6837","page","type-page","status-publish"],"yoast_head":"<!-- This site is optimized with the Yoast SEO plugin v26.8 - https:\/\/yoast.com\/product\/yoast-seo-wordpress\/ -->\n<title>Krankenversicherung f\u00fcr Freiberufler in Deutschland - myGermanExpert<\/title>\n<meta name=\"description\" content=\"Angebote f\u00fcr private und \u00f6ffentliche Krankenversicherungen f\u00fcr Freiberufler. Finde die beste Wahl f\u00fcr dich und deine Familie. Kostenloses Angebot hier!\" \/>\n<meta name=\"robots\" content=\"index, follow, max-snippet:-1, max-image-preview:large, max-video-preview:-1\" \/>\n<link rel=\"canonical\" href=\"https:\/\/www.mygermanexpert.com\/de\/services\/health-insurance\/freelancers\/\" \/>\n<meta property=\"og:locale\" content=\"de_DE\" \/>\n<meta property=\"og:type\" content=\"article\" \/>\n<meta property=\"og:title\" content=\"Krankenversicherung f\u00fcr Freiberufler in Deutschland - myGermanExpert\" \/>\n<meta property=\"og:description\" content=\"Angebote f\u00fcr private und \u00f6ffentliche Krankenversicherungen f\u00fcr Freiberufler. Finde die beste Wahl f\u00fcr dich und deine Familie. Kostenloses Angebot hier!\" \/>\n<meta property=\"og:url\" content=\"https:\/\/www.mygermanexpert.com\/de\/services\/health-insurance\/freelancers\/\" \/>\n<meta property=\"og:site_name\" content=\"myGermanExpert\" \/>\n<meta property=\"article:publisher\" content=\"https:\/\/www.facebook.com\/mygermanexpert\" \/>\n<meta property=\"article:modified_time\" content=\"2021-10-28T12:01:55+00:00\" \/>\n<meta property=\"og:image\" content=\"https:\/\/www.mygermanexpert.com\/wp-content\/uploads\/2017\/11\/MGE-Logo.png\" \/>\n\t<meta property=\"og:image:width\" content=\"200\" \/>\n\t<meta property=\"og:image:height\" content=\"200\" \/>\n\t<meta property=\"og:image:type\" content=\"image\/png\" \/>\n<meta name=\"twitter:card\" content=\"summary_large_image\" \/>\n<meta name=\"twitter:site\" content=\"@mygermanexpert\" \/>\n<meta name=\"twitter:label1\" content=\"Gesch\u00e4tzte Lesezeit\" \/>\n\t<meta name=\"twitter:data1\" content=\"7\u00a0Minuten\" \/>\n<script type=\"application\/ld+json\" class=\"yoast-schema-graph\">{\"@context\":\"https:\/\/schema.org\",\"@graph\":[{\"@type\":\"WebPage\",\"@id\":\"https:\/\/www.mygermanexpert.com\/de\/services\/health-insurance\/freelancers\/\",\"url\":\"https:\/\/www.mygermanexpert.com\/de\/services\/health-insurance\/freelancers\/\",\"name\":\"Krankenversicherung f\u00fcr Freiberufler in Deutschland - myGermanExpert\",\"isPartOf\":{\"@id\":\"https:\/\/www.mygermanexpert.com\/#website\"},\"datePublished\":\"2016-09-07T05:01:14+00:00\",\"dateModified\":\"2021-10-28T12:01:55+00:00\",\"description\":\"Angebote f\u00fcr private und \u00f6ffentliche Krankenversicherungen f\u00fcr Freiberufler. Finde die beste Wahl f\u00fcr dich und deine Familie. Kostenloses Angebot hier!\",\"breadcrumb\":{\"@id\":\"https:\/\/www.mygermanexpert.com\/de\/services\/health-insurance\/freelancers\/#breadcrumb\"},\"inLanguage\":\"de\",\"potentialAction\":[{\"@type\":\"ReadAction\",\"target\":[\"https:\/\/www.mygermanexpert.com\/de\/services\/health-insurance\/freelancers\/\"]}]},{\"@type\":\"BreadcrumbList\",\"@id\":\"https:\/\/www.mygermanexpert.com\/de\/services\/health-insurance\/freelancers\/#breadcrumb\",\"itemListElement\":[{\"@type\":\"ListItem\",\"position\":1,\"name\":\"Home\",\"item\":\"https:\/\/www.mygermanexpert.com\/de\/\"},{\"@type\":\"ListItem\",\"position\":2,\"name\":\"Dienstleistungen\",\"item\":\"https:\/\/www.mygermanexpert.com\/de\/services\/\"},{\"@type\":\"ListItem\",\"position\":3,\"name\":\"Krankenversicherung\",\"item\":\"https:\/\/www.mygermanexpert.com\/de\/services\/health-insurance\/\"},{\"@type\":\"ListItem\",\"position\":4,\"name\":\"Selbstst\u00e4ndige\"}]},{\"@type\":\"WebSite\",\"@id\":\"https:\/\/www.mygermanexpert.com\/#website\",\"url\":\"https:\/\/www.mygermanexpert.com\/\",\"name\":\"myGermanExpert\",\"description\":\"\",\"publisher\":{\"@id\":\"https:\/\/www.mygermanexpert.com\/#organization\"},\"potentialAction\":[{\"@type\":\"SearchAction\",\"target\":{\"@type\":\"EntryPoint\",\"urlTemplate\":\"https:\/\/www.mygermanexpert.com\/?s={search_term_string}\"},\"query-input\":{\"@type\":\"PropertyValueSpecification\",\"valueRequired\":true,\"valueName\":\"search_term_string\"}}],\"inLanguage\":\"de\"},{\"@type\":\"Organization\",\"@id\":\"https:\/\/www.mygermanexpert.com\/#organization\",\"name\":\"myGermanExpert\",\"url\":\"https:\/\/www.mygermanexpert.com\/\",\"logo\":{\"@type\":\"ImageObject\",\"inLanguage\":\"de\",\"@id\":\"https:\/\/www.mygermanexpert.com\/#\/schema\/logo\/image\/\",\"url\":\"https:\/\/www.mygermanexpert.com\/wp-content\/uploads\/2017\/11\/MGE-Logo.png\",\"contentUrl\":\"https:\/\/www.mygermanexpert.com\/wp-content\/uploads\/2017\/11\/MGE-Logo.png\",\"width\":200,\"height\":200,\"caption\":\"myGermanExpert\"},\"image\":{\"@id\":\"https:\/\/www.mygermanexpert.com\/#\/schema\/logo\/image\/\"},\"sameAs\":[\"https:\/\/www.facebook.com\/mygermanexpert\",\"https:\/\/x.com\/mygermanexpert\",\"https:\/\/www.linkedin.com\/company\/mygermanexpert\",\"https:\/\/www.youtube.com\/c\/myGermanExpert\"]}]}<\/script>\n<!-- \/ Yoast SEO plugin. -->","yoast_head_json":{"title":"Krankenversicherung f\u00fcr Freiberufler in Deutschland - myGermanExpert","description":"Angebote f\u00fcr private und \u00f6ffentliche Krankenversicherungen f\u00fcr Freiberufler. Finde die beste Wahl f\u00fcr dich und deine Familie. Kostenloses Angebot hier!","robots":{"index":"index","follow":"follow","max-snippet":"max-snippet:-1","max-image-preview":"max-image-preview:large","max-video-preview":"max-video-preview:-1"},"canonical":"https:\/\/www.mygermanexpert.com\/de\/services\/health-insurance\/freelancers\/","og_locale":"de_DE","og_type":"article","og_title":"Krankenversicherung f\u00fcr Freiberufler in Deutschland - myGermanExpert","og_description":"Angebote f\u00fcr private und \u00f6ffentliche Krankenversicherungen f\u00fcr Freiberufler. Finde die beste Wahl f\u00fcr dich und deine Familie. Kostenloses Angebot hier!","og_url":"https:\/\/www.mygermanexpert.com\/de\/services\/health-insurance\/freelancers\/","og_site_name":"myGermanExpert","article_publisher":"https:\/\/www.facebook.com\/mygermanexpert","article_modified_time":"2021-10-28T12:01:55+00:00","og_image":[{"width":200,"height":200,"url":"https:\/\/www.mygermanexpert.com\/wp-content\/uploads\/2017\/11\/MGE-Logo.png","type":"image\/png"}],"twitter_card":"summary_large_image","twitter_site":"@mygermanexpert","twitter_misc":{"Gesch\u00e4tzte Lesezeit":"7\u00a0Minuten"},"schema":{"@context":"https:\/\/schema.org","@graph":[{"@type":"WebPage","@id":"https:\/\/www.mygermanexpert.com\/de\/services\/health-insurance\/freelancers\/","url":"https:\/\/www.mygermanexpert.com\/de\/services\/health-insurance\/freelancers\/","name":"Krankenversicherung f\u00fcr Freiberufler in Deutschland - myGermanExpert","isPartOf":{"@id":"https:\/\/www.mygermanexpert.com\/#website"},"datePublished":"2016-09-07T05:01:14+00:00","dateModified":"2021-10-28T12:01:55+00:00","description":"Angebote f\u00fcr private und \u00f6ffentliche Krankenversicherungen f\u00fcr Freiberufler. Finde die beste Wahl f\u00fcr dich und deine Familie. Kostenloses Angebot hier!","breadcrumb":{"@id":"https:\/\/www.mygermanexpert.com\/de\/services\/health-insurance\/freelancers\/#breadcrumb"},"inLanguage":"de","potentialAction":[{"@type":"ReadAction","target":["https:\/\/www.mygermanexpert.com\/de\/services\/health-insurance\/freelancers\/"]}]},{"@type":"BreadcrumbList","@id":"https:\/\/www.mygermanexpert.com\/de\/services\/health-insurance\/freelancers\/#breadcrumb","itemListElement":[{"@type":"ListItem","position":1,"name":"Home","item":"https:\/\/www.mygermanexpert.com\/de\/"},{"@type":"ListItem","position":2,"name":"Dienstleistungen","item":"https:\/\/www.mygermanexpert.com\/de\/services\/"},{"@type":"ListItem","position":3,"name":"Krankenversicherung","item":"https:\/\/www.mygermanexpert.com\/de\/services\/health-insurance\/"},{"@type":"ListItem","position":4,"name":"Selbstst\u00e4ndige"}]},{"@type":"WebSite","@id":"https:\/\/www.mygermanexpert.com\/#website","url":"https:\/\/www.mygermanexpert.com\/","name":"myGermanExpert","description":"","publisher":{"@id":"https:\/\/www.mygermanexpert.com\/#organization"},"potentialAction":[{"@type":"SearchAction","target":{"@type":"EntryPoint","urlTemplate":"https:\/\/www.mygermanexpert.com\/?s={search_term_string}"},"query-input":{"@type":"PropertyValueSpecification","valueRequired":true,"valueName":"search_term_string"}}],"inLanguage":"de"},{"@type":"Organization","@id":"https:\/\/www.mygermanexpert.com\/#organization","name":"myGermanExpert","url":"https:\/\/www.mygermanexpert.com\/","logo":{"@type":"ImageObject","inLanguage":"de","@id":"https:\/\/www.mygermanexpert.com\/#\/schema\/logo\/image\/","url":"https:\/\/www.mygermanexpert.com\/wp-content\/uploads\/2017\/11\/MGE-Logo.png","contentUrl":"https:\/\/www.mygermanexpert.com\/wp-content\/uploads\/2017\/11\/MGE-Logo.png","width":200,"height":200,"caption":"myGermanExpert"},"image":{"@id":"https:\/\/www.mygermanexpert.com\/#\/schema\/logo\/image\/"},"sameAs":["https:\/\/www.facebook.com\/mygermanexpert","https:\/\/x.com\/mygermanexpert","https:\/\/www.linkedin.com\/company\/mygermanexpert","https:\/\/www.youtube.com\/c\/myGermanExpert"]}]}},"_links":{"self":[{"href":"https:\/\/www.mygermanexpert.com\/de\/wp-json\/wp\/v2\/pages\/6837","targetHints":{"allow":["GET"]}}],"collection":[{"href":"https:\/\/www.mygermanexpert.com\/de\/wp-json\/wp\/v2\/pages"}],"about":[{"href":"https:\/\/www.mygermanexpert.com\/de\/wp-json\/wp\/v2\/types\/page"}],"author":[{"embeddable":true,"href":"https:\/\/www.mygermanexpert.com\/de\/wp-json\/wp\/v2\/users\/31"}],"replies":[{"embeddable":true,"href":"https:\/\/www.mygermanexpert.com\/de\/wp-json\/wp\/v2\/comments?post=6837"}],"version-history":[{"count":9,"href":"https:\/\/www.mygermanexpert.com\/de\/wp-json\/wp\/v2\/pages\/6837\/revisions"}],"predecessor-version":[{"id":19540,"href":"https:\/\/www.mygermanexpert.com\/de\/wp-json\/wp\/v2\/pages\/6837\/revisions\/19540"}],"up":[{"embeddable":true,"href":"https:\/\/www.mygermanexpert.com\/de\/wp-json\/wp\/v2\/pages\/6844"}],"wp:attachment":[{"href":"https:\/\/www.mygermanexpert.com\/de\/wp-json\/wp\/v2\/media?parent=6837"}],"curies":[{"name":"wp","href":"https:\/\/api.w.org\/{rel}","templated":true}]}}