{"id":6769,"date":"2016-10-04T07:33:48","date_gmt":"2016-10-04T05:33:48","guid":{"rendered":"https:\/\/www.mygermanexpert.com\/terms-and-conditions\/"},"modified":"2021-10-29T14:19:34","modified_gmt":"2021-10-29T12:19:34","slug":"terms-and-conditions","status":"publish","type":"page","link":"https:\/\/www.mygermanexpert.com\/de\/terms-and-conditions\/","title":{"rendered":"Allgemeine Gesch\u00e4ftsbedingungen"},"content":{"rendered":"<p>[et_pb_section fb_built=&#8221;1&#8243; fullwidth=&#8221;on&#8221; admin_label=&#8221;section&#8221; _builder_version=&#8221;3.22&#8243; background_color=&#8221;#8dc153&#8243; global_colors_info=&#8221;{}&#8221;][et_pb_fullwidth_slider _builder_version=&#8221;3.16&#8243; header_text_color=&#8221;#ffffff&#8221; body_text_color=&#8221;#f3f3f3&#8243; background_color=&#8221;#8dc153&#8243; custom_padding=&#8221;|||&#8221; global_colors_info=&#8221;{}&#8221; button_text_size__hover_enabled=&#8221;off&#8221; button_one_text_size__hover_enabled=&#8221;off&#8221; button_two_text_size__hover_enabled=&#8221;off&#8221; button_text_color__hover_enabled=&#8221;off&#8221; button_one_text_color__hover_enabled=&#8221;off&#8221; button_two_text_color__hover_enabled=&#8221;off&#8221; button_border_width__hover_enabled=&#8221;off&#8221; button_one_border_width__hover_enabled=&#8221;off&#8221; button_two_border_width__hover_enabled=&#8221;off&#8221; button_border_color__hover_enabled=&#8221;off&#8221; button_one_border_color__hover_enabled=&#8221;off&#8221; button_two_border_color__hover_enabled=&#8221;off&#8221; button_border_radius__hover_enabled=&#8221;off&#8221; button_one_border_radius__hover_enabled=&#8221;off&#8221; button_two_border_radius__hover_enabled=&#8221;off&#8221; button_letter_spacing__hover_enabled=&#8221;off&#8221; button_one_letter_spacing__hover_enabled=&#8221;off&#8221; button_two_letter_spacing__hover_enabled=&#8221;off&#8221; button_bg_color__hover_enabled=&#8221;off&#8221; button_one_bg_color__hover_enabled=&#8221;off&#8221; button_two_bg_color__hover_enabled=&#8221;off&#8221;][et_pb_slide heading=&#8221;Allgemeine Gesch\u00e4ftbedingungen&#8221; image=&#8221;https:\/\/www.mygermanexpert.com\/wp-content\/uploads\/2017\/08\/Header-Icons-28.png&#8221; use_bg_overlay=&#8221;off&#8221; use_text_overlay=&#8221;off&#8221; _builder_version=&#8221;3.16&#8243; button_on_hover=&#8221;on&#8221; global_colors_info=&#8221;{}&#8221; button_text_size__hover_enabled=&#8221;off&#8221; button_one_text_size__hover_enabled=&#8221;off&#8221; button_two_text_size__hover_enabled=&#8221;off&#8221; button_text_color__hover_enabled=&#8221;off&#8221; button_one_text_color__hover_enabled=&#8221;off&#8221; button_two_text_color__hover_enabled=&#8221;off&#8221; button_border_width__hover_enabled=&#8221;off&#8221; button_one_border_width__hover_enabled=&#8221;off&#8221; button_two_border_width__hover_enabled=&#8221;off&#8221; button_border_color__hover_enabled=&#8221;off&#8221; button_one_border_color__hover_enabled=&#8221;off&#8221; button_two_border_color__hover_enabled=&#8221;off&#8221; button_border_radius__hover_enabled=&#8221;off&#8221; button_one_border_radius__hover_enabled=&#8221;off&#8221; button_two_border_radius__hover_enabled=&#8221;off&#8221; button_letter_spacing__hover_enabled=&#8221;off&#8221; button_one_letter_spacing__hover_enabled=&#8221;off&#8221; button_two_letter_spacing__hover_enabled=&#8221;off&#8221; button_bg_color__hover_enabled=&#8221;off&#8221; button_one_bg_color__hover_enabled=&#8221;off&#8221; button_two_bg_color__hover_enabled=&#8221;off&#8221; sticky_transition=&#8221;on&#8221;]<\/p>\n<p style=\"text-align: left;\">Bitte lesen Sie unsere AGB.<\/p>\n<p>[\/et_pb_slide][\/et_pb_fullwidth_slider][\/et_pb_section][et_pb_section fb_built=&#8221;1&#8243; admin_label=&#8221;section&#8221; _builder_version=&#8221;3.22&#8243; background_color=&#8221;rgba(255,255,255,0)&#8221; transparent_background=&#8221;on&#8221; global_colors_info=&#8221;{}&#8221;][et_pb_row _builder_version=&#8221;3.25&#8243; global_colors_info=&#8221;{}&#8221;][et_pb_column type=&#8221;4_4&#8243; _builder_version=&#8221;3.25&#8243; custom_padding=&#8221;|||&#8221; global_colors_info=&#8221;{}&#8221; custom_padding__hover=&#8221;|||&#8221;][et_pb_text _builder_version=&#8221;4.12.0&#8243; hover_enabled=&#8221;0&#8243; inline_fonts=&#8221;Amatic SC&#8221; global_colors_info=&#8221;{}&#8221; sticky_enabled=&#8221;0&#8243;]<\/p>\n<h1 style=\"text-align: center;\">ALLGEMEINE GESCH\u00c4FTSBEDINGUNGEN<\/h1>\n<p style=\"text-align: center;\">Durch den Zugriff auf Inhalte dieser Website erkl\u00e4ren Sie sich mit den hier aufgef\u00fchrten Bedingungen und Konditionen einverstanden und akzeptieren unsere Datenschutzerkl\u00e4rung. Diese Erkl\u00e4rung bezieht sich auf diese Internetseite, deren Unterseiten und alle anderen Internetseiten, die myGermanExpert (Schlenther und Musina GbR) besitzt oder von dieser Firma betrieben werden. Sollten Sie Einw\u00e4nde gegen eine der Bestimmungen und Bedingungen dieser Vereinbarung haben, nutzen Sie bitte keine der Dienstleistungen auf dieser Seite und verlassen Sie diese Bitte sofort. Alle Benutzer m\u00fcssen mindestens 18 Jahre alt sein. Sie best\u00e4tigen, dass Sie diese Webseite nicht f\u00fcr illegale Zwecke verwenden und alle zutreffenden Gesetze und Vorschriften respektieren. Sie verpflichten sich, diese Website nicht in einer Weise, die die Leistung beeintr\u00e4chtigen, den Inhalt verf\u00e4lschen oder die gesamte Funktonalit\u00e4t auf andere Weise beeinflussen k\u00f6nnte zu benutzen. Sie stimmen auch zu, nicht die Sicherheit dieser Webseite zu besch\u00e4digen oder sich Zugang zu gesch\u00fctzten Bereichen oder sensiblen Daten zu verschaffen. Sie verpflichten sich, die volle Verantwortung f\u00fcr alle Klagen, Kosten, Haftungen, Verluste, einschlie\u00dflich Anwaltskosten, die aus einem Versto\u00df gegen diese Bestimmungen und Bedingungen in dieser Vereinbarung resultieren, zu \u00fcbernehmen.<\/p>\n<h3 style=\"text-align: center;\">Ausschlussklausel<\/h3>\n<p style=\"text-align: center;\">myGermanExpert (MGE) \u00fcbernimmt keine Gew\u00e4hr f\u00fcr den Erfolg und stellt nur dar, dass dieser Service als Hilfe zum Erfolg bei der Beschaffung von, zum Beispiel, Visa \/ Aufenthaltsgenehmigungen \/ Adressregistrierung \/ Umsatzsteuerkarte \/ Bankkonto \/ Krankenversicherung behilflich sein. Die Informationen auf dieser Website beabsichtigen nicht, spezifische und individualisierte Buchhaltungs-, Steuer-, Rechts-, Wirtschafts- oder Einwanderungsberatung zu leisten. Wo spezifische Beratung notwendig oder angemessen ist, empfiehlt myGermanExpert eine Absprache mit einem qualifizierten Steuer-, Rechts-, Gesch\u00e4fts- oder Einwanderungsberater, Wirtschaftspr\u00fcfer oder Rechtsanwalt. Die aufgef\u00fchrten Angaben sind f\u00fcr allgemeine Informationszwecke bestimmt und sollten nicht als pers\u00f6nliche Empfehlung, pers\u00f6nliche Beratung oder Bef\u00fcrwortung durch myGermanExpert in Betracht gezogen werden. Die dargestellten Informationen werden von als zuverl\u00e4ssig qeltenden Quellen bezogen; deren Richtigkeit, Vollst\u00e4ndigkeit oder Zuverl\u00e4ssigkeit kann jedoch nicht garantiert werden und auf die Informationen sollte sich in dieser Hinsicht daher auch nicht verlassen werden.<\/p>\n<p style=\"text-align: center;\">My German Experte \u00fcbernimmt keine Haftung f\u00fcr jegliche direkte oder indirekte Verluste oder Sch\u00e4den, die sich aus der Verwendung dieser Informationen ergeben.<\/p>\n<p style=\"text-align: center;\">myGermanExpert fungiert nicht als Versicherungsmakler.<\/p>\n<p style=\"text-align: center;\"><strong>Falls es zu einem Konflikt oder einer Diskrepanzen zwischen dem englischen Text dieser Internetseite, einschlie\u00dflich den allgemeinen Gesch\u00e4ftsbedingungen und Datenschutzbestimmungen und der deutschen \u00dcbersetzung davon kommt, gilt ma\u00dfgeblich die englische Fassung.<\/strong><\/p>\n<h3 style=\"text-align: center;\">Dritte<\/h3>\n<p style=\"text-align: center;\">myGermanExpert ist nicht verantwortlich f\u00fcr Inhalte aus dem Internet oder Internetseiten, die au\u00dferhalb der Webseite von myGermanExpert enthalten sind. Wir bieten m\u00f6glicherweise Links zu Ressourcen, die au\u00dferhalb unserer Kontrolle liegen. Wir machen keine Zusicherungen bez\u00fcglich der Qualit\u00e4t, Eignung, Funktionalit\u00e4t oder Gesetzm\u00e4\u00dfigkeit von Webseiten, zu denen wir Links bereitstellen. Sie verzichten hiermit auf s\u00e4mtliche Forderungen gegen My German Experten in Bezug auf solche Seiten.<\/p>\n<p style=\"text-align: center;\">Drittparteien: Wir erkennen an, dass Produkte und Dienstleistungen\u00a0aus Quellen gewonnen werden, die als zuverl\u00e4ssig und vertrauensw\u00fcrdig gelten, aber von MGE keine Garantie f\u00fcr ihre Richtigkeit, Vollst\u00e4ndigkeit und Aktualit\u00e4t \u00fcbernommen werden kann. Da wir nicht an der tats\u00e4chlichen Transaktion zwischen Ihnen und einer solchen dritten Partei beteiligt sind, entbinden Sie myGermanExpert im Falle einer Streitigkeit mit einer solchen dritten Partei von allen Anspr\u00fcchen, die sich aus oder in Verbindung mit solchen Streitigkeiten ergeben. MGE ist nicht und wird nicht verantwortlich sein f\u00fcr die Bedingungen einer Transaktion zwischen Ihnen und einem solchen Dritten. Bitte lesen Sie sorgf\u00e4ltig die Allgemeinen Gesch\u00e4ftsbedingungen von Dritten f\u00fcr alle Versicherungen, die Sie in Erw\u00e4gung ziehen, und f\u00fcr das Bankkonto, das Sie er\u00f6ffnen m\u00f6chten.<\/p>\n<h3 style=\"text-align: center;\">Urheberrecht<\/h3>\n<p style=\"text-align: center;\">Diese Website und die damit verbundene Datenbank enthalten Materialien erstellt, entwickelt, konstruiert oder im Auftrag von My German Expert und werden vom europ\u00e4ischen und vom internationalen Urheber- und Markenrecht gesch\u00fctzt. Kein Material (einschlie\u00dflich, aber nicht ausschlie\u00dflich, Namen, Texte, Logos, Bilder, Audios und\/oder Videos) und keine Software und mobile Anwendungen (einschlie\u00dflich, aber nicht ausschlie\u00dflich, Bilder oder Dateien die in der Software Anwendung enthalten sind oder con ihr generierten werden) kann kopiert, reproduziert, wiederver\u00f6ffentlicht, hochgeladen, gepostet, \u00fcbertragen oder in irgendeiner Weise verteilt werden . Im Zusammenhang mit de m Gebrauch dieser Anwendung k\u00f6nnen die Urheberrechts- oder andere Eigentumsrechtsvermerke nicht ver\u00e4ndern oder unkenntlich gemacht werden. Umbauten oder sonstige Verwendung dieser Materialien ohne die vorherige schriftliche Zustimmung von myGermanExpert ist eine Verletzung der Eigentumsrechte von My German Experten.<\/p>\n<p style=\"text-align: center;\">Drittparteien: myGermanExpert besitzt alle auf dieser Website enthaltenen Inhalte (einschlie\u00dflich Text). Diese Website bietet Drittpartnern m\u00f6glicherweise die M\u00f6glichkeit, Inhalte, einschlie\u00dflich Text, zu schreiben. myGermanExpert beh\u00e4lt sich das Eigentum an geistigen Eigentumsrechten vor, die der Drittpartner an den Inhalten h\u00e4lt. Partner von Drittanbietern erkennen an und stimmen zu, dass wir weiterhin ihren gesamten Inhalt oder einen Teil davon ver\u00f6ffentlichen k\u00f6nnen, einschlie\u00dflich Text, auch wenn sie ihre Meinung \u00e4ndern und m\u00f6chten, dass wir ihn entfernen und \/ oder sie nicht mehr als Partner auf dieser Website registriert sind.<\/p>\n<h3 style=\"text-align: center;\">Stornierungrecht<\/h3>\n<p style=\"text-align: center;\">Eine Stornierung ist nicht m\u00f6glich, sofern nicht anders f\u00fcr einen bestimmten Dienst angegeben, weil unsere Website das System der sofortige Zahlungsbest\u00e4tigung (IPN) nutzt, und das sofortige Herunterladen der PDF-Formulare nach der Zahlung der Geb\u00fchr erlaubt<\/p>\n<h3 style=\"text-align: center;\">Geltendes Recht und Geltungsbereich<\/h3>\n<p style=\"text-align: center;\">Diese Vereinbarung unterliegt den Gesetzen der Bundesrepublik Deutschland und alle Nutzer der Website verpflichten sich, ausschlie\u00dflich der Zust\u00e4ndigkeit der deutschen Gerichte verpflichtet zu sein ohne Bezug auf Regeln f\u00fcr Auswahl der Gesetze.<\/p>\n<p style=\"text-align: center;\">In diesen Allgemeinen Gesch\u00e4ftsbedingungen &#8220;wir, unser, uns&#8221;, &#8220;dieser Dienst&#8221;, &#8220;diese Website&#8221; und &amp; &#8220;MGE&#8221; beziehen sich auf My German Expert.<\/p>\n<p>[\/et_pb_text][\/et_pb_column][\/et_pb_row][\/et_pb_section]<\/p>\n","protected":false},"excerpt":{"rendered":"<p>Bitte lesen Sie unsere AGB. ALLGEMEINE GESCH\u00c4FTSBEDINGUNGEN Durch den Zugriff auf Inhalte dieser Website erkl\u00e4ren Sie sich mit den hier aufgef\u00fchrten Bedingungen und Konditionen einverstanden und akzeptieren unsere Datenschutzerkl\u00e4rung. Diese Erkl\u00e4rung bezieht sich auf diese Internetseite, deren Unterseiten und alle anderen Internetseiten, die myGermanExpert (Schlenther und Musina GbR) besitzt oder von dieser Firma betrieben werden. [&hellip;]<\/p>\n","protected":false},"author":22,"featured_media":0,"parent":0,"menu_order":0,"comment_status":"closed","ping_status":"closed","template":"","meta":{"_et_pb_use_builder":"on","_et_pb_old_content":"","_et_gb_content_width":"","_bos_mb_destination":[""],"footnotes":""},"class_list":["post-6769","page","type-page","status-publish"],"yoast_head":"<!-- This site is optimized with the Yoast SEO plugin v26.8 - https:\/\/yoast.com\/product\/yoast-seo-wordpress\/ -->\n<title>Unsere Nutzungsbedingungen - myGermanExpert<\/title>\n<meta name=\"description\" content=\"Durch den Zugriff auf Inhalte dieser Website erkl\u00e4rst du dich mit den hier aufgef\u00fchrten Bedingungen &amp; Konditionen einverstanden &amp; akzeptierst unsere Datenschutzerkl\u00e4rung.\" \/>\n<meta name=\"robots\" content=\"index, follow, max-snippet:-1, max-image-preview:large, max-video-preview:-1\" \/>\n<link rel=\"canonical\" href=\"https:\/\/www.mygermanexpert.com\/de\/terms-and-conditions\/\" \/>\n<meta property=\"og:locale\" content=\"de_DE\" \/>\n<meta property=\"og:type\" content=\"article\" \/>\n<meta property=\"og:title\" content=\"Unsere Nutzungsbedingungen - myGermanExpert\" \/>\n<meta property=\"og:description\" content=\"Durch den Zugriff auf Inhalte dieser Website erkl\u00e4rst du dich mit den hier aufgef\u00fchrten Bedingungen &amp; Konditionen einverstanden &amp; akzeptierst unsere Datenschutzerkl\u00e4rung.\" \/>\n<meta property=\"og:url\" content=\"https:\/\/www.mygermanexpert.com\/de\/terms-and-conditions\/\" \/>\n<meta property=\"og:site_name\" content=\"myGermanExpert\" \/>\n<meta property=\"article:publisher\" content=\"https:\/\/www.facebook.com\/mygermanexpert\" \/>\n<meta property=\"article:modified_time\" content=\"2021-10-29T12:19:34+00:00\" \/>\n<meta property=\"og:image\" content=\"https:\/\/www.mygermanexpert.com\/wp-content\/uploads\/2017\/11\/MGE-Logo.png\" \/>\n\t<meta property=\"og:image:width\" content=\"200\" \/>\n\t<meta property=\"og:image:height\" content=\"200\" \/>\n\t<meta property=\"og:image:type\" content=\"image\/png\" \/>\n<meta name=\"twitter:card\" content=\"summary_large_image\" \/>\n<meta name=\"twitter:site\" content=\"@mygermanexpert\" \/>\n<meta name=\"twitter:label1\" content=\"Gesch\u00e4tzte Lesezeit\" \/>\n\t<meta name=\"twitter:data1\" content=\"7\u00a0Minuten\" \/>\n<script type=\"application\/ld+json\" class=\"yoast-schema-graph\">{\"@context\":\"https:\/\/schema.org\",\"@graph\":[{\"@type\":\"WebPage\",\"@id\":\"https:\/\/www.mygermanexpert.com\/de\/terms-and-conditions\/\",\"url\":\"https:\/\/www.mygermanexpert.com\/de\/terms-and-conditions\/\",\"name\":\"Unsere Nutzungsbedingungen - myGermanExpert\",\"isPartOf\":{\"@id\":\"https:\/\/www.mygermanexpert.com\/#website\"},\"datePublished\":\"2016-10-04T05:33:48+00:00\",\"dateModified\":\"2021-10-29T12:19:34+00:00\",\"description\":\"Durch den Zugriff auf Inhalte dieser Website erkl\u00e4rst du dich mit den hier aufgef\u00fchrten Bedingungen & Konditionen einverstanden & akzeptierst unsere Datenschutzerkl\u00e4rung.\",\"breadcrumb\":{\"@id\":\"https:\/\/www.mygermanexpert.com\/de\/terms-and-conditions\/#breadcrumb\"},\"inLanguage\":\"de\",\"potentialAction\":[{\"@type\":\"ReadAction\",\"target\":[\"https:\/\/www.mygermanexpert.com\/de\/terms-and-conditions\/\"]}]},{\"@type\":\"BreadcrumbList\",\"@id\":\"https:\/\/www.mygermanexpert.com\/de\/terms-and-conditions\/#breadcrumb\",\"itemListElement\":[{\"@type\":\"ListItem\",\"position\":1,\"name\":\"Home\",\"item\":\"https:\/\/www.mygermanexpert.com\/de\/\"},{\"@type\":\"ListItem\",\"position\":2,\"name\":\"Allgemeine Gesch\u00e4ftsbedingungen\"}]},{\"@type\":\"WebSite\",\"@id\":\"https:\/\/www.mygermanexpert.com\/#website\",\"url\":\"https:\/\/www.mygermanexpert.com\/\",\"name\":\"myGermanExpert\",\"description\":\"\",\"publisher\":{\"@id\":\"https:\/\/www.mygermanexpert.com\/#organization\"},\"potentialAction\":[{\"@type\":\"SearchAction\",\"target\":{\"@type\":\"EntryPoint\",\"urlTemplate\":\"https:\/\/www.mygermanexpert.com\/?s={search_term_string}\"},\"query-input\":{\"@type\":\"PropertyValueSpecification\",\"valueRequired\":true,\"valueName\":\"search_term_string\"}}],\"inLanguage\":\"de\"},{\"@type\":\"Organization\",\"@id\":\"https:\/\/www.mygermanexpert.com\/#organization\",\"name\":\"myGermanExpert\",\"url\":\"https:\/\/www.mygermanexpert.com\/\",\"logo\":{\"@type\":\"ImageObject\",\"inLanguage\":\"de\",\"@id\":\"https:\/\/www.mygermanexpert.com\/#\/schema\/logo\/image\/\",\"url\":\"https:\/\/www.mygermanexpert.com\/wp-content\/uploads\/2017\/11\/MGE-Logo.png\",\"contentUrl\":\"https:\/\/www.mygermanexpert.com\/wp-content\/uploads\/2017\/11\/MGE-Logo.png\",\"width\":200,\"height\":200,\"caption\":\"myGermanExpert\"},\"image\":{\"@id\":\"https:\/\/www.mygermanexpert.com\/#\/schema\/logo\/image\/\"},\"sameAs\":[\"https:\/\/www.facebook.com\/mygermanexpert\",\"https:\/\/x.com\/mygermanexpert\",\"https:\/\/www.linkedin.com\/company\/mygermanexpert\",\"https:\/\/www.youtube.com\/c\/myGermanExpert\"]}]}<\/script>\n<!-- \/ Yoast SEO plugin. -->","yoast_head_json":{"title":"Unsere Nutzungsbedingungen - myGermanExpert","description":"Durch den Zugriff auf Inhalte dieser Website erkl\u00e4rst du dich mit den hier aufgef\u00fchrten Bedingungen & Konditionen einverstanden & akzeptierst unsere Datenschutzerkl\u00e4rung.","robots":{"index":"index","follow":"follow","max-snippet":"max-snippet:-1","max-image-preview":"max-image-preview:large","max-video-preview":"max-video-preview:-1"},"canonical":"https:\/\/www.mygermanexpert.com\/de\/terms-and-conditions\/","og_locale":"de_DE","og_type":"article","og_title":"Unsere Nutzungsbedingungen - myGermanExpert","og_description":"Durch den Zugriff auf Inhalte dieser Website erkl\u00e4rst du dich mit den hier aufgef\u00fchrten Bedingungen & Konditionen einverstanden & akzeptierst unsere Datenschutzerkl\u00e4rung.","og_url":"https:\/\/www.mygermanexpert.com\/de\/terms-and-conditions\/","og_site_name":"myGermanExpert","article_publisher":"https:\/\/www.facebook.com\/mygermanexpert","article_modified_time":"2021-10-29T12:19:34+00:00","og_image":[{"width":200,"height":200,"url":"https:\/\/www.mygermanexpert.com\/wp-content\/uploads\/2017\/11\/MGE-Logo.png","type":"image\/png"}],"twitter_card":"summary_large_image","twitter_site":"@mygermanexpert","twitter_misc":{"Gesch\u00e4tzte Lesezeit":"7\u00a0Minuten"},"schema":{"@context":"https:\/\/schema.org","@graph":[{"@type":"WebPage","@id":"https:\/\/www.mygermanexpert.com\/de\/terms-and-conditions\/","url":"https:\/\/www.mygermanexpert.com\/de\/terms-and-conditions\/","name":"Unsere Nutzungsbedingungen - myGermanExpert","isPartOf":{"@id":"https:\/\/www.mygermanexpert.com\/#website"},"datePublished":"2016-10-04T05:33:48+00:00","dateModified":"2021-10-29T12:19:34+00:00","description":"Durch den Zugriff auf Inhalte dieser Website erkl\u00e4rst du dich mit den hier aufgef\u00fchrten Bedingungen & Konditionen einverstanden & akzeptierst unsere Datenschutzerkl\u00e4rung.","breadcrumb":{"@id":"https:\/\/www.mygermanexpert.com\/de\/terms-and-conditions\/#breadcrumb"},"inLanguage":"de","potentialAction":[{"@type":"ReadAction","target":["https:\/\/www.mygermanexpert.com\/de\/terms-and-conditions\/"]}]},{"@type":"BreadcrumbList","@id":"https:\/\/www.mygermanexpert.com\/de\/terms-and-conditions\/#breadcrumb","itemListElement":[{"@type":"ListItem","position":1,"name":"Home","item":"https:\/\/www.mygermanexpert.com\/de\/"},{"@type":"ListItem","position":2,"name":"Allgemeine Gesch\u00e4ftsbedingungen"}]},{"@type":"WebSite","@id":"https:\/\/www.mygermanexpert.com\/#website","url":"https:\/\/www.mygermanexpert.com\/","name":"myGermanExpert","description":"","publisher":{"@id":"https:\/\/www.mygermanexpert.com\/#organization"},"potentialAction":[{"@type":"SearchAction","target":{"@type":"EntryPoint","urlTemplate":"https:\/\/www.mygermanexpert.com\/?s={search_term_string}"},"query-input":{"@type":"PropertyValueSpecification","valueRequired":true,"valueName":"search_term_string"}}],"inLanguage":"de"},{"@type":"Organization","@id":"https:\/\/www.mygermanexpert.com\/#organization","name":"myGermanExpert","url":"https:\/\/www.mygermanexpert.com\/","logo":{"@type":"ImageObject","inLanguage":"de","@id":"https:\/\/www.mygermanexpert.com\/#\/schema\/logo\/image\/","url":"https:\/\/www.mygermanexpert.com\/wp-content\/uploads\/2017\/11\/MGE-Logo.png","contentUrl":"https:\/\/www.mygermanexpert.com\/wp-content\/uploads\/2017\/11\/MGE-Logo.png","width":200,"height":200,"caption":"myGermanExpert"},"image":{"@id":"https:\/\/www.mygermanexpert.com\/#\/schema\/logo\/image\/"},"sameAs":["https:\/\/www.facebook.com\/mygermanexpert","https:\/\/x.com\/mygermanexpert","https:\/\/www.linkedin.com\/company\/mygermanexpert","https:\/\/www.youtube.com\/c\/myGermanExpert"]}]}},"_links":{"self":[{"href":"https:\/\/www.mygermanexpert.com\/de\/wp-json\/wp\/v2\/pages\/6769","targetHints":{"allow":["GET"]}}],"collection":[{"href":"https:\/\/www.mygermanexpert.com\/de\/wp-json\/wp\/v2\/pages"}],"about":[{"href":"https:\/\/www.mygermanexpert.com\/de\/wp-json\/wp\/v2\/types\/page"}],"author":[{"embeddable":true,"href":"https:\/\/www.mygermanexpert.com\/de\/wp-json\/wp\/v2\/users\/22"}],"replies":[{"embeddable":true,"href":"https:\/\/www.mygermanexpert.com\/de\/wp-json\/wp\/v2\/comments?post=6769"}],"version-history":[{"count":8,"href":"https:\/\/www.mygermanexpert.com\/de\/wp-json\/wp\/v2\/pages\/6769\/revisions"}],"predecessor-version":[{"id":19603,"href":"https:\/\/www.mygermanexpert.com\/de\/wp-json\/wp\/v2\/pages\/6769\/revisions\/19603"}],"wp:attachment":[{"href":"https:\/\/www.mygermanexpert.com\/de\/wp-json\/wp\/v2\/media?parent=6769"}],"curies":[{"name":"wp","href":"https:\/\/api.w.org\/{rel}","templated":true}]}}