{"id":6741,"date":"2017-05-10T20:37:48","date_gmt":"2017-05-10T18:37:48","guid":{"rendered":"https:\/\/www.mygermanexpert.com\/services\/germany-hostels\/"},"modified":"2020-04-02T13:06:03","modified_gmt":"2020-04-02T11:06:03","slug":"germany-hostels","status":"publish","type":"page","link":"https:\/\/www.mygermanexpert.com\/de\/services\/germany-hostels\/","title":{"rendered":"Hostel suchen"},"content":{"rendered":"\n[et_pb_section fb_built=&#8221;1&#8243; fullwidth=&#8221;on&#8221; admin_label=&#8221;section&#8221; _builder_version=&#8221;3.0.47&#8243;][et_pb_fullwidth_slider show_arrows=&#8221;off&#8221; show_pagination=&#8221;off&#8221; _builder_version=&#8221;3.0.105&#8243; header_text_color=&#8221;#ffffff&#8221; body_text_color=&#8221;#f3f3f3&#8243; custom_padding=&#8221;|||&#8221; custom_padding_tablet=&#8221;|||&#8221; custom_padding_phone=&#8221;|||&#8221; box_shadow_style=&#8221;preset6&#8243; box_shadow_blur=&#8221;10px&#8221; box_shadow_color=&#8221;rgba(0,0,0,0.1)&#8221; button_rel=&#8221;off|off|on|off|off&#8221;][et_pb_slide heading=&#8221;Kurzfristige Unterbringung in Deutschland&#8221; button_text=&#8221;Finde eine Unterkunft&#8221; button_link=&#8221;https:\/\/www.mygermanexpert.com\/go\/booking&#8221; image=&#8221;https:\/\/www.mygermanexpert.com\/wp-content\/uploads\/2017\/08\/Header-Icons-30.png&#8221; use_bg_overlay=&#8221;off&#8221; use_text_overlay=&#8221;off&#8221; _builder_version=&#8221;3.0.105&#8243; background_color=&#8221;#8dc153&#8243; button_rel=&#8221;off|off|on|off|off&#8221;]\r\n\r\nHotels, Hostels, B&amp;Bs und Wohnungen f\u00fcr deine ersten N\u00e4chte in Deutschland.\r\n\r\n[\/et_pb_slide][\/et_pb_fullwidth_slider][\/et_pb_section][et_pb_section fb_built=&#8221;1&#8243; background_color=&#8221;#f3f3f3&#8243; _builder_version=&#8221;3.0.69&#8243; custom_padding=&#8221;|||&#8221;][et_pb_row _builder_version=&#8221;3.0.100&#8243;][et_pb_column type=&#8221;1_3&#8243; _builder_version=&#8221;3.0.100&#8243; parallax=&#8221;off&#8221; parallax_method=&#8221;on&#8221;][et_pb_sidebar area=&#8221;et_pb_widget_area_1&#8243; _builder_version=&#8221;3.0.100&#8243; background_color=&#8221;#8dc153&#8243; box_shadow_style=&#8221;preset2&#8243;][\/et_pb_sidebar][\/et_pb_column][et_pb_column type=&#8221;2_3&#8243; _builder_version=&#8221;3.0.100&#8243; parallax=&#8221;off&#8221; parallax_method=&#8221;on&#8221;][et_pb_divider _builder_version=&#8221;3.0.100&#8243;][\/et_pb_divider][et_pb_divider _builder_version=&#8221;3.0.100&#8243;][\/et_pb_divider][et_pb_text _builder_version=&#8221;3.0.100&#8243;]\r\n<h1>Finde eine Unterkunft f\u00fcr deine ersten N\u00e4chte in Deutschland<\/h1>\r\nWenn du nach Deutschland ziehst, brauchst du eine Unterkunft zum \u00dcbergang, w\u00e4hrend du nach einer permanenten Wohnung suchst.\r\n\r\nEine tempor\u00e4re Unterkunft ist eine gute L\u00f6sung, wenn du einen Schlafplatz brauchst bis du eine permanente Unterkunft gefunden hast. Au\u00dferdem gibt es dir die M\u00f6glichkeit zu erkunden, in welchem Teil deiner neuen Stadt du wohnen m\u00f6chtest.\r\n\r\nWenn du niemanden in der Gegend kennst, in die du ziehen m\u00f6chtest oder einfach ein bisschen mehr Platz und Privatsph\u00e4re sch\u00e4tzt, sind Hostels, Hotels, serviced appartments oder Ferienwohnungen eine gute Option.\r\n\r\n[\/et_pb_text][\/et_pb_column][\/et_pb_row][\/et_pb_section][et_pb_section fb_built=&#8221;1&#8243; _builder_version=&#8221;3.0.69&#8243;][et_pb_row make_equal=&#8221;on&#8221; _builder_version=&#8221;3.0.69&#8243;][et_pb_column type=&#8221;4_4&#8243; _builder_version=&#8221;3.0.47&#8243; parallax=&#8221;off&#8221; parallax_method=&#8221;on&#8221;][et_pb_divider disabled_on=&#8221;on|on|off&#8221; _builder_version=&#8221;3.0.69&#8243;][\/et_pb_divider][et_pb_text _builder_version=&#8221;3.0.95&#8243; header_font_size=&#8221;26px&#8221; background_color=&#8221;#f3f3f3&#8243; custom_padding=&#8221;25px|25px|25px|25px&#8221; box_shadow_style=&#8221;preset2&#8243;]\r\n<h1 style=\"text-align: center;\">\u00dcber Booking.com\u2122<\/h1>\r\n<p style=\"text-align: center;\">Booking.com hat sich seit der Gr\u00fcndung im Jahr 1996 in Amsterdam von einem kleinen niederl\u00e4ndischen Start-Up zu einem der weltweit gr\u00f6\u00dften E-Commerce-Unternehmen in der Reisebranche entwickelt. Das Unternehmen ist Teil der Priceline Group (Nasdaq: PCLN) und hat heute mehr als 15.000 Mitarbeiter in 198 B\u00fcros in 70 L\u00e4ndern weltweit.<\/p>\r\n<p style=\"text-align: center;\">\u201eWir geben alles, damit Sie die Welt entdecken k\u00f6nnen\u201d \u2013 um diese Mission zu erf\u00fcllen, investiert Booking.com in digitale Technologien, die Reisen zu einem reibungslosen Erlebnis machen. Booking.com bringt Reisende und die gr\u00f6\u00dfte Auswahl an einzigartigen Unterk\u00fcnften zusammen, darunter Apartments, Ferienh\u00e4user, familiengef\u00fchrte Pensionen, 5-Sterne-Luxusresorts, Baumh\u00e4user und sogar Iglus. Die Website und die Apps von Booking.com sind in mehr als 40 Sprachen verf\u00fcgbar, und bieten 1.604.694 Unterk\u00fcnfte an 125.445 Reisezielen in 230 L\u00e4ndern und Gebieten auf der ganzen Welt an.<\/p>\r\n<p style=\"text-align: center;\">Jeden Tag werden auf unserer Plattform mehr als 1.550.000 \u00dcbernachtungen gebucht. Egal ob Kunden gesch\u00e4ftlich oder in den Urlaub reisen, sie k\u00f6nnen die perfekte Unterkunft schnell und einfach \u00fcber Booking.com buchen, ohne Reservierungsgeb\u00fchren und mit unserem Versprechen, mit g\u00fcnstigeren Angeboten gleichzuziehen. \u00dcber unser Team f\u00fcr Kundenerfahrung k\u00f6nnen Kunden Booking.com rund um die Uhr erreichen und sich in \u00fcber 40 Sprachen helfen lassen, egal ob Tag oder Nacht.<\/p>\r\n[\/et_pb_text][\/et_pb_column][\/et_pb_row][\/et_pb_section][et_pb_section fb_built=&#8221;1&#8243; background_color=&#8221;#f3f3f3&#8243; _builder_version=&#8221;3.0.69&#8243;][et_pb_row custom_padding=&#8221;|20px||20px&#8221; custom_margin=&#8221;|||&#8221; make_equal=&#8221;on&#8221; background_color_1=&#8221;#f3f3f3&#8243; _builder_version=&#8221;3.0.69&#8243;][et_pb_column type=&#8221;1_2&#8243; _builder_version=&#8221;3.0.69&#8243; background_color=&#8221;#f3f3f3&#8243; parallax=&#8221;off&#8221; parallax_method=&#8221;on&#8221;][et_pb_divider disabled_on=&#8221;on|on|off&#8221; _builder_version=&#8221;3.0.69&#8243;][\/et_pb_divider][\/et_pb_column][et_pb_column type=&#8221;1_2&#8243; _builder_version=&#8221;3.0.69&#8243; parallax=&#8221;off&#8221; parallax_method=&#8221;on&#8221;][et_pb_divider disabled_on=&#8221;on|on|off&#8221; _builder_version=&#8221;3.0.69&#8243;][\/et_pb_divider][et_pb_sidebar orientation=&#8221;right&#8221; area=&#8221;et_pb_widget_area_7&#8243; show_border=&#8221;off&#8221; _builder_version=&#8221;3.0.69&#8243; remove_border=&#8221;on&#8221;][\/et_pb_sidebar][\/et_pb_column][\/et_pb_row][et_pb_row _builder_version=&#8221;3.0.100&#8243;][et_pb_column type=&#8221;2_3&#8243; _builder_version=&#8221;3.0.100&#8243; parallax=&#8221;off&#8221; parallax_method=&#8221;on&#8221;][et_pb_blurb title=&#8221;WARUM BOOKING.COM BENUTZEN&#8221; use_icon=&#8221;on&#8221; use_circle=&#8221;on&#8221; circle_color=&#8221;#ffffff&#8221; _builder_version=&#8221;3.0.95&#8243; header_font_size=&#8221;26px&#8221; background_color=&#8221;#ffffff&#8221; text_orientation=&#8221;center&#8221; custom_margin=&#8221;|||&#8221; custom_padding=&#8221;25px|25px|50px|25px&#8221; box_shadow_style=&#8221;preset2&#8243;]\r\n<p style=\"text-align: center;\">Hotelbuchungsseiten wie Booking.com sind toll, wenn du zum ersten Mal ein Hotel oder eine Wohnung buchst, z.B. wenn du gerade nach Deutschland gezogen bist.<\/p>\r\n<p style=\"text-align: center;\">Sie sind deshalb so hilfreich, weil sie umfangreiches Bewertungssystem verf\u00fcgen, dass Benutzern erlaubt, eine detaillierte Bewertung abzugeben. So hast du viel mehr Sicherheit, wenn du ein Hotel oder eine Unterkunft buchst.<\/p>\r\n<p style=\"text-align: center;\">Au\u00dferdem findet man auf Booking.com oft g\u00fcnstigere Preise , insbesondere als &#8220;Genius&#8221;-Mitglied. Booking Genius ist ein Bonusprogramm f\u00fcr H\u00e4ufigbucher. Als Genius-Mitglied erh\u00e4lt man 10% Rabatt zus\u00e4tzlich auf die besten Preise.<\/p>\r\n[\/et_pb_blurb][\/et_pb_column][et_pb_column type=&#8221;1_3&#8243; _builder_version=&#8221;3.0.100&#8243; parallax=&#8221;off&#8221; parallax_method=&#8221;on&#8221;][et_pb_sidebar area=&#8221;et_pb_widget_area_1&#8243; _builder_version=&#8221;3.0.100&#8243; background_color=&#8221;#8dc153&#8243; box_shadow_style=&#8221;preset2&#8243;][\/et_pb_sidebar][\/et_pb_column][\/et_pb_row][\/et_pb_section][et_pb_section fb_built=&#8221;1&#8243; background_color=&#8221;#8dc153&#8243; _builder_version=&#8221;3.0.69&#8243;][et_pb_row _builder_version=&#8221;3.0.69&#8243;][et_pb_column type=&#8221;4_4&#8243; _builder_version=&#8221;3.0.69&#8243; parallax=&#8221;off&#8221; parallax_method=&#8221;on&#8221;][et_pb_video src=&#8221;https:\/\/youtu.be\/xlGfvsNqKr8&#8243; image_src=&#8221;https:\/\/youtu.be\/XcCR6pMYYXM&#8221; play_icon_color=&#8221;#8dc153&#8243; _builder_version=&#8221;3.0.95&#8243; box_shadow_style=&#8221;preset1&#8243;][\/et_pb_video][\/et_pb_column][\/et_pb_row][\/et_pb_section]\n","protected":false},"excerpt":{"rendered":"<p>Hotels, Hostels, B&amp;Bs und Wohnungen f\u00fcr deine ersten N\u00e4chte in Deutschland. Finde eine Unterkunft f\u00fcr deine ersten N\u00e4chte in Deutschland Wenn du nach Deutschland ziehst, brauchst du eine Unterkunft zum \u00dcbergang, w\u00e4hrend du nach einer permanenten Wohnung suchst. Eine tempor\u00e4re Unterkunft ist eine gute L\u00f6sung, wenn du einen Schlafplatz brauchst bis du eine permanente Unterkunft [&hellip;]<\/p>\n","protected":false},"author":22,"featured_media":0,"parent":6719,"menu_order":0,"comment_status":"closed","ping_status":"closed","template":"","meta":{"_et_pb_use_builder":"on","_et_pb_old_content":"","_et_gb_content_width":"","_bos_mb_destination":["Berlin"],"footnotes":""},"class_list":["post-6741","page","type-page","status-publish"],"yoast_head":"<!-- This site is optimized with the Yoast SEO plugin v26.8 - https:\/\/yoast.com\/product\/yoast-seo-wordpress\/ -->\n<title>Wie man eine Kurzzeitunterkunft in Deutschland findet - myGermanExpert<\/title>\n<meta name=\"description\" content=\"Wenn du nach Deutschlands ziehst, brauchst du \u00fcbergangsweise eine Unterkunft, w\u00e4hrend du nach einer festen Wohnung suchst. Finde jetzt ein Hostel!\" \/>\n<meta name=\"robots\" content=\"index, follow, max-snippet:-1, max-image-preview:large, max-video-preview:-1\" \/>\n<link rel=\"canonical\" href=\"https:\/\/www.mygermanexpert.com\/de\/services\/germany-hostels\/\" \/>\n<meta property=\"og:locale\" content=\"de_DE\" \/>\n<meta property=\"og:type\" content=\"article\" \/>\n<meta property=\"og:title\" content=\"Wie man eine Kurzzeitunterkunft in Deutschland findet - myGermanExpert\" \/>\n<meta property=\"og:description\" content=\"Wenn du nach Deutschlands ziehst, brauchst du \u00fcbergangsweise eine Unterkunft, w\u00e4hrend du nach einer festen Wohnung suchst. Finde jetzt ein Hostel!\" \/>\n<meta property=\"og:url\" content=\"https:\/\/www.mygermanexpert.com\/de\/services\/germany-hostels\/\" \/>\n<meta property=\"og:site_name\" content=\"myGermanExpert\" \/>\n<meta property=\"article:publisher\" content=\"https:\/\/www.facebook.com\/mygermanexpert\" \/>\n<meta property=\"article:modified_time\" content=\"2020-04-02T11:06:03+00:00\" \/>\n<meta property=\"og:image\" content=\"https:\/\/www.mygermanexpert.com\/wp-content\/uploads\/2017\/11\/MGE-Logo.png\" \/>\n\t<meta property=\"og:image:width\" content=\"200\" \/>\n\t<meta property=\"og:image:height\" content=\"200\" \/>\n\t<meta property=\"og:image:type\" content=\"image\/png\" \/>\n<meta name=\"twitter:card\" content=\"summary_large_image\" \/>\n<meta name=\"twitter:site\" content=\"@mygermanexpert\" \/>\n<meta name=\"twitter:label1\" content=\"Gesch\u00e4tzte Lesezeit\" \/>\n\t<meta name=\"twitter:data1\" content=\"5\u00a0Minuten\" \/>\n<script type=\"application\/ld+json\" class=\"yoast-schema-graph\">{\"@context\":\"https:\/\/schema.org\",\"@graph\":[{\"@type\":\"WebPage\",\"@id\":\"https:\/\/www.mygermanexpert.com\/de\/services\/germany-hostels\/\",\"url\":\"https:\/\/www.mygermanexpert.com\/de\/services\/germany-hostels\/\",\"name\":\"Wie man eine Kurzzeitunterkunft in Deutschland findet - myGermanExpert\",\"isPartOf\":{\"@id\":\"https:\/\/www.mygermanexpert.com\/#website\"},\"datePublished\":\"2017-05-10T18:37:48+00:00\",\"dateModified\":\"2020-04-02T11:06:03+00:00\",\"description\":\"Wenn du nach Deutschlands ziehst, brauchst du \u00fcbergangsweise eine Unterkunft, w\u00e4hrend du nach einer festen Wohnung suchst. Finde jetzt ein Hostel!\",\"breadcrumb\":{\"@id\":\"https:\/\/www.mygermanexpert.com\/de\/services\/germany-hostels\/#breadcrumb\"},\"inLanguage\":\"de\",\"potentialAction\":[{\"@type\":\"ReadAction\",\"target\":[\"https:\/\/www.mygermanexpert.com\/de\/services\/germany-hostels\/\"]}]},{\"@type\":\"BreadcrumbList\",\"@id\":\"https:\/\/www.mygermanexpert.com\/de\/services\/germany-hostels\/#breadcrumb\",\"itemListElement\":[{\"@type\":\"ListItem\",\"position\":1,\"name\":\"Home\",\"item\":\"https:\/\/www.mygermanexpert.com\/de\/\"},{\"@type\":\"ListItem\",\"position\":2,\"name\":\"Dienstleistungen\",\"item\":\"https:\/\/www.mygermanexpert.com\/de\/services\/\"},{\"@type\":\"ListItem\",\"position\":3,\"name\":\"Hostel suchen\"}]},{\"@type\":\"WebSite\",\"@id\":\"https:\/\/www.mygermanexpert.com\/#website\",\"url\":\"https:\/\/www.mygermanexpert.com\/\",\"name\":\"myGermanExpert\",\"description\":\"\",\"publisher\":{\"@id\":\"https:\/\/www.mygermanexpert.com\/#organization\"},\"potentialAction\":[{\"@type\":\"SearchAction\",\"target\":{\"@type\":\"EntryPoint\",\"urlTemplate\":\"https:\/\/www.mygermanexpert.com\/?s={search_term_string}\"},\"query-input\":{\"@type\":\"PropertyValueSpecification\",\"valueRequired\":true,\"valueName\":\"search_term_string\"}}],\"inLanguage\":\"de\"},{\"@type\":\"Organization\",\"@id\":\"https:\/\/www.mygermanexpert.com\/#organization\",\"name\":\"myGermanExpert\",\"url\":\"https:\/\/www.mygermanexpert.com\/\",\"logo\":{\"@type\":\"ImageObject\",\"inLanguage\":\"de\",\"@id\":\"https:\/\/www.mygermanexpert.com\/#\/schema\/logo\/image\/\",\"url\":\"https:\/\/www.mygermanexpert.com\/wp-content\/uploads\/2017\/11\/MGE-Logo.png\",\"contentUrl\":\"https:\/\/www.mygermanexpert.com\/wp-content\/uploads\/2017\/11\/MGE-Logo.png\",\"width\":200,\"height\":200,\"caption\":\"myGermanExpert\"},\"image\":{\"@id\":\"https:\/\/www.mygermanexpert.com\/#\/schema\/logo\/image\/\"},\"sameAs\":[\"https:\/\/www.facebook.com\/mygermanexpert\",\"https:\/\/x.com\/mygermanexpert\",\"https:\/\/www.linkedin.com\/company\/mygermanexpert\",\"https:\/\/www.youtube.com\/c\/myGermanExpert\"]}]}<\/script>\n<!-- \/ Yoast SEO plugin. -->","yoast_head_json":{"title":"Wie man eine Kurzzeitunterkunft in Deutschland findet - myGermanExpert","description":"Wenn du nach Deutschlands ziehst, brauchst du \u00fcbergangsweise eine Unterkunft, w\u00e4hrend du nach einer festen Wohnung suchst. Finde jetzt ein Hostel!","robots":{"index":"index","follow":"follow","max-snippet":"max-snippet:-1","max-image-preview":"max-image-preview:large","max-video-preview":"max-video-preview:-1"},"canonical":"https:\/\/www.mygermanexpert.com\/de\/services\/germany-hostels\/","og_locale":"de_DE","og_type":"article","og_title":"Wie man eine Kurzzeitunterkunft in Deutschland findet - myGermanExpert","og_description":"Wenn du nach Deutschlands ziehst, brauchst du \u00fcbergangsweise eine Unterkunft, w\u00e4hrend du nach einer festen Wohnung suchst. Finde jetzt ein Hostel!","og_url":"https:\/\/www.mygermanexpert.com\/de\/services\/germany-hostels\/","og_site_name":"myGermanExpert","article_publisher":"https:\/\/www.facebook.com\/mygermanexpert","article_modified_time":"2020-04-02T11:06:03+00:00","og_image":[{"width":200,"height":200,"url":"https:\/\/www.mygermanexpert.com\/wp-content\/uploads\/2017\/11\/MGE-Logo.png","type":"image\/png"}],"twitter_card":"summary_large_image","twitter_site":"@mygermanexpert","twitter_misc":{"Gesch\u00e4tzte Lesezeit":"5\u00a0Minuten"},"schema":{"@context":"https:\/\/schema.org","@graph":[{"@type":"WebPage","@id":"https:\/\/www.mygermanexpert.com\/de\/services\/germany-hostels\/","url":"https:\/\/www.mygermanexpert.com\/de\/services\/germany-hostels\/","name":"Wie man eine Kurzzeitunterkunft in Deutschland findet - myGermanExpert","isPartOf":{"@id":"https:\/\/www.mygermanexpert.com\/#website"},"datePublished":"2017-05-10T18:37:48+00:00","dateModified":"2020-04-02T11:06:03+00:00","description":"Wenn du nach Deutschlands ziehst, brauchst du \u00fcbergangsweise eine Unterkunft, w\u00e4hrend du nach einer festen Wohnung suchst. Finde jetzt ein Hostel!","breadcrumb":{"@id":"https:\/\/www.mygermanexpert.com\/de\/services\/germany-hostels\/#breadcrumb"},"inLanguage":"de","potentialAction":[{"@type":"ReadAction","target":["https:\/\/www.mygermanexpert.com\/de\/services\/germany-hostels\/"]}]},{"@type":"BreadcrumbList","@id":"https:\/\/www.mygermanexpert.com\/de\/services\/germany-hostels\/#breadcrumb","itemListElement":[{"@type":"ListItem","position":1,"name":"Home","item":"https:\/\/www.mygermanexpert.com\/de\/"},{"@type":"ListItem","position":2,"name":"Dienstleistungen","item":"https:\/\/www.mygermanexpert.com\/de\/services\/"},{"@type":"ListItem","position":3,"name":"Hostel suchen"}]},{"@type":"WebSite","@id":"https:\/\/www.mygermanexpert.com\/#website","url":"https:\/\/www.mygermanexpert.com\/","name":"myGermanExpert","description":"","publisher":{"@id":"https:\/\/www.mygermanexpert.com\/#organization"},"potentialAction":[{"@type":"SearchAction","target":{"@type":"EntryPoint","urlTemplate":"https:\/\/www.mygermanexpert.com\/?s={search_term_string}"},"query-input":{"@type":"PropertyValueSpecification","valueRequired":true,"valueName":"search_term_string"}}],"inLanguage":"de"},{"@type":"Organization","@id":"https:\/\/www.mygermanexpert.com\/#organization","name":"myGermanExpert","url":"https:\/\/www.mygermanexpert.com\/","logo":{"@type":"ImageObject","inLanguage":"de","@id":"https:\/\/www.mygermanexpert.com\/#\/schema\/logo\/image\/","url":"https:\/\/www.mygermanexpert.com\/wp-content\/uploads\/2017\/11\/MGE-Logo.png","contentUrl":"https:\/\/www.mygermanexpert.com\/wp-content\/uploads\/2017\/11\/MGE-Logo.png","width":200,"height":200,"caption":"myGermanExpert"},"image":{"@id":"https:\/\/www.mygermanexpert.com\/#\/schema\/logo\/image\/"},"sameAs":["https:\/\/www.facebook.com\/mygermanexpert","https:\/\/x.com\/mygermanexpert","https:\/\/www.linkedin.com\/company\/mygermanexpert","https:\/\/www.youtube.com\/c\/myGermanExpert"]}]}},"_links":{"self":[{"href":"https:\/\/www.mygermanexpert.com\/de\/wp-json\/wp\/v2\/pages\/6741","targetHints":{"allow":["GET"]}}],"collection":[{"href":"https:\/\/www.mygermanexpert.com\/de\/wp-json\/wp\/v2\/pages"}],"about":[{"href":"https:\/\/www.mygermanexpert.com\/de\/wp-json\/wp\/v2\/types\/page"}],"author":[{"embeddable":true,"href":"https:\/\/www.mygermanexpert.com\/de\/wp-json\/wp\/v2\/users\/22"}],"replies":[{"embeddable":true,"href":"https:\/\/www.mygermanexpert.com\/de\/wp-json\/wp\/v2\/comments?post=6741"}],"version-history":[{"count":3,"href":"https:\/\/www.mygermanexpert.com\/de\/wp-json\/wp\/v2\/pages\/6741\/revisions"}],"predecessor-version":[{"id":17194,"href":"https:\/\/www.mygermanexpert.com\/de\/wp-json\/wp\/v2\/pages\/6741\/revisions\/17194"}],"up":[{"embeddable":true,"href":"https:\/\/www.mygermanexpert.com\/de\/wp-json\/wp\/v2\/pages\/6719"}],"wp:attachment":[{"href":"https:\/\/www.mygermanexpert.com\/de\/wp-json\/wp\/v2\/media?parent=6741"}],"curies":[{"name":"wp","href":"https:\/\/api.w.org\/{rel}","templated":true}]}}