{"id":6737,"date":"2017-06-29T16:35:34","date_gmt":"2017-06-29T14:35:34","guid":{"rendered":"https:\/\/www.mygermanexpert.com\/cookies-policy\/"},"modified":"2018-04-26T18:45:20","modified_gmt":"2018-04-26T16:45:20","slug":"cookies-policy","status":"publish","type":"page","link":"https:\/\/www.mygermanexpert.com\/de\/cookies-policy\/","title":{"rendered":"Cookie-Richtlinie"},"content":{"rendered":"<p>[et_pb_section fb_built=&#8221;1&#8243; fullwidth=&#8221;on&#8221; admin_label=&#8221;section&#8221; _builder_version=&#8221;3.0.47&#8243;][et_pb_fullwidth_slider _builder_version=&#8221;3.0.95&#8243; header_text_color=&#8221;#ffffff&#8221; body_text_color=&#8221;#f3f3f3&#8243; custom_padding=&#8221;|||&#8221; custom_padding_tablet=&#8221;|||&#8221; custom_padding_phone=&#8221;|||&#8221;][et_pb_slide heading=&#8221;Cookie-Richtlinie&#8221; image=&#8221;https:\/\/www.mygermanexpert.com\/wp-content\/uploads\/2017\/08\/Header-Icons-32.png&#8221; _builder_version=&#8221;3.0.95&#8243; background_color=&#8221;#8dc153&#8243;]<\/p>\n<p>F\u00fcr mehr Informationen, siehe unsere Datenschutzerkl\u00e4rung.<\/p>\n<p>[\/et_pb_slide][\/et_pb_fullwidth_slider][\/et_pb_section][et_pb_section fb_built=&#8221;1&#8243; background_color=&#8221;rgba(255,255,255,0)&#8221; admin_label=&#8221;section&#8221; _builder_version=&#8221;3.0.69&#8243; transparent_background=&#8221;on&#8221;][et_pb_row _builder_version=&#8221;3.0.69&#8243;][et_pb_column type=&#8221;4_4&#8243; _builder_version=&#8221;3.0.47&#8243; parallax=&#8221;off&#8221; parallax_method=&#8221;on&#8221;][et_pb_blurb use_icon=&#8221;on&#8221; font_icon=&#8221;%%81%%&#8221; use_circle=&#8221;on&#8221; circle_color=&#8221;#f3f3f3&#8243; _builder_version=&#8221;3.0.69&#8243; custom_margin=&#8221;||0px|&#8221; custom_padding=&#8221;|||&#8221;][\/et_pb_blurb][et_pb_text _builder_version=&#8221;3.0.95&#8243; background_color=&#8221;#f3f3f3&#8243; custom_margin=&#8221;|||&#8221; custom_padding=&#8221;25px|25px|25px|25px&#8221; box_shadow_style=&#8221;preset2&#8243; inline_fonts=&#8221;Amatic SC&#8221;]<\/p>\n<p style=\"text-align: center;\">Um unseren Inhalt zu personalisieren, benutzen wir Cookies. Indem Du auf oder durch unsere Website klickst, erkl\u00e4rst du dich damit einverstanden, dass wir mithilfe von Cookies Informationen sammeln. Du kannst dieses Einverst\u00e4ndnis jederzeit durch L\u00f6schen der Cookies in deinen Browsereinstellungen widerrufen. F\u00fcr mehr Informationen, siehe unsere <a href=\"https:\/\/www.mygermanexpert.com\/de\/privacy-policy\/\">Datenschutzerkl\u00e4rung<\/a>.<\/p>\n<p>[\/et_pb_text][\/et_pb_column][\/et_pb_row][\/et_pb_section]<\/p>\n","protected":false},"excerpt":{"rendered":"<p>F\u00fcr mehr Informationen, siehe unsere Datenschutzerkl\u00e4rung. Um unseren Inhalt zu personalisieren, benutzen wir Cookies. Indem Du auf oder durch unsere Website klickst, erkl\u00e4rst du dich damit einverstanden, dass wir mithilfe von Cookies Informationen sammeln. Du kannst dieses Einverst\u00e4ndnis jederzeit durch L\u00f6schen der Cookies in deinen Browsereinstellungen widerrufen. F\u00fcr mehr Informationen, siehe unsere Datenschutzerkl\u00e4rung.<\/p>\n","protected":false},"author":22,"featured_media":0,"parent":0,"menu_order":0,"comment_status":"closed","ping_status":"closed","template":"","meta":{"_et_pb_use_builder":"on","_et_pb_old_content":"<p>[RM_Front_Submissions]<\/p>","_et_gb_content_width":"","_bos_mb_destination":[""],"footnotes":""},"class_list":["post-6737","page","type-page","status-publish"],"yoast_head":"<!-- This site is optimized with the Yoast SEO plugin v26.8 - https:\/\/yoast.com\/product\/yoast-seo-wordpress\/ -->\n<title>Wir nutzen Cookies, um unsere Inhalte zu personalisieren - myGermanExpert<\/title>\n<meta name=\"description\" content=\"Wir nutzen Cookies, um deine Inhalte zu personalisieren. Wenn du auf unsere Seite klickst, stimmst du zu, dass wir Informationen \u00fcber Cookies sammeln.\" \/>\n<meta name=\"robots\" content=\"index, follow, max-snippet:-1, max-image-preview:large, max-video-preview:-1\" \/>\n<link rel=\"canonical\" href=\"https:\/\/www.mygermanexpert.com\/de\/cookies-policy\/\" \/>\n<meta property=\"og:locale\" content=\"de_DE\" \/>\n<meta property=\"og:type\" content=\"article\" \/>\n<meta property=\"og:title\" content=\"Wir nutzen Cookies, um unsere Inhalte zu personalisieren - myGermanExpert\" \/>\n<meta property=\"og:description\" content=\"Wir nutzen Cookies, um deine Inhalte zu personalisieren. Wenn du auf unsere Seite klickst, stimmst du zu, dass wir Informationen \u00fcber Cookies sammeln.\" \/>\n<meta property=\"og:url\" content=\"https:\/\/www.mygermanexpert.com\/de\/cookies-policy\/\" \/>\n<meta property=\"og:site_name\" content=\"myGermanExpert\" \/>\n<meta property=\"article:publisher\" content=\"https:\/\/www.facebook.com\/mygermanexpert\" \/>\n<meta property=\"article:modified_time\" content=\"2018-04-26T16:45:20+00:00\" \/>\n<meta property=\"og:image\" content=\"https:\/\/www.mygermanexpert.com\/wp-content\/uploads\/2017\/11\/MGE-Logo.png\" \/>\n\t<meta property=\"og:image:width\" content=\"200\" \/>\n\t<meta property=\"og:image:height\" content=\"200\" \/>\n\t<meta property=\"og:image:type\" content=\"image\/png\" \/>\n<meta name=\"twitter:card\" content=\"summary_large_image\" \/>\n<meta name=\"twitter:site\" content=\"@mygermanexpert\" \/>\n<meta name=\"twitter:label1\" content=\"Gesch\u00e4tzte Lesezeit\" \/>\n\t<meta name=\"twitter:data1\" content=\"1\u00a0Minute\" \/>\n<script type=\"application\/ld+json\" class=\"yoast-schema-graph\">{\"@context\":\"https:\/\/schema.org\",\"@graph\":[{\"@type\":\"WebPage\",\"@id\":\"https:\/\/www.mygermanexpert.com\/de\/cookies-policy\/\",\"url\":\"https:\/\/www.mygermanexpert.com\/de\/cookies-policy\/\",\"name\":\"Wir nutzen Cookies, um unsere Inhalte zu personalisieren - myGermanExpert\",\"isPartOf\":{\"@id\":\"https:\/\/www.mygermanexpert.com\/#website\"},\"datePublished\":\"2017-06-29T14:35:34+00:00\",\"dateModified\":\"2018-04-26T16:45:20+00:00\",\"description\":\"Wir nutzen Cookies, um deine Inhalte zu personalisieren. Wenn du auf unsere Seite klickst, stimmst du zu, dass wir Informationen \u00fcber Cookies sammeln.\",\"breadcrumb\":{\"@id\":\"https:\/\/www.mygermanexpert.com\/de\/cookies-policy\/#breadcrumb\"},\"inLanguage\":\"de\",\"potentialAction\":[{\"@type\":\"ReadAction\",\"target\":[\"https:\/\/www.mygermanexpert.com\/de\/cookies-policy\/\"]}]},{\"@type\":\"BreadcrumbList\",\"@id\":\"https:\/\/www.mygermanexpert.com\/de\/cookies-policy\/#breadcrumb\",\"itemListElement\":[{\"@type\":\"ListItem\",\"position\":1,\"name\":\"Home\",\"item\":\"https:\/\/www.mygermanexpert.com\/de\/\"},{\"@type\":\"ListItem\",\"position\":2,\"name\":\"Cookie-Richtlinie\"}]},{\"@type\":\"WebSite\",\"@id\":\"https:\/\/www.mygermanexpert.com\/#website\",\"url\":\"https:\/\/www.mygermanexpert.com\/\",\"name\":\"myGermanExpert\",\"description\":\"\",\"publisher\":{\"@id\":\"https:\/\/www.mygermanexpert.com\/#organization\"},\"potentialAction\":[{\"@type\":\"SearchAction\",\"target\":{\"@type\":\"EntryPoint\",\"urlTemplate\":\"https:\/\/www.mygermanexpert.com\/?s={search_term_string}\"},\"query-input\":{\"@type\":\"PropertyValueSpecification\",\"valueRequired\":true,\"valueName\":\"search_term_string\"}}],\"inLanguage\":\"de\"},{\"@type\":\"Organization\",\"@id\":\"https:\/\/www.mygermanexpert.com\/#organization\",\"name\":\"myGermanExpert\",\"url\":\"https:\/\/www.mygermanexpert.com\/\",\"logo\":{\"@type\":\"ImageObject\",\"inLanguage\":\"de\",\"@id\":\"https:\/\/www.mygermanexpert.com\/#\/schema\/logo\/image\/\",\"url\":\"https:\/\/www.mygermanexpert.com\/wp-content\/uploads\/2017\/11\/MGE-Logo.png\",\"contentUrl\":\"https:\/\/www.mygermanexpert.com\/wp-content\/uploads\/2017\/11\/MGE-Logo.png\",\"width\":200,\"height\":200,\"caption\":\"myGermanExpert\"},\"image\":{\"@id\":\"https:\/\/www.mygermanexpert.com\/#\/schema\/logo\/image\/\"},\"sameAs\":[\"https:\/\/www.facebook.com\/mygermanexpert\",\"https:\/\/x.com\/mygermanexpert\",\"https:\/\/www.linkedin.com\/company\/mygermanexpert\",\"https:\/\/www.youtube.com\/c\/myGermanExpert\"]}]}<\/script>\n<!-- \/ Yoast SEO plugin. -->","yoast_head_json":{"title":"Wir nutzen Cookies, um unsere Inhalte zu personalisieren - myGermanExpert","description":"Wir nutzen Cookies, um deine Inhalte zu personalisieren. Wenn du auf unsere Seite klickst, stimmst du zu, dass wir Informationen \u00fcber Cookies sammeln.","robots":{"index":"index","follow":"follow","max-snippet":"max-snippet:-1","max-image-preview":"max-image-preview:large","max-video-preview":"max-video-preview:-1"},"canonical":"https:\/\/www.mygermanexpert.com\/de\/cookies-policy\/","og_locale":"de_DE","og_type":"article","og_title":"Wir nutzen Cookies, um unsere Inhalte zu personalisieren - myGermanExpert","og_description":"Wir nutzen Cookies, um deine Inhalte zu personalisieren. Wenn du auf unsere Seite klickst, stimmst du zu, dass wir Informationen \u00fcber Cookies sammeln.","og_url":"https:\/\/www.mygermanexpert.com\/de\/cookies-policy\/","og_site_name":"myGermanExpert","article_publisher":"https:\/\/www.facebook.com\/mygermanexpert","article_modified_time":"2018-04-26T16:45:20+00:00","og_image":[{"width":200,"height":200,"url":"https:\/\/www.mygermanexpert.com\/wp-content\/uploads\/2017\/11\/MGE-Logo.png","type":"image\/png"}],"twitter_card":"summary_large_image","twitter_site":"@mygermanexpert","twitter_misc":{"Gesch\u00e4tzte Lesezeit":"1\u00a0Minute"},"schema":{"@context":"https:\/\/schema.org","@graph":[{"@type":"WebPage","@id":"https:\/\/www.mygermanexpert.com\/de\/cookies-policy\/","url":"https:\/\/www.mygermanexpert.com\/de\/cookies-policy\/","name":"Wir nutzen Cookies, um unsere Inhalte zu personalisieren - myGermanExpert","isPartOf":{"@id":"https:\/\/www.mygermanexpert.com\/#website"},"datePublished":"2017-06-29T14:35:34+00:00","dateModified":"2018-04-26T16:45:20+00:00","description":"Wir nutzen Cookies, um deine Inhalte zu personalisieren. Wenn du auf unsere Seite klickst, stimmst du zu, dass wir Informationen \u00fcber Cookies sammeln.","breadcrumb":{"@id":"https:\/\/www.mygermanexpert.com\/de\/cookies-policy\/#breadcrumb"},"inLanguage":"de","potentialAction":[{"@type":"ReadAction","target":["https:\/\/www.mygermanexpert.com\/de\/cookies-policy\/"]}]},{"@type":"BreadcrumbList","@id":"https:\/\/www.mygermanexpert.com\/de\/cookies-policy\/#breadcrumb","itemListElement":[{"@type":"ListItem","position":1,"name":"Home","item":"https:\/\/www.mygermanexpert.com\/de\/"},{"@type":"ListItem","position":2,"name":"Cookie-Richtlinie"}]},{"@type":"WebSite","@id":"https:\/\/www.mygermanexpert.com\/#website","url":"https:\/\/www.mygermanexpert.com\/","name":"myGermanExpert","description":"","publisher":{"@id":"https:\/\/www.mygermanexpert.com\/#organization"},"potentialAction":[{"@type":"SearchAction","target":{"@type":"EntryPoint","urlTemplate":"https:\/\/www.mygermanexpert.com\/?s={search_term_string}"},"query-input":{"@type":"PropertyValueSpecification","valueRequired":true,"valueName":"search_term_string"}}],"inLanguage":"de"},{"@type":"Organization","@id":"https:\/\/www.mygermanexpert.com\/#organization","name":"myGermanExpert","url":"https:\/\/www.mygermanexpert.com\/","logo":{"@type":"ImageObject","inLanguage":"de","@id":"https:\/\/www.mygermanexpert.com\/#\/schema\/logo\/image\/","url":"https:\/\/www.mygermanexpert.com\/wp-content\/uploads\/2017\/11\/MGE-Logo.png","contentUrl":"https:\/\/www.mygermanexpert.com\/wp-content\/uploads\/2017\/11\/MGE-Logo.png","width":200,"height":200,"caption":"myGermanExpert"},"image":{"@id":"https:\/\/www.mygermanexpert.com\/#\/schema\/logo\/image\/"},"sameAs":["https:\/\/www.facebook.com\/mygermanexpert","https:\/\/x.com\/mygermanexpert","https:\/\/www.linkedin.com\/company\/mygermanexpert","https:\/\/www.youtube.com\/c\/myGermanExpert"]}]}},"_links":{"self":[{"href":"https:\/\/www.mygermanexpert.com\/de\/wp-json\/wp\/v2\/pages\/6737","targetHints":{"allow":["GET"]}}],"collection":[{"href":"https:\/\/www.mygermanexpert.com\/de\/wp-json\/wp\/v2\/pages"}],"about":[{"href":"https:\/\/www.mygermanexpert.com\/de\/wp-json\/wp\/v2\/types\/page"}],"author":[{"embeddable":true,"href":"https:\/\/www.mygermanexpert.com\/de\/wp-json\/wp\/v2\/users\/22"}],"replies":[{"embeddable":true,"href":"https:\/\/www.mygermanexpert.com\/de\/wp-json\/wp\/v2\/comments?post=6737"}],"version-history":[{"count":1,"href":"https:\/\/www.mygermanexpert.com\/de\/wp-json\/wp\/v2\/pages\/6737\/revisions"}],"predecessor-version":[{"id":12377,"href":"https:\/\/www.mygermanexpert.com\/de\/wp-json\/wp\/v2\/pages\/6737\/revisions\/12377"}],"wp:attachment":[{"href":"https:\/\/www.mygermanexpert.com\/de\/wp-json\/wp\/v2\/media?parent=6737"}],"curies":[{"name":"wp","href":"https:\/\/api.w.org\/{rel}","templated":true}]}}